{"id":15830,"date":"2022-04-05T12:31:04","date_gmt":"2022-04-05T16:31:04","guid":{"rendered":"http:\/\/201.249.204.45\/portal_cenal\/?page_id=15830"},"modified":"2022-05-27T11:24:07","modified_gmt":"2022-05-27T15:24:07","slug":"catedras-ninos-jovenes","status":"publish","type":"page","link":"https:\/\/cenal.gob.ve\/?page_id=15830","title":{"rendered":"C\u00c1TEDRAS LITERATURA NI\u00d1OS Y J\u00d3VENES"},"content":{"rendered":"\t\t<div data-elementor-type=\"wp-page\" data-elementor-id=\"15830\" class=\"elementor elementor-15830\" data-elementor-settings=\"[]\">\n\t\t\t\t\t\t<div class=\"elementor-inner\">\n\t\t\t\t\t\t\t<div class=\"elementor-section-wrap\">\n\t\t\t\t\t\t\t<section class=\"elementor-section elementor-top-section elementor-element elementor-element-15f5d170 elementor-section-stretched elementor-section-boxed elementor-section-height-default elementor-section-height-default\" data-id=\"15f5d170\" data-element_type=\"section\" data-settings=\"{&quot;stretch_section&quot;:&quot;section-stretched&quot;,&quot;background_background&quot;:&quot;classic&quot;}\">\n\t\t\t\t\t\t\t<div class=\"elementor-background-overlay\"><\/div>\n\t\t\t\t\t\t\t<div class=\"elementor-container elementor-column-gap-default\">\n\t\t\t\t\t\t\t<div class=\"elementor-row\">\n\t\t\t\t\t<div class=\"elementor-column elementor-col-100 elementor-top-column elementor-element elementor-element-7572b353\" data-id=\"7572b353\" data-element_type=\"column\" data-settings=\"{&quot;background_background&quot;:&quot;classic&quot;}\">\n\t\t\t<div class=\"elementor-column-wrap elementor-element-populated\">\n\t\t\t\t\t\t\t<div class=\"elementor-widget-wrap\">\n\t\t\t\t\t\t<section class=\"elementor-section elementor-inner-section elementor-element elementor-element-48e0234b elementor-section-boxed elementor-section-height-default elementor-section-height-default\" data-id=\"48e0234b\" data-element_type=\"section\">\n\t\t\t\t\t\t<div class=\"elementor-container elementor-column-gap-default\">\n\t\t\t\t\t\t\t<div class=\"elementor-row\">\n\t\t\t\t\t<div class=\"elementor-column elementor-col-100 elementor-inner-column elementor-element elementor-element-3bdbe2d8\" data-id=\"3bdbe2d8\" data-element_type=\"column\" data-settings=\"{&quot;background_background&quot;:&quot;classic&quot;}\">\n\t\t\t<div class=\"elementor-column-wrap elementor-element-populated\">\n\t\t\t\t\t\t\t<div class=\"elementor-widget-wrap\">\n\t\t\t\t\t\t<div class=\"elementor-element elementor-element-3aaacd1a elementor-widget elementor-widget-heading\" data-id=\"3aaacd1a\" data-element_type=\"widget\" data-widget_type=\"heading.default\">\n\t\t\t\t<div class=\"elementor-widget-container\">\n\t\t\t<h2 class=\"elementor-heading-title elementor-size-default\">C\u00e1tedra de Literatura para ni\u00f1os y j\u00f3venes<\/h2>\t\t<\/div>\n\t\t\t\t<\/div>\n\t\t\t\t<div class=\"elementor-element elementor-element-78190e74 elementor-widget elementor-widget-text-editor\" data-id=\"78190e74\" data-element_type=\"widget\" data-widget_type=\"text-editor.default\">\n\t\t\t\t<div class=\"elementor-widget-container\">\n\t\t\t\t\t<div class=\"elementor-text-editor elementor-clearfix\"><p>El Centro Nacional del Libro (Cenal), ente adscrito al Ministerio del Poder Popular para la Cultura, en atenci\u00f3n a las l\u00edneas de acci\u00f3n del Plan Nacional de Lectura Manuel Vadell, se ha planteado el desarrollo de diferentes programas para el fomento de la lectura, con el fin de ampliar y mejorar las pr\u00e1cticas lectoras en diferentes espacios. Uno de ellos es la C\u00e1tedra de Literatura para ni\u00f1os y j\u00f3venes, propuesta dirigida principalmente a docentes y bibliotecarios, que tiene como prop\u00f3sito la sensibilizaci\u00f3n de estos mediadores hacia las obras literarias especialmente escritas para esa etapa, a fin de fomentar en las y los participantes experiencias positivas de lectura que se multipliquen en espacios convencionales y no convencionales, en todo el \u00e1mbito nacional.<\/p><\/div>\n\t\t\t\t<\/div>\n\t\t\t\t<\/div>\n\t\t\t\t\t\t<\/div>\n\t\t\t\t\t<\/div>\n\t\t<\/div>\n\t\t\t\t\t\t\t\t<\/div>\n\t\t\t\t\t<\/div>\n\t\t<\/section>\n\t\t\t\t\t\t<\/div>\n\t\t\t\t\t<\/div>\n\t\t<\/div>\n\t\t\t\t\t\t\t\t<\/div>\n\t\t\t\t\t<\/div>\n\t\t<\/section>\n\t\t\t\t<section class=\"elementor-section elementor-top-section elementor-element elementor-element-7b135e3 elementor-section-boxed elementor-section-height-default elementor-section-height-default\" data-id=\"7b135e3\" data-element_type=\"section\">\n\t\t\t\t\t\t<div class=\"elementor-container elementor-column-gap-default\">\n\t\t\t\t\t\t\t<div class=\"elementor-row\">\n\t\t\t\t\t<div class=\"elementor-column elementor-col-100 elementor-top-column elementor-element elementor-element-9b80e7b\" data-id=\"9b80e7b\" data-element_type=\"column\">\n\t\t\t<div class=\"elementor-column-wrap elementor-element-populated\">\n\t\t\t\t\t\t\t<div class=\"elementor-widget-wrap\">\n\t\t\t\t\t\t<div class=\"elementor-element elementor-element-828f199 elementor-widget elementor-widget-heading\" data-id=\"828f199\" data-element_type=\"widget\" data-widget_type=\"heading.default\">\n\t\t\t\t<div class=\"elementor-widget-container\">\n\t\t\t<h2 class=\"elementor-heading-title elementor-size-default\">Justificaci\u00f3n<\/h2>\t\t<\/div>\n\t\t\t\t<\/div>\n\t\t\t\t<div class=\"elementor-element elementor-element-2b12d66 elementor-widget elementor-widget-text-editor\" data-id=\"2b12d66\" data-element_type=\"widget\" data-widget_type=\"text-editor.default\">\n\t\t\t\t<div class=\"elementor-widget-container\">\n\t\t\t\t\t<div class=\"elementor-text-editor elementor-clearfix\">La C\u00e1tedra de Literatura para ni\u00f1os y j\u00f3venes, surge como respuesta a las inquietudes y necesidades planteadas en los encuentros formativos con maestros, profesores y bibliotecarios sobre el conocimiento y la selecci\u00f3n de textos dirigidos para los futuros lectores, y la preocupaci\u00f3n e inter\u00e9s de acercar a los m\u00e1s peque\u00f1os al acervo literario creado especialmente para ellos.\u00a0 De esta manera se contribuye con la preparaci\u00f3n integral de los principales mediadores de la lectura, la difusi\u00f3n de obras y autores de la literatura universal y nacional, la democratizaci\u00f3n del acceso al libro como bien cultural\u00a0 y el disfrute de la lectura como actividad individual y pr\u00e1ctica social.\u00a0<\/div>\n\t\t\t\t<\/div>\n\t\t\t\t<\/div>\n\t\t\t\t\t\t<\/div>\n\t\t\t\t\t<\/div>\n\t\t<\/div>\n\t\t\t\t\t\t\t\t<\/div>\n\t\t\t\t\t<\/div>\n\t\t<\/section>\n\t\t\t\t<section class=\"elementor-section elementor-top-section elementor-element elementor-element-89ec21b elementor-section-boxed elementor-section-height-default elementor-section-height-default\" data-id=\"89ec21b\" data-element_type=\"section\">\n\t\t\t\t\t\t<div class=\"elementor-container elementor-column-gap-default\">\n\t\t\t\t\t\t\t<div class=\"elementor-row\">\n\t\t\t\t\t<div class=\"elementor-column elementor-col-50 elementor-top-column elementor-element elementor-element-c9f5878\" data-id=\"c9f5878\" data-element_type=\"column\">\n\t\t\t<div class=\"elementor-column-wrap elementor-element-populated\">\n\t\t\t\t\t\t\t<div class=\"elementor-widget-wrap\">\n\t\t\t\t\t\t<div class=\"elementor-element elementor-element-8521705 elementor-widget elementor-widget-heading\" data-id=\"8521705\" data-element_type=\"widget\" data-widget_type=\"heading.default\">\n\t\t\t\t<div class=\"elementor-widget-container\">\n\t\t\t<h2 class=\"elementor-heading-title elementor-size-default\">Objetivo General<\/h2>\t\t<\/div>\n\t\t\t\t<\/div>\n\t\t\t\t<div class=\"elementor-element elementor-element-f0411c8 elementor-widget elementor-widget-text-editor\" data-id=\"f0411c8\" data-element_type=\"widget\" data-widget_type=\"text-editor.default\">\n\t\t\t\t<div class=\"elementor-widget-container\">\n\t\t\t\t\t<div class=\"elementor-text-editor elementor-clearfix\">Examinar las principales concepciones, categor\u00edas, obras y autores de la literatura\u00a0 para ni\u00f1os y j\u00f3venes venezolana, universal y contempor\u00e1nea, mediante metodolog\u00edas participativas y reflexivas de estudio para contribuir en los procesos de formaci\u00f3n lectora en los ni\u00f1os y j\u00f3venes del pa\u00eds.\u00a0<\/div>\n\t\t\t\t<\/div>\n\t\t\t\t<\/div>\n\t\t\t\t\t\t<\/div>\n\t\t\t\t\t<\/div>\n\t\t<\/div>\n\t\t\t\t<div class=\"elementor-column elementor-col-50 elementor-top-column elementor-element elementor-element-4586d28\" data-id=\"4586d28\" data-element_type=\"column\">\n\t\t\t<div class=\"elementor-column-wrap elementor-element-populated\">\n\t\t\t\t\t\t\t<div class=\"elementor-widget-wrap\">\n\t\t\t\t\t\t<div class=\"elementor-element elementor-element-7f65aac elementor-widget elementor-widget-heading\" data-id=\"7f65aac\" data-element_type=\"widget\" data-widget_type=\"heading.default\">\n\t\t\t\t<div class=\"elementor-widget-container\">\n\t\t\t<h2 class=\"elementor-heading-title elementor-size-default\">Objetivos Espec\u00edficos<\/h2>\t\t<\/div>\n\t\t\t\t<\/div>\n\t\t\t\t<div class=\"elementor-element elementor-element-e591e7b elementor-widget elementor-widget-text-editor\" data-id=\"e591e7b\" data-element_type=\"widget\" data-widget_type=\"text-editor.default\">\n\t\t\t\t<div class=\"elementor-widget-container\">\n\t\t\t\t\t<div class=\"elementor-text-editor elementor-clearfix\"><ol><li>Definir la literatura para ni\u00f1os y j\u00f3venes como expresi\u00f3n art\u00edstica y su evoluci\u00f3n (concepciones, categor\u00edas, temas, lenguaje) a trav\u00e9s del tiempo.\u00a0<\/li><li>Establecer las relaciones entre la para ni\u00f1os y j\u00f3venes y los diferentes contextos socioculturales.\u00a0<\/li><li>Construir criterios de selecci\u00f3n de materiales de lectura pertinentes a los destinatarios infantiles y juveniles, en cuanto a sus temas, formatos y estructuras.<\/li><li>Explorar las tendencias que sigue la literatura para ni\u00f1os y j\u00f3venes en la actualidad.\u00a0\u00a0<\/li><li>\u00a0El papel del mediador en la formaci\u00f3n del lector literario.<\/li><\/ol><\/div>\n\t\t\t\t<\/div>\n\t\t\t\t<\/div>\n\t\t\t\t\t\t<\/div>\n\t\t\t\t\t<\/div>\n\t\t<\/div>\n\t\t\t\t\t\t\t\t<\/div>\n\t\t\t\t\t<\/div>\n\t\t<\/section>\n\t\t\t\t<section class=\"elementor-section elementor-top-section elementor-element elementor-element-e4e3e05 elementor-section-boxed elementor-section-height-default elementor-section-height-default\" data-id=\"e4e3e05\" data-element_type=\"section\">\n\t\t\t\t\t\t<div class=\"elementor-container elementor-column-gap-default\">\n\t\t\t\t\t\t\t<div class=\"elementor-row\">\n\t\t\t\t\t<div class=\"elementor-column elementor-col-100 elementor-top-column elementor-element elementor-element-32de983\" data-id=\"32de983\" data-element_type=\"column\">\n\t\t\t<div class=\"elementor-column-wrap elementor-element-populated\">\n\t\t\t\t\t\t\t<div class=\"elementor-widget-wrap\">\n\t\t\t\t\t\t<div class=\"elementor-element elementor-element-eebe02f elementor-widget elementor-widget-text-editor\" data-id=\"eebe02f\" data-element_type=\"widget\" data-widget_type=\"text-editor.default\">\n\t\t\t\t<div class=\"elementor-widget-container\">\n\t\t\t\t\t<div class=\"elementor-text-editor elementor-clearfix\"><p><strong>Programa<\/strong><\/p>\n<p>El esquema de contenidos que se presenta determina los temas generales que deben abordarse en los cuatro m\u00f3dulos de la C\u00e1tedra, a fin de mostrar una visi\u00f3n panor\u00e1mica de la literatura para ni\u00f1os y j\u00f3venes en Venezuela y el mundo.<\/p>\n<p><strong>1. Introducci\u00f3n a la Literatura para Ni\u00f1os y J\u00f3venes <\/strong><br>&#8211; La literatura infantil<br>&#8211; La Literatura para ni\u00f1os y j\u00f3venes en Venezuela.<br>&#8211; Panorama de la literatura para ni\u00f1os y j\u00f3venes en el mundo.<\/p>\n<p><strong>2. Literatura para ni\u00f1os y j\u00f3venes. Los g\u00e9neros.<\/strong><br>&#8211; Los g\u00e9neros en la literatura para ni\u00f1os y j\u00f3venes: Caracterizaci\u00f3n de subg\u00e9neros.( Aventura, humor, fant\u00e1stico, ciencia-ficci\u00f3n, novela rosa y terror)<br>&#8211; La lectura de los cl\u00e1sicos infantiles occidentales.(Perrault,Hnos. Grim, Anderson, entre otros).<br>&#8211; La tradici\u00f3n oral, cuentos de hadas, mitos, leyendas, fabulas, juegos, rondas, canciones, la poes\u00eda infantil y dramaturgia.<\/p>\n<p><strong>3.Literatura e imagen para ni\u00f1os y j\u00f3venes.<\/strong><br>&#8211; Lectura de im\u00e1genes ( libro \u00e1lbum). La importancia y funciones de la ilustraci\u00f3n.<br>&#8211; Los recursos y discursos del c\u00f3mic y la novela gr\u00e1fica.<br>&#8211; La literatura para ni\u00f1os y j\u00f3venes y el cine: adaptaciones cinematogr\u00e1ficas de libros para ni\u00f1os y j\u00f3venes.<\/p>\n<p><strong>4. La Literatura para ni\u00f1os y j\u00f3venes en el contexto global.<\/strong><br>&#8211; La literatura para ni\u00f1os y j\u00f3venes y la Internet: nuevos formatos digitales y v\u00eddeos-juegos.<\/p>\n<p>&#8211; El papel del mediador de lectura, en la formaci\u00f3n del lector literario.<\/p>\n<p>&#8211; La lectura en voz alta. Pertenencia cultural, transmisi\u00f3n de valores sociales a trav\u00e9s de pr\u00e1cticas tradicionales.<\/p>\n<p><strong>Dirigido a:<\/strong> docentes, bibliotecarios, estudiantes universitarios, promotores y mediadores de lectura.<\/p>\n<p><strong>Matr\u00edcula:<\/strong> 20 participantes (m\u00e1ximo ).<\/p>\n<p><strong>Duraci\u00f3n:<\/strong> 40 horas acad\u00e9micas.<\/p>\n<p><strong>Modalidad de las sesiones:<\/strong> Cada tema est\u00e1 estructurado para dictarse en diez (10) horas acad\u00e9micas, en las modalidades presencial o virtual. De escoger la asistencia virtual \/ asincr\u00f3nica las sesiones se presentaran por el canal del Plan Nacional de Lectura Manuel Vadell denominado: Cenal-Formaci\u00f3n. La atenci\u00f3n con los participantes ser\u00e1 a trav\u00e9s de Telegram, bajo horario acordado con la coordinaci\u00f3n de la C\u00e1tedra y los facilitadores.<\/p>\n<p><strong>Metodolog\u00eda:<\/strong> Presentaci\u00f3n y discusi\u00f3n de los conceptos y definiciones; lectura y comentario de textos seleccionados; interpretaci\u00f3n, reflexi\u00f3n y valoraci\u00f3n cr\u00edtica de las obras; producci\u00f3n de rese\u00f1as cr\u00edticas, ensayos u otro tipo de escritos argumentativos individuales y por grupo.<\/p>\n<p><strong>Requisitos de inscripci\u00f3n:<\/strong> Rese\u00f1a curricular, copia de la c\u00e9dula de identidad y formalizar su solicitud por el correo: plandelecturacenal2022@gmail.com<\/p>\n<p><strong>Requerimientos:<\/strong> Correo electr\u00f3nico Gmail y un dispositivo con conexi\u00f3n a Internet.<\/p>\n<p><strong>Bibliograf\u00eda b\u00e1sica m\u00e1s la recomendada por los facilitadores:<\/strong><\/p>\n<p>Antillano, L. (2018).Las alas de la lectura. Centro Nacional del Libro. Caracas, Venezuela.<\/p>\n<p>Calzadilla Arreaza, J. A. (2010).Crear con la palabra. M\u00f3dulo para Talleres de escritura y lectura. Fundaci\u00f3n Editorial El perro y la rana. Ministerio del Poder Popular para la Cultura. Caracas, Venezuela.<\/p>\n<p>De Los R\u00edos, M. (2010) La vuelta al g\u00e9nero en 40 autores. Editorial Isabel de Los R\u00edos, Caracas.<\/p>\n<p>Chambers,A. (2010) El ambiente de la lectura. Fondo de Cultura Econ\u00f3mica.<\/p>\n<p>Franco, M.(2013) Vuelven los fantasmas. Editorial Planeta Venezolana.<\/p>\n<p>Freire, P. (2015).La importancia del acto de leer. Editorial El perro y la rana. Caracas,Venezuela<\/p>\n<p>Giardinelli, M. (2009).Volver a leer. Edhasa. Espa\u00f1a.<\/p>\n<p>Larrosa, J. (2003) La experiencia de la lectura. Estudios sobre literatura y formaci\u00f3n Fondo de Cultura Econ\u00f3mica. M\u00e9xico.<\/p>\n<p>M\u00e1rquez, M. (2004).El arte de la lectura. CONAC, Biblioteca B\u00e1sica Tem\u00e1tica. Caracas, Venezuela.<\/p>\n<p>Medina, R. (2015) A leer se aprende leyendo. Centro Nacional del Libro CENAL, Colecci\u00f3n Galer\u00edas y Pixeles. Caracas, Venezuela.<\/p>\n<p>Patte, G. (2011) \u00bfQu\u00e9 los hace leer as\u00ed? Los ni\u00f1os, la lectura y las bibliotecas. Fondo de Cultura Econ\u00f3mica, M\u00e9xico. <br>Perrault, Ch. (2007). Cuentos. Grijalbo. M\u00e9xico<\/p>\n<p>Proust,M. (2013) Sobre la lectura. Monte \u00c1vila Editores. Caracas. Venezuela<\/p>\n<p>S\u00e1nchez, J.J. y Riesco,P. (2013) Antolog\u00eda de literatura infantil venezolana. La Estrella Roja. Venezuela<\/p>\n<p>Subero, E. (2009) La literatura infantil en el mundo hispanoamericano. Fundaci\u00f3n Editorial El perro y la rana, Caracas.<\/p>\n<p>Varios autores. (2009) 46 cuentos, un pa\u00eds. Selecci\u00f3n de cuentos para j\u00f3venes. Monte \u00c1vila Editores Latinoamericana.<\/p>\n<p>Ensayos venezolanos para j\u00f3venes.(2006) Colecci\u00f3n Umbrales. Fundaci\u00f3n Metr\u00f3polis. Caracas. Varios autores. <\/p><\/div>\n\t\t\t\t<\/div>\n\t\t\t\t<\/div>\n\t\t\t\t\t\t<\/div>\n\t\t\t\t\t<\/div>\n\t\t<\/div>\n\t\t\t\t\t\t\t\t<\/div>\n\t\t\t\t\t<\/div>\n\t\t<\/section>\n\t\t\t\t\t\t<\/div>\n\t\t\t\t\t\t<\/div>\n\t\t\t\t\t<\/div>\n\t\t","protected":false},"excerpt":{"rendered":"<p>C\u00e1tedra de Literatura para ni\u00f1os y j\u00f3venes El Centro Nacional del Libro (Cenal), ente adscrito al Ministerio del Poder Popular para la Cultura, en atenci\u00f3n a las l\u00edneas de acci\u00f3n [&hellip;]<\/p>\n","protected":false},"author":10,"featured_media":0,"parent":0,"menu_order":0,"comment_status":"closed","ping_status":"closed","template":"elementor_header_footer","meta":{"spay_email":""},"yoast_head":"<!-- This site is optimized with the Yoast SEO plugin v19.8 - https:\/\/yoast.com\/wordpress\/plugins\/seo\/ -->\n<title>C\u00c1TEDRAS LITERATURA NI\u00d1OS Y J\u00d3VENES<\/title>\n<meta name=\"robots\" content=\"index, follow, max-snippet:-1, max-image-preview:large, max-video-preview:-1\" \/>\n<link rel=\"canonical\" href=\"https:\/\/cenal.gob.ve\/?page_id=15830\" \/>\n<meta property=\"og:locale\" content=\"es_ES\" \/>\n<meta property=\"og:type\" content=\"article\" \/>\n<meta property=\"og:title\" content=\"C\u00c1TEDRAS LITERATURA NI\u00d1OS Y J\u00d3VENES\" \/>\n<meta property=\"og:description\" content=\"C\u00e1tedra de Literatura para ni\u00f1os y j\u00f3venes El Centro Nacional del Libro (Cenal), ente adscrito al Ministerio del Poder Popular para la Cultura, en atenci\u00f3n a las l\u00edneas de acci\u00f3n [&hellip;]\" \/>\n<meta property=\"og:url\" content=\"https:\/\/cenal.gob.ve\/?page_id=15830\" \/>\n<meta property=\"og:site_name\" content=\"Cenal\" \/>\n<meta property=\"article:modified_time\" content=\"2022-05-27T15:24:07+00:00\" \/>\n<meta name=\"twitter:card\" content=\"summary_large_image\" \/>\n<meta name=\"twitter:label1\" content=\"Est. reading time\" \/>\n\t<meta name=\"twitter:data1\" content=\"6 minutos\" \/>\n<script type=\"application\/ld+json\" class=\"yoast-schema-graph\">{\"@context\":\"https:\/\/schema.org\",\"@graph\":[{\"@type\":\"WebPage\",\"@id\":\"https:\/\/cenal.gob.ve\/?page_id=15830\",\"url\":\"https:\/\/cenal.gob.ve\/?page_id=15830\",\"name\":\"C\u00c1TEDRAS LITERATURA NI\u00d1OS Y J\u00d3VENES\",\"isPartOf\":{\"@id\":\"https:\/\/cenal.gob.ve\/#website\"},\"datePublished\":\"2022-04-05T16:31:04+00:00\",\"dateModified\":\"2022-05-27T15:24:07+00:00\",\"breadcrumb\":{\"@id\":\"https:\/\/cenal.gob.ve\/?page_id=15830#breadcrumb\"},\"inLanguage\":\"es\",\"potentialAction\":[{\"@type\":\"ReadAction\",\"target\":[\"https:\/\/cenal.gob.ve\/?page_id=15830\"]}]},{\"@type\":\"BreadcrumbList\",\"@id\":\"https:\/\/cenal.gob.ve\/?page_id=15830#breadcrumb\",\"itemListElement\":[{\"@type\":\"ListItem\",\"position\":1,\"name\":\"Home\",\"item\":\"https:\/\/cenal.gob.ve\/\"},{\"@type\":\"ListItem\",\"position\":2,\"name\":\"C\u00c1TEDRAS LITERATURA NI\u00d1OS Y J\u00d3VENES\"}]},{\"@type\":\"WebSite\",\"@id\":\"https:\/\/cenal.gob.ve\/#website\",\"url\":\"https:\/\/cenal.gob.ve\/\",\"name\":\"Cenal\",\"description\":\"\",\"publisher\":{\"@id\":\"https:\/\/cenal.gob.ve\/#organization\"},\"potentialAction\":[{\"@type\":\"SearchAction\",\"target\":{\"@type\":\"EntryPoint\",\"urlTemplate\":\"https:\/\/cenal.gob.ve\/?s={search_term_string}\"},\"query-input\":\"required name=search_term_string\"}],\"inLanguage\":\"es\"},{\"@type\":\"Organization\",\"@id\":\"https:\/\/cenal.gob.ve\/#organization\",\"name\":\"CENAL\",\"url\":\"https:\/\/cenal.gob.ve\/\",\"sameAs\":[],\"logo\":{\"@type\":\"ImageObject\",\"inLanguage\":\"es\",\"@id\":\"https:\/\/cenal.gob.ve\/#\/schema\/logo\/image\/\",\"url\":\"https:\/\/i0.wp.com\/cenal.gob.ve\/wp-content\/uploads\/2022\/10\/cropped-images.jpg?fit=512%2C512\",\"contentUrl\":\"https:\/\/i0.wp.com\/cenal.gob.ve\/wp-content\/uploads\/2022\/10\/cropped-images.jpg?fit=512%2C512\",\"width\":512,\"height\":512,\"caption\":\"CENAL\"},\"image\":{\"@id\":\"https:\/\/cenal.gob.ve\/#\/schema\/logo\/image\/\"}}]}<\/script>\n<!-- \/ Yoast SEO plugin. -->","yoast_head_json":{"title":"C\u00c1TEDRAS LITERATURA NI\u00d1OS Y J\u00d3VENES","robots":{"index":"index","follow":"follow","max-snippet":"max-snippet:-1","max-image-preview":"max-image-preview:large","max-video-preview":"max-video-preview:-1"},"canonical":"https:\/\/cenal.gob.ve\/?page_id=15830","og_locale":"es_ES","og_type":"article","og_title":"C\u00c1TEDRAS LITERATURA NI\u00d1OS Y J\u00d3VENES","og_description":"C\u00e1tedra de Literatura para ni\u00f1os y j\u00f3venes El Centro Nacional del Libro (Cenal), ente adscrito al Ministerio del Poder Popular para la Cultura, en atenci\u00f3n a las l\u00edneas de acci\u00f3n [&hellip;]","og_url":"https:\/\/cenal.gob.ve\/?page_id=15830","og_site_name":"Cenal","article_modified_time":"2022-05-27T15:24:07+00:00","twitter_card":"summary_large_image","twitter_misc":{"Est. reading time":"6 minutos"},"schema":{"@context":"https:\/\/schema.org","@graph":[{"@type":"WebPage","@id":"https:\/\/cenal.gob.ve\/?page_id=15830","url":"https:\/\/cenal.gob.ve\/?page_id=15830","name":"C\u00c1TEDRAS LITERATURA NI\u00d1OS Y J\u00d3VENES","isPartOf":{"@id":"https:\/\/cenal.gob.ve\/#website"},"datePublished":"2022-04-05T16:31:04+00:00","dateModified":"2022-05-27T15:24:07+00:00","breadcrumb":{"@id":"https:\/\/cenal.gob.ve\/?page_id=15830#breadcrumb"},"inLanguage":"es","potentialAction":[{"@type":"ReadAction","target":["https:\/\/cenal.gob.ve\/?page_id=15830"]}]},{"@type":"BreadcrumbList","@id":"https:\/\/cenal.gob.ve\/?page_id=15830#breadcrumb","itemListElement":[{"@type":"ListItem","position":1,"name":"Home","item":"https:\/\/cenal.gob.ve\/"},{"@type":"ListItem","position":2,"name":"C\u00c1TEDRAS LITERATURA NI\u00d1OS Y J\u00d3VENES"}]},{"@type":"WebSite","@id":"https:\/\/cenal.gob.ve\/#website","url":"https:\/\/cenal.gob.ve\/","name":"Cenal","description":"","publisher":{"@id":"https:\/\/cenal.gob.ve\/#organization"},"potentialAction":[{"@type":"SearchAction","target":{"@type":"EntryPoint","urlTemplate":"https:\/\/cenal.gob.ve\/?s={search_term_string}"},"query-input":"required name=search_term_string"}],"inLanguage":"es"},{"@type":"Organization","@id":"https:\/\/cenal.gob.ve\/#organization","name":"CENAL","url":"https:\/\/cenal.gob.ve\/","sameAs":[],"logo":{"@type":"ImageObject","inLanguage":"es","@id":"https:\/\/cenal.gob.ve\/#\/schema\/logo\/image\/","url":"https:\/\/i0.wp.com\/cenal.gob.ve\/wp-content\/uploads\/2022\/10\/cropped-images.jpg?fit=512%2C512","contentUrl":"https:\/\/i0.wp.com\/cenal.gob.ve\/wp-content\/uploads\/2022\/10\/cropped-images.jpg?fit=512%2C512","width":512,"height":512,"caption":"CENAL"},"image":{"@id":"https:\/\/cenal.gob.ve\/#\/schema\/logo\/image\/"}}]}},"jetpack_shortlink":"https:\/\/wp.me\/P5FMhp-47k","_links":{"self":[{"href":"https:\/\/cenal.gob.ve\/index.php?rest_route=\/wp\/v2\/pages\/15830"}],"collection":[{"href":"https:\/\/cenal.gob.ve\/index.php?rest_route=\/wp\/v2\/pages"}],"about":[{"href":"https:\/\/cenal.gob.ve\/index.php?rest_route=\/wp\/v2\/types\/page"}],"author":[{"embeddable":true,"href":"https:\/\/cenal.gob.ve\/index.php?rest_route=\/wp\/v2\/users\/10"}],"replies":[{"embeddable":true,"href":"https:\/\/cenal.gob.ve\/index.php?rest_route=%2Fwp%2Fv2%2Fcomments&post=15830"}],"version-history":[{"count":8,"href":"https:\/\/cenal.gob.ve\/index.php?rest_route=\/wp\/v2\/pages\/15830\/revisions"}],"predecessor-version":[{"id":17188,"href":"https:\/\/cenal.gob.ve\/index.php?rest_route=\/wp\/v2\/pages\/15830\/revisions\/17188"}],"wp:attachment":[{"href":"https:\/\/cenal.gob.ve\/index.php?rest_route=%2Fwp%2Fv2%2Fmedia&parent=15830"}],"curies":[{"name":"wp","href":"https:\/\/api.w.org\/{rel}","templated":true}]}}