{"id":15860,"date":"2022-04-05T12:50:47","date_gmt":"2022-04-05T16:50:47","guid":{"rendered":"http:\/\/201.249.204.45\/portal_cenal\/?page_id=15860"},"modified":"2022-04-05T12:57:51","modified_gmt":"2022-04-05T16:57:51","slug":"leamos-juntos-a-bolivar","status":"publish","type":"page","link":"https:\/\/cenal.gob.ve\/?page_id=15860","title":{"rendered":"LEAMOS JUNTOS A BOL\u00cdVAR"},"content":{"rendered":"\t\t<div data-elementor-type=\"wp-page\" data-elementor-id=\"15860\" class=\"elementor elementor-15860\" data-elementor-settings=\"[]\">\n\t\t\t\t\t\t<div class=\"elementor-inner\">\n\t\t\t\t\t\t\t<div class=\"elementor-section-wrap\">\n\t\t\t\t\t\t\t<section class=\"elementor-section elementor-top-section elementor-element elementor-element-38d94cc elementor-section-boxed elementor-section-height-default elementor-section-height-default\" data-id=\"38d94cc\" data-element_type=\"section\">\n\t\t\t\t\t\t<div class=\"elementor-container elementor-column-gap-default\">\n\t\t\t\t\t\t\t<div class=\"elementor-row\">\n\t\t\t\t\t<div class=\"elementor-column elementor-col-100 elementor-top-column elementor-element elementor-element-65520f1\" data-id=\"65520f1\" data-element_type=\"column\">\n\t\t\t<div class=\"elementor-column-wrap elementor-element-populated\">\n\t\t\t\t\t\t\t<div class=\"elementor-widget-wrap\">\n\t\t\t\t\t\t<div class=\"elementor-element elementor-element-5754cc1 elementor-widget elementor-widget-heading\" data-id=\"5754cc1\" data-element_type=\"widget\" data-widget_type=\"heading.default\">\n\t\t\t\t<div class=\"elementor-widget-container\">\n\t\t\t<h2 class=\"elementor-heading-title elementor-size-default\">Taller:  Mediaci\u00f3n de lectura  \u201cLEAMOS JUNTOS A SIM\u00d3N\u201d<\/h2>\t\t<\/div>\n\t\t\t\t<\/div>\n\t\t\t\t<div class=\"elementor-element elementor-element-93a290a elementor-widget elementor-widget-text-editor\" data-id=\"93a290a\" data-element_type=\"widget\" data-widget_type=\"text-editor.default\">\n\t\t\t\t<div class=\"elementor-widget-container\">\n\t\t\t\t\t<div class=\"elementor-text-editor elementor-clearfix\"><p>Textos: El Discurso de Angostura y El Parte de Carabobo, por Sim\u00f3n Bol\u00edvar<\/p><p>Duraci\u00f3n: 04 Sesiones de 03 horas acad\u00e9micas cada una<\/p><\/div>\n\t\t\t\t<\/div>\n\t\t\t\t<\/div>\n\t\t\t\t<div class=\"elementor-element elementor-element-6c3878d elementor-widget elementor-widget-text-editor\" data-id=\"6c3878d\" data-element_type=\"widget\" data-widget_type=\"text-editor.default\">\n\t\t\t\t<div class=\"elementor-widget-container\">\n\t\t\t\t\t<div class=\"elementor-text-editor elementor-clearfix\"><p>Dar la bienvenida a un grupo de 8 a 10 participantes al taller, siguiendo el protocolo de bioseguridad. Se compartir\u00e1 la experiencia con el sistema de trabajo del maestro Sim\u00f3n Rodr\u00edguez, bajo las siguientes premisas: <br \/>&#8211; La escritura es la praxis de la lectura. <br \/>&#8211; Leer para escribir y escribir para leer constituyen el fundamento del trato con la palabra creativa para aprender. <br \/>&#8211; No se puede saber si no se hace, si no se hace no se entiende, si no se entiende no interesa.<br \/>&#8211; Comprender que toda lectura es emancipatoria.<\/p><p><strong>Objetivo del taller:<\/strong> Valorar el papel del mediador de lectura su formaci\u00f3n y acciones que acompa\u00f1an, gu\u00edan y orientan la pr\u00e1ctica de la lectura junto a los ideales del Libertador Sim\u00f3n Bol\u00edvar.<\/p><p><strong>Contenido<\/strong><br \/><strong>Primera sesi\u00f3n <\/strong><br \/>&#8211; Definiciones acerca del libro, leer y la lectura como pr\u00e1ctica emancipadora<br \/>&#8211; La mediaci\u00f3n de la lectura y el perfil del mediador<br \/>&#8211; Estrategias y actividades para la mediaci\u00f3n de la lectura<\/p><p><strong>Segunda sesi\u00f3n <\/strong><br \/>&#8211; Contexto hist\u00f3rico y lectura en colectivo del Discurso de Angostura<br \/>&#8211; Generar diferentes puntos de vista acerca del valor actual del Discurso de Angostura<br \/>&#8211; Ejercicios de creaci\u00f3n literaria a partir de las ideas revolucionarias y la riqueza simb\u00f3lica del texto<\/p><p><strong>Tercera sesi\u00f3n<\/strong><br \/>&#8211; Lectura en colectivo del Parte de Carabobo<br \/>&#8211; Presentaci\u00f3n de la lectura dramatizada del Parte de Carabobo <br \/>&#8211; Ejercicios de escritura a partir de im\u00e1genes de la Batalla de Carabobo<\/p><p><strong>Cuarta Sesi\u00f3n<\/strong><br \/>&#8211; Selecci\u00f3n de lecturas Bicentenarias<br \/>&#8211; Lectura en voz alta de un texto corto seleccionado<br \/>&#8211; Ejercicios de escritura a partir de autores venezolanos, relatos, cuentos, diarios y poemas escogidos sobre la figura del Libertador Sim\u00f3n Bol\u00edvar<\/p><p><strong>Metodolog\u00eda <\/strong><br \/>&#8211; Organizar en grupos a los participantes, respetando la distancia y las medidas de bioseguridad.<br \/>&#8211; Invitar a los participantes a leer y conversar sobre el contenido del taller.<br \/>&#8211; A partir de las lecturas en colectivo e im\u00e1genes de la Batalla de Carabobo desarrollar escritos breves en colectivo o de manera individual. <br \/>&#8211; Leer los trabajos creativos en grupo al finalizar cada sesi\u00f3n.<br \/>La clave de la lectura son los g\u00e9neros literarios, escribiendo ubicamos las ideas dentro de cada g\u00e9nero y se manejan como una estrategia discursiva.<\/p><p><strong>L\u00edneas de trabajo<\/strong><br \/>Para Sim\u00f3n Bol\u00edvar la educaci\u00f3n popular era una necesidad elemental para el desarrollo de toda la naci\u00f3n y especialmente en nuestras tierras americanas. Se necesitan luces, conocimientos, ciencia, sabidur\u00eda y entendimiento; y moral, virtud y decoro que expresen al hombre una conducta civilizada en oposici\u00f3n a los perjuicios establecida por siglos.<\/p><p>El Libertador mantuvo una relaci\u00f3n directa entre el nivel de desarrollo de la educaci\u00f3n y la grandeza nacional. La lectura es una actividad que nos permite entre otras cosas interpretar una poes\u00eda, un cuento, una novela, un ensayo, eso en cuanto a lo estrictamente literario, pero tambi\u00e9n la lectura nos brinda la posibilidad de interpretar se\u00f1as, movimientos del cuerpo, dar o recibir ense\u00f1anzas.<\/p><p>Debe leerse de acuerdo con los intereses y la necesidades propias, recordar que la lectura es deseable. La lectura individual, es por placer. La lectura en funci\u00f3n oral es el instrumento para leer en colectivo.<\/p><p><b>Para finalizar recomendaciones para organizar una Unidad de lectores del Plan Nacional de Lectura Manuel Vadell<\/b><\/p><p>1. Una Unidad de lectores, puede contar entre cinco hasta diez integrantes y un coordinador.<br \/>2. Reunir los datos de cada participante y sus preferencias lectoras, notificar al Cenal, para mantener v\u00ednculos con otras actividades en relaci\u00f3n al libro y la lectura.<br \/>3. Activar una red social, integrar a los participantes, armar el cronograma de reuniones y establecer tiempo de cada reuni\u00f3n.<br \/>4. Escoger lecturas, se recomienda textos que no excedan las 500 p\u00e1ginas.<br \/>5. Seleccionar lecturas que estimulen el sentido de pertenencia, el amor a la patria , educaci\u00f3n para la Paz y que desarrollen el pensamiento cr\u00edtico.<br \/>6. Vincular textos literarios llevados al cine, ver en grupo\/ v\u00eda web, la proyecci\u00f3n y comentarlo para enriquecer el debate en la reuni\u00f3n.<br \/><br \/><\/p><p><b>Contactos:<\/b> <a href=\"mailto:planlectura@cenal.gob.ve\">planlectura@cenal.gob.ve<\/a> \/ <a href=\"mailto:plandelecturacenal2022@gmail.com\">plandelecturacenal2022@gmail.com<\/a> <br \/>Canal virtual Cenal Formaci\u00f3n<\/p><p><strong>Bibliograf\u00eda: <\/strong><br \/>&#8211; \u00c1vila, R. Compilador. Las m\u00e1s hermosas cartas de amor entre Manuela y Sim\u00f3n. Fundaci\u00f3n Editorial El perro y la rana Edici\u00f3n especial, 2018. Caracas.<\/p><p>-Bol\u00edvar, S. Discurso de Angostura. MPPC . 3.\u00aa edici\u00f3n corregida y aumentada . Centro Nacional del Libro\/ Fundaci\u00f3n Editorial El Perro y la rana. Imprenta de la Cultura 2019<\/p><p>&#8211; Bol\u00edvar, S. Parte de Carabobo. MPPC 1.\u00aa edici\u00f3n , Centro Nacional del Libro \/Fundaci\u00f3n Editorial El Perro y la rana. Imprenta de la Cultura 2021<\/p><p>-Bol\u00edvar, S. Escritos Fundamentales, Monte \u00c1vila Editores, Caracas, 1997<\/p><p>&#8211; Bol\u00edvar, S. Carta de Jamaica y otros textos. Fundaci\u00f3n Biblioteca Ayacucho N.\u00ba 11<\/p><p>&#8211; Encartado Batalla de Carabobo, Centro Nacional de Historia. 2013 (versi\u00f3n digital)<\/p><p>&#8211; Blanco-Fombona, R. Mocedades de Bol\u00edvar, Monte \u00c1vila Editores, 3er. Edici\u00f3n 2007<\/p><p>-Acosta Saignes, M. Bol\u00edvar. Acci\u00f3n y Utop\u00eda del Hombre de las dificultades. Ministerio del Poder Popular para la Comunicaci\u00f3n y la Informaci\u00f3n 2011.}<\/p><p>&#8211; Antolog\u00eda, Sim\u00f3n Bol\u00edvar. Colecci\u00f3n Palabras Esenciales. Ministerio del Poder Popular del Despacho de la Presidencia; Ediciones de la Presidencia de la Rep\u00fablica, Palacio de Miraflores, 2009<br \/>Lecturas complementarias<\/p><p>&#8211; Antillano, L. Las alas de la lectura. Cenal. Caracas 2018<\/p><p>-Calzadilla Arreaza, J.A. Crear con la palabra. M\u00f3dulos para talleres de escritura y lectura. <br \/>Fundaci\u00f3n Editorial El perro y la rana. 2013. Caracas.<\/p><p>&#8211; Calzadilla Arreaza, J.A. Sim\u00f3n Rodr\u00edguez. Peque\u00f1a antolog\u00eda pedag\u00f3gica. Fundarte, 2010<\/p><p>-Prieto Figueroa, L.B. La magia de los libros. Fundaci\u00f3n Luis Beltr\u00e1n Prieto Figueroa. Octava edici\u00f3n 2006.<\/p><p>-Rodr\u00edguez, S. Inventamos o erramos. Monte \u00c1vila Editores. Caracas. 2013.<\/p><\/div>\n\t\t\t\t<\/div>\n\t\t\t\t<\/div>\n\t\t\t\t\t\t<\/div>\n\t\t\t\t\t<\/div>\n\t\t<\/div>\n\t\t\t\t\t\t\t\t<\/div>\n\t\t\t\t\t<\/div>\n\t\t<\/section>\n\t\t\t\t\t\t<\/div>\n\t\t\t\t\t\t<\/div>\n\t\t\t\t\t<\/div>\n\t\t","protected":false},"excerpt":{"rendered":"<p>Taller: Mediaci\u00f3n de lectura \u201cLEAMOS JUNTOS A SIM\u00d3N\u201d Textos: El Discurso de Angostura y El Parte de Carabobo, por Sim\u00f3n Bol\u00edvar Duraci\u00f3n: 04 Sesiones de 03 horas acad\u00e9micas cada una [&hellip;]<\/p>\n","protected":false},"author":10,"featured_media":0,"parent":0,"menu_order":0,"comment_status":"closed","ping_status":"closed","template":"page-templates\/template-pagebuilder-full-width.php","meta":{"spay_email":""},"yoast_head":"<!-- This site is optimized with the Yoast SEO plugin v19.8 - https:\/\/yoast.com\/wordpress\/plugins\/seo\/ -->\n<title>LEAMOS JUNTOS A BOL\u00cdVAR<\/title>\n<meta name=\"robots\" content=\"index, follow, max-snippet:-1, max-image-preview:large, max-video-preview:-1\" \/>\n<link rel=\"canonical\" href=\"https:\/\/cenal.gob.ve\/?page_id=15860\" \/>\n<meta property=\"og:locale\" content=\"es_ES\" \/>\n<meta property=\"og:type\" content=\"article\" \/>\n<meta property=\"og:title\" content=\"LEAMOS JUNTOS A BOL\u00cdVAR\" \/>\n<meta property=\"og:description\" content=\"Taller: Mediaci\u00f3n de lectura \u201cLEAMOS JUNTOS A SIM\u00d3N\u201d Textos: El Discurso de Angostura y El Parte de Carabobo, por Sim\u00f3n Bol\u00edvar Duraci\u00f3n: 04 Sesiones de 03 horas acad\u00e9micas cada una [&hellip;]\" \/>\n<meta property=\"og:url\" content=\"https:\/\/cenal.gob.ve\/?page_id=15860\" \/>\n<meta property=\"og:site_name\" content=\"Cenal\" \/>\n<meta property=\"article:modified_time\" content=\"2022-04-05T16:57:51+00:00\" \/>\n<meta name=\"twitter:card\" content=\"summary_large_image\" \/>\n<meta name=\"twitter:label1\" content=\"Est. reading time\" \/>\n\t<meta name=\"twitter:data1\" content=\"5 minutos\" \/>\n<script type=\"application\/ld+json\" class=\"yoast-schema-graph\">{\"@context\":\"https:\/\/schema.org\",\"@graph\":[{\"@type\":\"WebPage\",\"@id\":\"https:\/\/cenal.gob.ve\/?page_id=15860\",\"url\":\"https:\/\/cenal.gob.ve\/?page_id=15860\",\"name\":\"LEAMOS JUNTOS A BOL\u00cdVAR\",\"isPartOf\":{\"@id\":\"https:\/\/cenal.gob.ve\/#website\"},\"datePublished\":\"2022-04-05T16:50:47+00:00\",\"dateModified\":\"2022-04-05T16:57:51+00:00\",\"breadcrumb\":{\"@id\":\"https:\/\/cenal.gob.ve\/?page_id=15860#breadcrumb\"},\"inLanguage\":\"es\",\"potentialAction\":[{\"@type\":\"ReadAction\",\"target\":[\"https:\/\/cenal.gob.ve\/?page_id=15860\"]}]},{\"@type\":\"BreadcrumbList\",\"@id\":\"https:\/\/cenal.gob.ve\/?page_id=15860#breadcrumb\",\"itemListElement\":[{\"@type\":\"ListItem\",\"position\":1,\"name\":\"Home\",\"item\":\"https:\/\/cenal.gob.ve\/\"},{\"@type\":\"ListItem\",\"position\":2,\"name\":\"LEAMOS JUNTOS A BOL\u00cdVAR\"}]},{\"@type\":\"WebSite\",\"@id\":\"https:\/\/cenal.gob.ve\/#website\",\"url\":\"https:\/\/cenal.gob.ve\/\",\"name\":\"Cenal\",\"description\":\"\",\"publisher\":{\"@id\":\"https:\/\/cenal.gob.ve\/#organization\"},\"potentialAction\":[{\"@type\":\"SearchAction\",\"target\":{\"@type\":\"EntryPoint\",\"urlTemplate\":\"https:\/\/cenal.gob.ve\/?s={search_term_string}\"},\"query-input\":\"required name=search_term_string\"}],\"inLanguage\":\"es\"},{\"@type\":\"Organization\",\"@id\":\"https:\/\/cenal.gob.ve\/#organization\",\"name\":\"CENAL\",\"url\":\"https:\/\/cenal.gob.ve\/\",\"sameAs\":[],\"logo\":{\"@type\":\"ImageObject\",\"inLanguage\":\"es\",\"@id\":\"https:\/\/cenal.gob.ve\/#\/schema\/logo\/image\/\",\"url\":\"https:\/\/i0.wp.com\/cenal.gob.ve\/wp-content\/uploads\/2022\/10\/cropped-images.jpg?fit=512%2C512\",\"contentUrl\":\"https:\/\/i0.wp.com\/cenal.gob.ve\/wp-content\/uploads\/2022\/10\/cropped-images.jpg?fit=512%2C512\",\"width\":512,\"height\":512,\"caption\":\"CENAL\"},\"image\":{\"@id\":\"https:\/\/cenal.gob.ve\/#\/schema\/logo\/image\/\"}}]}<\/script>\n<!-- \/ Yoast SEO plugin. -->","yoast_head_json":{"title":"LEAMOS JUNTOS A BOL\u00cdVAR","robots":{"index":"index","follow":"follow","max-snippet":"max-snippet:-1","max-image-preview":"max-image-preview:large","max-video-preview":"max-video-preview:-1"},"canonical":"https:\/\/cenal.gob.ve\/?page_id=15860","og_locale":"es_ES","og_type":"article","og_title":"LEAMOS JUNTOS A BOL\u00cdVAR","og_description":"Taller: Mediaci\u00f3n de lectura \u201cLEAMOS JUNTOS A SIM\u00d3N\u201d Textos: El Discurso de Angostura y El Parte de Carabobo, por Sim\u00f3n Bol\u00edvar Duraci\u00f3n: 04 Sesiones de 03 horas acad\u00e9micas cada una [&hellip;]","og_url":"https:\/\/cenal.gob.ve\/?page_id=15860","og_site_name":"Cenal","article_modified_time":"2022-04-05T16:57:51+00:00","twitter_card":"summary_large_image","twitter_misc":{"Est. reading time":"5 minutos"},"schema":{"@context":"https:\/\/schema.org","@graph":[{"@type":"WebPage","@id":"https:\/\/cenal.gob.ve\/?page_id=15860","url":"https:\/\/cenal.gob.ve\/?page_id=15860","name":"LEAMOS JUNTOS A BOL\u00cdVAR","isPartOf":{"@id":"https:\/\/cenal.gob.ve\/#website"},"datePublished":"2022-04-05T16:50:47+00:00","dateModified":"2022-04-05T16:57:51+00:00","breadcrumb":{"@id":"https:\/\/cenal.gob.ve\/?page_id=15860#breadcrumb"},"inLanguage":"es","potentialAction":[{"@type":"ReadAction","target":["https:\/\/cenal.gob.ve\/?page_id=15860"]}]},{"@type":"BreadcrumbList","@id":"https:\/\/cenal.gob.ve\/?page_id=15860#breadcrumb","itemListElement":[{"@type":"ListItem","position":1,"name":"Home","item":"https:\/\/cenal.gob.ve\/"},{"@type":"ListItem","position":2,"name":"LEAMOS JUNTOS A BOL\u00cdVAR"}]},{"@type":"WebSite","@id":"https:\/\/cenal.gob.ve\/#website","url":"https:\/\/cenal.gob.ve\/","name":"Cenal","description":"","publisher":{"@id":"https:\/\/cenal.gob.ve\/#organization"},"potentialAction":[{"@type":"SearchAction","target":{"@type":"EntryPoint","urlTemplate":"https:\/\/cenal.gob.ve\/?s={search_term_string}"},"query-input":"required name=search_term_string"}],"inLanguage":"es"},{"@type":"Organization","@id":"https:\/\/cenal.gob.ve\/#organization","name":"CENAL","url":"https:\/\/cenal.gob.ve\/","sameAs":[],"logo":{"@type":"ImageObject","inLanguage":"es","@id":"https:\/\/cenal.gob.ve\/#\/schema\/logo\/image\/","url":"https:\/\/i0.wp.com\/cenal.gob.ve\/wp-content\/uploads\/2022\/10\/cropped-images.jpg?fit=512%2C512","contentUrl":"https:\/\/i0.wp.com\/cenal.gob.ve\/wp-content\/uploads\/2022\/10\/cropped-images.jpg?fit=512%2C512","width":512,"height":512,"caption":"CENAL"},"image":{"@id":"https:\/\/cenal.gob.ve\/#\/schema\/logo\/image\/"}}]}},"jetpack_shortlink":"https:\/\/wp.me\/P5FMhp-47O","_links":{"self":[{"href":"https:\/\/cenal.gob.ve\/index.php?rest_route=\/wp\/v2\/pages\/15860"}],"collection":[{"href":"https:\/\/cenal.gob.ve\/index.php?rest_route=\/wp\/v2\/pages"}],"about":[{"href":"https:\/\/cenal.gob.ve\/index.php?rest_route=\/wp\/v2\/types\/page"}],"author":[{"embeddable":true,"href":"https:\/\/cenal.gob.ve\/index.php?rest_route=\/wp\/v2\/users\/10"}],"replies":[{"embeddable":true,"href":"https:\/\/cenal.gob.ve\/index.php?rest_route=%2Fwp%2Fv2%2Fcomments&post=15860"}],"version-history":[{"count":3,"href":"https:\/\/cenal.gob.ve\/index.php?rest_route=\/wp\/v2\/pages\/15860\/revisions"}],"predecessor-version":[{"id":15865,"href":"https:\/\/cenal.gob.ve\/index.php?rest_route=\/wp\/v2\/pages\/15860\/revisions\/15865"}],"wp:attachment":[{"href":"https:\/\/cenal.gob.ve\/index.php?rest_route=%2Fwp%2Fv2%2Fmedia&parent=15860"}],"curies":[{"name":"wp","href":"https:\/\/api.w.org\/{rel}","templated":true}]}}