{"id":1708,"date":"2022-01-11T12:23:06","date_gmt":"2022-01-11T16:23:06","guid":{"rendered":"https:\/\/blog.yareborges.com\/?page_id=1708"},"modified":"2022-04-05T12:49:25","modified_gmt":"2022-04-05T16:49:25","slug":"estanave","status":"publish","type":"page","link":"https:\/\/cenal.gob.ve\/?page_id=1708","title":{"rendered":"ESTANAVE"},"content":{"rendered":"\t\t<div data-elementor-type=\"wp-page\" data-elementor-id=\"1708\" class=\"elementor elementor-1708\" data-elementor-settings=\"[]\">\n\t\t\t\t\t\t<div class=\"elementor-inner\">\n\t\t\t\t\t\t\t<div class=\"elementor-section-wrap\">\n\t\t\t\t\t\t\t<section class=\"elementor-section elementor-top-section elementor-element elementor-element-709e27c3 elementor-section-stretched elementor-section-boxed elementor-section-height-default elementor-section-height-default\" data-id=\"709e27c3\" data-element_type=\"section\" data-settings=\"{&quot;stretch_section&quot;:&quot;section-stretched&quot;,&quot;background_background&quot;:&quot;classic&quot;}\">\n\t\t\t\t\t\t\t<div class=\"elementor-background-overlay\"><\/div>\n\t\t\t\t\t\t\t<div class=\"elementor-container elementor-column-gap-default\">\n\t\t\t\t\t\t\t<div class=\"elementor-row\">\n\t\t\t\t\t<div class=\"elementor-column elementor-col-100 elementor-top-column elementor-element elementor-element-2d9a5b6b\" data-id=\"2d9a5b6b\" data-element_type=\"column\">\n\t\t\t<div class=\"elementor-column-wrap elementor-element-populated\">\n\t\t\t\t\t\t\t<div class=\"elementor-widget-wrap\">\n\t\t\t\t\t\t<section class=\"elementor-section elementor-inner-section elementor-element elementor-element-96d564d elementor-section-boxed elementor-section-height-default elementor-section-height-default\" data-id=\"96d564d\" data-element_type=\"section\">\n\t\t\t\t\t\t<div class=\"elementor-container elementor-column-gap-default\">\n\t\t\t\t\t\t\t<div class=\"elementor-row\">\n\t\t\t\t\t<div class=\"elementor-column elementor-col-100 elementor-inner-column elementor-element elementor-element-1dddabf8\" data-id=\"1dddabf8\" data-element_type=\"column\" data-settings=\"{&quot;background_background&quot;:&quot;classic&quot;}\">\n\t\t\t<div class=\"elementor-column-wrap elementor-element-populated\">\n\t\t\t\t\t\t\t<div class=\"elementor-widget-wrap\">\n\t\t\t\t\t\t<div class=\"elementor-element elementor-element-4097ae07 elementor-widget elementor-widget-heading\" data-id=\"4097ae07\" data-element_type=\"widget\" data-widget_type=\"heading.default\">\n\t\t\t\t<div class=\"elementor-widget-container\">\n\t\t\t<h2 class=\"elementor-heading-title elementor-size-default\">ESCUELA TALLER DE NARRACI\u00d3N DE VENEZUELA (ESTANAVE)<\/h2>\t\t<\/div>\n\t\t\t\t<\/div>\n\t\t\t\t<div class=\"elementor-element elementor-element-9c0ad41 elementor-widget elementor-widget-heading\" data-id=\"9c0ad41\" data-element_type=\"widget\" data-widget_type=\"heading.default\">\n\t\t\t\t<div class=\"elementor-widget-container\">\n\t\t\t<h2 class=\"elementor-heading-title elementor-size-default\"><p>DIPLOMADO TIEMPO NARRATIVO VENEZOLANO<\/p>\n<p>PLAN DE ESTUDIOS GENERAL 2022<\/p><\/h2>\t\t<\/div>\n\t\t\t\t<\/div>\n\t\t\t\t<div class=\"elementor-element elementor-element-13f3a275 elementor-widget elementor-widget-text-editor\" data-id=\"13f3a275\" data-element_type=\"widget\" data-widget_type=\"text-editor.default\">\n\t\t\t\t<div class=\"elementor-widget-container\">\n\t\t\t\t\t<div class=\"elementor-text-editor elementor-clearfix\"><p>El Ministerio del Poder Popular para la Cultura (MPPC), a trav\u00e9s del Centro Nacional del Libro (Cenal) y la Universidad Nacional Experimental de las Artes (Unearte), invita a todos los escritores y escritoras noveles residenciados en cualquier parte del territorio nacional a participar en la primera cohorte de la Escuela Taller de Narraci\u00f3n de Venezuela (Estanave).<\/p><\/div>\n\t\t\t\t<\/div>\n\t\t\t\t<\/div>\n\t\t\t\t\t\t<\/div>\n\t\t\t\t\t<\/div>\n\t\t<\/div>\n\t\t\t\t\t\t\t\t<\/div>\n\t\t\t\t\t<\/div>\n\t\t<\/section>\n\t\t\t\t\t\t<\/div>\n\t\t\t\t\t<\/div>\n\t\t<\/div>\n\t\t\t\t\t\t\t\t<\/div>\n\t\t\t\t\t<\/div>\n\t\t<\/section>\n\t\t\t\t<section class=\"elementor-section elementor-top-section elementor-element elementor-element-e61c0e5 elementor-section-boxed elementor-section-height-default elementor-section-height-default\" data-id=\"e61c0e5\" data-element_type=\"section\">\n\t\t\t\t\t\t<div class=\"elementor-container elementor-column-gap-default\">\n\t\t\t\t\t\t\t<div class=\"elementor-row\">\n\t\t\t\t\t<div class=\"elementor-column elementor-col-100 elementor-top-column elementor-element elementor-element-528ce2e\" data-id=\"528ce2e\" data-element_type=\"column\">\n\t\t\t<div class=\"elementor-column-wrap elementor-element-populated\">\n\t\t\t\t\t\t\t<div class=\"elementor-widget-wrap\">\n\t\t\t\t\t\t<div class=\"elementor-element elementor-element-10d9154 elementor-widget elementor-widget-text-editor\" data-id=\"10d9154\" data-element_type=\"widget\" data-widget_type=\"text-editor.default\">\n\t\t\t\t<div class=\"elementor-widget-container\">\n\t\t\t\t\t<div class=\"elementor-text-editor elementor-clearfix\"><p>La Escuela Taller de Narraci\u00f3n de Venezuela (Estanave) tiene como prop\u00f3sito la realizaci\u00f3n e instrumentaci\u00f3n de un programa de estudios permanente de car\u00e1cter creativo, formativo y cr\u00edtico de proyecci\u00f3n nacional. De este modo se abre la posibilidad a los participantes de incentivar y enriquecer su propio proceso de escritura, en las modalidades del cuento y la novela, a trav\u00e9s de un plan que contempla compartir, confrontar y revisar de manera dial\u00f3gica y cr\u00edtica, los proyectos narrativos de cuento o novela que propongan para desarrollar durante el trascurso del programa.<\/p><p>Paralela a esta actividad de intercambio dial\u00f3gico-cr\u00edtico aplicada a la propia obra del participante, se desarrollar\u00e1 un programa de lectura que tendr\u00e1 por objeto facilitar el acercamiento cr\u00edtico de los talleristas a las obras fundamentales en cada uno de los g\u00e9neros de cuento y novela que se han escrito en nuestro pa\u00eds. La selecci\u00f3n de obras a ser le\u00eddas y discutidas en cada sesi\u00f3n, se har\u00e1 mediante la aplicaci\u00f3n de un criterio hist\u00f3rico; es decir, se iniciar\u00e1 en los primeros a\u00f1os del siglo XIX, cuando surgieron cada una de estas pr\u00e1cticas ficcionales en nuestro pa\u00eds, hasta nuestra m\u00e1s reciente actualidad del siglo XXI.<\/p><p>Aunque el enfoque primordial del cuerpo de lecturas se dirige principalmente a las obras narrativas venezolanas, no se contempla que este quede limitado de manera exclusiva en el marco de las fronteras nacionales; en ese sentido se considerar\u00e1 el an\u00e1lisis del di\u00e1logo que esas obras establecen con propuestas est\u00e9ticas provenientes de otros \u00e1mbitos de Latinoam\u00e9rica y el Caribe.<\/p><p>Por cuanto el ejercicio de escritura va aparejado con el plan lector, se contempla el establecimiento de sesiones semanales para cada una de estas actividades. Los d\u00edas lunes y mi\u00e9rcoles estar\u00e1n destinados para las reuniones virtuales del programa de lectura; los jueves se llevar\u00e1n a cabo las sesiones correspondientes a las disciplinas electivas y los viernes se realizar\u00e1n las jornadas de intercambio de puntos de vista sobre el trabajo de cada participante seg\u00fan el taller escogido a trabajar. Estas sesiones podemos definirlas con propiedad como reuniones para la creatividad: se trata de leer con mirada cr\u00edtica el texto que cada quien escribe con miras a contribuir enriquecedoramente con el resultado final.<\/p><\/div>\n\t\t\t\t<\/div>\n\t\t\t\t<\/div>\n\t\t\t\t\t\t<\/div>\n\t\t\t\t\t<\/div>\n\t\t<\/div>\n\t\t\t\t\t\t\t\t<\/div>\n\t\t\t\t\t<\/div>\n\t\t<\/section>\n\t\t\t\t<section class=\"elementor-section elementor-top-section elementor-element elementor-element-56654386 elementor-section-boxed elementor-section-height-default elementor-section-height-default\" data-id=\"56654386\" data-element_type=\"section\" data-settings=\"{&quot;background_background&quot;:&quot;classic&quot;}\">\n\t\t\t\t\t\t<div class=\"elementor-container elementor-column-gap-default\">\n\t\t\t\t\t\t\t<div class=\"elementor-row\">\n\t\t\t\t\t<div class=\"elementor-column elementor-col-50 elementor-top-column elementor-element elementor-element-63eb9b0\" data-id=\"63eb9b0\" data-element_type=\"column\">\n\t\t\t<div class=\"elementor-column-wrap elementor-element-populated\">\n\t\t\t\t\t\t\t<div class=\"elementor-widget-wrap\">\n\t\t\t\t\t\t<div class=\"elementor-element elementor-element-1d4c179a elementor-widget elementor-widget-heading\" data-id=\"1d4c179a\" data-element_type=\"widget\" data-widget_type=\"heading.default\">\n\t\t\t\t<div class=\"elementor-widget-container\">\n\t\t\t<h2 class=\"elementor-heading-title elementor-size-default\">Objetivo general<\/h2>\t\t<\/div>\n\t\t\t\t<\/div>\n\t\t\t\t<div class=\"elementor-element elementor-element-666c3af4 elementor-widget elementor-widget-text-editor\" data-id=\"666c3af4\" data-element_type=\"widget\" data-widget_type=\"text-editor.default\">\n\t\t\t\t<div class=\"elementor-widget-container\">\n\t\t\t\t\t<div class=\"elementor-text-editor elementor-clearfix\"><section class=\"reading-box\"><p>Dotar al participante de conocimientos, destrezas y herramientas que le permitan desarrollar una mirada y un ejercicio cr\u00edtico en la lectura y escritura de los g\u00e9neros narrativos (cuentos y novelas), con \u00e9nfasis en el est\u00edmulo de la producci\u00f3n narrativa entre las escritoras y escritores noveles del pa\u00eds.<\/p><\/section><\/div>\n\t\t\t\t<\/div>\n\t\t\t\t<\/div>\n\t\t\t\t\t\t<\/div>\n\t\t\t\t\t<\/div>\n\t\t<\/div>\n\t\t\t\t<div class=\"elementor-column elementor-col-50 elementor-top-column elementor-element elementor-element-16687c31\" data-id=\"16687c31\" data-element_type=\"column\" data-settings=\"{&quot;background_background&quot;:&quot;classic&quot;}\">\n\t\t\t<div class=\"elementor-column-wrap elementor-element-populated\">\n\t\t\t\t\t\t\t<div class=\"elementor-widget-wrap\">\n\t\t\t\t\t\t<div class=\"elementor-element elementor-element-557473fa elementor-widget elementor-widget-heading\" data-id=\"557473fa\" data-element_type=\"widget\" data-widget_type=\"heading.default\">\n\t\t\t\t<div class=\"elementor-widget-container\">\n\t\t\t<h2 class=\"elementor-heading-title elementor-size-default\">Objetivos espec\u00edficos<\/h2>\t\t<\/div>\n\t\t\t\t<\/div>\n\t\t\t\t<div class=\"elementor-element elementor-element-438deef4 elementor-widget elementor-widget-text-editor\" data-id=\"438deef4\" data-element_type=\"widget\" data-widget_type=\"text-editor.default\">\n\t\t\t\t<div class=\"elementor-widget-container\">\n\t\t\t\t\t<div class=\"elementor-text-editor elementor-clearfix\"><section class=\"reading-box\"><ol><li>Establecer las bases para una reflexi\u00f3n que conduzca a desarrollar, a trav\u00e9s de la experiencia compartida y dial\u00f3gica, el principio de que el trabajo de escritura deriva, en buena medida, de la lectura y an\u00e1lisis constante de obras literarias.<\/li><\/ol><p>\u00a0<\/p><ol start=\"2\"><li>Auspiciar la lectura y el conocimiento de las obras m\u00e1s representativas del cuento y la novela escritas en Venezuela, desde sus inicios en el siglo XIX hasta el siglo XXI.<\/li><\/ol><p>\u00a0<\/p><ol start=\"3\"><li>Hacer un recorrido anal\u00edtico-cr\u00edtico de la narrativa venezolana, a trav\u00e9s de un corpus de lectura determinado que permita identificar de qu\u00e9 manera se han establecido y modificado, a lo largo de la historia literaria del pa\u00eds y del continente, las diversas tendencias, proposiciones y estrategias de escritura.<\/li><\/ol><p>\u00a0<\/p><ol start=\"4\"><li>Cultivar en los participantes el trabajo constante en el desarrollo de las herramientas inherentes al proceso escritural propio de los \u00e1mbitos cuent\u00edstico y novel\u00edstico.<\/li><\/ol><p>\u00a0<\/p><ol start=\"5\"><li>Crear un ambiente favorable entre los talleristas para que se propicie un intercambio de ideas y puntos de vista productivo con miras a enriquecer el trabajo creativo de todos los participantes.<\/li><\/ol><p>\u00a0<\/p><ol start=\"6\"><li>Promover la identificaci\u00f3n y el conocimiento entre los talleristas de conceptos como \u201cestrategias\u201d, \u201cherramientas\u201d y \u201cdestrezas\u201d narrativas, entre otros, en el ejercicio de su propio proceso escritural.<\/li><\/ol><\/section><\/div>\n\t\t\t\t<\/div>\n\t\t\t\t<\/div>\n\t\t\t\t\t\t<\/div>\n\t\t\t\t\t<\/div>\n\t\t<\/div>\n\t\t\t\t\t\t\t\t<\/div>\n\t\t\t\t\t<\/div>\n\t\t<\/section>\n\t\t\t\t<section class=\"elementor-section elementor-top-section elementor-element elementor-element-a1a95d5 elementor-section-boxed elementor-section-height-default elementor-section-height-default\" data-id=\"a1a95d5\" data-element_type=\"section\">\n\t\t\t\t\t\t<div class=\"elementor-container elementor-column-gap-default\">\n\t\t\t\t\t\t\t<div class=\"elementor-row\">\n\t\t\t\t\t<div class=\"elementor-column elementor-col-100 elementor-top-column elementor-element elementor-element-6fe38a5\" data-id=\"6fe38a5\" data-element_type=\"column\">\n\t\t\t<div class=\"elementor-column-wrap elementor-element-populated\">\n\t\t\t\t\t\t\t<div class=\"elementor-widget-wrap\">\n\t\t\t\t\t\t<div class=\"elementor-element elementor-element-24bbf5d elementor-widget elementor-widget-text-editor\" data-id=\"24bbf5d\" data-element_type=\"widget\" data-widget_type=\"text-editor.default\">\n\t\t\t\t<div class=\"elementor-widget-container\">\n\t\t\t\t\t<div class=\"elementor-text-editor elementor-clearfix\"><p><strong>ACTIVIDADES COMPLEMENTARIAS<\/strong><br \/>Al finalizar cada m\u00f3dulo se ofrecer\u00e1n conferencias que ser\u00e1n dictada por escritores nacionales o internacionales de consolidado prestigio. Estas disertaciones se identificar\u00e1n con el denominador: \u201cEl Arte de Narrar\u201d.<\/p><p><strong>REQUERIMIENTOS<\/strong><br \/>Llenar la planilla de inscripci\u00f3n a trav\u00e9s de la p\u00e1gina del Cenal<\/p><p><strong>PRESCRIPCI\u00d3N Y SELECCI\u00d3N<\/strong><br \/>Desde el lunes 14 hasta 26 de marzo de 2022<br \/>El cupo m\u00e1ximo es de quince (15) participantes por taller pr\u00e1ctico. Una vez cubierto los cupos de los dos talleres (cuento y novela) se pasar\u00e1 a una lista de espera, en caso de retiros se abrir\u00e1 por orden de inscripci\u00f3n. El 30 y 31 de marzo se publicar\u00e1 la lista de seleccionados por cada taller.<\/p><ul><li><strong>MODALIDAD<\/strong><br \/>Virtual\/asincr\u00f3nica, por el canal de videos de la Escuela Taller de Narraci\u00f3n de Venezuela.<\/li><li>Acceso a la aplicaci\u00f3n digital Telegram.<\/li><li>Por semana se realizaran dos sesiones de clases te\u00f3ricas.<\/li><li>La materia seleccionada electiva una vez por semana.<\/li><li>Y el taller de narraci\u00f3n seleccionado una vez por semana.<\/li><li>Se entregar\u00e1 certificado acreditado por Unearte.<\/li><\/ul><p>Exonerado de pago de matr\u00edcula.<\/p><p><strong>PERFIL DE INGRESO<\/strong><\/p><ul><li>Se accede con t\u00edtulo universitario o t\u00e9cnico superior, sin especial conocimiento en el \u00e1rea literaria.<br \/>Si no posee t\u00edtulo universitario, anexar una carta expresando su motivaci\u00f3n y ser\u00e1 revisada para autorizar o no el acceso al diplomado.<\/li><li>Mantener durante la participaci\u00f3n en el diplomado la intensi\u00f3n de leer y escribir su trabajo narrativo.<\/li><li>Disponer conexi\u00f3n a Internet para las horas de contacto<\/li><li>Residir en el territorio venezolano.<\/li><\/ul><p>\u00a0<\/p><p><strong>Documentaci\u00f3n<\/strong>:<\/p><ul><li>Curr\u00edculum (se\u00f1alando talleres de escritura, publicaciones, premios literarios en caso de tenerlos)<\/li><li>Los aspirantes deber\u00e1n presentar una muestra de ejercicios narrativos entre tres y diez p\u00e1ginas, para seleccionar una de las dos opciones a desarrollar su trabajo creativo: Taller de cuentos o Taller de novela (en el caso de la novela puede tratarse de un fragmento), in\u00e9ditos y en formato digital, con el objeto de tener el producto final de escritura durante la extensi\u00f3n del programa.<\/li><\/ul><p><strong>PERFIL DEL EGRESADO<\/strong><\/p><p>&#8211; Tendr\u00e1 la capacidad de crear o renovar su trabajo narrativo.<br \/>&#8211; Manejar\u00e1 los m\u00e9todos y t\u00e9cnicas de indagaci\u00f3n en la b\u00fasqueda para la elaboraci\u00f3n de su propia obra.<br \/>&#8211; Seguir\u00e1 utilizando el verbo como instrumento cotidiano en su papel de escritor o escritora.<br \/>&#8211; Mantendr\u00e1 una aptitud cr\u00edtica y reflexiva que permitir\u00e1 comprender los puntos de vista que se trace en su destino literario.<br \/>&#8211; Permitir\u00e1 colectivizar su tiempo individual de la literatura, la escritura y la lectura con el tiempo de los lectores.<br \/>&#8211; Podr\u00e1 impartir las herramientas adquiridas en procesos de formaci\u00f3n de escritura creativa a quienes deseen emprender el camino de la narraci\u00f3n.<\/p><p><strong>Duraci\u00f3n del programa:<\/strong> 144 sesiones (432 horas acad\u00e9micas)<br \/><strong>Total de sesiones te\u00f3ricas:<\/strong> 72<br \/><strong>Total de sesiones de taller:<\/strong> 36<br \/><strong>Total de sesiones en disciplina electiva:<\/strong> 36<\/p><p>Las sesiones te\u00f3ricas se llevar\u00e1n a cabo dos veces a la semana, espec\u00edficamente los d\u00edas lunes y mi\u00e9rcoles. Los jueves de cada semana se contempla la realizaci\u00f3n de las disciplinas electivas y cada viernes se concretar\u00e1 la actividad del taller escritural seleccionado.<\/p><p>Para la aprobaci\u00f3n del Diplomado Tiempo Narrativo Venezolano, del Taller Escuela el participante deber\u00e1 cumplir con la realizaci\u00f3n 144 sesiones, distribuidas del siguiente modo: 108 sesiones obligatorias y un m\u00ednimo de 36 sesiones en el \u00e1mbito de las disciplinas electivas.<\/p><\/div>\n\t\t\t\t<\/div>\n\t\t\t\t<\/div>\n\t\t\t\t\t\t<\/div>\n\t\t\t\t\t<\/div>\n\t\t<\/div>\n\t\t\t\t\t\t\t\t<\/div>\n\t\t\t\t\t<\/div>\n\t\t<\/section>\n\t\t\t\t\t\t<\/div>\n\t\t\t\t\t\t<\/div>\n\t\t\t\t\t<\/div>\n\t\t","protected":false},"excerpt":{"rendered":"<p>ESCUELA TALLER DE NARRACI\u00d3N DE VENEZUELA (ESTANAVE) DIPLOMADO TIEMPO NARRATIVO VENEZOLANO PLAN DE ESTUDIOS GENERAL 2022 El Ministerio del Poder Popular para la Cultura (MPPC), a trav\u00e9s del Centro Nacional [&hellip;]<\/p>\n","protected":false},"author":9,"featured_media":0,"parent":0,"menu_order":0,"comment_status":"closed","ping_status":"closed","template":"elementor_header_footer","meta":{"spay_email":""},"yoast_head":"<!-- This site is optimized with the Yoast SEO plugin v19.8 - https:\/\/yoast.com\/wordpress\/plugins\/seo\/ -->\n<title>ESTANAVE<\/title>\n<meta name=\"robots\" content=\"index, follow, max-snippet:-1, max-image-preview:large, max-video-preview:-1\" \/>\n<link rel=\"canonical\" href=\"https:\/\/cenal.gob.ve\/?page_id=1708\" \/>\n<meta property=\"og:locale\" content=\"es_ES\" \/>\n<meta property=\"og:type\" content=\"article\" \/>\n<meta property=\"og:title\" content=\"ESTANAVE\" \/>\n<meta property=\"og:description\" content=\"ESCUELA TALLER DE NARRACI\u00d3N DE VENEZUELA (ESTANAVE) DIPLOMADO TIEMPO NARRATIVO VENEZOLANO PLAN DE ESTUDIOS GENERAL 2022 El Ministerio del Poder Popular para la Cultura (MPPC), a trav\u00e9s del Centro Nacional [&hellip;]\" \/>\n<meta property=\"og:url\" content=\"https:\/\/cenal.gob.ve\/?page_id=1708\" \/>\n<meta property=\"og:site_name\" content=\"Cenal\" \/>\n<meta property=\"article:modified_time\" content=\"2022-04-05T16:49:25+00:00\" \/>\n<meta name=\"twitter:card\" content=\"summary_large_image\" \/>\n<meta name=\"twitter:label1\" content=\"Est. reading time\" \/>\n\t<meta name=\"twitter:data1\" content=\"7 minutos\" \/>\n<script type=\"application\/ld+json\" class=\"yoast-schema-graph\">{\"@context\":\"https:\/\/schema.org\",\"@graph\":[{\"@type\":\"WebPage\",\"@id\":\"https:\/\/cenal.gob.ve\/?page_id=1708\",\"url\":\"https:\/\/cenal.gob.ve\/?page_id=1708\",\"name\":\"ESTANAVE\",\"isPartOf\":{\"@id\":\"https:\/\/cenal.gob.ve\/#website\"},\"datePublished\":\"2022-01-11T16:23:06+00:00\",\"dateModified\":\"2022-04-05T16:49:25+00:00\",\"breadcrumb\":{\"@id\":\"https:\/\/cenal.gob.ve\/?page_id=1708#breadcrumb\"},\"inLanguage\":\"es\",\"potentialAction\":[{\"@type\":\"ReadAction\",\"target\":[\"https:\/\/cenal.gob.ve\/?page_id=1708\"]}]},{\"@type\":\"BreadcrumbList\",\"@id\":\"https:\/\/cenal.gob.ve\/?page_id=1708#breadcrumb\",\"itemListElement\":[{\"@type\":\"ListItem\",\"position\":1,\"name\":\"Home\",\"item\":\"https:\/\/cenal.gob.ve\/\"},{\"@type\":\"ListItem\",\"position\":2,\"name\":\"ESTANAVE\"}]},{\"@type\":\"WebSite\",\"@id\":\"https:\/\/cenal.gob.ve\/#website\",\"url\":\"https:\/\/cenal.gob.ve\/\",\"name\":\"Cenal\",\"description\":\"\",\"publisher\":{\"@id\":\"https:\/\/cenal.gob.ve\/#organization\"},\"potentialAction\":[{\"@type\":\"SearchAction\",\"target\":{\"@type\":\"EntryPoint\",\"urlTemplate\":\"https:\/\/cenal.gob.ve\/?s={search_term_string}\"},\"query-input\":\"required name=search_term_string\"}],\"inLanguage\":\"es\"},{\"@type\":\"Organization\",\"@id\":\"https:\/\/cenal.gob.ve\/#organization\",\"name\":\"CENAL\",\"url\":\"https:\/\/cenal.gob.ve\/\",\"sameAs\":[],\"logo\":{\"@type\":\"ImageObject\",\"inLanguage\":\"es\",\"@id\":\"https:\/\/cenal.gob.ve\/#\/schema\/logo\/image\/\",\"url\":\"https:\/\/i0.wp.com\/cenal.gob.ve\/wp-content\/uploads\/2022\/10\/cropped-images.jpg?fit=512%2C512\",\"contentUrl\":\"https:\/\/i0.wp.com\/cenal.gob.ve\/wp-content\/uploads\/2022\/10\/cropped-images.jpg?fit=512%2C512\",\"width\":512,\"height\":512,\"caption\":\"CENAL\"},\"image\":{\"@id\":\"https:\/\/cenal.gob.ve\/#\/schema\/logo\/image\/\"}}]}<\/script>\n<!-- \/ Yoast SEO plugin. -->","yoast_head_json":{"title":"ESTANAVE","robots":{"index":"index","follow":"follow","max-snippet":"max-snippet:-1","max-image-preview":"max-image-preview:large","max-video-preview":"max-video-preview:-1"},"canonical":"https:\/\/cenal.gob.ve\/?page_id=1708","og_locale":"es_ES","og_type":"article","og_title":"ESTANAVE","og_description":"ESCUELA TALLER DE NARRACI\u00d3N DE VENEZUELA (ESTANAVE) DIPLOMADO TIEMPO NARRATIVO VENEZOLANO PLAN DE ESTUDIOS GENERAL 2022 El Ministerio del Poder Popular para la Cultura (MPPC), a trav\u00e9s del Centro Nacional [&hellip;]","og_url":"https:\/\/cenal.gob.ve\/?page_id=1708","og_site_name":"Cenal","article_modified_time":"2022-04-05T16:49:25+00:00","twitter_card":"summary_large_image","twitter_misc":{"Est. reading time":"7 minutos"},"schema":{"@context":"https:\/\/schema.org","@graph":[{"@type":"WebPage","@id":"https:\/\/cenal.gob.ve\/?page_id=1708","url":"https:\/\/cenal.gob.ve\/?page_id=1708","name":"ESTANAVE","isPartOf":{"@id":"https:\/\/cenal.gob.ve\/#website"},"datePublished":"2022-01-11T16:23:06+00:00","dateModified":"2022-04-05T16:49:25+00:00","breadcrumb":{"@id":"https:\/\/cenal.gob.ve\/?page_id=1708#breadcrumb"},"inLanguage":"es","potentialAction":[{"@type":"ReadAction","target":["https:\/\/cenal.gob.ve\/?page_id=1708"]}]},{"@type":"BreadcrumbList","@id":"https:\/\/cenal.gob.ve\/?page_id=1708#breadcrumb","itemListElement":[{"@type":"ListItem","position":1,"name":"Home","item":"https:\/\/cenal.gob.ve\/"},{"@type":"ListItem","position":2,"name":"ESTANAVE"}]},{"@type":"WebSite","@id":"https:\/\/cenal.gob.ve\/#website","url":"https:\/\/cenal.gob.ve\/","name":"Cenal","description":"","publisher":{"@id":"https:\/\/cenal.gob.ve\/#organization"},"potentialAction":[{"@type":"SearchAction","target":{"@type":"EntryPoint","urlTemplate":"https:\/\/cenal.gob.ve\/?s={search_term_string}"},"query-input":"required name=search_term_string"}],"inLanguage":"es"},{"@type":"Organization","@id":"https:\/\/cenal.gob.ve\/#organization","name":"CENAL","url":"https:\/\/cenal.gob.ve\/","sameAs":[],"logo":{"@type":"ImageObject","inLanguage":"es","@id":"https:\/\/cenal.gob.ve\/#\/schema\/logo\/image\/","url":"https:\/\/i0.wp.com\/cenal.gob.ve\/wp-content\/uploads\/2022\/10\/cropped-images.jpg?fit=512%2C512","contentUrl":"https:\/\/i0.wp.com\/cenal.gob.ve\/wp-content\/uploads\/2022\/10\/cropped-images.jpg?fit=512%2C512","width":512,"height":512,"caption":"CENAL"},"image":{"@id":"https:\/\/cenal.gob.ve\/#\/schema\/logo\/image\/"}}]}},"jetpack_shortlink":"https:\/\/wp.me\/P5FMhp-ry","_links":{"self":[{"href":"https:\/\/cenal.gob.ve\/index.php?rest_route=\/wp\/v2\/pages\/1708"}],"collection":[{"href":"https:\/\/cenal.gob.ve\/index.php?rest_route=\/wp\/v2\/pages"}],"about":[{"href":"https:\/\/cenal.gob.ve\/index.php?rest_route=\/wp\/v2\/types\/page"}],"author":[{"embeddable":true,"href":"https:\/\/cenal.gob.ve\/index.php?rest_route=\/wp\/v2\/users\/9"}],"replies":[{"embeddable":true,"href":"https:\/\/cenal.gob.ve\/index.php?rest_route=%2Fwp%2Fv2%2Fcomments&post=1708"}],"version-history":[{"count":7,"href":"https:\/\/cenal.gob.ve\/index.php?rest_route=\/wp\/v2\/pages\/1708\/revisions"}],"predecessor-version":[{"id":15855,"href":"https:\/\/cenal.gob.ve\/index.php?rest_route=\/wp\/v2\/pages\/1708\/revisions\/15855"}],"wp:attachment":[{"href":"https:\/\/cenal.gob.ve\/index.php?rest_route=%2Fwp%2Fv2%2Fmedia&parent=1708"}],"curies":[{"name":"wp","href":"https:\/\/api.w.org\/{rel}","templated":true}]}}