{"id":1711,"date":"2022-01-11T12:23:06","date_gmt":"2022-01-11T16:23:06","guid":{"rendered":"https:\/\/blog.yareborges.com\/?page_id=1711"},"modified":"2022-02-07T15:27:30","modified_gmt":"2022-02-07T19:27:30","slug":"ferias-regionales","status":"publish","type":"page","link":"https:\/\/cenal.gob.ve\/?page_id=1711","title":{"rendered":"REGIONALES"},"content":{"rendered":"\t\t<div data-elementor-type=\"wp-page\" data-elementor-id=\"1711\" class=\"elementor elementor-1711\" data-elementor-settings=\"[]\">\n\t\t\t\t\t\t<div class=\"elementor-inner\">\n\t\t\t\t\t\t\t<div class=\"elementor-section-wrap\">\n\t\t\t\t\t\t\t<section class=\"elementor-section elementor-top-section elementor-element elementor-element-7f90775 elementor-section-boxed elementor-section-height-default elementor-section-height-default\" data-id=\"7f90775\" data-element_type=\"section\">\n\t\t\t\t\t\t<div class=\"elementor-container elementor-column-gap-default\">\n\t\t\t\t\t\t\t<div class=\"elementor-row\">\n\t\t\t\t\t<div class=\"elementor-column elementor-col-100 elementor-top-column elementor-element elementor-element-707e939\" data-id=\"707e939\" data-element_type=\"column\">\n\t\t\t<div class=\"elementor-column-wrap elementor-element-populated\">\n\t\t\t\t\t\t\t<div class=\"elementor-widget-wrap\">\n\t\t\t\t\t\t<div class=\"elementor-element elementor-element-a899d9f elementor-widget elementor-widget-heading\" data-id=\"a899d9f\" data-element_type=\"widget\" data-widget_type=\"heading.default\">\n\t\t\t\t<div class=\"elementor-widget-container\">\n\t\t\t<h2 class=\"elementor-heading-title elementor-size-default\">CALENDARIO FILVEN<\/h2>\t\t<\/div>\n\t\t\t\t<\/div>\n\t\t\t\t<div class=\"elementor-element elementor-element-a753a7c elementor-hidden-phone elementor-widget elementor-widget-the-events-calendar-addon\" data-id=\"a753a7c\" data-element_type=\"widget\" data-widget_type=\"the-events-calendar-addon.default\">\n\t\t\t\t<div class=\"elementor-widget-container\">\n\t\t\t<div class=\"ectbe-calendar-wrapper\"><div class=\"ectbe_calendar_events_spinner\"><img src=\"https:\/\/i0.wp.com\/cenal.gob.ve\/wp-content\/plugins\/events-widgets-for-elementor-and-the-events-calendar\/assets\/images\/ectbe-preloader.gif?w=640&#038;ssl=1\" data-recalc-dims=\"1\"><\/div><div id=\"ectbe-event-calendar-a753a7c\" class=\"ectbe-event-calendar-cls\"\r\n    data-cal_id = \"a753a7c\"\r\n    data-locale = \"es\"\r\n    data-defaultview = \"dayGridMonth\"\r\n    data-first_day=\"1\"\r\n    data-daterange = \"\"\r\n    data-rangestart = \"\"\r\n    data-rangeend = \"\"\r\n    data-max_events = \"100\"\r\n    data-ev_category=\"[&quot;all&quot;]\"\r\n    data-textcolor = \"#ffffff\"\r\n    data-color = \"#5725ff\"><\/div><div id=\"ectbe-popup-wraper\" class=\"ectbe-modal ectbe-zoom-in\">\r\n            <div class=\"ectbe-ec-modal-bg\"><\/div>\r\n            <div class=\"ectbe-modal-content\">\r\n                <div class=\"ectbe-featured-img\"><\/div>\r\n                <div class=\"ectbe-modal-header\">                    \r\n                    <div class=\"ectbe-modal-close\"><span>&#10006<\/span><\/div>\r\n                    <h2 class=\"ectbe-ec-modal-title\"><\/h2>\r\n                    <span class=\"ectbe-event-date-start ectbe-event-popup-date\"><\/span>\r\n                    <span class=\"ectbe-event-date-end ectbe-event-popup-date\"><\/span>\r\n                <\/div>\r\n                <div class=\"ectbe-modal-body\">\r\n                    <span class=\"ectbe-cost\"><\/span>\r\n                    <p><\/p>\r\n                <\/div><\/div>\r\n        <\/div><\/div>\t\t<\/div>\n\t\t\t\t<\/div>\n\t\t\t\t<div class=\"elementor-element elementor-element-09cae96 elementor-hidden-desktop elementor-hidden-tablet elementor-widget elementor-widget-the-events-calendar-addon\" data-id=\"09cae96\" data-element_type=\"widget\" data-widget_type=\"the-events-calendar-addon.default\">\n\t\t\t\t<div class=\"elementor-widget-container\">\n\t\t\t<!=========Events Default List Template 1.4.3=========><script type=\"application\/ld+json\">\r\n[{\"@context\":\"http:\/\/schema.org\",\"@type\":\"Event\",\"name\":\"REGIONALES\",\"description\":\"&lt;p&gt;CALENDARIO FILVEN &amp;#10006 enero 2022 Ene 27 27 enero 2022 Apertura del eventoHimnos por parte de la Cantor\\u00eda de M\\u00e9rida (Fundecem) Palabras de Ministro de Cultura. Palabras del Presidente de [&hellip;]&lt;\/p&gt;\\\\n\",\"url\":\"https:\/\/cenal.gob.ve\/?page_id=1711\",\"eventAttendanceMode\":\"https:\/\/schema.org\/OfflineEventAttendanceMode\",\"startDate\":\"2026-04-17T03:11:24-04:00\",\"endDate\":\"2026-04-17T03:11:24-04:00\",\"performer\":\"Organization\"}]\r\n<\/script><div id=\"ectbe-events-list-content\" class=\"ectt-list-wrapper\"><div id=\"list-wrp\" class=\"ectbe-list-wrapper all\"><div class=\"ect-month-header ectbe-simple-event\"><span class=\"ectbe-header-year\">enero 2022<\/span><\/div><div id=\"event-1924\" class=\"ectbe-list-posts style-2 ectbe-simple-event\"><div class=\"ectbe-event-date-tag\"><div class=\"ectbe-event-datetimes\">\r\n\t\t\t<span class=\"ev-mo\">Ene<\/span>\r\n\t\t\t<span class=\"ev-day\">27<\/span>\r\n\t\t\t<\/div><\/div><div class=\"ectbe-event-details\"><div class=\"ectbe-event-datetime\"><span class=\"ectbe-minimal-list-time\"><div class=\"ectbe-date-area default-schedule\" itemprop=\"startDate\" content=\"2022-01-27GMT-04009:00\">\r\n                                <span class=\"ev-day\">27<\/span>\r\n                                <span class=\"ev-mo\">enero<\/span>\r\n                                <span class=\"ev-yr\">2022<\/span>\r\n                                <\/div>\r\n                                <meta itemprop=\"endDate\" content=\"2022-01-27GMT-04001:00\"><\/span><\/div><div class=\"ectbe-events-title\">Apertura del evento<\/div><div class=\"ectbe-minimal-list-desc\"><div class=\"ect-event-content\" itemprop=\"description\" content=\"Himnos por parte de la Cantor\u00eda de M\u00e9rida (Fundecem) Palabras de Ministro de Cultura. Palabras del Presidente de CENAL.Palabras del Gobernador del estado M\u00e9rida. Apertura a la Red de Expositores [&hellip;]\"><p>Himnos por parte de la Cantor\u00eda de M\u00e9rida (Fundecem) Palabras de Ministro de Cultura. Palabras del Presidente de CENAL.Palabras del Gobernador del estado M\u00e9rida. Apertura a la Red de Expositores [&hellip;]<\/p>\n<\/div><\/div><div class=\"ectbe-style-2-more\"><a href=\"https:\/\/cenal.gob.ve\/?tribe_events=apertura-del-evento\" class=\"ectbe-events-read-more\" rel=\"bookmark\">M\u00e1s informaci\u00f3n &raquo;<\/a><\/div><\/div><\/div><div id=\"event-1926\" class=\"ectbe-list-posts style-2 ectbe-simple-event\"><div class=\"ectbe-event-date-tag\"><div class=\"ectbe-event-datetimes\">\r\n\t\t\t<span class=\"ev-mo\">Ene<\/span>\r\n\t\t\t<span class=\"ev-day\">27<\/span>\r\n\t\t\t<\/div><\/div><div class=\"ectbe-event-details\"><div class=\"ectbe-event-datetime\"><span class=\"ectbe-minimal-list-time\"><div class=\"ectbe-date-area default-schedule\" itemprop=\"startDate\" content=\"2022-01-27GMT-04001:00\">\r\n                                <span class=\"ev-day\">27<\/span>\r\n                                <span class=\"ev-mo\">enero<\/span>\r\n                                <span class=\"ev-yr\">2022<\/span>\r\n                                <\/div>\r\n                                <meta itemprop=\"endDate\" content=\"2022-01-27GMT-04001:45\"><\/span><\/div><div class=\"ectbe-events-title\">Presentaci\u00f3n del libro \"Centenario 1921-2021\". Colecci\u00f3n Febres Cordero de Biblioteca Nacional. A cargo de Mauren Maldonado.<\/div><div class=\"ectbe-list-venue\"><span class=\"ectbe-icon\"><i class=\"ectbe-icon-location\" aria-hidden=\"true\"><\/i><\/span>\r\n\t\t\t\t<!-- Venue Display Info -->\r\n\t\t\t\t\t<span class=\"ectbe-venue-details ectbe-address\" itemprop=\"location\" itemscope itemtype=\"http:\/\/schema.org\/Place\">\r\n\t\t\t\t\t<meta itemprop=\"name\" content=\"Sala Edmundo Aray (Sala digital)\">\r\n\t\t\t\t\t<div itemprop=\"address\" itemscope itemtype=\"http:\/\/schema.org\/PostalAddress\">\r\n\t\t\t\t\t<meta itemprop=\"name\" content=\"Sala Edmundo Aray (Sala digital)\">\r\n\t\t\t\t\tSala Edmundo Aray (Sala digital),<span class=\"tribe-address\">\n\n<span class=\"tribe-street-address\">Mucumbar\u00ed Telef\u00e9rico de M\u00e9rida<\/span>\n\t\n\t\t<br>\n\t\t<span class=\"tribe-locality\">M\u00e9rida<\/span><span class=\"tribe-delimiter\">,<\/span>\n\n\n\n\t<span class=\"tribe-country-name\">Venezuela<\/span>\n\n<\/span>\n\r\n\t\t\t\t\t<\/div><\/span><\/div><div class=\"ectbe-minimal-list-desc\"><div class=\"ect-event-content\" itemprop=\"description\" content=\"\"><\/div><\/div><div class=\"ectbe-style-2-more\"><a href=\"https:\/\/cenal.gob.ve\/?tribe_events=presentacion-del-libro-centenario-1921-2021-coleccion-febres-cordero-de-biblioteca-nacional-a-cargo-de-mauren-maldonado\" class=\"ectbe-events-read-more\" rel=\"bookmark\">M\u00e1s informaci\u00f3n &raquo;<\/a><\/div><\/div><\/div><div id=\"event-1932\" class=\"ectbe-list-posts style-2 ectbe-simple-event\"><div class=\"ectbe-event-date-tag\"><div class=\"ectbe-event-datetimes\">\r\n\t\t\t<span class=\"ev-mo\">Ene<\/span>\r\n\t\t\t<span class=\"ev-day\">27<\/span>\r\n\t\t\t<\/div><\/div><div class=\"ectbe-event-details\"><div class=\"ectbe-event-datetime\"><span class=\"ectbe-minimal-list-time\"><div class=\"ectbe-date-area default-schedule\" itemprop=\"startDate\" content=\"2022-01-27GMT-04001:00\">\r\n                                <span class=\"ev-day\">27<\/span>\r\n                                <span class=\"ev-mo\">enero<\/span>\r\n                                <span class=\"ev-yr\">2022<\/span>\r\n                                <\/div>\r\n                                <meta itemprop=\"endDate\" content=\"2022-01-27GMT-04001:45\"><\/span><\/div><div class=\"ectbe-events-title\">Conversatorio Po\u00e9tica de la pobreza<\/div><div class=\"ectbe-list-venue\"><span class=\"ectbe-icon\"><i class=\"ectbe-icon-location\" aria-hidden=\"true\"><\/i><\/span>\r\n\t\t\t\t<!-- Venue Display Info -->\r\n\t\t\t\t\t<span class=\"ectbe-venue-details ectbe-address\" itemprop=\"location\" itemscope itemtype=\"http:\/\/schema.org\/Place\">\r\n\t\t\t\t\t<meta itemprop=\"name\" content=\"Sala Carmen Delia Bencomo\">\r\n\t\t\t\t\t<div itemprop=\"address\" itemscope itemtype=\"http:\/\/schema.org\/PostalAddress\">\r\n\t\t\t\t\t<meta itemprop=\"name\" content=\"Sala Carmen Delia Bencomo\">\r\n\t\t\t\t\tSala Carmen Delia Bencomo,<span class=\"tribe-address\">\n\n<span class=\"tribe-street-address\">Mucumbar\u00ed Telef\u00e9rico de M\u00e9rida<\/span>\n\t\n\t\t<br>\n\t\t<span class=\"tribe-locality\">M\u00e9rida<\/span><span class=\"tribe-delimiter\">,<\/span>\n\n\n\n\t<span class=\"tribe-country-name\">Venezuela<\/span>\n\n<\/span>\n\r\n\t\t\t\t\t<\/div><\/span><\/div><div class=\"ectbe-minimal-list-desc\"><div class=\"ect-event-content\" itemprop=\"description\" content=\"Pobres y trabajadores en la literatura. Ponente Leonardo Ruiz Tirado y Ana Mar\u00eda Oviedo.\"><p>Pobres y trabajadores en la literatura. Ponente Leonardo Ruiz Tirado y Ana Mar\u00eda Oviedo.<\/p>\n<\/div><\/div><div class=\"ectbe-style-2-more\"><a href=\"https:\/\/cenal.gob.ve\/?tribe_events=conversatorio-poetica-de-la-pobreza\" class=\"ectbe-events-read-more\" rel=\"bookmark\">M\u00e1s informaci\u00f3n &raquo;<\/a><\/div><\/div><\/div><div id=\"event-1928\" class=\"ectbe-list-posts style-2 ectbe-simple-event\"><div class=\"ectbe-event-date-tag\"><div class=\"ectbe-event-datetimes\">\r\n\t\t\t<span class=\"ev-mo\">Ene<\/span>\r\n\t\t\t<span class=\"ev-day\">27<\/span>\r\n\t\t\t<\/div><\/div><div class=\"ectbe-event-details\"><div class=\"ectbe-event-datetime\"><span class=\"ectbe-minimal-list-time\"><div class=\"ectbe-date-area default-schedule\" itemprop=\"startDate\" content=\"2022-01-27GMT-04002:00\">\r\n                                <span class=\"ev-day\">27<\/span>\r\n                                <span class=\"ev-mo\">enero<\/span>\r\n                                <span class=\"ev-yr\">2022<\/span>\r\n                                <\/div>\r\n                                <meta itemprop=\"endDate\" content=\"2022-01-27GMT-04003:45\"><\/span><\/div><div class=\"ectbe-events-title\">Homenaje a Lubio Cardoso. Gonzalo Fragui y Alberto Rodr\u00edguez Carucci.     Presentaci\u00f3n del libro \"Terpsis\" de Lubio Cardozo.<\/div><div class=\"ectbe-list-venue\"><span class=\"ectbe-icon\"><i class=\"ectbe-icon-location\" aria-hidden=\"true\"><\/i><\/span>\r\n\t\t\t\t<!-- Venue Display Info -->\r\n\t\t\t\t\t<span class=\"ectbe-venue-details ectbe-address\" itemprop=\"location\" itemscope itemtype=\"http:\/\/schema.org\/Place\">\r\n\t\t\t\t\t<meta itemprop=\"name\" content=\"Sala Edmundo Aray (Sala digital)\">\r\n\t\t\t\t\t<div itemprop=\"address\" itemscope itemtype=\"http:\/\/schema.org\/PostalAddress\">\r\n\t\t\t\t\t<meta itemprop=\"name\" content=\"Sala Edmundo Aray (Sala digital)\">\r\n\t\t\t\t\tSala Edmundo Aray (Sala digital),<span class=\"tribe-address\">\n\n<span class=\"tribe-street-address\">Mucumbar\u00ed Telef\u00e9rico de M\u00e9rida<\/span>\n\t\n\t\t<br>\n\t\t<span class=\"tribe-locality\">M\u00e9rida<\/span><span class=\"tribe-delimiter\">,<\/span>\n\n\n\n\t<span class=\"tribe-country-name\">Venezuela<\/span>\n\n<\/span>\n\r\n\t\t\t\t\t<\/div><\/span><\/div><div class=\"ectbe-minimal-list-desc\"><div class=\"ect-event-content\" itemprop=\"description\" content=\"\"><\/div><\/div><div class=\"ectbe-style-2-more\"><a href=\"https:\/\/cenal.gob.ve\/?tribe_events=homenaje-a-lubio-cardoso-gonzalo-fragui-y-alberto-rodriguez-carucci-presentacion-del-libro-terpsis-de-lubio-cardozo\" class=\"ectbe-events-read-more\" rel=\"bookmark\">M\u00e1s informaci\u00f3n &raquo;<\/a><\/div><\/div><\/div><div id=\"event-1934\" class=\"ectbe-list-posts style-2 ectbe-simple-event\"><div class=\"ectbe-event-date-tag\"><div class=\"ectbe-event-datetimes\">\r\n\t\t\t<span class=\"ev-mo\">Ene<\/span>\r\n\t\t\t<span class=\"ev-day\">27<\/span>\r\n\t\t\t<\/div><\/div><div class=\"ectbe-event-details\"><div class=\"ectbe-event-datetime\"><span class=\"ectbe-minimal-list-time\"><div class=\"ectbe-date-area default-schedule\" itemprop=\"startDate\" content=\"2022-01-27GMT-04002:00\">\r\n                                <span class=\"ev-day\">27<\/span>\r\n                                <span class=\"ev-mo\">enero<\/span>\r\n                                <span class=\"ev-yr\">2022<\/span>\r\n                                <\/div>\r\n                                <meta itemprop=\"endDate\" content=\"2022-01-27GMT-04002:45\"><\/span><\/div><div class=\"ectbe-events-title\">Presentaci\u00f3n del libro \"Ch\u00e1vez y el futbol\" de David Rosas y Gilberto Carrillo. Editores Immeca y Fondo Editorial del Sur<\/div><div class=\"ectbe-list-venue\"><span class=\"ectbe-icon\"><i class=\"ectbe-icon-location\" aria-hidden=\"true\"><\/i><\/span>\r\n\t\t\t\t<!-- Venue Display Info -->\r\n\t\t\t\t\t<span class=\"ectbe-venue-details ectbe-address\" itemprop=\"location\" itemscope itemtype=\"http:\/\/schema.org\/Place\">\r\n\t\t\t\t\t<meta itemprop=\"name\" content=\"Sala Carmen Delia Bencomo\">\r\n\t\t\t\t\t<div itemprop=\"address\" itemscope itemtype=\"http:\/\/schema.org\/PostalAddress\">\r\n\t\t\t\t\t<meta itemprop=\"name\" content=\"Sala Carmen Delia Bencomo\">\r\n\t\t\t\t\tSala Carmen Delia Bencomo,<span class=\"tribe-address\">\n\n<span class=\"tribe-street-address\">Mucumbar\u00ed Telef\u00e9rico de M\u00e9rida<\/span>\n\t\n\t\t<br>\n\t\t<span class=\"tribe-locality\">M\u00e9rida<\/span><span class=\"tribe-delimiter\">,<\/span>\n\n\n\n\t<span class=\"tribe-country-name\">Venezuela<\/span>\n\n<\/span>\n\r\n\t\t\t\t\t<\/div><\/span><\/div><div class=\"ectbe-minimal-list-desc\"><div class=\"ect-event-content\" itemprop=\"description\" content=\"\"><\/div><\/div><div class=\"ectbe-style-2-more\"><a href=\"https:\/\/cenal.gob.ve\/?tribe_events=presentacion-del-libro-chavez-y-el-futbol-de-david-rosas-y-gilberto-carrillo-editores-immeca-y-fondo-editorial-del-sur\" class=\"ectbe-events-read-more\" rel=\"bookmark\">M\u00e1s informaci\u00f3n &raquo;<\/a><\/div><\/div><\/div><div id=\"event-1936\" class=\"ectbe-list-posts style-2 ectbe-simple-event\"><div class=\"ectbe-event-date-tag\"><div class=\"ectbe-event-datetimes\">\r\n\t\t\t<span class=\"ev-mo\">Ene<\/span>\r\n\t\t\t<span class=\"ev-day\">27<\/span>\r\n\t\t\t<\/div><\/div><div class=\"ectbe-event-details\"><div class=\"ectbe-event-datetime\"><span class=\"ectbe-minimal-list-time\"><div class=\"ectbe-date-area default-schedule\" itemprop=\"startDate\" content=\"2022-01-27GMT-04003:00\">\r\n                                <span class=\"ev-day\">27<\/span>\r\n                                <span class=\"ev-mo\">enero<\/span>\r\n                                <span class=\"ev-yr\">2022<\/span>\r\n                                <\/div>\r\n                                <meta itemprop=\"endDate\" content=\"2022-01-27GMT-04003:45\"><\/span><\/div><div class=\"ectbe-events-title\">Presentaci\u00f3n del libro \"La nave de las almas\" de Stalin Gamarra. Premio Stefan\u00eda Mosca, Fundarte. Presenta Hector L\u00f3pez.<\/div><div class=\"ectbe-list-venue\"><span class=\"ectbe-icon\"><i class=\"ectbe-icon-location\" aria-hidden=\"true\"><\/i><\/span>\r\n\t\t\t\t<!-- Venue Display Info -->\r\n\t\t\t\t\t<span class=\"ectbe-venue-details ectbe-address\" itemprop=\"location\" itemscope itemtype=\"http:\/\/schema.org\/Place\">\r\n\t\t\t\t\t<meta itemprop=\"name\" content=\"Sala Carmen Delia Bencomo\">\r\n\t\t\t\t\t<div itemprop=\"address\" itemscope itemtype=\"http:\/\/schema.org\/PostalAddress\">\r\n\t\t\t\t\t<meta itemprop=\"name\" content=\"Sala Carmen Delia Bencomo\">\r\n\t\t\t\t\tSala Carmen Delia Bencomo,<span class=\"tribe-address\">\n\n<span class=\"tribe-street-address\">Mucumbar\u00ed Telef\u00e9rico de M\u00e9rida<\/span>\n\t\n\t\t<br>\n\t\t<span class=\"tribe-locality\">M\u00e9rida<\/span><span class=\"tribe-delimiter\">,<\/span>\n\n\n\n\t<span class=\"tribe-country-name\">Venezuela<\/span>\n\n<\/span>\n\r\n\t\t\t\t\t<\/div><\/span><\/div><div class=\"ectbe-minimal-list-desc\"><div class=\"ect-event-content\" itemprop=\"description\" content=\"\"><\/div><\/div><div class=\"ectbe-style-2-more\"><a href=\"https:\/\/cenal.gob.ve\/?tribe_events=presentacion-del-libro-la-nave-de-las-almas-de-stalin-gamarra-premio-stefania-mosca-fundarte-presenta-hector-lopez\" class=\"ectbe-events-read-more\" rel=\"bookmark\">M\u00e1s informaci\u00f3n &raquo;<\/a><\/div><\/div><\/div><\/div><\/div>\t\t<\/div>\n\t\t\t\t<\/div>\n\t\t\t\t\t\t<\/div>\n\t\t\t\t\t<\/div>\n\t\t<\/div>\n\t\t\t\t\t\t\t\t<\/div>\n\t\t\t\t\t<\/div>\n\t\t<\/section>\n\t\t\t\t\t\t<\/div>\n\t\t\t\t\t\t<\/div>\n\t\t\t\t\t<\/div>\n\t\t","protected":false},"excerpt":{"rendered":"<p>CALENDARIO FILVEN &#038;#10006 enero 2022 Ene 27 27 enero 2022 Apertura del evento Himnos por parte de la Cantor\u00eda de M\u00e9rida (Fundecem) Palabras de Ministro de Cultura. Palabras del Presidente [&hellip;]<\/p>\n","protected":false},"author":9,"featured_media":0,"parent":0,"menu_order":0,"comment_status":"closed","ping_status":"closed","template":"page-templates\/template-pagebuilder-full-width.php","meta":{"spay_email":""},"yoast_head":"<!-- This site is optimized with the Yoast SEO plugin v19.8 - https:\/\/yoast.com\/wordpress\/plugins\/seo\/ -->\n<title>REGIONALES<\/title>\n<meta name=\"robots\" content=\"index, follow, max-snippet:-1, max-image-preview:large, max-video-preview:-1\" \/>\n<link rel=\"canonical\" href=\"https:\/\/cenal.gob.ve\/?page_id=1711\" \/>\n<meta property=\"og:locale\" content=\"es_ES\" \/>\n<meta property=\"og:type\" content=\"article\" \/>\n<meta property=\"og:title\" content=\"REGIONALES\" \/>\n<meta property=\"og:description\" content=\"CALENDARIO FILVEN &#038;#10006 enero 2022 Ene 27 27 enero 2022 Apertura del evento Himnos por parte de la Cantor\u00eda de M\u00e9rida (Fundecem) Palabras de Ministro de Cultura. Palabras del Presidente [&hellip;]\" \/>\n<meta property=\"og:url\" content=\"https:\/\/cenal.gob.ve\/?page_id=1711\" \/>\n<meta property=\"og:site_name\" content=\"Cenal\" \/>\n<meta property=\"article:modified_time\" content=\"2022-02-07T19:27:30+00:00\" \/>\n<meta property=\"og:image\" content=\"https:\/\/blog.yareborges.com\/wp-content\/plugins\/events-widgets-for-elementor-and-the-events-calendar\/assets\/images\/ectbe-preloader.gif\" \/>\n<meta name=\"twitter:card\" content=\"summary_large_image\" \/>\n<meta name=\"twitter:label1\" content=\"Est. reading time\" \/>\n\t<meta name=\"twitter:data1\" content=\"1 minuto\" \/>\n<script type=\"application\/ld+json\" class=\"yoast-schema-graph\">{\"@context\":\"https:\/\/schema.org\",\"@graph\":[{\"@type\":\"WebPage\",\"@id\":\"https:\/\/cenal.gob.ve\/?page_id=1711\",\"url\":\"https:\/\/cenal.gob.ve\/?page_id=1711\",\"name\":\"REGIONALES\",\"isPartOf\":{\"@id\":\"https:\/\/cenal.gob.ve\/#website\"},\"datePublished\":\"2022-01-11T16:23:06+00:00\",\"dateModified\":\"2022-02-07T19:27:30+00:00\",\"breadcrumb\":{\"@id\":\"https:\/\/cenal.gob.ve\/?page_id=1711#breadcrumb\"},\"inLanguage\":\"es\",\"potentialAction\":[{\"@type\":\"ReadAction\",\"target\":[\"https:\/\/cenal.gob.ve\/?page_id=1711\"]}]},{\"@type\":\"BreadcrumbList\",\"@id\":\"https:\/\/cenal.gob.ve\/?page_id=1711#breadcrumb\",\"itemListElement\":[{\"@type\":\"ListItem\",\"position\":1,\"name\":\"Home\",\"item\":\"https:\/\/cenal.gob.ve\/\"},{\"@type\":\"ListItem\",\"position\":2,\"name\":\"REGIONALES\"}]},{\"@type\":\"WebSite\",\"@id\":\"https:\/\/cenal.gob.ve\/#website\",\"url\":\"https:\/\/cenal.gob.ve\/\",\"name\":\"Cenal\",\"description\":\"\",\"publisher\":{\"@id\":\"https:\/\/cenal.gob.ve\/#organization\"},\"potentialAction\":[{\"@type\":\"SearchAction\",\"target\":{\"@type\":\"EntryPoint\",\"urlTemplate\":\"https:\/\/cenal.gob.ve\/?s={search_term_string}\"},\"query-input\":\"required name=search_term_string\"}],\"inLanguage\":\"es\"},{\"@type\":\"Organization\",\"@id\":\"https:\/\/cenal.gob.ve\/#organization\",\"name\":\"CENAL\",\"url\":\"https:\/\/cenal.gob.ve\/\",\"sameAs\":[],\"logo\":{\"@type\":\"ImageObject\",\"inLanguage\":\"es\",\"@id\":\"https:\/\/cenal.gob.ve\/#\/schema\/logo\/image\/\",\"url\":\"https:\/\/i0.wp.com\/cenal.gob.ve\/wp-content\/uploads\/2022\/10\/cropped-images.jpg?fit=512%2C512\",\"contentUrl\":\"https:\/\/i0.wp.com\/cenal.gob.ve\/wp-content\/uploads\/2022\/10\/cropped-images.jpg?fit=512%2C512\",\"width\":512,\"height\":512,\"caption\":\"CENAL\"},\"image\":{\"@id\":\"https:\/\/cenal.gob.ve\/#\/schema\/logo\/image\/\"}}]}<\/script>\n<!-- \/ Yoast SEO plugin. -->","yoast_head_json":{"title":"REGIONALES","robots":{"index":"index","follow":"follow","max-snippet":"max-snippet:-1","max-image-preview":"max-image-preview:large","max-video-preview":"max-video-preview:-1"},"canonical":"https:\/\/cenal.gob.ve\/?page_id=1711","og_locale":"es_ES","og_type":"article","og_title":"REGIONALES","og_description":"CALENDARIO FILVEN &#038;#10006 enero 2022 Ene 27 27 enero 2022 Apertura del evento Himnos por parte de la Cantor\u00eda de M\u00e9rida (Fundecem) Palabras de Ministro de Cultura. Palabras del Presidente [&hellip;]","og_url":"https:\/\/cenal.gob.ve\/?page_id=1711","og_site_name":"Cenal","article_modified_time":"2022-02-07T19:27:30+00:00","og_image":[{"url":"https:\/\/blog.yareborges.com\/wp-content\/plugins\/events-widgets-for-elementor-and-the-events-calendar\/assets\/images\/ectbe-preloader.gif"}],"twitter_card":"summary_large_image","twitter_misc":{"Est. reading time":"1 minuto"},"schema":{"@context":"https:\/\/schema.org","@graph":[{"@type":"WebPage","@id":"https:\/\/cenal.gob.ve\/?page_id=1711","url":"https:\/\/cenal.gob.ve\/?page_id=1711","name":"REGIONALES","isPartOf":{"@id":"https:\/\/cenal.gob.ve\/#website"},"datePublished":"2022-01-11T16:23:06+00:00","dateModified":"2022-02-07T19:27:30+00:00","breadcrumb":{"@id":"https:\/\/cenal.gob.ve\/?page_id=1711#breadcrumb"},"inLanguage":"es","potentialAction":[{"@type":"ReadAction","target":["https:\/\/cenal.gob.ve\/?page_id=1711"]}]},{"@type":"BreadcrumbList","@id":"https:\/\/cenal.gob.ve\/?page_id=1711#breadcrumb","itemListElement":[{"@type":"ListItem","position":1,"name":"Home","item":"https:\/\/cenal.gob.ve\/"},{"@type":"ListItem","position":2,"name":"REGIONALES"}]},{"@type":"WebSite","@id":"https:\/\/cenal.gob.ve\/#website","url":"https:\/\/cenal.gob.ve\/","name":"Cenal","description":"","publisher":{"@id":"https:\/\/cenal.gob.ve\/#organization"},"potentialAction":[{"@type":"SearchAction","target":{"@type":"EntryPoint","urlTemplate":"https:\/\/cenal.gob.ve\/?s={search_term_string}"},"query-input":"required name=search_term_string"}],"inLanguage":"es"},{"@type":"Organization","@id":"https:\/\/cenal.gob.ve\/#organization","name":"CENAL","url":"https:\/\/cenal.gob.ve\/","sameAs":[],"logo":{"@type":"ImageObject","inLanguage":"es","@id":"https:\/\/cenal.gob.ve\/#\/schema\/logo\/image\/","url":"https:\/\/i0.wp.com\/cenal.gob.ve\/wp-content\/uploads\/2022\/10\/cropped-images.jpg?fit=512%2C512","contentUrl":"https:\/\/i0.wp.com\/cenal.gob.ve\/wp-content\/uploads\/2022\/10\/cropped-images.jpg?fit=512%2C512","width":512,"height":512,"caption":"CENAL"},"image":{"@id":"https:\/\/cenal.gob.ve\/#\/schema\/logo\/image\/"}}]}},"jetpack_shortlink":"https:\/\/wp.me\/P5FMhp-rB","_links":{"self":[{"href":"https:\/\/cenal.gob.ve\/index.php?rest_route=\/wp\/v2\/pages\/1711"}],"collection":[{"href":"https:\/\/cenal.gob.ve\/index.php?rest_route=\/wp\/v2\/pages"}],"about":[{"href":"https:\/\/cenal.gob.ve\/index.php?rest_route=\/wp\/v2\/types\/page"}],"author":[{"embeddable":true,"href":"https:\/\/cenal.gob.ve\/index.php?rest_route=\/wp\/v2\/users\/9"}],"replies":[{"embeddable":true,"href":"https:\/\/cenal.gob.ve\/index.php?rest_route=%2Fwp%2Fv2%2Fcomments&post=1711"}],"version-history":[{"count":6,"href":"https:\/\/cenal.gob.ve\/index.php?rest_route=\/wp\/v2\/pages\/1711\/revisions"}],"predecessor-version":[{"id":1945,"href":"https:\/\/cenal.gob.ve\/index.php?rest_route=\/wp\/v2\/pages\/1711\/revisions\/1945"}],"wp:attachment":[{"href":"https:\/\/cenal.gob.ve\/index.php?rest_route=%2Fwp%2Fv2%2Fmedia&parent=1711"}],"curies":[{"name":"wp","href":"https:\/\/api.w.org\/{rel}","templated":true}]}}