{"id":1713,"date":"2022-01-11T12:23:06","date_gmt":"2022-01-11T16:23:06","guid":{"rendered":"https:\/\/blog.yareborges.com\/?page_id=1713"},"modified":"2022-05-27T11:21:30","modified_gmt":"2022-05-27T15:21:30","slug":"catedras-internacionales","status":"publish","type":"page","link":"https:\/\/cenal.gob.ve\/?page_id=1713","title":{"rendered":"C\u00c1TEDRAS INTERNACIONALES"},"content":{"rendered":"\t\t<div data-elementor-type=\"wp-page\" data-elementor-id=\"1713\" class=\"elementor elementor-1713\" data-elementor-settings=\"[]\">\n\t\t\t\t\t\t<div class=\"elementor-inner\">\n\t\t\t\t\t\t\t<div class=\"elementor-section-wrap\">\n\t\t\t\t\t\t\t<section class=\"elementor-section elementor-top-section elementor-element elementor-element-15f5d170 elementor-section-stretched elementor-section-boxed elementor-section-height-default elementor-section-height-default\" data-id=\"15f5d170\" data-element_type=\"section\" data-settings=\"{&quot;stretch_section&quot;:&quot;section-stretched&quot;,&quot;background_background&quot;:&quot;classic&quot;}\">\n\t\t\t\t\t\t\t<div class=\"elementor-background-overlay\"><\/div>\n\t\t\t\t\t\t\t<div class=\"elementor-container elementor-column-gap-default\">\n\t\t\t\t\t\t\t<div class=\"elementor-row\">\n\t\t\t\t\t<div class=\"elementor-column elementor-col-100 elementor-top-column elementor-element elementor-element-7572b353\" data-id=\"7572b353\" data-element_type=\"column\" data-settings=\"{&quot;background_background&quot;:&quot;classic&quot;}\">\n\t\t\t<div class=\"elementor-column-wrap elementor-element-populated\">\n\t\t\t\t\t\t\t<div class=\"elementor-widget-wrap\">\n\t\t\t\t\t\t<section class=\"elementor-section elementor-inner-section elementor-element elementor-element-48e0234b elementor-section-boxed elementor-section-height-default elementor-section-height-default\" data-id=\"48e0234b\" data-element_type=\"section\">\n\t\t\t\t\t\t<div class=\"elementor-container elementor-column-gap-default\">\n\t\t\t\t\t\t\t<div class=\"elementor-row\">\n\t\t\t\t\t<div class=\"elementor-column elementor-col-100 elementor-inner-column elementor-element elementor-element-3bdbe2d8\" data-id=\"3bdbe2d8\" data-element_type=\"column\" data-settings=\"{&quot;background_background&quot;:&quot;classic&quot;}\">\n\t\t\t<div class=\"elementor-column-wrap elementor-element-populated\">\n\t\t\t\t\t\t\t<div class=\"elementor-widget-wrap\">\n\t\t\t\t\t\t<div class=\"elementor-element elementor-element-3aaacd1a elementor-widget elementor-widget-heading\" data-id=\"3aaacd1a\" data-element_type=\"widget\" data-widget_type=\"heading.default\">\n\t\t\t\t<div class=\"elementor-widget-container\">\n\t\t\t<h2 class=\"elementor-heading-title elementor-size-default\">C\u00e1tedras internacionales<\/h2>\t\t<\/div>\n\t\t\t\t<\/div>\n\t\t\t\t<div class=\"elementor-element elementor-element-78190e74 elementor-widget elementor-widget-text-editor\" data-id=\"78190e74\" data-element_type=\"widget\" data-widget_type=\"text-editor.default\">\n\t\t\t\t<div class=\"elementor-widget-container\">\n\t\t\t\t\t<div class=\"elementor-text-editor elementor-clearfix\"><p>La C\u00e1tedra Internacional de Literatura Venezolana Jos\u00e9 Antonio Ramos Sucre, se fund\u00f3 mediante un convenio de la Universidad de Salamanca, Espa\u00f1a, con el Consejo Nacional de la Cultura (CONAC) el 16 de noviembre de 1993. En la actualidad est\u00e1 auspiciada por el Ministerio del Poder Popular para la Cultura, gestionada por la Plataforma del Libro y la Lectura a trav\u00e9s del Centro Nacional del Libro (CENAL) desde el a\u00f1o 2009.<\/p><\/div>\n\t\t\t\t<\/div>\n\t\t\t\t<\/div>\n\t\t\t\t\t\t<\/div>\n\t\t\t\t\t<\/div>\n\t\t<\/div>\n\t\t\t\t\t\t\t\t<\/div>\n\t\t\t\t\t<\/div>\n\t\t<\/section>\n\t\t\t\t\t\t<\/div>\n\t\t\t\t\t<\/div>\n\t\t<\/div>\n\t\t\t\t\t\t\t\t<\/div>\n\t\t\t\t\t<\/div>\n\t\t<\/section>\n\t\t\t\t<section class=\"elementor-section elementor-top-section elementor-element elementor-element-7b135e3 elementor-section-boxed elementor-section-height-default elementor-section-height-default\" data-id=\"7b135e3\" data-element_type=\"section\">\n\t\t\t\t\t\t<div class=\"elementor-container elementor-column-gap-default\">\n\t\t\t\t\t\t\t<div class=\"elementor-row\">\n\t\t\t\t\t<div class=\"elementor-column elementor-col-100 elementor-top-column elementor-element elementor-element-c9f5878\" data-id=\"c9f5878\" data-element_type=\"column\">\n\t\t\t<div class=\"elementor-column-wrap elementor-element-populated\">\n\t\t\t\t\t\t\t<div class=\"elementor-widget-wrap\">\n\t\t\t\t\t\t<div class=\"elementor-element elementor-element-f0411c8 elementor-widget elementor-widget-text-editor\" data-id=\"f0411c8\" data-element_type=\"widget\" data-widget_type=\"text-editor.default\">\n\t\t\t\t<div class=\"elementor-widget-container\">\n\t\t\t\t\t<div class=\"elementor-text-editor elementor-clearfix\"><p>Dos veces al a\u00f1o participan profesores en los cursos de Literatura Venezolana, integrados en el programa de Doctorado de Literatura y en el M\u00e1ster de Literatura Espa\u00f1ola e Hispanoamericana. Estos cursos con cr\u00e9ditos acad\u00e9micos se realizan en mayo y noviembre con un total de 30 horas cada uno.<\/p><p>Esta C\u00e1tedra Internacional de Literatura Venezolana, se ha convertido en un centro de lectura e investigaciones y es una referencia no s\u00f3lo en Espa\u00f1a sino tambi\u00e9n en Europa para el estudio de autores venezolanos. Entre los que han participado en los cursos se encuentran: Pedro D\u00edaz Seijas, Jos\u00e9 Balza, Luis Barrera Linares, Domingo Miliani, Ednodio Quintero, Carlos Pacheco, Judit Gerendas, Laura Antillano, Alberto Rodr\u00edguez Carucci, C\u00f3simo Mandrillo, Camila Pulgar Machado y Rosa Elena P\u00e9rez Mendoza.<\/p><p><strong>Actividades complementarias<\/strong><\/p><section class=\"reading-box\"><p>Desde 1995 se iniciaron los Encuentros de Escritores Venezolanos, enlaz\u00e1ndose el estudio te\u00f3rico de los cursos con la realizaci\u00f3n de recitales po\u00e9ticos hacia finales de noviembre en el momento del cierre anual de la C\u00e1tedra, en estos encuentros han participado reconocidos poetas como: Rafael Cadenas, Eugenio Montejo, L\u00e1zaro \u00c1lvarez, Elisa Lerner, Ana Enriqueta Ter\u00e1n, Mar\u00eda Clara Salas, Wilfredo Machado, Ram\u00f3n Palomares, Rafael Jos\u00e9 \u00c1lvarez, Miguel M\u00e1rquez, William Osuna, Luis Alberto Crespo, Sael Ib\u00e1\u00f1ez, Benito Mieses, Gonzalo Fragui, Alejandro Silva y Wafi Salih entre otros. De igual manera, otras actividades se han integrado en el marco de la C\u00e1tedra para promocionar eventos, conferencias y representaciones teatrales. Tambi\u00e9n se ha contado con la participaci\u00f3n en el XXXIII Congreso Internacional de Literatura Iberoamericana donde varios docentes venezolanos presentaron sus ponencias y en el II Congreso Internacional de Minificci\u00f3n en la Universidad de Salamanca.<\/p><p>La C\u00e1tedra de Literatura Venezolana Jos\u00e9 Antonio Ramos Sucre, est\u00e1 dirigida por la profesora Carmen Ruiz Barrionuevo y gracias a su equipo, integrado por Ioannis Antzus Ramos, Catalina Garc\u00eda Herreros y Carlos Rivas Polo, se realiz\u00f3 una compilaci\u00f3n de los Encuentros de escritores venezolanos titulada: Voces y escrituras de Venezuela, publicado por el CENAL y la Editorial El perro y la rana, 2011.<\/p><\/section><\/div>\n\t\t\t\t<\/div>\n\t\t\t\t<\/div>\n\t\t\t\t\t\t<\/div>\n\t\t\t\t\t<\/div>\n\t\t<\/div>\n\t\t\t\t\t\t\t\t<\/div>\n\t\t\t\t\t<\/div>\n\t\t<\/section>\n\t\t\t\t\t\t<\/div>\n\t\t\t\t\t\t<\/div>\n\t\t\t\t\t<\/div>\n\t\t","protected":false},"excerpt":{"rendered":"<p>C\u00e1tedras internacionales La C\u00e1tedra Internacional de Literatura Venezolana Jos\u00e9 Antonio Ramos Sucre, se fund\u00f3 mediante un convenio de la Universidad de Salamanca, Espa\u00f1a, con el Consejo Nacional de la Cultura [&hellip;]<\/p>\n","protected":false},"author":9,"featured_media":0,"parent":0,"menu_order":0,"comment_status":"closed","ping_status":"closed","template":"elementor_header_footer","meta":{"spay_email":""},"yoast_head":"<!-- This site is optimized with the Yoast SEO plugin v19.8 - https:\/\/yoast.com\/wordpress\/plugins\/seo\/ -->\n<title>C\u00c1TEDRAS INTERNACIONALES<\/title>\n<meta name=\"robots\" content=\"index, follow, max-snippet:-1, max-image-preview:large, max-video-preview:-1\" \/>\n<link rel=\"canonical\" href=\"https:\/\/cenal.gob.ve\/?page_id=1713\" \/>\n<meta property=\"og:locale\" content=\"es_ES\" \/>\n<meta property=\"og:type\" content=\"article\" \/>\n<meta property=\"og:title\" content=\"C\u00c1TEDRAS INTERNACIONALES\" \/>\n<meta property=\"og:description\" content=\"C\u00e1tedras internacionales La C\u00e1tedra Internacional de Literatura Venezolana Jos\u00e9 Antonio Ramos Sucre, se fund\u00f3 mediante un convenio de la Universidad de Salamanca, Espa\u00f1a, con el Consejo Nacional de la Cultura [&hellip;]\" \/>\n<meta property=\"og:url\" content=\"https:\/\/cenal.gob.ve\/?page_id=1713\" \/>\n<meta property=\"og:site_name\" content=\"Cenal\" \/>\n<meta property=\"article:modified_time\" content=\"2022-05-27T15:21:30+00:00\" \/>\n<meta name=\"twitter:card\" content=\"summary_large_image\" \/>\n<meta name=\"twitter:label1\" content=\"Est. reading time\" \/>\n\t<meta name=\"twitter:data1\" content=\"2 minutos\" \/>\n<script type=\"application\/ld+json\" class=\"yoast-schema-graph\">{\"@context\":\"https:\/\/schema.org\",\"@graph\":[{\"@type\":\"WebPage\",\"@id\":\"https:\/\/cenal.gob.ve\/?page_id=1713\",\"url\":\"https:\/\/cenal.gob.ve\/?page_id=1713\",\"name\":\"C\u00c1TEDRAS INTERNACIONALES\",\"isPartOf\":{\"@id\":\"https:\/\/cenal.gob.ve\/#website\"},\"datePublished\":\"2022-01-11T16:23:06+00:00\",\"dateModified\":\"2022-05-27T15:21:30+00:00\",\"breadcrumb\":{\"@id\":\"https:\/\/cenal.gob.ve\/?page_id=1713#breadcrumb\"},\"inLanguage\":\"es\",\"potentialAction\":[{\"@type\":\"ReadAction\",\"target\":[\"https:\/\/cenal.gob.ve\/?page_id=1713\"]}]},{\"@type\":\"BreadcrumbList\",\"@id\":\"https:\/\/cenal.gob.ve\/?page_id=1713#breadcrumb\",\"itemListElement\":[{\"@type\":\"ListItem\",\"position\":1,\"name\":\"Home\",\"item\":\"https:\/\/cenal.gob.ve\/\"},{\"@type\":\"ListItem\",\"position\":2,\"name\":\"C\u00c1TEDRAS INTERNACIONALES\"}]},{\"@type\":\"WebSite\",\"@id\":\"https:\/\/cenal.gob.ve\/#website\",\"url\":\"https:\/\/cenal.gob.ve\/\",\"name\":\"Cenal\",\"description\":\"\",\"publisher\":{\"@id\":\"https:\/\/cenal.gob.ve\/#organization\"},\"potentialAction\":[{\"@type\":\"SearchAction\",\"target\":{\"@type\":\"EntryPoint\",\"urlTemplate\":\"https:\/\/cenal.gob.ve\/?s={search_term_string}\"},\"query-input\":\"required name=search_term_string\"}],\"inLanguage\":\"es\"},{\"@type\":\"Organization\",\"@id\":\"https:\/\/cenal.gob.ve\/#organization\",\"name\":\"CENAL\",\"url\":\"https:\/\/cenal.gob.ve\/\",\"sameAs\":[],\"logo\":{\"@type\":\"ImageObject\",\"inLanguage\":\"es\",\"@id\":\"https:\/\/cenal.gob.ve\/#\/schema\/logo\/image\/\",\"url\":\"https:\/\/i0.wp.com\/cenal.gob.ve\/wp-content\/uploads\/2022\/10\/cropped-images.jpg?fit=512%2C512\",\"contentUrl\":\"https:\/\/i0.wp.com\/cenal.gob.ve\/wp-content\/uploads\/2022\/10\/cropped-images.jpg?fit=512%2C512\",\"width\":512,\"height\":512,\"caption\":\"CENAL\"},\"image\":{\"@id\":\"https:\/\/cenal.gob.ve\/#\/schema\/logo\/image\/\"}}]}<\/script>\n<!-- \/ Yoast SEO plugin. -->","yoast_head_json":{"title":"C\u00c1TEDRAS INTERNACIONALES","robots":{"index":"index","follow":"follow","max-snippet":"max-snippet:-1","max-image-preview":"max-image-preview:large","max-video-preview":"max-video-preview:-1"},"canonical":"https:\/\/cenal.gob.ve\/?page_id=1713","og_locale":"es_ES","og_type":"article","og_title":"C\u00c1TEDRAS INTERNACIONALES","og_description":"C\u00e1tedras internacionales La C\u00e1tedra Internacional de Literatura Venezolana Jos\u00e9 Antonio Ramos Sucre, se fund\u00f3 mediante un convenio de la Universidad de Salamanca, Espa\u00f1a, con el Consejo Nacional de la Cultura [&hellip;]","og_url":"https:\/\/cenal.gob.ve\/?page_id=1713","og_site_name":"Cenal","article_modified_time":"2022-05-27T15:21:30+00:00","twitter_card":"summary_large_image","twitter_misc":{"Est. reading time":"2 minutos"},"schema":{"@context":"https:\/\/schema.org","@graph":[{"@type":"WebPage","@id":"https:\/\/cenal.gob.ve\/?page_id=1713","url":"https:\/\/cenal.gob.ve\/?page_id=1713","name":"C\u00c1TEDRAS INTERNACIONALES","isPartOf":{"@id":"https:\/\/cenal.gob.ve\/#website"},"datePublished":"2022-01-11T16:23:06+00:00","dateModified":"2022-05-27T15:21:30+00:00","breadcrumb":{"@id":"https:\/\/cenal.gob.ve\/?page_id=1713#breadcrumb"},"inLanguage":"es","potentialAction":[{"@type":"ReadAction","target":["https:\/\/cenal.gob.ve\/?page_id=1713"]}]},{"@type":"BreadcrumbList","@id":"https:\/\/cenal.gob.ve\/?page_id=1713#breadcrumb","itemListElement":[{"@type":"ListItem","position":1,"name":"Home","item":"https:\/\/cenal.gob.ve\/"},{"@type":"ListItem","position":2,"name":"C\u00c1TEDRAS INTERNACIONALES"}]},{"@type":"WebSite","@id":"https:\/\/cenal.gob.ve\/#website","url":"https:\/\/cenal.gob.ve\/","name":"Cenal","description":"","publisher":{"@id":"https:\/\/cenal.gob.ve\/#organization"},"potentialAction":[{"@type":"SearchAction","target":{"@type":"EntryPoint","urlTemplate":"https:\/\/cenal.gob.ve\/?s={search_term_string}"},"query-input":"required name=search_term_string"}],"inLanguage":"es"},{"@type":"Organization","@id":"https:\/\/cenal.gob.ve\/#organization","name":"CENAL","url":"https:\/\/cenal.gob.ve\/","sameAs":[],"logo":{"@type":"ImageObject","inLanguage":"es","@id":"https:\/\/cenal.gob.ve\/#\/schema\/logo\/image\/","url":"https:\/\/i0.wp.com\/cenal.gob.ve\/wp-content\/uploads\/2022\/10\/cropped-images.jpg?fit=512%2C512","contentUrl":"https:\/\/i0.wp.com\/cenal.gob.ve\/wp-content\/uploads\/2022\/10\/cropped-images.jpg?fit=512%2C512","width":512,"height":512,"caption":"CENAL"},"image":{"@id":"https:\/\/cenal.gob.ve\/#\/schema\/logo\/image\/"}}]}},"jetpack_shortlink":"https:\/\/wp.me\/P5FMhp-rD","_links":{"self":[{"href":"https:\/\/cenal.gob.ve\/index.php?rest_route=\/wp\/v2\/pages\/1713"}],"collection":[{"href":"https:\/\/cenal.gob.ve\/index.php?rest_route=\/wp\/v2\/pages"}],"about":[{"href":"https:\/\/cenal.gob.ve\/index.php?rest_route=\/wp\/v2\/types\/page"}],"author":[{"embeddable":true,"href":"https:\/\/cenal.gob.ve\/index.php?rest_route=\/wp\/v2\/users\/9"}],"replies":[{"embeddable":true,"href":"https:\/\/cenal.gob.ve\/index.php?rest_route=%2Fwp%2Fv2%2Fcomments&post=1713"}],"version-history":[{"count":6,"href":"https:\/\/cenal.gob.ve\/index.php?rest_route=\/wp\/v2\/pages\/1713\/revisions"}],"predecessor-version":[{"id":15829,"href":"https:\/\/cenal.gob.ve\/index.php?rest_route=\/wp\/v2\/pages\/1713\/revisions\/15829"}],"wp:attachment":[{"href":"https:\/\/cenal.gob.ve\/index.php?rest_route=%2Fwp%2Fv2%2Fmedia&parent=1713"}],"curies":[{"name":"wp","href":"https:\/\/api.w.org\/{rel}","templated":true}]}}