{"id":1715,"date":"2022-01-11T12:23:06","date_gmt":"2022-01-11T16:23:06","guid":{"rendered":"https:\/\/blog.yareborges.com\/?page_id=1715"},"modified":"2022-02-23T17:09:45","modified_gmt":"2022-02-23T21:09:45","slug":"premio-nacional-del-libro","status":"publish","type":"page","link":"https:\/\/cenal.gob.ve\/?page_id=1715","title":{"rendered":"PREMIO NACIONAL DEL LIBRO"},"content":{"rendered":"\t\t<div data-elementor-type=\"wp-page\" data-elementor-id=\"1715\" class=\"elementor elementor-1715\" data-elementor-settings=\"[]\">\n\t\t\t\t\t\t<div class=\"elementor-inner\">\n\t\t\t\t\t\t\t<div class=\"elementor-section-wrap\">\n\t\t\t\t\t\t\t<section class=\"elementor-section elementor-top-section elementor-element elementor-element-5e65f40e elementor-section-stretched elementor-section-boxed elementor-section-height-default elementor-section-height-default\" data-id=\"5e65f40e\" data-element_type=\"section\" data-settings=\"{&quot;stretch_section&quot;:&quot;section-stretched&quot;,&quot;background_background&quot;:&quot;classic&quot;}\">\n\t\t\t\t\t\t\t<div class=\"elementor-background-overlay\"><\/div>\n\t\t\t\t\t\t\t<div class=\"elementor-container elementor-column-gap-default\">\n\t\t\t\t\t\t\t<div class=\"elementor-row\">\n\t\t\t\t\t<div class=\"elementor-column elementor-col-100 elementor-top-column elementor-element elementor-element-392c816e\" data-id=\"392c816e\" data-element_type=\"column\" data-settings=\"{&quot;background_background&quot;:&quot;classic&quot;}\">\n\t\t\t<div class=\"elementor-column-wrap elementor-element-populated\">\n\t\t\t\t\t\t\t<div class=\"elementor-widget-wrap\">\n\t\t\t\t\t\t<section class=\"elementor-section elementor-inner-section elementor-element elementor-element-758de9c7 elementor-section-boxed elementor-section-height-default elementor-section-height-default\" data-id=\"758de9c7\" data-element_type=\"section\">\n\t\t\t\t\t\t<div class=\"elementor-container elementor-column-gap-default\">\n\t\t\t\t\t\t\t<div class=\"elementor-row\">\n\t\t\t\t\t<div class=\"elementor-column elementor-col-100 elementor-inner-column elementor-element elementor-element-30e90acf\" data-id=\"30e90acf\" data-element_type=\"column\" data-settings=\"{&quot;background_background&quot;:&quot;classic&quot;}\">\n\t\t\t<div class=\"elementor-column-wrap elementor-element-populated\">\n\t\t\t\t\t\t\t<div class=\"elementor-widget-wrap\">\n\t\t\t\t\t\t<div class=\"elementor-element elementor-element-3e6f3845 elementor-widget elementor-widget-heading\" data-id=\"3e6f3845\" data-element_type=\"widget\" data-widget_type=\"heading.default\">\n\t\t\t\t<div class=\"elementor-widget-container\">\n\t\t\t<h2 class=\"elementor-heading-title elementor-size-default\">Premio Nacional del Libro<\/h2>\t\t<\/div>\n\t\t\t\t<\/div>\n\t\t\t\t<div class=\"elementor-element elementor-element-289e53d9 elementor-widget elementor-widget-text-editor\" data-id=\"289e53d9\" data-element_type=\"widget\" data-widget_type=\"text-editor.default\">\n\t\t\t\t<div class=\"elementor-widget-container\">\n\t\t\t\t\t<div class=\"elementor-text-editor elementor-clearfix\"><p>Creado en el a\u00f1o 2002, valora al libro como unidad de contenido y forma, reconoce el trabajo intelectual, editorial, gr\u00e1fico y la promoci\u00f3n de la lectura. Premia al libro como creaci\u00f3n intelectual y est\u00e9tica; producto industrial y comercial. Busca estimular la publicaci\u00f3n de obras que destaquen por el cuidado en la edici\u00f3n y calidad de sus textos e im\u00e1genes, su dise\u00f1o y la excelencia de su producci\u00f3n. Es el reconocimiento que el Ministerio del Poder Popular para la Cultura, a trav\u00e9s del Instituto Aut\u00f3nomo Centro Nacional del Libro (CENAL), otorga a editoriales, personas, agrupaciones, instituciones, p\u00e1ginas web, blog, programas de radio y televisi\u00f3n, que se hayan desempe\u00f1ado en la producci\u00f3n, promoci\u00f3n y difusi\u00f3n del libro y la lectura.<\/p><\/div>\n\t\t\t\t<\/div>\n\t\t\t\t<\/div>\n\t\t\t\t\t\t<\/div>\n\t\t\t\t\t<\/div>\n\t\t<\/div>\n\t\t\t\t\t\t\t\t<\/div>\n\t\t\t\t\t<\/div>\n\t\t<\/section>\n\t\t\t\t\t\t<\/div>\n\t\t\t\t\t<\/div>\n\t\t<\/div>\n\t\t\t\t\t\t\t\t<\/div>\n\t\t\t\t\t<\/div>\n\t\t<\/section>\n\t\t\t\t<section class=\"elementor-section elementor-top-section elementor-element elementor-element-065e5ad elementor-section-boxed elementor-section-height-default elementor-section-height-default\" data-id=\"065e5ad\" data-element_type=\"section\">\n\t\t\t\t\t\t<div class=\"elementor-container elementor-column-gap-default\">\n\t\t\t\t\t\t\t<div class=\"elementor-row\">\n\t\t\t\t\t<div class=\"elementor-column elementor-col-100 elementor-top-column elementor-element elementor-element-245d7c9\" data-id=\"245d7c9\" data-element_type=\"column\">\n\t\t\t<div class=\"elementor-column-wrap elementor-element-populated\">\n\t\t\t\t\t\t\t<div class=\"elementor-widget-wrap\">\n\t\t\t\t\t\t<div class=\"elementor-element elementor-element-9d91417 elementor-widget elementor-widget-text-editor\" data-id=\"9d91417\" data-element_type=\"widget\" data-widget_type=\"text-editor.default\">\n\t\t\t\t<div class=\"elementor-widget-container\">\n\t\t\t\t\t<div class=\"elementor-text-editor elementor-clearfix\"><p>En sinton\u00eda con los cambios que vivimos, aspira a la democratizaci\u00f3n de las oportunidades al hacer visible el trabajo de los distintos sujetos, procesos y soportes asociados con el libro y la lectura.<\/p><p>El Premio Nacional del Libro es el reconocimiento que el Ministerio del Poder Popular para la Cultura, a trav\u00e9s del Instituto Aut\u00f3nomo Centro Nacional del Libro (CENAL) otorga a editoriales, personas, agrupaciones, instituciones, p\u00e1ginas web, blogs, producciones audiovisuales, que se hayan desempe\u00f1ado en la producci\u00f3n, promoci\u00f3n y difusi\u00f3n del libro y la lectura, durante los a\u00f1os 2012 y 2013.<\/p><p>El Premio Nacional del Libro se entrega cada dos a\u00f1os y busca valorar al libro como unidad de contenido y forma, as\u00ed mismo, reconocer el trabajo intelectual, editorial, gr\u00e1fico y tambi\u00e9n los esfuerzos en favor de la promoci\u00f3n de la lectura. En sinton\u00eda con los objetivos de la Revoluci\u00f3n, aspira a la democratizaci\u00f3n de las oportunidades al hacer visible el trabajo de los distintos sujetos, procesos y soportes asociados con el libro y la lectura.<\/p><p>El Premio se divide en dos menciones: Menci\u00f3n libros y publicaciones, Menci\u00f3n Promoci\u00f3n del libro y la lectura. La Menci\u00f3n libros y publicaciones contempla las siguientes categor\u00edas: Mejor libro, Libro cient\u00edfico-t\u00e9cnico, Libro infantil-juvenil, Libro artesanal, Libro arte, Formato innovador, Dise\u00f1o de portada, Ilustraci\u00f3n, Publicaciones peri\u00f3dicas, Afiche, Colecci\u00f3n o serie. La Menci\u00f3n Promoci\u00f3n del libro y la lectura contempla las siguientes categor\u00edas: Experiencia en promoci\u00f3n del libro y la lectura, Sitio electr\u00f3nico que promocione el libro y la lectura, producci\u00f3n en medios audiovisuales.<\/p><p>El resultado de la deliberaci\u00f3n del jurado se har\u00e1 p\u00fablica durante el mes de noviembre y la entrega del galard\u00f3n se realizar\u00e1 el mes de diciembre de cada a\u00f1o.<\/p><\/div>\n\t\t\t\t<\/div>\n\t\t\t\t<\/div>\n\t\t\t\t\t\t<\/div>\n\t\t\t\t\t<\/div>\n\t\t<\/div>\n\t\t\t\t\t\t\t\t<\/div>\n\t\t\t\t\t<\/div>\n\t\t<\/section>\n\t\t\t\t\t\t<\/div>\n\t\t\t\t\t\t<\/div>\n\t\t\t\t\t<\/div>\n\t\t","protected":false},"excerpt":{"rendered":"<p>Premio Nacional del Libro Creado en el a\u00f1o 2002, valora al libro como unidad de contenido y forma, reconoce el trabajo intelectual, editorial, gr\u00e1fico y la promoci\u00f3n de la lectura. [&hellip;]<\/p>\n","protected":false},"author":9,"featured_media":0,"parent":0,"menu_order":0,"comment_status":"closed","ping_status":"closed","template":"elementor_header_footer","meta":{"spay_email":""},"yoast_head":"<!-- This site is optimized with the Yoast SEO plugin v19.8 - https:\/\/yoast.com\/wordpress\/plugins\/seo\/ -->\n<title>PREMIO NACIONAL DEL LIBRO<\/title>\n<meta name=\"robots\" content=\"index, follow, max-snippet:-1, max-image-preview:large, max-video-preview:-1\" \/>\n<link rel=\"canonical\" href=\"https:\/\/cenal.gob.ve\/?page_id=1715\" \/>\n<meta property=\"og:locale\" content=\"es_ES\" \/>\n<meta property=\"og:type\" content=\"article\" \/>\n<meta property=\"og:title\" content=\"PREMIO NACIONAL DEL LIBRO\" \/>\n<meta property=\"og:description\" content=\"Premio Nacional del Libro Creado en el a\u00f1o 2002, valora al libro como unidad de contenido y forma, reconoce el trabajo intelectual, editorial, gr\u00e1fico y la promoci\u00f3n de la lectura. [&hellip;]\" \/>\n<meta property=\"og:url\" content=\"https:\/\/cenal.gob.ve\/?page_id=1715\" \/>\n<meta property=\"og:site_name\" content=\"Cenal\" \/>\n<meta property=\"article:modified_time\" content=\"2022-02-23T21:09:45+00:00\" \/>\n<meta name=\"twitter:card\" content=\"summary_large_image\" \/>\n<meta name=\"twitter:label1\" content=\"Est. reading time\" \/>\n\t<meta name=\"twitter:data1\" content=\"2 minutos\" \/>\n<script type=\"application\/ld+json\" class=\"yoast-schema-graph\">{\"@context\":\"https:\/\/schema.org\",\"@graph\":[{\"@type\":\"WebPage\",\"@id\":\"https:\/\/cenal.gob.ve\/?page_id=1715\",\"url\":\"https:\/\/cenal.gob.ve\/?page_id=1715\",\"name\":\"PREMIO NACIONAL DEL LIBRO\",\"isPartOf\":{\"@id\":\"https:\/\/cenal.gob.ve\/#website\"},\"datePublished\":\"2022-01-11T16:23:06+00:00\",\"dateModified\":\"2022-02-23T21:09:45+00:00\",\"breadcrumb\":{\"@id\":\"https:\/\/cenal.gob.ve\/?page_id=1715#breadcrumb\"},\"inLanguage\":\"es\",\"potentialAction\":[{\"@type\":\"ReadAction\",\"target\":[\"https:\/\/cenal.gob.ve\/?page_id=1715\"]}]},{\"@type\":\"BreadcrumbList\",\"@id\":\"https:\/\/cenal.gob.ve\/?page_id=1715#breadcrumb\",\"itemListElement\":[{\"@type\":\"ListItem\",\"position\":1,\"name\":\"Home\",\"item\":\"https:\/\/cenal.gob.ve\/\"},{\"@type\":\"ListItem\",\"position\":2,\"name\":\"PREMIO NACIONAL DEL LIBRO\"}]},{\"@type\":\"WebSite\",\"@id\":\"https:\/\/cenal.gob.ve\/#website\",\"url\":\"https:\/\/cenal.gob.ve\/\",\"name\":\"Cenal\",\"description\":\"\",\"publisher\":{\"@id\":\"https:\/\/cenal.gob.ve\/#organization\"},\"potentialAction\":[{\"@type\":\"SearchAction\",\"target\":{\"@type\":\"EntryPoint\",\"urlTemplate\":\"https:\/\/cenal.gob.ve\/?s={search_term_string}\"},\"query-input\":\"required name=search_term_string\"}],\"inLanguage\":\"es\"},{\"@type\":\"Organization\",\"@id\":\"https:\/\/cenal.gob.ve\/#organization\",\"name\":\"CENAL\",\"url\":\"https:\/\/cenal.gob.ve\/\",\"sameAs\":[],\"logo\":{\"@type\":\"ImageObject\",\"inLanguage\":\"es\",\"@id\":\"https:\/\/cenal.gob.ve\/#\/schema\/logo\/image\/\",\"url\":\"https:\/\/i0.wp.com\/cenal.gob.ve\/wp-content\/uploads\/2022\/10\/cropped-images.jpg?fit=512%2C512\",\"contentUrl\":\"https:\/\/i0.wp.com\/cenal.gob.ve\/wp-content\/uploads\/2022\/10\/cropped-images.jpg?fit=512%2C512\",\"width\":512,\"height\":512,\"caption\":\"CENAL\"},\"image\":{\"@id\":\"https:\/\/cenal.gob.ve\/#\/schema\/logo\/image\/\"}}]}<\/script>\n<!-- \/ Yoast SEO plugin. -->","yoast_head_json":{"title":"PREMIO NACIONAL DEL LIBRO","robots":{"index":"index","follow":"follow","max-snippet":"max-snippet:-1","max-image-preview":"max-image-preview:large","max-video-preview":"max-video-preview:-1"},"canonical":"https:\/\/cenal.gob.ve\/?page_id=1715","og_locale":"es_ES","og_type":"article","og_title":"PREMIO NACIONAL DEL LIBRO","og_description":"Premio Nacional del Libro Creado en el a\u00f1o 2002, valora al libro como unidad de contenido y forma, reconoce el trabajo intelectual, editorial, gr\u00e1fico y la promoci\u00f3n de la lectura. [&hellip;]","og_url":"https:\/\/cenal.gob.ve\/?page_id=1715","og_site_name":"Cenal","article_modified_time":"2022-02-23T21:09:45+00:00","twitter_card":"summary_large_image","twitter_misc":{"Est. reading time":"2 minutos"},"schema":{"@context":"https:\/\/schema.org","@graph":[{"@type":"WebPage","@id":"https:\/\/cenal.gob.ve\/?page_id=1715","url":"https:\/\/cenal.gob.ve\/?page_id=1715","name":"PREMIO NACIONAL DEL LIBRO","isPartOf":{"@id":"https:\/\/cenal.gob.ve\/#website"},"datePublished":"2022-01-11T16:23:06+00:00","dateModified":"2022-02-23T21:09:45+00:00","breadcrumb":{"@id":"https:\/\/cenal.gob.ve\/?page_id=1715#breadcrumb"},"inLanguage":"es","potentialAction":[{"@type":"ReadAction","target":["https:\/\/cenal.gob.ve\/?page_id=1715"]}]},{"@type":"BreadcrumbList","@id":"https:\/\/cenal.gob.ve\/?page_id=1715#breadcrumb","itemListElement":[{"@type":"ListItem","position":1,"name":"Home","item":"https:\/\/cenal.gob.ve\/"},{"@type":"ListItem","position":2,"name":"PREMIO NACIONAL DEL LIBRO"}]},{"@type":"WebSite","@id":"https:\/\/cenal.gob.ve\/#website","url":"https:\/\/cenal.gob.ve\/","name":"Cenal","description":"","publisher":{"@id":"https:\/\/cenal.gob.ve\/#organization"},"potentialAction":[{"@type":"SearchAction","target":{"@type":"EntryPoint","urlTemplate":"https:\/\/cenal.gob.ve\/?s={search_term_string}"},"query-input":"required name=search_term_string"}],"inLanguage":"es"},{"@type":"Organization","@id":"https:\/\/cenal.gob.ve\/#organization","name":"CENAL","url":"https:\/\/cenal.gob.ve\/","sameAs":[],"logo":{"@type":"ImageObject","inLanguage":"es","@id":"https:\/\/cenal.gob.ve\/#\/schema\/logo\/image\/","url":"https:\/\/i0.wp.com\/cenal.gob.ve\/wp-content\/uploads\/2022\/10\/cropped-images.jpg?fit=512%2C512","contentUrl":"https:\/\/i0.wp.com\/cenal.gob.ve\/wp-content\/uploads\/2022\/10\/cropped-images.jpg?fit=512%2C512","width":512,"height":512,"caption":"CENAL"},"image":{"@id":"https:\/\/cenal.gob.ve\/#\/schema\/logo\/image\/"}}]}},"jetpack_shortlink":"https:\/\/wp.me\/P5FMhp-rF","_links":{"self":[{"href":"https:\/\/cenal.gob.ve\/index.php?rest_route=\/wp\/v2\/pages\/1715"}],"collection":[{"href":"https:\/\/cenal.gob.ve\/index.php?rest_route=\/wp\/v2\/pages"}],"about":[{"href":"https:\/\/cenal.gob.ve\/index.php?rest_route=\/wp\/v2\/types\/page"}],"author":[{"embeddable":true,"href":"https:\/\/cenal.gob.ve\/index.php?rest_route=\/wp\/v2\/users\/9"}],"replies":[{"embeddable":true,"href":"https:\/\/cenal.gob.ve\/index.php?rest_route=%2Fwp%2Fv2%2Fcomments&post=1715"}],"version-history":[{"count":3,"href":"https:\/\/cenal.gob.ve\/index.php?rest_route=\/wp\/v2\/pages\/1715\/revisions"}],"predecessor-version":[{"id":1892,"href":"https:\/\/cenal.gob.ve\/index.php?rest_route=\/wp\/v2\/pages\/1715\/revisions\/1892"}],"wp:attachment":[{"href":"https:\/\/cenal.gob.ve\/index.php?rest_route=%2Fwp%2Fv2%2Fmedia&parent=1715"}],"curies":[{"name":"wp","href":"https:\/\/api.w.org\/{rel}","templated":true}]}}