{"id":1719,"date":"2022-01-11T12:23:06","date_gmt":"2022-01-11T16:23:06","guid":{"rendered":"https:\/\/blog.yareborges.com\/?page_id=1719"},"modified":"2022-07-02T22:13:15","modified_gmt":"2022-07-03T02:13:15","slug":"coleccion-bicentenario-carabobo","status":"publish","type":"page","link":"https:\/\/cenal.gob.ve\/?page_id=1719","title":{"rendered":"COLECCI\u00d3N BICENTENARIO CARABOBO"},"content":{"rendered":"\t\t<div data-elementor-type=\"wp-page\" data-elementor-id=\"1719\" class=\"elementor elementor-1719\" data-elementor-settings=\"[]\">\n\t\t\t\t\t\t<div class=\"elementor-inner\">\n\t\t\t\t\t\t\t<div class=\"elementor-section-wrap\">\n\t\t\t\t\t\t\t<section class=\"elementor-section elementor-top-section elementor-element elementor-element-186495e elementor-section-boxed elementor-section-height-default elementor-section-height-default\" data-id=\"186495e\" data-element_type=\"section\">\n\t\t\t\t\t\t<div class=\"elementor-container elementor-column-gap-default\">\n\t\t\t\t\t\t\t<div class=\"elementor-row\">\n\t\t\t\t\t<div class=\"elementor-column elementor-col-100 elementor-top-column elementor-element elementor-element-d34dc38\" data-id=\"d34dc38\" data-element_type=\"column\">\n\t\t\t<div class=\"elementor-column-wrap elementor-element-populated\">\n\t\t\t\t\t\t\t<div class=\"elementor-widget-wrap\">\n\t\t\t\t\t\t<div class=\"elementor-element elementor-element-bb1bc75 elementor-widget elementor-widget-heading\" data-id=\"bb1bc75\" data-element_type=\"widget\" data-widget_type=\"heading.default\">\n\t\t\t\t<div class=\"elementor-widget-container\">\n\t\t\t<h2 class=\"elementor-heading-title elementor-size-default\">Colecci\u00f3n Bicentenario Carabobo<\/h2>\t\t<\/div>\n\t\t\t\t<\/div>\n\t\t\t\t<div class=\"elementor-element elementor-element-b5750c1 elementor-widget elementor-widget-shortcode\" data-id=\"b5750c1\" data-element_type=\"widget\" data-widget_type=\"shortcode.default\">\n\t\t\t\t<div class=\"elementor-widget-container\">\n\t\t\t\t\t\t<style type=\"text\/css\">\n\t\t\t\t\t\t#is-ajax-search-result-16193 .is-ajax-search-post,                        \n\t            #is-ajax-search-result-16193 .is-show-more-results,\n\t            #is-ajax-search-details-16193 .is-ajax-search-items > div {\n\t\t\t\t\tbackground-color: #ffffff !important;\n\t\t\t\t}\n            \t\t\t\t#is-ajax-search-result-16193 .is-ajax-search-post:hover,\n\t            #is-ajax-search-result-16193 .is-show-more-results:hover,\n\t            #is-ajax-search-details-16193 .is-ajax-search-tags-details > div:hover,\n\t            #is-ajax-search-details-16193 .is-ajax-search-categories-details > div:hover {\n\t\t\t\t\tbackground-color: #ffcc21 !important;\n\t\t\t\t}\n                                        #is-ajax-search-result-16193 .is-ajax-term-label,\n                #is-ajax-search-details-16193 .is-ajax-term-label,\n\t\t\t\t#is-ajax-search-result-16193,\n                #is-ajax-search-details-16193 {\n\t\t\t\t\tcolor: #000000 !important;\n\t\t\t\t}\n                        \t\t\t\t#is-ajax-search-result-16193 a,\n                #is-ajax-search-details-16193 a:not(.button) {\n\t\t\t\t\tcolor: #5e1646 !important;\n\t\t\t\t}\n                #is-ajax-search-details-16193 .is-ajax-woocommerce-actions a.button {\n                \tbackground-color: #5e1646 !important;\n                }\n                        \t\t\t\t#is-ajax-search-result-16193 .is-ajax-search-post,\n\t\t\t\t#is-ajax-search-details-16193 .is-ajax-search-post-details {\n\t\t\t\t    border-color: #5e1646 !important;\n\t\t\t\t}\n                #is-ajax-search-result-16193,\n                #is-ajax-search-details-16193 {\n                    background-color: #5e1646 !important;\n                }\n\t\t\t\t\t\t.is-form-id-16193 .is-search-submit:focus,\n\t\t\t.is-form-id-16193 .is-search-submit:hover,\n\t\t\t.is-form-id-16193 .is-search-submit,\n            .is-form-id-16193 .is-search-icon {\n\t\t\tcolor: #ffffff !important;            background-color: #5e1646 !important;            border-color: #5e1646 !important;\t\t\t}\n                        \t.is-form-id-16193 .is-search-submit path {\n\t\t\t\t\tfill: #ffffff !important;            \t}\n            \t\t\t.is-form-id-16193 .is-search-input::-webkit-input-placeholder {\n\t\t\t    color: #000000 !important;\n\t\t\t}\n\t\t\t.is-form-id-16193 .is-search-input:-moz-placeholder {\n\t\t\t    color: #000000 !important;\n\t\t\t    opacity: 1;\n\t\t\t}\n\t\t\t.is-form-id-16193 .is-search-input::-moz-placeholder {\n\t\t\t    color: #000000 !important;\n\t\t\t    opacity: 1;\n\t\t\t}\n\t\t\t.is-form-id-16193 .is-search-input:-ms-input-placeholder {\n\t\t\t    color: #000000 !important;\n\t\t\t}\n                        \t\t\t.is-form-style-1.is-form-id-16193 .is-search-input:focus,\n\t\t\t.is-form-style-1.is-form-id-16193 .is-search-input:hover,\n\t\t\t.is-form-style-1.is-form-id-16193 .is-search-input,\n\t\t\t.is-form-style-2.is-form-id-16193 .is-search-input:focus,\n\t\t\t.is-form-style-2.is-form-id-16193 .is-search-input:hover,\n\t\t\t.is-form-style-2.is-form-id-16193 .is-search-input,\n\t\t\t.is-form-style-3.is-form-id-16193 .is-search-input:focus,\n\t\t\t.is-form-style-3.is-form-id-16193 .is-search-input:hover,\n\t\t\t.is-form-style-3.is-form-id-16193 .is-search-input,\n\t\t\t.is-form-id-16193 .is-search-input:focus,\n\t\t\t.is-form-id-16193 .is-search-input:hover,\n\t\t\t.is-form-id-16193 .is-search-input {\n                                color: #000000 !important;                                border-color: #5e1646 !important;                                background-color: #ffffff !important;\t\t\t}\n                        \t\t\t<\/style>\n\t\t\t\t<div class=\"elementor-shortcode\"><form data-min-no-for-search=1 data-result-box-max-height=400 data-form-id=16193 class=\"is-search-form is-form-style is-form-style-3 is-form-id-16193 is-ajax-search\" action=\"https:\/\/cenal.gob.ve\/\" method=\"get\" role=\"search\" ><label for=\"is-search-input-16193\"><span class=\"is-screen-reader-text\">Search for:<\/span><input  type=\"search\" id=\"is-search-input-16193\" name=\"s\" value=\"\" class=\"is-search-input\" placeholder=\"Buscar libro...\" autocomplete=off \/><span class=\"is-loader-image\" style=\"display: none;background-image:url(https:\/\/cenal.gob.ve\/wp-content\/plugins\/add-search-to-menu\/public\/images\/spinner.gif);\" ><\/span><\/label><button type=\"submit\" class=\"is-search-submit\"><span class=\"is-screen-reader-text\">Search Button<\/span><span class=\"is-search-icon\"><svg focusable=\"false\" aria-label=\"Search\" xmlns=\"http:\/\/www.w3.org\/2000\/svg\" viewBox=\"0 0 24 24\" width=\"24px\"><path d=\"M15.5 14h-.79l-.28-.27C15.41 12.59 16 11.11 16 9.5 16 5.91 13.09 3 9.5 3S3 5.91 3 9.5 5.91 16 9.5 16c1.61 0 3.09-.59 4.23-1.57l.27.28v.79l5 4.99L20.49 19l-4.99-5zm-6 0C7.01 14 5 11.99 5 9.5S7.01 5 9.5 5 14 7.01 14 9.5 11.99 14 9.5 14z\"><\/path><\/svg><\/span><\/button><input type=\"hidden\" name=\"id\" value=\"16193\" \/><\/form><\/div>\n\t\t\t\t<\/div>\n\t\t\t\t<\/div>\n\t\t\t\t<div class=\"elementor-element elementor-element-18279b1 upk-global-link-yes elementor-widget elementor-widget-upk-amox-grid\" data-id=\"18279b1\" data-element_type=\"widget\" data-widget_type=\"upk-amox-grid.default\">\n\t\t\t\t<div class=\"elementor-widget-container\">\n\t\t\t\t\t<div class=\"upk-amox-grid\">\n\t\t\t\t\t\t\t\t\t<div onclick=\"window.open(&#039;https:\/\/cenal.gob.ve\/?p=23617&#039;, &#039;_self&#039;)\" class=\"upk-item \">\n\t\t\t<div class=\"upk-img-wrap\">\n\t\t\t\t\t\t<img class=\"upk-img\" src=\"https:\/\/cenal.gob.ve\/wp-content\/uploads\/2024\/02\/Coleccion-Bicentenario-Carabobo-171-Carlos-Eduardo-Frias-Canicula.jpg\" alt=\"Can\u00edcula\">\r\n\t\t\t\t\t<\/div>\n\t\t\t<div class=\"upk-content\">\n\t\t\t\t\t\t\t\t\t\t<h3 class=\"upk-title\">\r\n\t\t\t<a href=\"https:\/\/cenal.gob.ve\/?p=23617\" class=\"title-animation-underline\" title=\"Can\u00edcula\">\r\n\t\t\t\tCan\u00edcula\t\t\t<\/a>\r\n\t\t<\/h3>\r\n\t\t\t\t\t\t<div class=\"upk-meta upk-flex-inline upk-flex-middle\">\n\t\t\t\t\t\t\t\t\t\t\t\t\t\t<\/div>\n\t\t\t<\/div>\n\t\t<\/div>\n\n\n\t\t\t\t\t\t\t\t\t\t<div onclick=\"window.open(&#039;https:\/\/cenal.gob.ve\/?p=23609&#039;, &#039;_self&#039;)\" class=\"upk-item \">\n\t\t\t<div class=\"upk-img-wrap\">\n\t\t\t\t\t\t<img class=\"upk-img\" src=\"https:\/\/cenal.gob.ve\/wp-content\/uploads\/2024\/02\/Coleccion-Bicentenario-Carabobo-170-Antonio-Marquez-Salas-Ese-salvaje-resplandor-de-incertidumbre.jpg\" alt=\"Ese salvaje resplandor de incertidumbre\">\r\n\t\t\t\t\t<\/div>\n\t\t\t<div class=\"upk-content\">\n\t\t\t\t\t\t\t\t\t\t<h3 class=\"upk-title\">\r\n\t\t\t<a href=\"https:\/\/cenal.gob.ve\/?p=23609\" class=\"title-animation-underline\" title=\"Ese salvaje resplandor de incertidumbre\">\r\n\t\t\t\tEse salvaje resplandor de incertidumbre\t\t\t<\/a>\r\n\t\t<\/h3>\r\n\t\t\t\t\t\t<div class=\"upk-meta upk-flex-inline upk-flex-middle\">\n\t\t\t\t\t\t\t\t\t\t\t\t\t\t<\/div>\n\t\t\t<\/div>\n\t\t<\/div>\n\n\n\t\t\t\t\t\t\t\t\t\t<div onclick=\"window.open(&#039;https:\/\/cenal.gob.ve\/?p=23601&#039;, &#039;_self&#039;)\" class=\"upk-item \">\n\t\t\t<div class=\"upk-img-wrap\">\n\t\t\t\t\t\t<img class=\"upk-img\" src=\"https:\/\/cenal.gob.ve\/wp-content\/uploads\/2024\/02\/Coleccion-Bicentenario-Carabobo-169-Nelson-Himiob-La-carretera-Giros-de-mi-helice.jpg\" alt=\"La carretera-Giros de mi h\u00e9lice\">\r\n\t\t\t\t\t<\/div>\n\t\t\t<div class=\"upk-content\">\n\t\t\t\t\t\t\t\t\t\t<h3 class=\"upk-title\">\r\n\t\t\t<a href=\"https:\/\/cenal.gob.ve\/?p=23601\" class=\"title-animation-underline\" title=\"La carretera-Giros de mi h\u00e9lice\">\r\n\t\t\t\tLa carretera-Giros de mi h\u00e9lice\t\t\t<\/a>\r\n\t\t<\/h3>\r\n\t\t\t\t\t\t<div class=\"upk-meta upk-flex-inline upk-flex-middle\">\n\t\t\t\t\t\t\t\t\t\t\t\t\t\t<\/div>\n\t\t\t<\/div>\n\t\t<\/div>\n\n\n\t\t\t\t\t\t\t\t\t\t<div onclick=\"window.open(&#039;https:\/\/cenal.gob.ve\/?p=23591&#039;, &#039;_self&#039;)\" class=\"upk-item \">\n\t\t\t<div class=\"upk-img-wrap\">\n\t\t\t\t\t\t<img class=\"upk-img\" src=\"https:\/\/cenal.gob.ve\/wp-content\/uploads\/2024\/02\/Coleccion-Bicentenario-Carabobo-168-Andres-Marino-Palacio-Alegres-deshauciados-1.jpg\" alt=\"Los alegres desahuciados\">\r\n\t\t\t\t\t<\/div>\n\t\t\t<div class=\"upk-content\">\n\t\t\t\t\t\t\t\t\t\t<h3 class=\"upk-title\">\r\n\t\t\t<a href=\"https:\/\/cenal.gob.ve\/?p=23591\" class=\"title-animation-underline\" title=\"Los alegres desahuciados\">\r\n\t\t\t\tLos alegres desahuciados\t\t\t<\/a>\r\n\t\t<\/h3>\r\n\t\t\t\t\t\t<div class=\"upk-meta upk-flex-inline upk-flex-middle\">\n\t\t\t\t\t\t\t\t\t\t\t\t\t\t<\/div>\n\t\t\t<\/div>\n\t\t<\/div>\n\n\n\t\t\t\t\t\t\t\t\t\t<div onclick=\"window.open(&#039;https:\/\/cenal.gob.ve\/?p=23583&#039;, &#039;_self&#039;)\" class=\"upk-item \">\n\t\t\t<div class=\"upk-img-wrap\">\n\t\t\t\t\t\t<img class=\"upk-img\" src=\"https:\/\/cenal.gob.ve\/wp-content\/uploads\/2024\/02\/Coleccion-Bicentenario-Carabobo-167-Pedro-Pablo-Barnola-Al-encuentro-de-Bolivar.jpg\" alt=\"Al encuentro de Bol\u00edvar\">\r\n\t\t\t\t\t<\/div>\n\t\t\t<div class=\"upk-content\">\n\t\t\t\t\t\t\t\t\t\t<h3 class=\"upk-title\">\r\n\t\t\t<a href=\"https:\/\/cenal.gob.ve\/?p=23583\" class=\"title-animation-underline\" title=\"Al encuentro de Bol\u00edvar\">\r\n\t\t\t\tAl encuentro de Bol\u00edvar\t\t\t<\/a>\r\n\t\t<\/h3>\r\n\t\t\t\t\t\t<div class=\"upk-meta upk-flex-inline upk-flex-middle\">\n\t\t\t\t\t\t\t\t\t\t\t\t\t\t<\/div>\n\t\t\t<\/div>\n\t\t<\/div>\n\n\n\t\t\t\t\t\t\t\t\t\t<div onclick=\"window.open(&#039;https:\/\/cenal.gob.ve\/?p=23575&#039;, &#039;_self&#039;)\" class=\"upk-item \">\n\t\t\t<div class=\"upk-img-wrap\">\n\t\t\t\t\t\t<img class=\"upk-img\" src=\"https:\/\/cenal.gob.ve\/wp-content\/uploads\/2024\/02\/Coleccion-Bicentenario-Carabobo-166-Salustio-Gonzalez-Rincones-Obra-incompleta-1.jpg\" alt=\"Obra (in)completa\">\r\n\t\t\t\t\t<\/div>\n\t\t\t<div class=\"upk-content\">\n\t\t\t\t\t\t\t\t\t\t<h3 class=\"upk-title\">\r\n\t\t\t<a href=\"https:\/\/cenal.gob.ve\/?p=23575\" class=\"title-animation-underline\" title=\"Obra (in)completa\">\r\n\t\t\t\tObra (in)completa\t\t\t<\/a>\r\n\t\t<\/h3>\r\n\t\t\t\t\t\t<div class=\"upk-meta upk-flex-inline upk-flex-middle\">\n\t\t\t\t\t\t\t\t\t\t\t\t\t\t<\/div>\n\t\t\t<\/div>\n\t\t<\/div>\n\n\n\t\t\t\t\t\t\t\t\t\t<div onclick=\"window.open(&#039;https:\/\/cenal.gob.ve\/?p=23567&#039;, &#039;_self&#039;)\" class=\"upk-item \">\n\t\t\t<div class=\"upk-img-wrap\">\n\t\t\t\t\t\t<img class=\"upk-img\" src=\"https:\/\/cenal.gob.ve\/wp-content\/uploads\/2024\/02\/Coleccion-Bicentenario-Carabobo-165-Poesia-y-traducciones-J.-A.-Perez-Bonalde.jpg\" alt=\"Poes\u00eda y traducciones\">\r\n\t\t\t\t\t<\/div>\n\t\t\t<div class=\"upk-content\">\n\t\t\t\t\t\t\t\t\t\t<h3 class=\"upk-title\">\r\n\t\t\t<a href=\"https:\/\/cenal.gob.ve\/?p=23567\" class=\"title-animation-underline\" title=\"Poes\u00eda y traducciones\">\r\n\t\t\t\tPoes\u00eda y traducciones\t\t\t<\/a>\r\n\t\t<\/h3>\r\n\t\t\t\t\t\t<div class=\"upk-meta upk-flex-inline upk-flex-middle\">\n\t\t\t\t\t\t\t\t\t\t\t\t\t\t<\/div>\n\t\t\t<\/div>\n\t\t<\/div>\n\n\n\t\t\t\t\t\t\t\t\t\t<div onclick=\"window.open(&#039;https:\/\/cenal.gob.ve\/?p=23559&#039;, &#039;_self&#039;)\" class=\"upk-item \">\n\t\t\t<div class=\"upk-img-wrap\">\n\t\t\t\t\t\t<img class=\"upk-img\" src=\"https:\/\/cenal.gob.ve\/wp-content\/uploads\/2024\/02\/Coleccion-Bicentenario-Carabobo-164-Humberto-Tejera-Bolivar-Guia-democratico-De-America.jpg\" alt=\"Bol\u00edvar Gu\u00eda democr\u00e1tico De Am\u00e9rica\">\r\n\t\t\t\t\t<\/div>\n\t\t\t<div class=\"upk-content\">\n\t\t\t\t\t\t\t\t\t\t<h3 class=\"upk-title\">\r\n\t\t\t<a href=\"https:\/\/cenal.gob.ve\/?p=23559\" class=\"title-animation-underline\" title=\"Bol\u00edvar Gu\u00eda democr\u00e1tico De Am\u00e9rica\">\r\n\t\t\t\tBol\u00edvar Gu\u00eda democr\u00e1tico De Am\u00e9rica\t\t\t<\/a>\r\n\t\t<\/h3>\r\n\t\t\t\t\t\t<div class=\"upk-meta upk-flex-inline upk-flex-middle\">\n\t\t\t\t\t\t\t\t\t\t\t\t\t\t<\/div>\n\t\t\t<\/div>\n\t\t<\/div>\n\n\n\t\t\t\t\t\t\t\t\t\t<div onclick=\"window.open(&#039;https:\/\/cenal.gob.ve\/?p=23549&#039;, &#039;_self&#039;)\" class=\"upk-item \">\n\t\t\t<div class=\"upk-img-wrap\">\n\t\t\t\t\t\t<img class=\"upk-img\" src=\"https:\/\/cenal.gob.ve\/wp-content\/uploads\/2024\/02\/Coleccion-Bicentenario-Carabobo-163-Luz-Machado-Antologia-personal.jpg\" alt=\"Antolog\u00eda personal\">\r\n\t\t\t\t\t<\/div>\n\t\t\t<div class=\"upk-content\">\n\t\t\t\t\t\t\t\t\t\t<h3 class=\"upk-title\">\r\n\t\t\t<a href=\"https:\/\/cenal.gob.ve\/?p=23549\" class=\"title-animation-underline\" title=\"Antolog\u00eda personal\">\r\n\t\t\t\tAntolog\u00eda personal\t\t\t<\/a>\r\n\t\t<\/h3>\r\n\t\t\t\t\t\t<div class=\"upk-meta upk-flex-inline upk-flex-middle\">\n\t\t\t\t\t\t\t\t\t\t\t\t\t\t<\/div>\n\t\t\t<\/div>\n\t\t<\/div>\n\n\n\t\t\t\t\t\t<\/div>\n\n\t\t\t\t\t<div class=\"ep-pagination\">\n\t\t\t\t<ul class=\"upk-pagination\" data-widget-id=\"18279b1\" >\n<li class=\"upk-active\"><a href=\"https:\/\/cenal.gob.ve\/index.php?rest_route=%2Fwp%2Fv2%2Fpages%2F1719\">1<\/a><\/li>\n<li><a href=\"https:\/\/cenal.gob.ve\/index.php?rest_route=%2Fwp%2Fv2%2Fpages%2F1719&#038;paged=2\">2<\/a><\/li>\n<li><a href=\"https:\/\/cenal.gob.ve\/index.php?rest_route=%2Fwp%2Fv2%2Fpages%2F1719&#038;paged=3\">3<\/a><\/li>\n<li class=\"upk-pagination-dot-dot\"><span>...<\/span><\/li>\n<li><a href=\"https:\/\/cenal.gob.ve\/index.php?rest_route=%2Fwp%2Fv2%2Fpages%2F1719&#038;paged=19\">19<\/a><\/li>\n<\/ul>\n\t\t\t<\/div>\n\t\t<\/div>\n\t\t\t\t<\/div>\n\t\t\t\t\t\t<\/div>\n\t\t\t\t\t<\/div>\n\t\t<\/div>\n\t\t\t\t\t\t\t\t<\/div>\n\t\t\t\t\t<\/div>\n\t\t<\/section>\n\t\t\t\t<section class=\"elementor-section elementor-top-section elementor-element elementor-element-33123a8 elementor-section-boxed elementor-section-height-default elementor-section-height-default\" data-id=\"33123a8\" data-element_type=\"section\">\n\t\t\t\t\t\t<div class=\"elementor-container elementor-column-gap-default\">\n\t\t\t\t\t\t\t<div class=\"elementor-row\">\n\t\t\t\t\t<div class=\"elementor-column elementor-col-100 elementor-top-column elementor-element elementor-element-dd7c0d0\" data-id=\"dd7c0d0\" data-element_type=\"column\">\n\t\t\t<div class=\"elementor-column-wrap\">\n\t\t\t\t\t\t\t<div class=\"elementor-widget-wrap\">\n\t\t\t\t\t\t\t\t<\/div>\n\t\t\t\t\t<\/div>\n\t\t<\/div>\n\t\t\t\t\t\t\t\t<\/div>\n\t\t\t\t\t<\/div>\n\t\t<\/section>\n\t\t\t\t\t\t<\/div>\n\t\t\t\t\t\t<\/div>\n\t\t\t\t\t<\/div>\n\t\t","protected":false},"excerpt":{"rendered":"<p>Colecci\u00f3n Bicentenario Carabobo La Independencia de Venezuela y los peri\u00f3dicos de Par\u00eds (1808-1825)\ufffc El humorismo gr\u00e1fico en Venezuela\ufffc Bol\u00edvar y las armas en la Guerra de Independencia\ufffc Toma mi lanza [&hellip;]<\/p>\n","protected":false},"author":9,"featured_media":15901,"parent":0,"menu_order":0,"comment_status":"closed","ping_status":"closed","template":"elementor_header_footer","meta":{"spay_email":""},"yoast_head":"<!-- This site is optimized with the Yoast SEO plugin v19.8 - https:\/\/yoast.com\/wordpress\/plugins\/seo\/ -->\n<title>COLECCI\u00d3N BICENTENARIO CARABOBO<\/title>\n<meta name=\"robots\" content=\"index, follow, max-snippet:-1, max-image-preview:large, max-video-preview:-1\" \/>\n<link rel=\"canonical\" href=\"https:\/\/cenal.gob.ve\/?page_id=1719\" \/>\n<meta property=\"og:locale\" content=\"es_ES\" \/>\n<meta property=\"og:type\" content=\"article\" \/>\n<meta property=\"og:title\" content=\"COLECCI\u00d3N BICENTENARIO CARABOBO\" \/>\n<meta property=\"og:description\" content=\"Colecci\u00f3n Bicentenario Carabobo La Independencia de Venezuela y los peri\u00f3dicos de Par\u00eds (1808-1825)\ufffc El humorismo gr\u00e1fico en Venezuela\ufffc Bol\u00edvar y las armas en la Guerra de Independencia\ufffc Toma mi lanza [&hellip;]\" \/>\n<meta property=\"og:url\" content=\"https:\/\/cenal.gob.ve\/?page_id=1719\" \/>\n<meta property=\"og:site_name\" content=\"Cenal\" \/>\n<meta property=\"article:modified_time\" content=\"2022-07-03T02:13:15+00:00\" \/>\n<meta property=\"og:image\" content=\"https:\/\/i0.wp.com\/cenal.gob.ve\/wp-content\/uploads\/2022\/04\/coleccion.jpg?fit=800%2C445&ssl=1\" \/>\n\t<meta property=\"og:image:width\" content=\"800\" \/>\n\t<meta property=\"og:image:height\" content=\"445\" \/>\n\t<meta property=\"og:image:type\" content=\"image\/jpeg\" \/>\n<meta name=\"twitter:card\" content=\"summary_large_image\" \/>\n<script type=\"application\/ld+json\" class=\"yoast-schema-graph\">{\"@context\":\"https:\/\/schema.org\",\"@graph\":[{\"@type\":\"WebPage\",\"@id\":\"https:\/\/cenal.gob.ve\/?page_id=1719\",\"url\":\"https:\/\/cenal.gob.ve\/?page_id=1719\",\"name\":\"COLECCI\u00d3N BICENTENARIO CARABOBO\",\"isPartOf\":{\"@id\":\"https:\/\/cenal.gob.ve\/#website\"},\"datePublished\":\"2022-01-11T16:23:06+00:00\",\"dateModified\":\"2022-07-03T02:13:15+00:00\",\"breadcrumb\":{\"@id\":\"https:\/\/cenal.gob.ve\/?page_id=1719#breadcrumb\"},\"inLanguage\":\"es\",\"potentialAction\":[{\"@type\":\"ReadAction\",\"target\":[\"https:\/\/cenal.gob.ve\/?page_id=1719\"]}]},{\"@type\":\"BreadcrumbList\",\"@id\":\"https:\/\/cenal.gob.ve\/?page_id=1719#breadcrumb\",\"itemListElement\":[{\"@type\":\"ListItem\",\"position\":1,\"name\":\"Home\",\"item\":\"https:\/\/cenal.gob.ve\/\"},{\"@type\":\"ListItem\",\"position\":2,\"name\":\"COLECCI\u00d3N BICENTENARIO CARABOBO\"}]},{\"@type\":\"WebSite\",\"@id\":\"https:\/\/cenal.gob.ve\/#website\",\"url\":\"https:\/\/cenal.gob.ve\/\",\"name\":\"Cenal\",\"description\":\"\",\"publisher\":{\"@id\":\"https:\/\/cenal.gob.ve\/#organization\"},\"potentialAction\":[{\"@type\":\"SearchAction\",\"target\":{\"@type\":\"EntryPoint\",\"urlTemplate\":\"https:\/\/cenal.gob.ve\/?s={search_term_string}\"},\"query-input\":\"required name=search_term_string\"}],\"inLanguage\":\"es\"},{\"@type\":\"Organization\",\"@id\":\"https:\/\/cenal.gob.ve\/#organization\",\"name\":\"CENAL\",\"url\":\"https:\/\/cenal.gob.ve\/\",\"sameAs\":[],\"logo\":{\"@type\":\"ImageObject\",\"inLanguage\":\"es\",\"@id\":\"https:\/\/cenal.gob.ve\/#\/schema\/logo\/image\/\",\"url\":\"https:\/\/i0.wp.com\/cenal.gob.ve\/wp-content\/uploads\/2022\/10\/cropped-images.jpg?fit=512%2C512\",\"contentUrl\":\"https:\/\/i0.wp.com\/cenal.gob.ve\/wp-content\/uploads\/2022\/10\/cropped-images.jpg?fit=512%2C512\",\"width\":512,\"height\":512,\"caption\":\"CENAL\"},\"image\":{\"@id\":\"https:\/\/cenal.gob.ve\/#\/schema\/logo\/image\/\"}}]}<\/script>\n<!-- \/ Yoast SEO plugin. -->","yoast_head_json":{"title":"COLECCI\u00d3N BICENTENARIO CARABOBO","robots":{"index":"index","follow":"follow","max-snippet":"max-snippet:-1","max-image-preview":"max-image-preview:large","max-video-preview":"max-video-preview:-1"},"canonical":"https:\/\/cenal.gob.ve\/?page_id=1719","og_locale":"es_ES","og_type":"article","og_title":"COLECCI\u00d3N BICENTENARIO CARABOBO","og_description":"Colecci\u00f3n Bicentenario Carabobo La Independencia de Venezuela y los peri\u00f3dicos de Par\u00eds (1808-1825)\ufffc El humorismo gr\u00e1fico en Venezuela\ufffc Bol\u00edvar y las armas en la Guerra de Independencia\ufffc Toma mi lanza [&hellip;]","og_url":"https:\/\/cenal.gob.ve\/?page_id=1719","og_site_name":"Cenal","article_modified_time":"2022-07-03T02:13:15+00:00","og_image":[{"width":800,"height":445,"url":"https:\/\/i0.wp.com\/cenal.gob.ve\/wp-content\/uploads\/2022\/04\/coleccion.jpg?fit=800%2C445&ssl=1","type":"image\/jpeg"}],"twitter_card":"summary_large_image","schema":{"@context":"https:\/\/schema.org","@graph":[{"@type":"WebPage","@id":"https:\/\/cenal.gob.ve\/?page_id=1719","url":"https:\/\/cenal.gob.ve\/?page_id=1719","name":"COLECCI\u00d3N BICENTENARIO CARABOBO","isPartOf":{"@id":"https:\/\/cenal.gob.ve\/#website"},"datePublished":"2022-01-11T16:23:06+00:00","dateModified":"2022-07-03T02:13:15+00:00","breadcrumb":{"@id":"https:\/\/cenal.gob.ve\/?page_id=1719#breadcrumb"},"inLanguage":"es","potentialAction":[{"@type":"ReadAction","target":["https:\/\/cenal.gob.ve\/?page_id=1719"]}]},{"@type":"BreadcrumbList","@id":"https:\/\/cenal.gob.ve\/?page_id=1719#breadcrumb","itemListElement":[{"@type":"ListItem","position":1,"name":"Home","item":"https:\/\/cenal.gob.ve\/"},{"@type":"ListItem","position":2,"name":"COLECCI\u00d3N BICENTENARIO CARABOBO"}]},{"@type":"WebSite","@id":"https:\/\/cenal.gob.ve\/#website","url":"https:\/\/cenal.gob.ve\/","name":"Cenal","description":"","publisher":{"@id":"https:\/\/cenal.gob.ve\/#organization"},"potentialAction":[{"@type":"SearchAction","target":{"@type":"EntryPoint","urlTemplate":"https:\/\/cenal.gob.ve\/?s={search_term_string}"},"query-input":"required name=search_term_string"}],"inLanguage":"es"},{"@type":"Organization","@id":"https:\/\/cenal.gob.ve\/#organization","name":"CENAL","url":"https:\/\/cenal.gob.ve\/","sameAs":[],"logo":{"@type":"ImageObject","inLanguage":"es","@id":"https:\/\/cenal.gob.ve\/#\/schema\/logo\/image\/","url":"https:\/\/i0.wp.com\/cenal.gob.ve\/wp-content\/uploads\/2022\/10\/cropped-images.jpg?fit=512%2C512","contentUrl":"https:\/\/i0.wp.com\/cenal.gob.ve\/wp-content\/uploads\/2022\/10\/cropped-images.jpg?fit=512%2C512","width":512,"height":512,"caption":"CENAL"},"image":{"@id":"https:\/\/cenal.gob.ve\/#\/schema\/logo\/image\/"}}]}},"jetpack_shortlink":"https:\/\/wp.me\/P5FMhp-rJ","_links":{"self":[{"href":"https:\/\/cenal.gob.ve\/index.php?rest_route=\/wp\/v2\/pages\/1719"}],"collection":[{"href":"https:\/\/cenal.gob.ve\/index.php?rest_route=\/wp\/v2\/pages"}],"about":[{"href":"https:\/\/cenal.gob.ve\/index.php?rest_route=\/wp\/v2\/types\/page"}],"author":[{"embeddable":true,"href":"https:\/\/cenal.gob.ve\/index.php?rest_route=\/wp\/v2\/users\/9"}],"replies":[{"embeddable":true,"href":"https:\/\/cenal.gob.ve\/index.php?rest_route=%2Fwp%2Fv2%2Fcomments&post=1719"}],"version-history":[{"count":29,"href":"https:\/\/cenal.gob.ve\/index.php?rest_route=\/wp\/v2\/pages\/1719\/revisions"}],"predecessor-version":[{"id":27098,"href":"https:\/\/cenal.gob.ve\/index.php?rest_route=\/wp\/v2\/pages\/1719\/revisions\/27098"}],"wp:featuredmedia":[{"embeddable":true,"href":"https:\/\/cenal.gob.ve\/index.php?rest_route=\/wp\/v2\/media\/15901"}],"wp:attachment":[{"href":"https:\/\/cenal.gob.ve\/index.php?rest_route=%2Fwp%2Fv2%2Fmedia&parent=1719"}],"curies":[{"name":"wp","href":"https:\/\/api.w.org\/{rel}","templated":true}]}}