{"id":17265,"date":"2020-04-23T09:19:00","date_gmt":"2020-04-23T13:19:00","guid":{"rendered":"http:\/\/cenal.gob.ve\/?page_id=17265"},"modified":"2022-05-27T16:51:20","modified_gmt":"2022-05-27T20:51:20","slug":"dibujemos-la-biblioteca-ayaucho","status":"publish","type":"page","link":"https:\/\/cenal.gob.ve\/?page_id=17265","title":{"rendered":"Dibujemos la Biblioteca Ayaucho"},"content":{"rendered":"\n<p>El <strong>Ministerio del Poder Popular para la Cultura<\/strong><br>a trav\u00e9s de la<br><strong>Fundaci\u00f3n Biblioteca Ayacucho<\/strong><br>convoca el concurso<br><strong>Dibujemos la Biblioteca Ayaucho<\/strong><\/p>\n\n\n\n<p>Biblioteca Ayacucho Ilustrada es una de varias iniciativas de la Fundaci\u00f3n Biblioteca Ayacucho, en el campo del <em>comic<\/em> y la ilustraci\u00f3n. Consiste en un proyecto para ilustrar o adaptar al comic, un conjunto de materiales de su vasta colecci\u00f3n, en principio, de la Cl\u00e1sica. Como tal, es un proyecto de largo aliento y estos trabajos de adaptaci\u00f3n no deben verse como una forma de divulgaci\u00f3n, simplificaci\u00f3n o esquematizaci\u00f3n de la obra adaptada, sino un umbral a ella y desde ella, es decir, una forma en que tanto el lector que la desconoce puede conocerla, y el que la conoce verla con otra luz.<\/p>\n\n\n\n<p>El Concurso se convoca con el prop\u00f3sito de fomentar y premiar la creatividad y el talento art\u00edstico en el \u00e1mbito de la ilustraci\u00f3n entre el p\u00fablico infantil y juvenil de la Patria.<\/p>\n\n\n\n<p><strong>Bases y condiciones<\/strong><\/p>\n\n\n\n<p>Se convoca a ni\u00f1as, ni\u00f1os, jovenes y adultos (estudiantes y profesionales) a enviar su trabajo m\u00e1s destacado (bajo su criterio) en ilustraciones \u00fanicas<\/p>\n\n\n\n<p>La participaci\u00f3n es libre y gratuita. Los trabajos deben ser in\u00e9ditos.<\/p>\n\n\n\n<p>El tratamiento de la imagen, los recursos utilizados, el estilo personal y la b\u00fasqueda experimental son aspectos valorados en la convocatoria.<\/p>\n\n\n\n<p><strong>Datos B\u00e1sicos<br><\/strong><strong>T\u00e9cnica :<\/strong> Libre.<br><strong>Temas<\/strong> : Figura Femenina Latinoamericana \/ Poeta Aquiles Nazoa \/ Poeta Ram\u00f3n Palomares \/ Autor \/ Obra de la Biblioteca Ayacucho.<\/p>\n\n\n\n<p><strong>Categor\u00edas:<\/strong><\/p>\n\n\n\n<p><strong>Infantil: Ni\u00f1as y Ni\u00f1os de 6 a 12 a\u00f1os.<br><\/strong>Ilustrar \u201cPajarito que ven\u00eds tan cansado\u201d de Ram\u00f3n Palomares o versos de Andr\u00e9s Eloy Blanco.<\/p>\n\n\n\n<p><strong>Juvenil: Jovenes de 13 a 17 a\u00f1os<br><\/strong>Ilustrar cualquier personaje o cap\u00edtulo de \u201cMemorias de Mam\u00e1 Blanca\u201d de Teresa de la Parra<br>Ilustrar cualquier personaje o cap\u00edtulo de \u201cAna Isabel, una ni\u00f1a decente\u201d&nbsp; de Antonia Palacios.<\/p>\n\n\n\n<p><strong>Adulto Joven: 18 a 30 a\u00f1os.<\/strong><br>Ilustraci\u00f3n de Figura femenina latinoamericana (abierto s\u00f3lo a principiantes)<br>Ilustraci\u00f3n libre (s\u00f3lo para profesionales)<\/p>\n\n\n\n<p><strong>Formato de las ilustraciones<br><\/strong>Los archivos se suben <strong>\u00fanicamente<\/strong> en formato digital con las siguientes caracter\u00edsticas:<br>&#8211; Ilustraci\u00f3n contenida en un panel tama\u00f1o carta, vertical u horizontal<br>&#8211; Formato digital: jpg [RGB]<br>&#8211; Resoluci\u00f3n m\u00ednima: 150 dpi<br>&#8211; Peso m\u00e1ximo: 5 megas<\/p>\n\n\n\n<p><strong>Participantes<\/strong><\/p>\n\n\n\n<p>Pueden participar ni\u00f1as, ni\u00f1os,&nbsp; j\u00f3venes estudiantes y profesionales , de manera individual o grupal, sin ninguna clase de limitaci\u00f3n o exclusi\u00f3n.<\/p>\n\n\n\n<p>En caso de ser un equipo de trabajo constituido por dos o m\u00e1s personas se debe designar a trav\u00e9s correo a un representante, miembro del equipo, para todos los fines operativos y legales del Concurso. El o los titulares del trabajo presentado deber\u00e1n ser los autores del mismo, garantizando por escrito tal condici\u00f3n, siendo los \u00fanicos responsables frente a las gestiones respectivas.<\/p>\n\n\n\n<p>Tanto el responsable de la inscripci\u00f3n de los trabajos enviados como los co-autores que registre deben ser los autores de los mismos, tanto del dise\u00f1o total como de las partes que lo componen.<\/p>\n\n\n\n<p><strong>E-Mail de Recepci\u00f3n: <\/strong>ayacuchopremios@gmail.com<\/p>\n\n\n\n<p><strong>Los trabajos que no se env\u00eden bajo las condiciones detalladas, no ser\u00e1n considerados por el jurado.<\/strong><\/p>\n\n\n\n<p>Se informa que los trabajos recibidos pueden ser utilizados por la Fundaci\u00f3n Biblioteca Ayacucho a trav\u00e9s de sus publicaciones o su sitio Web. En este caso se citar\u00e1n el o los autores de la ilustraci\u00f3n.<\/p>\n\n\n\n<p><strong>Premios<\/strong><\/p>\n\n\n\n<p><strong>Categor\u00eda infantil<br><\/strong>1er premio: 2 millones<br>2do premio: 1 mill\u00f3n 500<br>3er premio: 1 mill\u00f3n de bol\u00edvares.<\/p>\n\n\n\n<p><strong>Categor\u00eda j\u00f3venes y adolescentes<br><\/strong>1er premio 3 millones<br>2do premio: 2 millones<br>3er premio: 1 mill\u00f3n de bol\u00edvares.<\/p>\n\n\n\n<p><strong>Categor\u00eda de mayores de 18 a\u00f1os<br>lustraci\u00f3n de Figura femenina latinoamericana<\/strong>: 5 millones de bol\u00edvares.<br><strong>Ilustraci\u00f3n libre<\/strong>: 10 millones de bol\u00edvares.<\/p>\n\n\n\n<p><strong>Lapso:<br><\/strong><strong>El concurso finalizar\u00e1 tres d\u00edas despu\u00e9s del cese de la medida de Cuarentena Nacional.<br><\/strong>La inscripci\u00f3n al Concurso implica la aceptaci\u00f3n autom\u00e1tica de las presentes bases y condiciones aprobadas por el jurado.<\/p>\n","protected":false},"excerpt":{"rendered":"<p>El Ministerio del Poder Popular para la Culturaa trav\u00e9s de laFundaci\u00f3n Biblioteca Ayacuchoconvoca el concursoDibujemos la Biblioteca Ayaucho Biblioteca Ayacucho Ilustrada es una de varias iniciativas de la Fundaci\u00f3n Biblioteca [&hellip;]<\/p>\n","protected":false},"author":10,"featured_media":0,"parent":0,"menu_order":0,"comment_status":"closed","ping_status":"closed","template":"","meta":{"spay_email":""},"yoast_head":"<!-- This site is optimized with the Yoast SEO plugin v19.8 - https:\/\/yoast.com\/wordpress\/plugins\/seo\/ -->\n<title>Dibujemos la Biblioteca Ayaucho<\/title>\n<meta name=\"robots\" content=\"index, follow, max-snippet:-1, max-image-preview:large, max-video-preview:-1\" \/>\n<link rel=\"canonical\" href=\"https:\/\/cenal.gob.ve\/?page_id=17265\" \/>\n<meta property=\"og:locale\" content=\"es_ES\" \/>\n<meta property=\"og:type\" content=\"article\" \/>\n<meta property=\"og:title\" content=\"Dibujemos la Biblioteca Ayaucho\" \/>\n<meta property=\"og:description\" content=\"El Ministerio del Poder Popular para la Culturaa trav\u00e9s de laFundaci\u00f3n Biblioteca Ayacuchoconvoca el concursoDibujemos la Biblioteca Ayaucho Biblioteca Ayacucho Ilustrada es una de varias iniciativas de la Fundaci\u00f3n Biblioteca [&hellip;]\" \/>\n<meta property=\"og:url\" content=\"https:\/\/cenal.gob.ve\/?page_id=17265\" \/>\n<meta property=\"og:site_name\" content=\"Cenal\" \/>\n<meta property=\"article:modified_time\" content=\"2022-05-27T20:51:20+00:00\" \/>\n<meta name=\"twitter:card\" content=\"summary_large_image\" \/>\n<meta name=\"twitter:label1\" content=\"Est. reading time\" \/>\n\t<meta name=\"twitter:data1\" content=\"3 minutos\" \/>\n<script type=\"application\/ld+json\" class=\"yoast-schema-graph\">{\"@context\":\"https:\/\/schema.org\",\"@graph\":[{\"@type\":\"WebPage\",\"@id\":\"https:\/\/cenal.gob.ve\/?page_id=17265\",\"url\":\"https:\/\/cenal.gob.ve\/?page_id=17265\",\"name\":\"Dibujemos la Biblioteca Ayaucho\",\"isPartOf\":{\"@id\":\"https:\/\/cenal.gob.ve\/#website\"},\"datePublished\":\"2020-04-23T13:19:00+00:00\",\"dateModified\":\"2022-05-27T20:51:20+00:00\",\"breadcrumb\":{\"@id\":\"https:\/\/cenal.gob.ve\/?page_id=17265#breadcrumb\"},\"inLanguage\":\"es\",\"potentialAction\":[{\"@type\":\"ReadAction\",\"target\":[\"https:\/\/cenal.gob.ve\/?page_id=17265\"]}]},{\"@type\":\"BreadcrumbList\",\"@id\":\"https:\/\/cenal.gob.ve\/?page_id=17265#breadcrumb\",\"itemListElement\":[{\"@type\":\"ListItem\",\"position\":1,\"name\":\"Home\",\"item\":\"https:\/\/cenal.gob.ve\/\"},{\"@type\":\"ListItem\",\"position\":2,\"name\":\"Dibujemos la Biblioteca Ayaucho\"}]},{\"@type\":\"WebSite\",\"@id\":\"https:\/\/cenal.gob.ve\/#website\",\"url\":\"https:\/\/cenal.gob.ve\/\",\"name\":\"Cenal\",\"description\":\"\",\"publisher\":{\"@id\":\"https:\/\/cenal.gob.ve\/#organization\"},\"potentialAction\":[{\"@type\":\"SearchAction\",\"target\":{\"@type\":\"EntryPoint\",\"urlTemplate\":\"https:\/\/cenal.gob.ve\/?s={search_term_string}\"},\"query-input\":\"required name=search_term_string\"}],\"inLanguage\":\"es\"},{\"@type\":\"Organization\",\"@id\":\"https:\/\/cenal.gob.ve\/#organization\",\"name\":\"CENAL\",\"url\":\"https:\/\/cenal.gob.ve\/\",\"sameAs\":[],\"logo\":{\"@type\":\"ImageObject\",\"inLanguage\":\"es\",\"@id\":\"https:\/\/cenal.gob.ve\/#\/schema\/logo\/image\/\",\"url\":\"https:\/\/i0.wp.com\/cenal.gob.ve\/wp-content\/uploads\/2022\/10\/cropped-images.jpg?fit=512%2C512\",\"contentUrl\":\"https:\/\/i0.wp.com\/cenal.gob.ve\/wp-content\/uploads\/2022\/10\/cropped-images.jpg?fit=512%2C512\",\"width\":512,\"height\":512,\"caption\":\"CENAL\"},\"image\":{\"@id\":\"https:\/\/cenal.gob.ve\/#\/schema\/logo\/image\/\"}}]}<\/script>\n<!-- \/ Yoast SEO plugin. -->","yoast_head_json":{"title":"Dibujemos la Biblioteca Ayaucho","robots":{"index":"index","follow":"follow","max-snippet":"max-snippet:-1","max-image-preview":"max-image-preview:large","max-video-preview":"max-video-preview:-1"},"canonical":"https:\/\/cenal.gob.ve\/?page_id=17265","og_locale":"es_ES","og_type":"article","og_title":"Dibujemos la Biblioteca Ayaucho","og_description":"El Ministerio del Poder Popular para la Culturaa trav\u00e9s de laFundaci\u00f3n Biblioteca Ayacuchoconvoca el concursoDibujemos la Biblioteca Ayaucho Biblioteca Ayacucho Ilustrada es una de varias iniciativas de la Fundaci\u00f3n Biblioteca [&hellip;]","og_url":"https:\/\/cenal.gob.ve\/?page_id=17265","og_site_name":"Cenal","article_modified_time":"2022-05-27T20:51:20+00:00","twitter_card":"summary_large_image","twitter_misc":{"Est. reading time":"3 minutos"},"schema":{"@context":"https:\/\/schema.org","@graph":[{"@type":"WebPage","@id":"https:\/\/cenal.gob.ve\/?page_id=17265","url":"https:\/\/cenal.gob.ve\/?page_id=17265","name":"Dibujemos la Biblioteca Ayaucho","isPartOf":{"@id":"https:\/\/cenal.gob.ve\/#website"},"datePublished":"2020-04-23T13:19:00+00:00","dateModified":"2022-05-27T20:51:20+00:00","breadcrumb":{"@id":"https:\/\/cenal.gob.ve\/?page_id=17265#breadcrumb"},"inLanguage":"es","potentialAction":[{"@type":"ReadAction","target":["https:\/\/cenal.gob.ve\/?page_id=17265"]}]},{"@type":"BreadcrumbList","@id":"https:\/\/cenal.gob.ve\/?page_id=17265#breadcrumb","itemListElement":[{"@type":"ListItem","position":1,"name":"Home","item":"https:\/\/cenal.gob.ve\/"},{"@type":"ListItem","position":2,"name":"Dibujemos la Biblioteca Ayaucho"}]},{"@type":"WebSite","@id":"https:\/\/cenal.gob.ve\/#website","url":"https:\/\/cenal.gob.ve\/","name":"Cenal","description":"","publisher":{"@id":"https:\/\/cenal.gob.ve\/#organization"},"potentialAction":[{"@type":"SearchAction","target":{"@type":"EntryPoint","urlTemplate":"https:\/\/cenal.gob.ve\/?s={search_term_string}"},"query-input":"required name=search_term_string"}],"inLanguage":"es"},{"@type":"Organization","@id":"https:\/\/cenal.gob.ve\/#organization","name":"CENAL","url":"https:\/\/cenal.gob.ve\/","sameAs":[],"logo":{"@type":"ImageObject","inLanguage":"es","@id":"https:\/\/cenal.gob.ve\/#\/schema\/logo\/image\/","url":"https:\/\/i0.wp.com\/cenal.gob.ve\/wp-content\/uploads\/2022\/10\/cropped-images.jpg?fit=512%2C512","contentUrl":"https:\/\/i0.wp.com\/cenal.gob.ve\/wp-content\/uploads\/2022\/10\/cropped-images.jpg?fit=512%2C512","width":512,"height":512,"caption":"CENAL"},"image":{"@id":"https:\/\/cenal.gob.ve\/#\/schema\/logo\/image\/"}}]}},"jetpack_shortlink":"https:\/\/wp.me\/P5FMhp-4ut","_links":{"self":[{"href":"https:\/\/cenal.gob.ve\/index.php?rest_route=\/wp\/v2\/pages\/17265"}],"collection":[{"href":"https:\/\/cenal.gob.ve\/index.php?rest_route=\/wp\/v2\/pages"}],"about":[{"href":"https:\/\/cenal.gob.ve\/index.php?rest_route=\/wp\/v2\/types\/page"}],"author":[{"embeddable":true,"href":"https:\/\/cenal.gob.ve\/index.php?rest_route=\/wp\/v2\/users\/10"}],"replies":[{"embeddable":true,"href":"https:\/\/cenal.gob.ve\/index.php?rest_route=%2Fwp%2Fv2%2Fcomments&post=17265"}],"version-history":[{"count":1,"href":"https:\/\/cenal.gob.ve\/index.php?rest_route=\/wp\/v2\/pages\/17265\/revisions"}],"predecessor-version":[{"id":17266,"href":"https:\/\/cenal.gob.ve\/index.php?rest_route=\/wp\/v2\/pages\/17265\/revisions\/17266"}],"wp:attachment":[{"href":"https:\/\/cenal.gob.ve\/index.php?rest_route=%2Fwp%2Fv2%2Fmedia&parent=17265"}],"curies":[{"name":"wp","href":"https:\/\/api.w.org\/{rel}","templated":true}]}}