{"id":17556,"date":"2022-06-09T11:04:21","date_gmt":"2022-06-09T15:04:21","guid":{"rendered":"http:\/\/cenal.gob.ve\/?page_id=17556"},"modified":"2022-06-09T11:04:24","modified_gmt":"2022-06-09T15:04:24","slug":"vii-bienal-nacional-de-literatura-jose-vicente-abreu-2","status":"publish","type":"page","link":"https:\/\/cenal.gob.ve\/?page_id=17556","title":{"rendered":"VII Bienal Nacional de Literatura Jos\u00e9 Vicente Abreu"},"content":{"rendered":"\n<p><strong>BASES<\/strong> <\/p>\n\n\n\n<p>El Ministerio del Poder Popular para la Cultura, por intermedio del Centro Nacional del Libro (Cenal) y el Gabinete de Cultura de Apure, conjuntamente con la Gobernaci\u00f3n Bolivariana del estado Apure, la Alcald\u00eda del municipio Pedro Camejo, la Red Nacional de Escritores y Escritoras Socialistas de Venezuela, Cap\u00edtulo Apure, y la Casa Nacional de Las Letras Andr\u00e9s Bello, convocan al Concurso de la VII Bienal Nacional de Literatura Jos\u00e9 Vicente Abreu, a partir de la publicaci\u00f3n de las presentes bases.<\/p>\n\n\n\n<p>1.- La s\u00e9ptima edici\u00f3n de la Bienal Jos\u00e9 Vicente Abreu se celebrar\u00e1 en San Fernando de Apure en homenaje al hombre que combati\u00f3 y dej\u00f3 memoria de los asesinatos de la dictadura perezjimenista y los de la IV Rep\u00fablica (San Juan de Payara, 20 de junio de 1927-Caracas, 25 de Abril de 1987), adem\u00e1s de construir una obra po\u00e9tica y narrativa trascendente. <\/p>\n\n\n\n<p>2.- Para esta edici\u00f3n se abre la convocatoria en la menci\u00f3n Novela Hist\u00f3rica.  <\/p>\n\n\n\n<p>3.- Podr\u00e1n participar escritores venezolanos y extranjeros con residencia en la Rep\u00fablica Bolivariana de Venezuela. No podr\u00e1n participar integrantes del Comit\u00e9 Organizador del evento. <\/p>\n\n\n\n<p>4- No podr\u00e1n participar aquellos escritores que hayan ganado en otras bienales en los \u00faltimos cinco (5) a\u00f1os. <\/p>\n\n\n\n<p>5.- Las obras participantes deber\u00e1n ser in\u00e9ditas, que no hayan sido publicadas ni premiadas en otros cert\u00e1menes. <\/p>\n\n\n\n<p>6.- Las obras participantes ser\u00e1n recibidas desde la publicaci\u00f3n de las presentes bases hasta el 15 de julio, \u00fanicamente por el correo electr\u00f3nico:bienaljosevicenteabreu@cenal.gob.ve  <\/p>\n\n\n\n<p>7.- En dos archivos adjuntos, independientes, se recibir\u00e1n: Archivo A): La obra con una extensi\u00f3n m\u00ednima de 60 cuartillas; espacio 1.5, en letra Times New Roman, tama\u00f1o 12 puntos, en formato PDF, firmado bajo seud\u00f3nimo o lema. Archivo B): El nombre de la obra, seud\u00f3nimo, y los datos del autor (nombre completo, No de c\u00e9dula de identidad, lugar de nacimiento, direcci\u00f3n de habitaci\u00f3n, No telef\u00f3nico, direcci\u00f3n electr\u00f3nica y breve biograf\u00eda literaria). <\/p>\n\n\n\n<p>8.- Se otorgar\u00e1 un premio \u00fanico que no podr\u00e1 ser compartido. No habr\u00e1 premios honor\u00edficos ni menciones especiales. <\/p>\n\n\n\n<p>9.- El autor o autora de la obra ganadora recibir\u00e1 certificado y un premio de Bol\u00edvares Trece Mil (Bs. Bs. 13.000,00), otorgado por el Centro Nacional del Libro (Cenal), y la publicaci\u00f3n del libro por Monte Avila Editores (impreso y digital). <\/p>\n\n\n\n<p>10.- El jurado estar\u00e1 constituido por tres (3) escritores o escritoras de reconocida trayectoria, cuyos nombres se dar\u00e1n a conocer oportunamente. El fallo ser\u00e1 inapelable. <\/p>\n\n\n\n<p>11.- El veredicto   de la VI Bienal Jos\u00e9 Vicente Abreu publicado   en la p\u00e1gina  web del cenal http:\/\/www.cenal.gob.ve.<\/p>\n\n\n\n<p>12.- Lo no previsto en la presente convocatoria ser\u00e1 resuelto a criterio del jurado y el equipo organizador. La participaci\u00f3n en este concurso es libre y gratuita, y supone el conocimiento y aceptaci\u00f3n de las bases. <\/p>\n","protected":false},"excerpt":{"rendered":"<p>BASES El Ministerio del Poder Popular para la Cultura, por intermedio del Centro Nacional del Libro (Cenal) y el Gabinete de Cultura de Apure, conjuntamente con la Gobernaci\u00f3n Bolivariana del [&hellip;]<\/p>\n","protected":false},"author":10,"featured_media":0,"parent":0,"menu_order":0,"comment_status":"closed","ping_status":"closed","template":"","meta":{"spay_email":""},"yoast_head":"<!-- This site is optimized with the Yoast SEO plugin v19.8 - https:\/\/yoast.com\/wordpress\/plugins\/seo\/ -->\n<title>VII Bienal Nacional de Literatura Jos\u00e9 Vicente Abreu<\/title>\n<meta name=\"robots\" content=\"index, follow, max-snippet:-1, max-image-preview:large, max-video-preview:-1\" \/>\n<link rel=\"canonical\" href=\"https:\/\/cenal.gob.ve\/?page_id=17556\" \/>\n<meta property=\"og:locale\" content=\"es_ES\" \/>\n<meta property=\"og:type\" content=\"article\" \/>\n<meta property=\"og:title\" content=\"VII Bienal Nacional de Literatura Jos\u00e9 Vicente Abreu\" \/>\n<meta property=\"og:description\" content=\"BASES El Ministerio del Poder Popular para la Cultura, por intermedio del Centro Nacional del Libro (Cenal) y el Gabinete de Cultura de Apure, conjuntamente con la Gobernaci\u00f3n Bolivariana del [&hellip;]\" \/>\n<meta property=\"og:url\" content=\"https:\/\/cenal.gob.ve\/?page_id=17556\" \/>\n<meta property=\"og:site_name\" content=\"Cenal\" \/>\n<meta property=\"article:modified_time\" content=\"2022-06-09T15:04:24+00:00\" \/>\n<meta name=\"twitter:card\" content=\"summary_large_image\" \/>\n<meta name=\"twitter:label1\" content=\"Est. reading time\" \/>\n\t<meta name=\"twitter:data1\" content=\"2 minutos\" \/>\n<script type=\"application\/ld+json\" class=\"yoast-schema-graph\">{\"@context\":\"https:\/\/schema.org\",\"@graph\":[{\"@type\":\"WebPage\",\"@id\":\"https:\/\/cenal.gob.ve\/?page_id=17556\",\"url\":\"https:\/\/cenal.gob.ve\/?page_id=17556\",\"name\":\"VII Bienal Nacional de Literatura Jos\u00e9 Vicente Abreu\",\"isPartOf\":{\"@id\":\"https:\/\/cenal.gob.ve\/#website\"},\"datePublished\":\"2022-06-09T15:04:21+00:00\",\"dateModified\":\"2022-06-09T15:04:24+00:00\",\"breadcrumb\":{\"@id\":\"https:\/\/cenal.gob.ve\/?page_id=17556#breadcrumb\"},\"inLanguage\":\"es\",\"potentialAction\":[{\"@type\":\"ReadAction\",\"target\":[\"https:\/\/cenal.gob.ve\/?page_id=17556\"]}]},{\"@type\":\"BreadcrumbList\",\"@id\":\"https:\/\/cenal.gob.ve\/?page_id=17556#breadcrumb\",\"itemListElement\":[{\"@type\":\"ListItem\",\"position\":1,\"name\":\"Home\",\"item\":\"https:\/\/cenal.gob.ve\/\"},{\"@type\":\"ListItem\",\"position\":2,\"name\":\"VII Bienal Nacional de Literatura Jos\u00e9 Vicente Abreu\"}]},{\"@type\":\"WebSite\",\"@id\":\"https:\/\/cenal.gob.ve\/#website\",\"url\":\"https:\/\/cenal.gob.ve\/\",\"name\":\"Cenal\",\"description\":\"\",\"publisher\":{\"@id\":\"https:\/\/cenal.gob.ve\/#organization\"},\"potentialAction\":[{\"@type\":\"SearchAction\",\"target\":{\"@type\":\"EntryPoint\",\"urlTemplate\":\"https:\/\/cenal.gob.ve\/?s={search_term_string}\"},\"query-input\":\"required name=search_term_string\"}],\"inLanguage\":\"es\"},{\"@type\":\"Organization\",\"@id\":\"https:\/\/cenal.gob.ve\/#organization\",\"name\":\"CENAL\",\"url\":\"https:\/\/cenal.gob.ve\/\",\"sameAs\":[],\"logo\":{\"@type\":\"ImageObject\",\"inLanguage\":\"es\",\"@id\":\"https:\/\/cenal.gob.ve\/#\/schema\/logo\/image\/\",\"url\":\"https:\/\/i0.wp.com\/cenal.gob.ve\/wp-content\/uploads\/2022\/10\/cropped-images.jpg?fit=512%2C512\",\"contentUrl\":\"https:\/\/i0.wp.com\/cenal.gob.ve\/wp-content\/uploads\/2022\/10\/cropped-images.jpg?fit=512%2C512\",\"width\":512,\"height\":512,\"caption\":\"CENAL\"},\"image\":{\"@id\":\"https:\/\/cenal.gob.ve\/#\/schema\/logo\/image\/\"}}]}<\/script>\n<!-- \/ Yoast SEO plugin. -->","yoast_head_json":{"title":"VII Bienal Nacional de Literatura Jos\u00e9 Vicente Abreu","robots":{"index":"index","follow":"follow","max-snippet":"max-snippet:-1","max-image-preview":"max-image-preview:large","max-video-preview":"max-video-preview:-1"},"canonical":"https:\/\/cenal.gob.ve\/?page_id=17556","og_locale":"es_ES","og_type":"article","og_title":"VII Bienal Nacional de Literatura Jos\u00e9 Vicente Abreu","og_description":"BASES El Ministerio del Poder Popular para la Cultura, por intermedio del Centro Nacional del Libro (Cenal) y el Gabinete de Cultura de Apure, conjuntamente con la Gobernaci\u00f3n Bolivariana del [&hellip;]","og_url":"https:\/\/cenal.gob.ve\/?page_id=17556","og_site_name":"Cenal","article_modified_time":"2022-06-09T15:04:24+00:00","twitter_card":"summary_large_image","twitter_misc":{"Est. reading time":"2 minutos"},"schema":{"@context":"https:\/\/schema.org","@graph":[{"@type":"WebPage","@id":"https:\/\/cenal.gob.ve\/?page_id=17556","url":"https:\/\/cenal.gob.ve\/?page_id=17556","name":"VII Bienal Nacional de Literatura Jos\u00e9 Vicente Abreu","isPartOf":{"@id":"https:\/\/cenal.gob.ve\/#website"},"datePublished":"2022-06-09T15:04:21+00:00","dateModified":"2022-06-09T15:04:24+00:00","breadcrumb":{"@id":"https:\/\/cenal.gob.ve\/?page_id=17556#breadcrumb"},"inLanguage":"es","potentialAction":[{"@type":"ReadAction","target":["https:\/\/cenal.gob.ve\/?page_id=17556"]}]},{"@type":"BreadcrumbList","@id":"https:\/\/cenal.gob.ve\/?page_id=17556#breadcrumb","itemListElement":[{"@type":"ListItem","position":1,"name":"Home","item":"https:\/\/cenal.gob.ve\/"},{"@type":"ListItem","position":2,"name":"VII Bienal Nacional de Literatura Jos\u00e9 Vicente Abreu"}]},{"@type":"WebSite","@id":"https:\/\/cenal.gob.ve\/#website","url":"https:\/\/cenal.gob.ve\/","name":"Cenal","description":"","publisher":{"@id":"https:\/\/cenal.gob.ve\/#organization"},"potentialAction":[{"@type":"SearchAction","target":{"@type":"EntryPoint","urlTemplate":"https:\/\/cenal.gob.ve\/?s={search_term_string}"},"query-input":"required name=search_term_string"}],"inLanguage":"es"},{"@type":"Organization","@id":"https:\/\/cenal.gob.ve\/#organization","name":"CENAL","url":"https:\/\/cenal.gob.ve\/","sameAs":[],"logo":{"@type":"ImageObject","inLanguage":"es","@id":"https:\/\/cenal.gob.ve\/#\/schema\/logo\/image\/","url":"https:\/\/i0.wp.com\/cenal.gob.ve\/wp-content\/uploads\/2022\/10\/cropped-images.jpg?fit=512%2C512","contentUrl":"https:\/\/i0.wp.com\/cenal.gob.ve\/wp-content\/uploads\/2022\/10\/cropped-images.jpg?fit=512%2C512","width":512,"height":512,"caption":"CENAL"},"image":{"@id":"https:\/\/cenal.gob.ve\/#\/schema\/logo\/image\/"}}]}},"jetpack_shortlink":"https:\/\/wp.me\/P5FMhp-4za","_links":{"self":[{"href":"https:\/\/cenal.gob.ve\/index.php?rest_route=\/wp\/v2\/pages\/17556"}],"collection":[{"href":"https:\/\/cenal.gob.ve\/index.php?rest_route=\/wp\/v2\/pages"}],"about":[{"href":"https:\/\/cenal.gob.ve\/index.php?rest_route=\/wp\/v2\/types\/page"}],"author":[{"embeddable":true,"href":"https:\/\/cenal.gob.ve\/index.php?rest_route=\/wp\/v2\/users\/10"}],"replies":[{"embeddable":true,"href":"https:\/\/cenal.gob.ve\/index.php?rest_route=%2Fwp%2Fv2%2Fcomments&post=17556"}],"version-history":[{"count":1,"href":"https:\/\/cenal.gob.ve\/index.php?rest_route=\/wp\/v2\/pages\/17556\/revisions"}],"predecessor-version":[{"id":17557,"href":"https:\/\/cenal.gob.ve\/index.php?rest_route=\/wp\/v2\/pages\/17556\/revisions\/17557"}],"wp:attachment":[{"href":"https:\/\/cenal.gob.ve\/index.php?rest_route=%2Fwp%2Fv2%2Fmedia&parent=17556"}],"curies":[{"name":"wp","href":"https:\/\/api.w.org\/{rel}","templated":true}]}}