{"id":17977,"date":"2022-06-21T15:10:45","date_gmt":"2022-06-21T19:10:45","guid":{"rendered":"http:\/\/cenal.gob.ve\/?page_id=17977"},"modified":"2022-06-21T15:28:40","modified_gmt":"2022-06-21T19:28:40","slug":"becas-de-estimulo-a-la-creacion-literaria-2022","status":"publish","type":"page","link":"https:\/\/cenal.gob.ve\/?page_id=17977","title":{"rendered":"BECAS DE EST\u00cdMULO A LA CREACI\u00d3N LITERARIA 2022"},"content":{"rendered":"\n<p>Con el fin de estimular y fomentar la creaci\u00f3n literaria, el Ministerio del Poder Popular para la Cultura a trav\u00e9s del Centro Nacional del Libro (CENAL), convoca a escritoras y escritores a participar en el concurso <em><strong>Becas de Est\u00edmulo a la Creaci\u00f3n Literaria<\/strong><\/em> 2022.<\/p>\n\n\n\n<p>El proceso de recepci\u00f3n de las obras, que cumplan con los requisitos exigidos en las bases, ser\u00e1 v\u00eda digital a trav\u00e9s del <a href=\"https:\/\/info.cenal.org.ve\/index.php?r=survey\/index&amp;sid=457517&amp;lang=es\"><strong>registro de aspirantes.<\/strong><\/a><\/p>\n\n\n\n<p><strong>Se otorgar\u00e1n cinco (5) becas por cada g\u00e9nero a evaluar:<\/strong><\/p>\n\n\n\n<ul><li>Narrativa<\/li><\/ul>\n\n\n\n<ul><li>Ensayos sobre el libro y la lectura<\/li><\/ul>\n\n\n\n<ul><li>Biograf\u00edas, testimonios y cr\u00f3nicas<\/li><\/ul>\n\n\n\n<ul><li>Literatura para ni\u00f1as, ni\u00f1os y j\u00f3venes<\/li><\/ul>\n\n\n\n<p>&#8211; Podr\u00e1n participar escritores y escritoras de nacionalidad venezolana o extranjeros residentes en el pa\u00eds, mayores de edad, con proyectos de creaci\u00f3n literaria originales e in\u00e9ditos, escritos en castellano o en alguna de nuestras lenguas originarias, que no hayan sido beneficiarios de esta beca (en ninguno de los g\u00e9neros que contempla) anteriormente.<\/p>\n\n\n\n<p>&#8211; No podr\u00e1n participar trabajadoras o trabajadores activos directivos del Ministerio del Poder Popular para la Cultura, ni personas vinculadas con el proceso de evaluaci\u00f3n y convocatoria. Tampoco quienes hayan sido merecedores de premios nacionales e internacionales.<\/p>\n\n\n\n<p>&#8211; No se admitir\u00e1n proyectos institucionales, ni que est\u00e9n siendo apoyados por otros medios o sometidos a otro concurso.<\/p>\n\n\n\n<p>&#8211; El monto de la beca es equivalente al salario de un profesional nivel III, de la Administraci\u00f3n P\u00fablica. La duraci\u00f3n de la beca tendr\u00e1 un lapso de seis (6) meses y ser\u00e1 cancelada de manera mensual. El \u00faltimo pago ser\u00e1 contra trabajo culminado.<\/p>\n\n\n\n<p>&#8211; La beca es intransferible.<\/p>\n\n\n\n<p>&#8211;  Para participar, los aspirantes deber\u00e1n enviar al correo electr\u00f3nico becas.cenal@gmail.com, dos (2) archivos. El primero identificado bajo seud\u00f3nimo, una ficha con todos sus datos personales (Nombres y apellidos completos, n\u00famero de c\u00e9dula de identidad, Tel\u00e9fonos de contacto, Direcci\u00f3n de habitaci\u00f3n y rese\u00f1a personal de hasta 500 caracteres). El segundo archivo adjunto, la obra (en los formatos .doc, .docx, .pdf, .mobi, .epub), con el t\u00edtulo al principio y el seud\u00f3nimo, sin el nombre del autor o la autora.<\/p>\n\n\n\n<ul><li><strong>El archivo adjunto constar\u00e1 de lo siguiente:<\/strong><\/li><\/ul>\n\n\n\n<p>a) \u00cdndice del proyecto.<\/p>\n\n\n\n<p>b) Sinopsis del proyecto no mayor a una cuartilla.<\/p>\n\n\n\n<p>c) Muestra del 50% o 10 cuartillas de la obra.<\/p>\n\n\n\n<p>d) Cronograma para su etapa de culminaci\u00f3n.<\/p>\n\n\n\n<p>e) El material deber\u00e1 ser presentado letra Arial, tama\u00f1o 12, interlineado 1,5 (intermedio).<\/p>\n\n\n\n<p>f) Las postulaciones que contengan documentaci\u00f3n alterada o falsa no ser\u00e1n consideradas.<\/p>\n\n\n\n<p>&#8211; <strong>El per\u00edodo de recepci\u00f3n de los proyectos ser\u00e1 desde 20 de junio al 20 de julio de 2022.<\/strong><\/p>\n\n\n\n<p>&#8211;  La evaluaci\u00f3n y selecci\u00f3n final de las obras postuladas se llevar\u00e1 a cabo por un jurado integrado por tres (3) especialistas en el \u00e1rea.<\/p>\n\n\n\n<p>&#8211; El becario deber\u00e1 suscribir una carta-compromiso con el Cenal en el cual se especificar\u00e1 las condiciones de la adjudicaci\u00f3n de los recursos.<\/p>\n\n\n\n<p>&#8211; El otorgamiento de la beca no implica la publicaci\u00f3n de la obra.<\/p>\n\n\n\n<p>&#8211; El veredicto ser\u00e1 publicado en la p\u00e1gina web www.cenal.gob.ve.<\/p>\n\n\n\n<p>&#8211; La participaci\u00f3n en el concurso implica la aceptaci\u00f3n de la totalidad de las bases.<\/p>\n\n\n\n<p>&#8211; Lo no previsto en la presente convocatoria ser\u00e1 resuelto a criterio del jurado y equipo organizador.<\/p>\n","protected":false},"excerpt":{"rendered":"<p>Con el fin de estimular y fomentar la creaci\u00f3n literaria, el Ministerio del Poder Popular para la Cultura a trav\u00e9s del Centro Nacional del Libro (CENAL), convoca a escritoras y [&hellip;]<\/p>\n","protected":false},"author":10,"featured_media":0,"parent":0,"menu_order":0,"comment_status":"closed","ping_status":"closed","template":"","meta":{"spay_email":""},"yoast_head":"<!-- This site is optimized with the Yoast SEO plugin v19.8 - https:\/\/yoast.com\/wordpress\/plugins\/seo\/ -->\n<title>BECAS DE EST\u00cdMULO A LA CREACI\u00d3N LITERARIA 2022<\/title>\n<meta name=\"robots\" content=\"index, follow, max-snippet:-1, max-image-preview:large, max-video-preview:-1\" \/>\n<link rel=\"canonical\" href=\"https:\/\/cenal.gob.ve\/?page_id=17977\" \/>\n<meta property=\"og:locale\" content=\"es_ES\" \/>\n<meta property=\"og:type\" content=\"article\" \/>\n<meta property=\"og:title\" content=\"BECAS DE EST\u00cdMULO A LA CREACI\u00d3N LITERARIA 2022\" \/>\n<meta property=\"og:description\" content=\"Con el fin de estimular y fomentar la creaci\u00f3n literaria, el Ministerio del Poder Popular para la Cultura a trav\u00e9s del Centro Nacional del Libro (CENAL), convoca a escritoras y [&hellip;]\" \/>\n<meta property=\"og:url\" content=\"https:\/\/cenal.gob.ve\/?page_id=17977\" \/>\n<meta property=\"og:site_name\" content=\"Cenal\" \/>\n<meta property=\"article:modified_time\" content=\"2022-06-21T19:28:40+00:00\" \/>\n<meta name=\"twitter:card\" content=\"summary_large_image\" \/>\n<meta name=\"twitter:label1\" content=\"Est. reading time\" \/>\n\t<meta name=\"twitter:data1\" content=\"3 minutos\" \/>\n<script type=\"application\/ld+json\" class=\"yoast-schema-graph\">{\"@context\":\"https:\/\/schema.org\",\"@graph\":[{\"@type\":\"WebPage\",\"@id\":\"https:\/\/cenal.gob.ve\/?page_id=17977\",\"url\":\"https:\/\/cenal.gob.ve\/?page_id=17977\",\"name\":\"BECAS DE EST\u00cdMULO A LA CREACI\u00d3N LITERARIA 2022\",\"isPartOf\":{\"@id\":\"https:\/\/cenal.gob.ve\/#website\"},\"datePublished\":\"2022-06-21T19:10:45+00:00\",\"dateModified\":\"2022-06-21T19:28:40+00:00\",\"breadcrumb\":{\"@id\":\"https:\/\/cenal.gob.ve\/?page_id=17977#breadcrumb\"},\"inLanguage\":\"es\",\"potentialAction\":[{\"@type\":\"ReadAction\",\"target\":[\"https:\/\/cenal.gob.ve\/?page_id=17977\"]}]},{\"@type\":\"BreadcrumbList\",\"@id\":\"https:\/\/cenal.gob.ve\/?page_id=17977#breadcrumb\",\"itemListElement\":[{\"@type\":\"ListItem\",\"position\":1,\"name\":\"Home\",\"item\":\"https:\/\/cenal.gob.ve\/\"},{\"@type\":\"ListItem\",\"position\":2,\"name\":\"BECAS DE EST\u00cdMULO A LA CREACI\u00d3N LITERARIA 2022\"}]},{\"@type\":\"WebSite\",\"@id\":\"https:\/\/cenal.gob.ve\/#website\",\"url\":\"https:\/\/cenal.gob.ve\/\",\"name\":\"Cenal\",\"description\":\"\",\"publisher\":{\"@id\":\"https:\/\/cenal.gob.ve\/#organization\"},\"potentialAction\":[{\"@type\":\"SearchAction\",\"target\":{\"@type\":\"EntryPoint\",\"urlTemplate\":\"https:\/\/cenal.gob.ve\/?s={search_term_string}\"},\"query-input\":\"required name=search_term_string\"}],\"inLanguage\":\"es\"},{\"@type\":\"Organization\",\"@id\":\"https:\/\/cenal.gob.ve\/#organization\",\"name\":\"CENAL\",\"url\":\"https:\/\/cenal.gob.ve\/\",\"sameAs\":[],\"logo\":{\"@type\":\"ImageObject\",\"inLanguage\":\"es\",\"@id\":\"https:\/\/cenal.gob.ve\/#\/schema\/logo\/image\/\",\"url\":\"https:\/\/i0.wp.com\/cenal.gob.ve\/wp-content\/uploads\/2022\/10\/cropped-images.jpg?fit=512%2C512\",\"contentUrl\":\"https:\/\/i0.wp.com\/cenal.gob.ve\/wp-content\/uploads\/2022\/10\/cropped-images.jpg?fit=512%2C512\",\"width\":512,\"height\":512,\"caption\":\"CENAL\"},\"image\":{\"@id\":\"https:\/\/cenal.gob.ve\/#\/schema\/logo\/image\/\"}}]}<\/script>\n<!-- \/ Yoast SEO plugin. -->","yoast_head_json":{"title":"BECAS DE EST\u00cdMULO A LA CREACI\u00d3N LITERARIA 2022","robots":{"index":"index","follow":"follow","max-snippet":"max-snippet:-1","max-image-preview":"max-image-preview:large","max-video-preview":"max-video-preview:-1"},"canonical":"https:\/\/cenal.gob.ve\/?page_id=17977","og_locale":"es_ES","og_type":"article","og_title":"BECAS DE EST\u00cdMULO A LA CREACI\u00d3N LITERARIA 2022","og_description":"Con el fin de estimular y fomentar la creaci\u00f3n literaria, el Ministerio del Poder Popular para la Cultura a trav\u00e9s del Centro Nacional del Libro (CENAL), convoca a escritoras y [&hellip;]","og_url":"https:\/\/cenal.gob.ve\/?page_id=17977","og_site_name":"Cenal","article_modified_time":"2022-06-21T19:28:40+00:00","twitter_card":"summary_large_image","twitter_misc":{"Est. reading time":"3 minutos"},"schema":{"@context":"https:\/\/schema.org","@graph":[{"@type":"WebPage","@id":"https:\/\/cenal.gob.ve\/?page_id=17977","url":"https:\/\/cenal.gob.ve\/?page_id=17977","name":"BECAS DE EST\u00cdMULO A LA CREACI\u00d3N LITERARIA 2022","isPartOf":{"@id":"https:\/\/cenal.gob.ve\/#website"},"datePublished":"2022-06-21T19:10:45+00:00","dateModified":"2022-06-21T19:28:40+00:00","breadcrumb":{"@id":"https:\/\/cenal.gob.ve\/?page_id=17977#breadcrumb"},"inLanguage":"es","potentialAction":[{"@type":"ReadAction","target":["https:\/\/cenal.gob.ve\/?page_id=17977"]}]},{"@type":"BreadcrumbList","@id":"https:\/\/cenal.gob.ve\/?page_id=17977#breadcrumb","itemListElement":[{"@type":"ListItem","position":1,"name":"Home","item":"https:\/\/cenal.gob.ve\/"},{"@type":"ListItem","position":2,"name":"BECAS DE EST\u00cdMULO A LA CREACI\u00d3N LITERARIA 2022"}]},{"@type":"WebSite","@id":"https:\/\/cenal.gob.ve\/#website","url":"https:\/\/cenal.gob.ve\/","name":"Cenal","description":"","publisher":{"@id":"https:\/\/cenal.gob.ve\/#organization"},"potentialAction":[{"@type":"SearchAction","target":{"@type":"EntryPoint","urlTemplate":"https:\/\/cenal.gob.ve\/?s={search_term_string}"},"query-input":"required name=search_term_string"}],"inLanguage":"es"},{"@type":"Organization","@id":"https:\/\/cenal.gob.ve\/#organization","name":"CENAL","url":"https:\/\/cenal.gob.ve\/","sameAs":[],"logo":{"@type":"ImageObject","inLanguage":"es","@id":"https:\/\/cenal.gob.ve\/#\/schema\/logo\/image\/","url":"https:\/\/i0.wp.com\/cenal.gob.ve\/wp-content\/uploads\/2022\/10\/cropped-images.jpg?fit=512%2C512","contentUrl":"https:\/\/i0.wp.com\/cenal.gob.ve\/wp-content\/uploads\/2022\/10\/cropped-images.jpg?fit=512%2C512","width":512,"height":512,"caption":"CENAL"},"image":{"@id":"https:\/\/cenal.gob.ve\/#\/schema\/logo\/image\/"}}]}},"jetpack_shortlink":"https:\/\/wp.me\/P5FMhp-4FX","_links":{"self":[{"href":"https:\/\/cenal.gob.ve\/index.php?rest_route=\/wp\/v2\/pages\/17977"}],"collection":[{"href":"https:\/\/cenal.gob.ve\/index.php?rest_route=\/wp\/v2\/pages"}],"about":[{"href":"https:\/\/cenal.gob.ve\/index.php?rest_route=\/wp\/v2\/types\/page"}],"author":[{"embeddable":true,"href":"https:\/\/cenal.gob.ve\/index.php?rest_route=\/wp\/v2\/users\/10"}],"replies":[{"embeddable":true,"href":"https:\/\/cenal.gob.ve\/index.php?rest_route=%2Fwp%2Fv2%2Fcomments&post=17977"}],"version-history":[{"count":8,"href":"https:\/\/cenal.gob.ve\/index.php?rest_route=\/wp\/v2\/pages\/17977\/revisions"}],"predecessor-version":[{"id":17991,"href":"https:\/\/cenal.gob.ve\/index.php?rest_route=\/wp\/v2\/pages\/17977\/revisions\/17991"}],"wp:attachment":[{"href":"https:\/\/cenal.gob.ve\/index.php?rest_route=%2Fwp%2Fv2%2Fmedia&parent=17977"}],"curies":[{"name":"wp","href":"https:\/\/api.w.org\/{rel}","templated":true}]}}