{"id":18972,"date":"2022-09-05T14:44:02","date_gmt":"2022-09-05T18:44:02","guid":{"rendered":"http:\/\/cenal.gob.ve\/?page_id=18972"},"modified":"2022-09-05T18:21:59","modified_gmt":"2022-09-05T22:21:59","slug":"i-bienal-apacuana-de-dramaturgia-nacional","status":"publish","type":"page","link":"https:\/\/cenal.gob.ve\/?page_id=18972","title":{"rendered":"I BIENAL APACUANA DE DRAMATURGIA NACIONAL"},"content":{"rendered":"\n<p>El Ministerio del Poder Popular para la Cultura, a trav\u00e9s de la Compa\u00f1\u00eda Nacional de Teatro (CNT) y el Centro Nacional del Libro (Cenal) anuncian la conversi\u00f3n a Bienal del Premio Apacuana de Dramaturgia Nacional, denomin\u00e1ndose: <strong>BIENAL APACUANA DE DRAMATURGIA NACIONAL<\/strong> a partir de la publicaci\u00f3n de las siguientes bases:<\/p>\n\n\n\n<p><\/p>\n\n\n\n<ol><li><strong>EDICIONES DE LA BIENAL APACUANA<\/strong><\/li><\/ol>\n\n\n\n<ul><li>Cada edici\u00f3n de la Bienal Apacuana de Dramaturgia Nacional se celebrar\u00e1 en homenaje a una destacada figura de la dramaturgia venezolana. Al origen de esta figura corresponder\u00e1 las alianzas con los Gabinetes Estadales de Cultura, las Gobernaciones, Alcald\u00edas y otras instituciones p\u00fablicas y privadas nacionales e internacionales. La obra dramat\u00fargica de esta figura ser\u00e1 a su vez objeto de una antolog\u00eda a ser publicada por Monte \u00c1vila Editorial Latinoamericana en el marco de la celebraci\u00f3n del D\u00eda Nacional del Teatro de ese a\u00f1o.<\/li><\/ul>\n\n\n\n<p><\/p>\n\n\n\n<p>2) <strong>OBJETIVO DE LA BIENAL APACUANA DE DRAMATURGIA NACIONAL<\/strong><\/p>\n\n\n\n<ul><li>Estimular la creaci\u00f3n de obras de teatro cuya tem\u00e1tica promueva el an\u00e1lisis y la discusi\u00f3n de la teatralidad venezolana mediante el reconocimiento de nuevos planteamientos discursivos y est\u00e9ticos de la dramaturgia nacional.<\/li><\/ul>\n\n\n\n<p><\/p>\n\n\n\n<p>3) <strong>PARTICIPANTES<\/strong><\/p>\n\n\n\n<ul><li>Podr\u00e1n participar autores venezolanos (dentro y fuera del pa\u00eds) y extranjeros (extranjeros residenciados en el pa\u00eds) con una sola obra de teatro in\u00e9dita y original que no haya sido galardonada en otros concursos ni escenificada anteriormente ni dentro ni fuera del territorio nacional.<\/li><li>Obra de teatro cuyos derechos de autor no est\u00e9n comprometidos con terceros ni en otros concursos.<\/li><li>No podr\u00e1n participar ganadores de las ediciones anteriores, miembros directivos, coordinadores, personal administrativo del Cenal ni de la Compa\u00f1\u00eda Nacional de Teatro ni sus familiares, as\u00ed como tampoco las personas vinculadas con el proceso de evaluaci\u00f3n.<\/li><\/ul>\n\n\n\n<p><\/p>\n\n\n\n<p>4) <strong>TEM\u00c1TICA<\/strong><\/p>\n\n\n\n<ul><li>La tem\u00e1tica es libre.<\/li><li> Se valorar\u00e1n las obras escritas para ser representadas en forma multidisciplinaria.<\/li><\/ul>\n\n\n\n<p><\/p>\n\n\n\n<p>5) <strong>PRESENTACI\u00d3N DE LAS OBRAS DE TEATRO<\/strong><\/p>\n\n\n\n<ul><li>Escritas en castellano.<\/li><li>Extensi\u00f3n m\u00ednima de 45 cuartillas y m\u00e1xima de 60 cuartillas.<\/li><li>Obra in\u00e9dita y original que no haya sido galardonada ni escenificada anteriormente ni dentro ni fuera del pa\u00eds, que no est\u00e9 compitiendo en otros premios y cuyos derechos de autor no est\u00e9n comprometidos con terceros, firmada con seud\u00f3nimo en hoja tama\u00f1o carta, en formatos: Word o Libre office, letra Arial a 12 puntos o Liberation Sans a 14 puntos, con interlineado de 1,5.<\/li><li>Enviar el archivo de la obra de teatro v\u00eda correo electr\u00f3nico a la siguiente direcci\u00f3n oficial del premio: <a href=\"mailto:apacuana.cnt@gmail.com\"><\/a><a href=\"mailto:apacuana.cnt@gmail.com\"><\/a><a href=\"mailto:apacuana.cnt@gmail.com\">apacuana.cnt@gmail.com<\/a>  <\/li><\/ul>\n\n\n\n<p><\/p>\n\n\n\n<p>6) <strong>INSCRIPCI\u00d3N Y DOCUMENTACI\u00d3N<\/strong><\/p>\n\n\n\n<ul><li>Enviar al correo electr\u00f3nico oficial, junto a la obra de teatro, la siguiente documentaci\u00f3n: Fotocopia de la c\u00e9dula de identidad o pasaporte, RIF actualizado, Planilla de Inscripci\u00f3n y Planilla de Declaraci\u00f3n Jurada de Aceptaci\u00f3n de las Bases de la I Bienal Apacuana de Dramaturgia Nacional 2022. Las dos planillas deben ser llenadas en su totalidad en formatos descargables de la p\u00e1gina web CNT: <a href=\"http:\/\/cnt.gob.ve\/\">http:\/\/cnt.gob.ve<\/a> <\/li><li>La CNT enviar\u00e1 por el correo electr\u00f3nico oficial acuse de recibo confirmando la recepci\u00f3n de la obra teatral y documentos solicitados. De no recibir el acuse, la instituci\u00f3n no se har\u00e1 responsable de alg\u00fan reclamo.<\/li><\/ul>\n\n\n\n<p><\/p>\n\n\n\n<p>7) <strong>PLAZO<\/strong><\/p>\n\n\n\n<ul><li>La convocatoria del premio estar\u00e1 abierta del 22 de mayo al 15 de octubre de 2022.<\/li><li>Las obras enviadas deber\u00e1n tener en el correo electr\u00f3nico la fecha de la convocatoria registrada como l\u00edmite.<\/li><\/ul>\n\n\n\n<p><\/p>\n\n\n\n<p>8) <strong>JURADO<\/strong><\/p>\n\n\n\n<ul><li>Los miembros del jurado ser\u00e1n especialistas de las artes esc\u00e9nicas de gran prestigio que conformar\u00e1n un grupo de profesionales variado, los cuales deber\u00e1n aportar equilibrio, diversidad de opini\u00f3n y calidad al veredicto.<\/li><li>El jurado estar\u00e1 facultado para resolver cualquier situaci\u00f3n relacionada con la bienal que no est\u00e9 especificada en estas bases.<\/li><\/ul>\n\n\n\n<p><\/p>\n\n\n\n<p>9) <strong>FALLO<\/strong><\/p>\n\n\n\n<ul><li>La decisi\u00f3n del Jurado se adoptar\u00e1 por mayor\u00eda simple y ser\u00e1 inapelable.<\/li><\/ul>\n\n\n\n<p>El premio no podr\u00e1 ser declarado desierto ni podr\u00e1 ser compartido.<\/p>\n\n\n\n<ul><li>El veredicto ser\u00e1 comunicado al ganador y se har\u00e1 p\u00fablico en diversos medios de comunicaci\u00f3n del pa\u00eds y de manera oficial en la p\u00e1gina web de la CNT: <a href=\"http:\/\/cnt.gob.ve\/\">http:\/\/cnt.gob.ve<\/a> <\/li><\/ul>\n\n\n\n<p><\/p>\n\n\n\n<p>10) <strong>PREMIO<\/strong><\/p>\n\n\n\n<ul><li>Se establece como premio un pago \u00fanico en met\u00e1lico 15.000 bol\u00edvares, diploma, publicaci\u00f3n (impresa y\/o digital) y el montaje de la obra ganadora por la Compa\u00f1\u00eda Nacional de Teatro en el a\u00f1o continuo a la celebraci\u00f3n de la bienal.<\/li><li>La obra no percibir\u00e1 pago extra de derechos de autor por las representaciones que se realicen, considerando el premio de esta bienal como pago por este concepto.<\/li><\/ul>\n\n\n\n<p><\/p>\n\n\n\n<p>11) <strong>SOBRE LA PUBLICACI\u00d3N<\/strong><\/p>\n\n\n\n<ul><li>Se entiende que el ganador de la bienal, por el simple hecho de concursar, autoriza la publicaci\u00f3n de la obra y ceder\u00e1 a la Compa\u00f1\u00eda Nacional de Teatro (CNT) gratuitamente los derechos de autor correspondientes a la primera edici\u00f3n, autorizando la reproducci\u00f3n total o parcial del texto dram\u00e1tico ganador en el formato que se estime oportuno y en cualquier medio de comunicaci\u00f3n, memoria o publicaci\u00f3n que se edite para dar difusi\u00f3n de esta bienal.<\/li><li>El premio recibido ser\u00e1 considerado como pago de derechos de publicaci\u00f3n de la obra y el autor\/a estar\u00e1 obligado a entregar y firmar toda la documentaci\u00f3n requerida al caso.<\/li><li>El autor\/a dar\u00e1 su consentimiento para la utilizaci\u00f3n de su nombre con fines de promoci\u00f3n y de difusi\u00f3n de esta bienal.<\/li><\/ul>\n\n\n\n<p><\/p>\n\n\n\n<p><strong>BASE FINAL<\/strong><\/p>\n\n\n\n<ul><li>La participaci\u00f3n en esta convocatoria implica el conocimiento, entendimiento y aceptaci\u00f3n de las presentes bases.<\/li><li>Cualquier participante que no cumpla con lo establecido en estas bases ser\u00e1 descalificado.<\/li><li>Las consultas relativas a la bienal s\u00f3lo se recibir\u00e1n a trav\u00e9s del correo electr\u00f3nico oficial indicando como asunto: <em>consulta BienalApacuana 2022.<\/em><\/li><\/ul>\n","protected":false},"excerpt":{"rendered":"<p>El Ministerio del Poder Popular para la Cultura, a trav\u00e9s de la Compa\u00f1\u00eda Nacional de Teatro (CNT) y el Centro Nacional del Libro (Cenal) anuncian la conversi\u00f3n a Bienal del [&hellip;]<\/p>\n","protected":false},"author":10,"featured_media":0,"parent":0,"menu_order":0,"comment_status":"closed","ping_status":"closed","template":"","meta":{"spay_email":""},"yoast_head":"<!-- This site is optimized with the Yoast SEO plugin v19.8 - https:\/\/yoast.com\/wordpress\/plugins\/seo\/ -->\n<title>I BIENAL APACUANA DE DRAMATURGIA NACIONAL<\/title>\n<meta name=\"robots\" content=\"index, follow, max-snippet:-1, max-image-preview:large, max-video-preview:-1\" \/>\n<link rel=\"canonical\" href=\"https:\/\/cenal.gob.ve\/?page_id=18972\" \/>\n<meta property=\"og:locale\" content=\"es_ES\" \/>\n<meta property=\"og:type\" content=\"article\" \/>\n<meta property=\"og:title\" content=\"I BIENAL APACUANA DE DRAMATURGIA NACIONAL\" \/>\n<meta property=\"og:description\" content=\"El Ministerio del Poder Popular para la Cultura, a trav\u00e9s de la Compa\u00f1\u00eda Nacional de Teatro (CNT) y el Centro Nacional del Libro (Cenal) anuncian la conversi\u00f3n a Bienal del [&hellip;]\" \/>\n<meta property=\"og:url\" content=\"https:\/\/cenal.gob.ve\/?page_id=18972\" \/>\n<meta property=\"og:site_name\" content=\"Cenal\" \/>\n<meta property=\"article:modified_time\" content=\"2022-09-05T22:21:59+00:00\" \/>\n<meta name=\"twitter:card\" content=\"summary_large_image\" \/>\n<meta name=\"twitter:label1\" content=\"Est. reading time\" \/>\n\t<meta name=\"twitter:data1\" content=\"5 minutos\" \/>\n<script type=\"application\/ld+json\" class=\"yoast-schema-graph\">{\"@context\":\"https:\/\/schema.org\",\"@graph\":[{\"@type\":\"WebPage\",\"@id\":\"https:\/\/cenal.gob.ve\/?page_id=18972\",\"url\":\"https:\/\/cenal.gob.ve\/?page_id=18972\",\"name\":\"I BIENAL APACUANA DE DRAMATURGIA NACIONAL\",\"isPartOf\":{\"@id\":\"https:\/\/cenal.gob.ve\/#website\"},\"datePublished\":\"2022-09-05T18:44:02+00:00\",\"dateModified\":\"2022-09-05T22:21:59+00:00\",\"breadcrumb\":{\"@id\":\"https:\/\/cenal.gob.ve\/?page_id=18972#breadcrumb\"},\"inLanguage\":\"es\",\"potentialAction\":[{\"@type\":\"ReadAction\",\"target\":[\"https:\/\/cenal.gob.ve\/?page_id=18972\"]}]},{\"@type\":\"BreadcrumbList\",\"@id\":\"https:\/\/cenal.gob.ve\/?page_id=18972#breadcrumb\",\"itemListElement\":[{\"@type\":\"ListItem\",\"position\":1,\"name\":\"Home\",\"item\":\"https:\/\/cenal.gob.ve\/\"},{\"@type\":\"ListItem\",\"position\":2,\"name\":\"I BIENAL APACUANA DE DRAMATURGIA NACIONAL\"}]},{\"@type\":\"WebSite\",\"@id\":\"https:\/\/cenal.gob.ve\/#website\",\"url\":\"https:\/\/cenal.gob.ve\/\",\"name\":\"Cenal\",\"description\":\"\",\"publisher\":{\"@id\":\"https:\/\/cenal.gob.ve\/#organization\"},\"potentialAction\":[{\"@type\":\"SearchAction\",\"target\":{\"@type\":\"EntryPoint\",\"urlTemplate\":\"https:\/\/cenal.gob.ve\/?s={search_term_string}\"},\"query-input\":\"required name=search_term_string\"}],\"inLanguage\":\"es\"},{\"@type\":\"Organization\",\"@id\":\"https:\/\/cenal.gob.ve\/#organization\",\"name\":\"CENAL\",\"url\":\"https:\/\/cenal.gob.ve\/\",\"sameAs\":[],\"logo\":{\"@type\":\"ImageObject\",\"inLanguage\":\"es\",\"@id\":\"https:\/\/cenal.gob.ve\/#\/schema\/logo\/image\/\",\"url\":\"https:\/\/i0.wp.com\/cenal.gob.ve\/wp-content\/uploads\/2022\/10\/cropped-images.jpg?fit=512%2C512\",\"contentUrl\":\"https:\/\/i0.wp.com\/cenal.gob.ve\/wp-content\/uploads\/2022\/10\/cropped-images.jpg?fit=512%2C512\",\"width\":512,\"height\":512,\"caption\":\"CENAL\"},\"image\":{\"@id\":\"https:\/\/cenal.gob.ve\/#\/schema\/logo\/image\/\"}}]}<\/script>\n<!-- \/ Yoast SEO plugin. -->","yoast_head_json":{"title":"I BIENAL APACUANA DE DRAMATURGIA NACIONAL","robots":{"index":"index","follow":"follow","max-snippet":"max-snippet:-1","max-image-preview":"max-image-preview:large","max-video-preview":"max-video-preview:-1"},"canonical":"https:\/\/cenal.gob.ve\/?page_id=18972","og_locale":"es_ES","og_type":"article","og_title":"I BIENAL APACUANA DE DRAMATURGIA NACIONAL","og_description":"El Ministerio del Poder Popular para la Cultura, a trav\u00e9s de la Compa\u00f1\u00eda Nacional de Teatro (CNT) y el Centro Nacional del Libro (Cenal) anuncian la conversi\u00f3n a Bienal del [&hellip;]","og_url":"https:\/\/cenal.gob.ve\/?page_id=18972","og_site_name":"Cenal","article_modified_time":"2022-09-05T22:21:59+00:00","twitter_card":"summary_large_image","twitter_misc":{"Est. reading time":"5 minutos"},"schema":{"@context":"https:\/\/schema.org","@graph":[{"@type":"WebPage","@id":"https:\/\/cenal.gob.ve\/?page_id=18972","url":"https:\/\/cenal.gob.ve\/?page_id=18972","name":"I BIENAL APACUANA DE DRAMATURGIA NACIONAL","isPartOf":{"@id":"https:\/\/cenal.gob.ve\/#website"},"datePublished":"2022-09-05T18:44:02+00:00","dateModified":"2022-09-05T22:21:59+00:00","breadcrumb":{"@id":"https:\/\/cenal.gob.ve\/?page_id=18972#breadcrumb"},"inLanguage":"es","potentialAction":[{"@type":"ReadAction","target":["https:\/\/cenal.gob.ve\/?page_id=18972"]}]},{"@type":"BreadcrumbList","@id":"https:\/\/cenal.gob.ve\/?page_id=18972#breadcrumb","itemListElement":[{"@type":"ListItem","position":1,"name":"Home","item":"https:\/\/cenal.gob.ve\/"},{"@type":"ListItem","position":2,"name":"I BIENAL APACUANA DE DRAMATURGIA NACIONAL"}]},{"@type":"WebSite","@id":"https:\/\/cenal.gob.ve\/#website","url":"https:\/\/cenal.gob.ve\/","name":"Cenal","description":"","publisher":{"@id":"https:\/\/cenal.gob.ve\/#organization"},"potentialAction":[{"@type":"SearchAction","target":{"@type":"EntryPoint","urlTemplate":"https:\/\/cenal.gob.ve\/?s={search_term_string}"},"query-input":"required name=search_term_string"}],"inLanguage":"es"},{"@type":"Organization","@id":"https:\/\/cenal.gob.ve\/#organization","name":"CENAL","url":"https:\/\/cenal.gob.ve\/","sameAs":[],"logo":{"@type":"ImageObject","inLanguage":"es","@id":"https:\/\/cenal.gob.ve\/#\/schema\/logo\/image\/","url":"https:\/\/i0.wp.com\/cenal.gob.ve\/wp-content\/uploads\/2022\/10\/cropped-images.jpg?fit=512%2C512","contentUrl":"https:\/\/i0.wp.com\/cenal.gob.ve\/wp-content\/uploads\/2022\/10\/cropped-images.jpg?fit=512%2C512","width":512,"height":512,"caption":"CENAL"},"image":{"@id":"https:\/\/cenal.gob.ve\/#\/schema\/logo\/image\/"}}]}},"jetpack_shortlink":"https:\/\/wp.me\/P5FMhp-4W0","_links":{"self":[{"href":"https:\/\/cenal.gob.ve\/index.php?rest_route=\/wp\/v2\/pages\/18972"}],"collection":[{"href":"https:\/\/cenal.gob.ve\/index.php?rest_route=\/wp\/v2\/pages"}],"about":[{"href":"https:\/\/cenal.gob.ve\/index.php?rest_route=\/wp\/v2\/types\/page"}],"author":[{"embeddable":true,"href":"https:\/\/cenal.gob.ve\/index.php?rest_route=\/wp\/v2\/users\/10"}],"replies":[{"embeddable":true,"href":"https:\/\/cenal.gob.ve\/index.php?rest_route=%2Fwp%2Fv2%2Fcomments&post=18972"}],"version-history":[{"count":6,"href":"https:\/\/cenal.gob.ve\/index.php?rest_route=\/wp\/v2\/pages\/18972\/revisions"}],"predecessor-version":[{"id":19005,"href":"https:\/\/cenal.gob.ve\/index.php?rest_route=\/wp\/v2\/pages\/18972\/revisions\/19005"}],"wp:attachment":[{"href":"https:\/\/cenal.gob.ve\/index.php?rest_route=%2Fwp%2Fv2%2Fmedia&parent=18972"}],"curies":[{"name":"wp","href":"https:\/\/api.w.org\/{rel}","templated":true}]}}