{"id":18980,"date":"2022-09-05T15:23:00","date_gmt":"2022-09-05T19:23:00","guid":{"rendered":"http:\/\/cenal.gob.ve\/?page_id=18980"},"modified":"2022-09-05T18:28:36","modified_gmt":"2022-09-05T22:28:36","slug":"i-bienal-nacional-de-literatura-mencion-ensayo-teatral","status":"publish","type":"page","link":"https:\/\/cenal.gob.ve\/?page_id=18980","title":{"rendered":"I BIENAL NACIONAL DE LITERATURA C\u00c9SAR RENGIFO \u2013 MENCI\u00d3N ENSAYO TEATRAL"},"content":{"rendered":"<p><\/p>\n\n\n<\/p>\n<p>El Ministerio del Poder Popular para la Cultura, a trav\u00e9s de la Compa\u00f1\u00eda Nacional de Teatro (CNT) y el Centro Nacional del Libro (Cenal) anuncian la conversi\u00f3n a Bienal del Concurso de Ensayos sobre Teatro, denomin\u00e1ndose: <strong>BIENAL NACIONAL DE LITERATURA C\u00c9SAR RENGIFO\u2013 MENCI\u00d3N ENSAYO TEATRAL<\/strong> a partir de la publicaci\u00f3n de las siguientes bases:<\/p>\n<p>\n\n\n<p><\/p>\n\n\n<\/p>\n<p>1) Cada edici\u00f3n de la Bienal Nacional de Literatura \u2013 Menci\u00f3n Ensayo Teatral se celebrar\u00e1 en homenaje a una destacada personalidad del teatro venezolano. Al origen de esta figura corresponder\u00e1 las alianzas con los Gabinetes Estadales de Cultura, las Gobernaciones, Alcald\u00edas y otras instituciones p\u00fablicas y privadas nacionales e internacionales. Esta figura ser\u00e1 a su vez el motivo monogr\u00e1fico en la celebraci\u00f3n del D\u00eda Nacional del Teatro de ese a\u00f1o.<\/p>\n<p>\n\n\n<p><\/p>\n\n\n<\/p>\n<p>\n\n\n<p><\/p>\n\n\n<\/p>\n<p>2) La Bienal Nacional de Literatura \u2013 Menci\u00f3n Ensayo Teatral tiene como objetivo general fomentar la construcci\u00f3n de conocimientos y saberes vinculados al teatro, en las siguientes dos (2) categor\u00edas:<\/p>\n<p>\n\n\n<p><\/p>\n\n\n<\/p>\n<ul>\n<li><strong>Ensayo Acad\u00e9mico:<\/strong><\/li>\n<\/ul>\n<p>\n\n\n<p><\/p>\n\n\n<\/p>\n<p>Ensayo in\u00e9dito elaborado a partir de una tesis de pregrado o postgrado original e in\u00e9dita, de un solo autor, defendida en fecha posterior a enero de 2018 y cuyo resultado constituya una s\u00edntesis de la tesis o el desarrollo de un aspecto de esta.<\/p>\n<p>\n\n\n<p><\/p>\n\n\n<\/p>\n<ul>\n<li><strong>Ensayo Literario:<\/strong><\/li>\n<\/ul>\n<p>\n\n\n<p><\/p>\n\n\n<\/p>\n<p>Ensayo in\u00e9dito y original en el que se reflexiona sobre un planteamiento sin rigor sistem\u00e1tico, pero sustentando la argumentaci\u00f3n al exponer en profundidad y con creatividad las ideas propias del autor.<\/p>\n<p>\n\n\n<p><\/p>\n\n\n<\/p>\n<p>\n\n\n<p><\/p>\n\n\n<\/p>\n<p>3) Las categor\u00edas estar\u00e1n enmarcadas en alguna de las siguientes ocho (8) l\u00edneas tem\u00e1ticas:<\/p>\n<p>\n\n\n<p><\/p>\n\n\n<\/p>\n<p><strong>Discursos est\u00e9ticos y aportes te\u00f3ricos.<\/strong><\/p>\n<p>\n\n\n<p><\/p>\n\n\n<\/p>\n<ul>\n<li>Espacio para la contribuci\u00f3n al desarrollo de las teor\u00edas teatrales.<\/li>\n<li>Discursos est\u00e9ticos.<\/li>\n<li>Teatro como un hecho literario y\/o narrativo.<\/li>\n<li>Posturas, tendencias y creaciones asociadas al teatro.<\/li>\n<\/ul>\n<p>\n\n\n<p><\/p>\n\n\n<\/p>\n<p><strong>Creaci\u00f3n teatral, sus pr\u00e1cticas art\u00edsticas.<\/strong><\/p>\n<p>\n\n\n<p><\/p>\n\n\n<\/p>\n<ul>\n<li>Espacios de investigaci\u00f3n, creaci\u00f3n y diseminaci\u00f3n de obras, producciones, espect\u00e1culos, intercambios, literatura, arquitectura ef\u00edmera y escenograf\u00eda, entre otros.<\/li>\n<li>\u00c1mbito para el desarrollo de la pr\u00e1ctica art\u00edstica teatral y sus resultados, productos y derivados.<\/li>\n<\/ul>\n<p>\n\n\n<p><\/p>\n\n\n<\/p>\n<p><strong>El cuerpo como sujeto de la acci\u00f3n teatral.<\/strong><\/p>\n<p>\n\n\n<p><\/p>\n\n\n<\/p>\n<ul>\n<li>Construcci\u00f3n y representaci\u00f3n social y simb\u00f3lica del cuerpo a trav\u00e9s del teatro. Arte, teatro y salud.<\/li>\n<li>Terapias asociadas al teatro.<\/li>\n<li>Identidad, antropolog\u00eda, danza, filosof\u00eda, psicolog\u00eda, entre otras disciplinas.<\/li>\n<\/ul>\n<p>\n\n\n<p><\/p>\n\n\n<\/p>\n<p><strong>Formaci\u00f3n, aprendizajes y di\u00e1logos de saberes.<\/strong><\/p>\n<p>\n\n\n<p><\/p>\n\n\n<\/p>\n<ul>\n<li>Procesos de formaci\u00f3n y di\u00e1logo de saberes en la pr\u00e1ctica teatral.<\/li>\n<li>Espacios formales y no formales de formaci\u00f3n teatral.<\/li>\n<li>Producci\u00f3n y diseminaci\u00f3n del conocimiento asociado al teatro.<\/li>\n<li>El teatro como \u00e1mbito de construcci\u00f3n\/producci\u00f3n de conocimiento.<\/li>\n<li>M\u00e9todos y procedimientos de investigaci\u00f3n-acci\u00f3n teatral.<\/li>\n<li>Formaci\u00f3n de p\u00fablico, an\u00e1lisis de audiencias.<\/li>\n<\/ul>\n<p>\n\n\n<p><\/p>\n\n\n<\/p>\n<p><strong>Gesti\u00f3n, consumo y econom\u00eda teatral.<\/strong><\/p>\n<p>\n\n\n<p><\/p>\n\n\n<\/p>\n<ul>\n<li>Gesti\u00f3n, producci\u00f3n, difusi\u00f3n y diseminaci\u00f3n de la acci\u00f3n teatral.<\/li>\n<li>Estudio y desarrollo de pol\u00edticas culturales sostenibles.<\/li>\n<li>An\u00e1lisis de la dimensi\u00f3n econ\u00f3mica del teatro.<\/li>\n<li>Pr\u00e1cticas socio productivas como \u00e1mbitos para la investigaci\u00f3n y construcci\u00f3n de conocimiento.<\/li>\n<li>Estudios de consumo cultural.<\/li>\n<\/ul>\n<p>\n\n\n<p><\/p>\n\n\n<\/p>\n<p><strong>Diversidad y acci\u00f3n integrativa.<\/strong><\/p>\n<p>\n\n\n<p><\/p>\n\n\n<\/p>\n<ul>\n<li>Pol\u00edticas y acciones de reconocimiento de la diversidad, inclusi\u00f3n e integraci\u00f3n.<\/li>\n<\/ul>\n<p>\n\n\n<p><\/p>\n\n\n<\/p>\n<ul>\n<li>Trabajos con grupos socio-culturales constituidos por identidades, grupos \u00e9tnicos, etarios, con habilidades mixtas y diversidad funcional, entre otros.<\/li>\n<\/ul>\n<p>\n\n\n<p><\/p>\n\n\n<\/p>\n<ul>\n<li>Grupos de atenci\u00f3n prioritarios: ni\u00f1os, j\u00f3venes y adolescentes; adultos mayores, mujeres.<\/li>\n<\/ul>\n<p>\n\n\n<p><\/p>\n\n\n<\/p>\n<ul>\n<li>Diversidad cultural y\/o \u00e9tnica, sexual y de g\u00e9nero, entre otros.<\/li>\n<\/ul>\n<p>\n\n\n<p><\/p>\n\n\n<\/p>\n<p><strong>Historia del Teatro<\/strong><\/p>\n<p>\n\n\n<p><\/p>\n\n\n<\/p>\n<ul>\n<li>Per\u00edodos, procesos, tendencias hist\u00f3ricas.<\/li>\n<\/ul>\n<p>\n\n\n<p><\/p>\n\n\n<\/p>\n<ul>\n<li>Realidad y ficci\u00f3n teatral.<\/li>\n<\/ul>\n<p>\n\n\n<p><\/p>\n\n\n<\/p>\n<ul>\n<li>Temporalidades teatrales.<\/li>\n<\/ul>\n<p>\n\n\n<p><\/p>\n\n\n<\/p>\n<ul>\n<li>Dram\u00e1tica biogr\u00e1fica y autobiogr\u00e1fica.<\/li>\n<\/ul>\n<p>\n\n\n<p><\/p>\n\n\n<\/p>\n<ul>\n<li>Teatro y sociedad.<\/li>\n<\/ul>\n<p>\n\n\n<p><\/p>\n\n\n<\/p>\n<p><strong>Teatro y acci\u00f3n social.<\/strong><\/p>\n<p>\n\n\n<p><\/p>\n\n\n<\/p>\n<ul>\n<li>El teatro y el trabajo comunitario como \u00e1mbitos de investigaci\u00f3n, organizaci\u00f3n y construcci\u00f3n de ciudadan\u00eda.<\/li>\n<\/ul>\n<p>\n\n\n<p><\/p>\n\n\n<\/p>\n<ul>\n<li>Intervenci\u00f3n y transformaci\u00f3n social a partir de las pr\u00e1cticas teatrales. Organizaci\u00f3n, participaci\u00f3n y ejercicio del Poder Popular.<\/li>\n<\/ul>\n<p>\n\n\n<p><\/p>\n\n\n<\/p>\n<ul>\n<li>Desarrollo de pol\u00edticas de acci\u00f3n comunitaria desde las artes teatrales.<\/li>\n<\/ul>\n<p>\n\n\n<p><\/p>\n\n\n<\/p>\n<ul>\n<li>Uso, recuperaci\u00f3n y revitalizaci\u00f3n de los espacios p\u00fablicos y\/o comunitarios.<\/li>\n<\/ul>\n<p>\n\n\n<p><\/p>\n\n\n<\/p>\n<ul>\n<li>La ecolog\u00eda como \u00e1mbito social de desarrollo del teatro.<\/li>\n<\/ul>\n<p>\n\n\n<p><\/p>\n\n\n<\/p>\n<p>4) La Bienal Nacional de Literatura \u2013 Menci\u00f3n Ensayos Teatrales tiene como objetivos espec\u00edficos:<\/p>\n<p>\n\n\n<p><\/p>\n\n\n<\/p>\n<ul>\n<li>Fomentar la investigaci\u00f3n y construcci\u00f3n de conocimientos y saberes desde las pr\u00e1cticas art\u00edsticas, la gesti\u00f3n cultural y los procesos acad\u00e9micos.<\/li>\n<li>Reconocer tem\u00e1ticas e intereses en la pr\u00e1ctica teatral actual, sus elementos subjetivos, aspectos simb\u00f3licos e imaginarios.<\/li>\n<li>Divulgar el pensamiento sobre el teatro venezolano.<\/li>\n<\/ul>\n<p>\n\n\n<p><\/p>\n\n\n<\/p>\n<p>5) Podr\u00e1n participar creadores, investigadores, gestores culturales individuales, de instituciones u organizaciones teatrales o disciplinas afines, docentes y estudiantes universitarios venezolanos (dentro y fuera del pa\u00eds) y extranjeros (extranjeros residenciados en el pa\u00eds) que presenten, en un solo ensayo escrito (in\u00e9dito y original) de su sola autor\u00eda y en una de las dos categor\u00edas (acad\u00e9mica o literaria), aportes anal\u00edticos sobre el teatro desde los procesos art\u00edsticos, acad\u00e9micos y de gesti\u00f3n cultural en su relaci\u00f3n multidisciplinaria, desde ocho grandes l\u00edneas tem\u00e1ticas.<\/p>\n<p>\n\n\n<p><\/p>\n\n\n<\/p>\n<p>6) No podr\u00e1n participar ganadores de ediciones anteriores, miembros directivos, coordinadores, personal administrativo del Cenal y la CNT ni sus familiares, as\u00ed como tampoco las personas vinculadas con el proceso de evaluaci\u00f3n.<\/p>\n<p>\n\n\n<p><\/p>\n\n\n<\/p>\n<p>7) Los ensayos participantes no pueden haber sido galardonados anteriormente, ni estar compitiendo en otros concursos, ni estar comprometidos los derechos de autor con terceros.<\/p>\n<p>\n\n\n<p><\/p>\n\n\n<\/p>\n<p>8) Los ensayos presentados deber\u00e1n estar redactados en idioma castellano, con extensi\u00f3n entre quince (15) y veinticinco (25) cuartillas, firmado con seud\u00f3nimo, indicando la categor\u00eda del ensayo (acad\u00e9mico \/ literario), en hoja tama\u00f1o carta, en formatos Word o Libre office, letra Arial a 12 puntos o letra Liberation Sans a 14 puntos, con interlineado de 1,5. En caso de que no se pueda prescindir de im\u00e1genes, estas deben aparecer en el lugar que le corresponde en el texto y tambi\u00e9n deben ser enviadas aparte en formato JPG.<\/p>\n<p>\n\n\n<p><\/p>\n\n\n<\/p>\n<p>9) El ensayo se enviar\u00e1 \u00fanicamente a la direcci\u00f3n de correo electr\u00f3nico oficial: <a href=\"mailto:concursos.cnt@gmail.com\">concursos.cnt@gmail.com<\/a> <\/p>\n<p>\n\n\n<p><\/p>\n\n\n<\/p>\n<p>10) Enviar la siguiente documentaci\u00f3n al correo electr\u00f3nico oficial: Fotocopia de la c\u00e9dula de identidad o pasaporte, RIF actualizado, copia del Acta del Veredicto de la tesis (aplica en ensayo acad\u00e9mico), Planilla de Inscripci\u00f3n y Planilla de Declaraci\u00f3n Jurada de Aceptaci\u00f3n de las Bases de la I Bienal Nacional de Literatura \u2013 Menci\u00f3n Ensayo Teatral 2022. Las dos planillas deben ser llenadas en su totalidad en formatos descargables de la p\u00e1gina web CNT: <a href=\"http:\/\/www.cnt.gob.ve\/\">www.cnt.gob.ve<\/a> <\/p>\n<p>\n\n\n<p><\/p>\n\n\n<\/p>\n<p>11) La CNT enviar\u00e1 por el correo electr\u00f3nico oficial acuse de recibo confirmando la recepci\u00f3n del ensayo y documentos solicitados. De no recibir el acuse, la instituci\u00f3n no se har\u00e1 responsable de alg\u00fan reclamo.<\/p>\n<p>\n\n\n<p><\/p>\n\n\n<\/p>\n<p>12) La convocatoria del concurso se abrir\u00e1 del 22 de mayo al 15 de octubre de 2022.<\/p>\n<p>\n\n\n<p><\/p>\n\n\n<\/p>\n<p>13) Los ensayos enviados deber\u00e1n tener en el correo electr\u00f3nico la fecha de la convocatoria registrada como l\u00edmite.<\/p>\n<p>\n\n\n<p><\/p>\n\n\n<\/p>\n<p>14) Los miembros del jurado ser\u00e1n especialistas de las artes esc\u00e9nicas de gran prestigio que conformar\u00e1n profesionales variados, los cuales deber\u00e1n aportar equilibrio, diversidad de opini\u00f3n y calidad al veredicto.<\/p>\n<p>\n\n\n<p><\/p>\n\n\n<\/p>\n<p>15) Los principales criterios de evaluaci\u00f3n del jurado son: pertinencia tem\u00e1tica, redacci\u00f3n, desarrollo, producci\u00f3n de conocimiento, relaci\u00f3n con otras disciplinas y manejo del aparato cr\u00edtico.<\/p>\n<p>\n\n\n<p><\/p>\n\n\n<\/p>\n<p>16) La decisi\u00f3n del Jurado se adoptar\u00e1 por mayor\u00eda simple y ser\u00e1 inapelable. El concurso podr\u00e1 ser declarado desierto si el jurado estima que ninguno de los ensayos presentados tiene la suficiente calidad. El jurado estar\u00e1 facultado para resolver cualquier situaci\u00f3n relacionada con el concurso que no est\u00e9 especificada en estas bases.<\/p>\n<p>\n\n\n<p><\/p>\n\n\n<\/p>\n<p>17) El premio consiste en un pago \u00fanico en met\u00e1lico para cada categor\u00eda, diploma y la publicaci\u00f3n del ensayo en formato impreso y\/o digital de circulaci\u00f3n libre.<\/p>\n<p>\n\n\n<p><\/p>\n\n\n<\/p>\n<ul>\n<li>Categor\u00eda ensayo acad\u00e9mico: 15.000 bol\u00edvares<\/li>\n<li>Categor\u00eda ensayo literario: 15.000 bol\u00edvares<\/li>\n<\/ul>\n<p>\n\n\n<p><\/p>\n\n\n<\/p>\n<p>18) Los resultados del concurso se dar\u00e1n a conocer por los medios de comunicaci\u00f3n y de manera oficial en la p\u00e1gina web <a href=\"http:\/\/www.cnt.gob.ve\/\">www.cnt.gob.ve<\/a> <\/p>\n<p>\n\n\n<p><\/p>\n\n\n<\/p>\n<p>19) A los ganadores se les notificar\u00e1 directamente a la direcci\u00f3n, tel\u00e9fono o correo electr\u00f3nico se\u00f1alados en los datos de identificaci\u00f3n del participante.<\/p>\n<p>\n\n\n<p><\/p>\n\n\n<\/p>\n<p>20) Los ensayos ganadores ser\u00e1n publicados en formato impreso y\/o digital de circulaci\u00f3n libre, cediendo a la Compa\u00f1\u00eda Nacional de Teatro (CNT) los derechos de la primera edici\u00f3n de manera gratuita, oblig\u00e1ndose a entregar y firmar la documentaci\u00f3n necesaria que en su momento se requiera para efectos de su publicaci\u00f3n.<\/p>\n<p>\n\n\n<p><\/p>\n\n\n<\/p>\n<p>21) Los autores de los ensayos ganadores dar\u00e1n su consentimiento para la utilizaci\u00f3n de su(s) nombre(s) con fines de promoci\u00f3n y difusi\u00f3n de la bienal.<\/p>\n<p>\n\n\n<p><\/p>\n\n\n<\/p>\n<p>22) Cualquier trabajo que no cumpla con lo establecido en estas bases ser\u00e1 descalificado.<\/p>\n<p>\n\n\n<p><\/p>\n\n\n<\/p>\n<p>23) La participaci\u00f3n en esta convocatoria implica el conocimiento, entendimiento y aceptaci\u00f3n de las presentes bases.<\/p>\n<p>\n\n\n<p><\/p>\n\n\n<\/p>\n<p>24) Las consultas relativas a la bienal s\u00f3lo se recibir\u00e1n a trav\u00e9s del correo electr\u00f3nico oficial indicando como asunto: <em>consulta BienalTeatro2022.<\/em><\/p>\n<p>\n\n\n<p><\/p>","protected":false},"excerpt":{"rendered":"<p>El Ministerio del Poder Popular para la Cultura, a trav\u00e9s de la Compa\u00f1\u00eda Nacional de Teatro (CNT) y el Centro Nacional del Libro (Cenal) anuncian la conversi\u00f3n a Bienal del [&hellip;]<\/p>\n","protected":false},"author":10,"featured_media":0,"parent":0,"menu_order":0,"comment_status":"closed","ping_status":"closed","template":"","meta":{"spay_email":""},"yoast_head":"<!-- This site is optimized with the Yoast SEO plugin v19.8 - https:\/\/yoast.com\/wordpress\/plugins\/seo\/ -->\n<title>I BIENAL NACIONAL DE LITERATURA C\u00c9SAR RENGIFO \u2013 MENCI\u00d3N ENSAYO TEATRAL<\/title>\n<meta name=\"robots\" content=\"index, follow, max-snippet:-1, max-image-preview:large, max-video-preview:-1\" \/>\n<link rel=\"canonical\" href=\"https:\/\/cenal.gob.ve\/?page_id=18980\" \/>\n<meta property=\"og:locale\" content=\"es_ES\" \/>\n<meta property=\"og:type\" content=\"article\" \/>\n<meta property=\"og:title\" content=\"I BIENAL NACIONAL DE LITERATURA C\u00c9SAR RENGIFO \u2013 MENCI\u00d3N ENSAYO TEATRAL\" \/>\n<meta property=\"og:description\" content=\"El Ministerio del Poder Popular para la Cultura, a trav\u00e9s de la Compa\u00f1\u00eda Nacional de Teatro (CNT) y el Centro Nacional del Libro (Cenal) anuncian la conversi\u00f3n a Bienal del [&hellip;]\" \/>\n<meta property=\"og:url\" content=\"https:\/\/cenal.gob.ve\/?page_id=18980\" \/>\n<meta property=\"og:site_name\" content=\"Cenal\" \/>\n<meta property=\"article:modified_time\" content=\"2022-09-05T22:28:36+00:00\" \/>\n<meta name=\"twitter:card\" content=\"summary_large_image\" \/>\n<meta name=\"twitter:label1\" content=\"Est. reading time\" \/>\n\t<meta name=\"twitter:data1\" content=\"8 minutos\" \/>\n<script type=\"application\/ld+json\" class=\"yoast-schema-graph\">{\"@context\":\"https:\/\/schema.org\",\"@graph\":[{\"@type\":\"WebPage\",\"@id\":\"https:\/\/cenal.gob.ve\/?page_id=18980\",\"url\":\"https:\/\/cenal.gob.ve\/?page_id=18980\",\"name\":\"I BIENAL NACIONAL DE LITERATURA C\u00c9SAR RENGIFO \u2013 MENCI\u00d3N ENSAYO TEATRAL\",\"isPartOf\":{\"@id\":\"https:\/\/cenal.gob.ve\/#website\"},\"datePublished\":\"2022-09-05T19:23:00+00:00\",\"dateModified\":\"2022-09-05T22:28:36+00:00\",\"breadcrumb\":{\"@id\":\"https:\/\/cenal.gob.ve\/?page_id=18980#breadcrumb\"},\"inLanguage\":\"es\",\"potentialAction\":[{\"@type\":\"ReadAction\",\"target\":[\"https:\/\/cenal.gob.ve\/?page_id=18980\"]}]},{\"@type\":\"BreadcrumbList\",\"@id\":\"https:\/\/cenal.gob.ve\/?page_id=18980#breadcrumb\",\"itemListElement\":[{\"@type\":\"ListItem\",\"position\":1,\"name\":\"Home\",\"item\":\"https:\/\/cenal.gob.ve\/\"},{\"@type\":\"ListItem\",\"position\":2,\"name\":\"I BIENAL NACIONAL DE LITERATURA C\u00c9SAR RENGIFO \u2013 MENCI\u00d3N ENSAYO TEATRAL\"}]},{\"@type\":\"WebSite\",\"@id\":\"https:\/\/cenal.gob.ve\/#website\",\"url\":\"https:\/\/cenal.gob.ve\/\",\"name\":\"Cenal\",\"description\":\"\",\"publisher\":{\"@id\":\"https:\/\/cenal.gob.ve\/#organization\"},\"potentialAction\":[{\"@type\":\"SearchAction\",\"target\":{\"@type\":\"EntryPoint\",\"urlTemplate\":\"https:\/\/cenal.gob.ve\/?s={search_term_string}\"},\"query-input\":\"required name=search_term_string\"}],\"inLanguage\":\"es\"},{\"@type\":\"Organization\",\"@id\":\"https:\/\/cenal.gob.ve\/#organization\",\"name\":\"CENAL\",\"url\":\"https:\/\/cenal.gob.ve\/\",\"sameAs\":[],\"logo\":{\"@type\":\"ImageObject\",\"inLanguage\":\"es\",\"@id\":\"https:\/\/cenal.gob.ve\/#\/schema\/logo\/image\/\",\"url\":\"https:\/\/i0.wp.com\/cenal.gob.ve\/wp-content\/uploads\/2022\/10\/cropped-images.jpg?fit=512%2C512\",\"contentUrl\":\"https:\/\/i0.wp.com\/cenal.gob.ve\/wp-content\/uploads\/2022\/10\/cropped-images.jpg?fit=512%2C512\",\"width\":512,\"height\":512,\"caption\":\"CENAL\"},\"image\":{\"@id\":\"https:\/\/cenal.gob.ve\/#\/schema\/logo\/image\/\"}}]}<\/script>\n<!-- \/ Yoast SEO plugin. -->","yoast_head_json":{"title":"I BIENAL NACIONAL DE LITERATURA C\u00c9SAR RENGIFO \u2013 MENCI\u00d3N ENSAYO TEATRAL","robots":{"index":"index","follow":"follow","max-snippet":"max-snippet:-1","max-image-preview":"max-image-preview:large","max-video-preview":"max-video-preview:-1"},"canonical":"https:\/\/cenal.gob.ve\/?page_id=18980","og_locale":"es_ES","og_type":"article","og_title":"I BIENAL NACIONAL DE LITERATURA C\u00c9SAR RENGIFO \u2013 MENCI\u00d3N ENSAYO TEATRAL","og_description":"El Ministerio del Poder Popular para la Cultura, a trav\u00e9s de la Compa\u00f1\u00eda Nacional de Teatro (CNT) y el Centro Nacional del Libro (Cenal) anuncian la conversi\u00f3n a Bienal del [&hellip;]","og_url":"https:\/\/cenal.gob.ve\/?page_id=18980","og_site_name":"Cenal","article_modified_time":"2022-09-05T22:28:36+00:00","twitter_card":"summary_large_image","twitter_misc":{"Est. reading time":"8 minutos"},"schema":{"@context":"https:\/\/schema.org","@graph":[{"@type":"WebPage","@id":"https:\/\/cenal.gob.ve\/?page_id=18980","url":"https:\/\/cenal.gob.ve\/?page_id=18980","name":"I BIENAL NACIONAL DE LITERATURA C\u00c9SAR RENGIFO \u2013 MENCI\u00d3N ENSAYO TEATRAL","isPartOf":{"@id":"https:\/\/cenal.gob.ve\/#website"},"datePublished":"2022-09-05T19:23:00+00:00","dateModified":"2022-09-05T22:28:36+00:00","breadcrumb":{"@id":"https:\/\/cenal.gob.ve\/?page_id=18980#breadcrumb"},"inLanguage":"es","potentialAction":[{"@type":"ReadAction","target":["https:\/\/cenal.gob.ve\/?page_id=18980"]}]},{"@type":"BreadcrumbList","@id":"https:\/\/cenal.gob.ve\/?page_id=18980#breadcrumb","itemListElement":[{"@type":"ListItem","position":1,"name":"Home","item":"https:\/\/cenal.gob.ve\/"},{"@type":"ListItem","position":2,"name":"I BIENAL NACIONAL DE LITERATURA C\u00c9SAR RENGIFO \u2013 MENCI\u00d3N ENSAYO TEATRAL"}]},{"@type":"WebSite","@id":"https:\/\/cenal.gob.ve\/#website","url":"https:\/\/cenal.gob.ve\/","name":"Cenal","description":"","publisher":{"@id":"https:\/\/cenal.gob.ve\/#organization"},"potentialAction":[{"@type":"SearchAction","target":{"@type":"EntryPoint","urlTemplate":"https:\/\/cenal.gob.ve\/?s={search_term_string}"},"query-input":"required name=search_term_string"}],"inLanguage":"es"},{"@type":"Organization","@id":"https:\/\/cenal.gob.ve\/#organization","name":"CENAL","url":"https:\/\/cenal.gob.ve\/","sameAs":[],"logo":{"@type":"ImageObject","inLanguage":"es","@id":"https:\/\/cenal.gob.ve\/#\/schema\/logo\/image\/","url":"https:\/\/i0.wp.com\/cenal.gob.ve\/wp-content\/uploads\/2022\/10\/cropped-images.jpg?fit=512%2C512","contentUrl":"https:\/\/i0.wp.com\/cenal.gob.ve\/wp-content\/uploads\/2022\/10\/cropped-images.jpg?fit=512%2C512","width":512,"height":512,"caption":"CENAL"},"image":{"@id":"https:\/\/cenal.gob.ve\/#\/schema\/logo\/image\/"}}]}},"jetpack_shortlink":"https:\/\/wp.me\/P5FMhp-4W8","_links":{"self":[{"href":"https:\/\/cenal.gob.ve\/index.php?rest_route=\/wp\/v2\/pages\/18980"}],"collection":[{"href":"https:\/\/cenal.gob.ve\/index.php?rest_route=\/wp\/v2\/pages"}],"about":[{"href":"https:\/\/cenal.gob.ve\/index.php?rest_route=\/wp\/v2\/types\/page"}],"author":[{"embeddable":true,"href":"https:\/\/cenal.gob.ve\/index.php?rest_route=\/wp\/v2\/users\/10"}],"replies":[{"embeddable":true,"href":"https:\/\/cenal.gob.ve\/index.php?rest_route=%2Fwp%2Fv2%2Fcomments&post=18980"}],"version-history":[{"count":8,"href":"https:\/\/cenal.gob.ve\/index.php?rest_route=\/wp\/v2\/pages\/18980\/revisions"}],"predecessor-version":[{"id":19007,"href":"https:\/\/cenal.gob.ve\/index.php?rest_route=\/wp\/v2\/pages\/18980\/revisions\/19007"}],"wp:attachment":[{"href":"https:\/\/cenal.gob.ve\/index.php?rest_route=%2Fwp%2Fv2%2Fmedia&parent=18980"}],"curies":[{"name":"wp","href":"https:\/\/api.w.org\/{rel}","templated":true}]}}