{"id":20139,"date":"2023-03-03T16:46:51","date_gmt":"2023-03-03T20:46:51","guid":{"rendered":"http:\/\/cenal.gob.ve\/?page_id=20139"},"modified":"2023-03-03T16:46:55","modified_gmt":"2023-03-03T20:46:55","slug":"vii-bienal-nacional-de-literatura-cruz-salmeron-acosta","status":"publish","type":"page","link":"https:\/\/cenal.gob.ve\/?page_id=20139","title":{"rendered":"VII Bienal Nacional de Literatura Cruz Salmer\u00f3n Acosta"},"content":{"rendered":"\n<p><strong>BASES<\/strong><\/p>\n\n\n\n<p>El Ministerio del Poder Popular para la Cultura, por intermedio del Centro Nacional del Libro conjuntamente con la Casa Nacional de las Letras Andr\u00e9s Bello, convocan al concurso de la VII Bienal Nacional de Literatura Cruz Salmer\u00f3n Acosta a partir de la publicaci\u00f3n de las presentes bases:<\/p>\n\n\n\n<ol><li>La s\u00e9ptima edici\u00f3n de la Bienal Cruz Salmer\u00f3n Acosta se celebrar\u00e1 en Manicuare, estado Sucre, en el mes de Diciembre de 2023, en memoria del insigne \u201cpoeta m\u00e1rtir\u201d quien naci\u00f3 en El Guarataro de Manicuare, pen\u00ednsula de Araya, el 3 de enero de 1892 y falleci\u00f3 el 29 de julio de 1929 en su mismo pueblo.<\/li><li>Para esta edici\u00f3n se abre la convocatoria en la menci\u00f3n LITERATURA INFANTIL (POES\u00cdA)<strong>. <\/strong>El tema es libre.<\/li><li>Podr\u00e1n participar escritores venezolanos y extranjeros residenciados en la Rep\u00fablica Bolivariana de Venezuela, con permanencia m\u00ednima de 5 a\u00f1os. No podr\u00e1n participar integrantes del Comit\u00e9 Organizador del evento.<\/li><li>Las obras participantes deber\u00e1n ser in\u00e9ditas, es decir, que no hayan sido publicadas ni premiadas en otros cert\u00e1menes con anterioridad al sometimiento a este concurso.<\/li><li>Las obras se recibir\u00e1n desde la publicaci\u00f3n de las presentes bases hasta el 15 de noviembre de 2023, solo por v\u00eda digital, a trav\u00e9s del siguiente correo electr\u00f3nico : bienalcruzsalmeronacosta@cenal.gob.ve        <\/li><li>En dos archivos adjuntos, independientes, se recibir\u00e1n: <strong>Archivo A) <\/strong>La obra, con una extensi\u00f3n m\u00ednima de 60 cuartillas, espacio 1,5; en letra Times New Roman, tama\u00f1o 12 puntos, en formato PDF, firmada bajo seud\u00f3nimo o lema. <strong>Archivo B) <\/strong>El nombre de la obra, seud\u00f3nimo, y los datos del autor (nombre completo, n\u00famero de c\u00e9dula, lugar de nacimiento, direcci\u00f3n de habitaci\u00f3n, n\u00famero telef\u00f3nico, direcci\u00f3n electr\u00f3nica y breve biograf\u00eda literaria).<\/li><li>Se otorgar\u00e1 un Premio \u00fanico que no podr\u00e1 ser compartido<strong>. <\/strong>No habr\u00e1 premios honor\u00edficos ni menciones especiales.<\/li><li>El autor o autora de la obra ganadora recibir\u00e1 certificado y un premio setenta y cinco mil bol\u00edvares (75.000 Bs.), otorgado por el Centro Nacional del Libro (Cenal), y la publicaci\u00f3n del libro por Monte \u00c1vila Editores (impreso y digital).<\/li><li>El jurado estar\u00e1 constituido por tres (3) escritores o escritoras de reconocida trayectoria, cuyos nombres se dar\u00e1n a conocer oportunamente. El fallo ser\u00e1 inapelable.<\/li><li>El veredicto de la VI Bienal Cruz Salmer\u00f3n Acostaser\u00e1 publicado en la p\u00e1gina web del cenal (<a href=\"http:\/\/www.cenal.gob.ve\/\">http:\/\/www.cenal.gob.ve<\/a>).<\/li><li>Lo no previsto en la presente convocatoria ser\u00e1 resuelto a criterio del jurado y el equipo organizador. La participaci\u00f3n en este concurso es libre y gratuita, y supone el conocimiento y aceptaci\u00f3n de las bases.<\/li><\/ol>\n","protected":false},"excerpt":{"rendered":"<p>BASES El Ministerio del Poder Popular para la Cultura, por intermedio del Centro Nacional del Libro conjuntamente con la Casa Nacional de las Letras Andr\u00e9s Bello, convocan al concurso de [&hellip;]<\/p>\n","protected":false},"author":10,"featured_media":0,"parent":0,"menu_order":0,"comment_status":"closed","ping_status":"closed","template":"","meta":{"spay_email":""},"yoast_head":"<!-- This site is optimized with the Yoast SEO plugin v19.8 - https:\/\/yoast.com\/wordpress\/plugins\/seo\/ -->\n<title>VII Bienal Nacional de Literatura Cruz Salmer\u00f3n Acosta<\/title>\n<meta name=\"robots\" content=\"index, follow, max-snippet:-1, max-image-preview:large, max-video-preview:-1\" \/>\n<link rel=\"canonical\" href=\"https:\/\/cenal.gob.ve\/?page_id=20139\" \/>\n<meta property=\"og:locale\" content=\"es_ES\" \/>\n<meta property=\"og:type\" content=\"article\" \/>\n<meta property=\"og:title\" content=\"VII Bienal Nacional de Literatura Cruz Salmer\u00f3n Acosta\" \/>\n<meta property=\"og:description\" content=\"BASES El Ministerio del Poder Popular para la Cultura, por intermedio del Centro Nacional del Libro conjuntamente con la Casa Nacional de las Letras Andr\u00e9s Bello, convocan al concurso de [&hellip;]\" \/>\n<meta property=\"og:url\" content=\"https:\/\/cenal.gob.ve\/?page_id=20139\" \/>\n<meta property=\"og:site_name\" content=\"Cenal\" \/>\n<meta property=\"article:modified_time\" content=\"2023-03-03T20:46:55+00:00\" \/>\n<meta name=\"twitter:card\" content=\"summary_large_image\" \/>\n<script type=\"application\/ld+json\" class=\"yoast-schema-graph\">{\"@context\":\"https:\/\/schema.org\",\"@graph\":[{\"@type\":\"WebPage\",\"@id\":\"https:\/\/cenal.gob.ve\/?page_id=20139\",\"url\":\"https:\/\/cenal.gob.ve\/?page_id=20139\",\"name\":\"VII Bienal Nacional de Literatura Cruz Salmer\u00f3n Acosta\",\"isPartOf\":{\"@id\":\"https:\/\/cenal.gob.ve\/#website\"},\"datePublished\":\"2023-03-03T20:46:51+00:00\",\"dateModified\":\"2023-03-03T20:46:55+00:00\",\"breadcrumb\":{\"@id\":\"https:\/\/cenal.gob.ve\/?page_id=20139#breadcrumb\"},\"inLanguage\":\"es\",\"potentialAction\":[{\"@type\":\"ReadAction\",\"target\":[\"https:\/\/cenal.gob.ve\/?page_id=20139\"]}]},{\"@type\":\"BreadcrumbList\",\"@id\":\"https:\/\/cenal.gob.ve\/?page_id=20139#breadcrumb\",\"itemListElement\":[{\"@type\":\"ListItem\",\"position\":1,\"name\":\"Home\",\"item\":\"https:\/\/cenal.gob.ve\/\"},{\"@type\":\"ListItem\",\"position\":2,\"name\":\"VII Bienal Nacional de Literatura Cruz Salmer\u00f3n Acosta\"}]},{\"@type\":\"WebSite\",\"@id\":\"https:\/\/cenal.gob.ve\/#website\",\"url\":\"https:\/\/cenal.gob.ve\/\",\"name\":\"Cenal\",\"description\":\"\",\"publisher\":{\"@id\":\"https:\/\/cenal.gob.ve\/#organization\"},\"potentialAction\":[{\"@type\":\"SearchAction\",\"target\":{\"@type\":\"EntryPoint\",\"urlTemplate\":\"https:\/\/cenal.gob.ve\/?s={search_term_string}\"},\"query-input\":\"required name=search_term_string\"}],\"inLanguage\":\"es\"},{\"@type\":\"Organization\",\"@id\":\"https:\/\/cenal.gob.ve\/#organization\",\"name\":\"CENAL\",\"url\":\"https:\/\/cenal.gob.ve\/\",\"sameAs\":[],\"logo\":{\"@type\":\"ImageObject\",\"inLanguage\":\"es\",\"@id\":\"https:\/\/cenal.gob.ve\/#\/schema\/logo\/image\/\",\"url\":\"https:\/\/i0.wp.com\/cenal.gob.ve\/wp-content\/uploads\/2022\/10\/cropped-images.jpg?fit=512%2C512\",\"contentUrl\":\"https:\/\/i0.wp.com\/cenal.gob.ve\/wp-content\/uploads\/2022\/10\/cropped-images.jpg?fit=512%2C512\",\"width\":512,\"height\":512,\"caption\":\"CENAL\"},\"image\":{\"@id\":\"https:\/\/cenal.gob.ve\/#\/schema\/logo\/image\/\"}}]}<\/script>\n<!-- \/ Yoast SEO plugin. -->","yoast_head_json":{"title":"VII Bienal Nacional de Literatura Cruz Salmer\u00f3n Acosta","robots":{"index":"index","follow":"follow","max-snippet":"max-snippet:-1","max-image-preview":"max-image-preview:large","max-video-preview":"max-video-preview:-1"},"canonical":"https:\/\/cenal.gob.ve\/?page_id=20139","og_locale":"es_ES","og_type":"article","og_title":"VII Bienal Nacional de Literatura Cruz Salmer\u00f3n Acosta","og_description":"BASES El Ministerio del Poder Popular para la Cultura, por intermedio del Centro Nacional del Libro conjuntamente con la Casa Nacional de las Letras Andr\u00e9s Bello, convocan al concurso de [&hellip;]","og_url":"https:\/\/cenal.gob.ve\/?page_id=20139","og_site_name":"Cenal","article_modified_time":"2023-03-03T20:46:55+00:00","twitter_card":"summary_large_image","schema":{"@context":"https:\/\/schema.org","@graph":[{"@type":"WebPage","@id":"https:\/\/cenal.gob.ve\/?page_id=20139","url":"https:\/\/cenal.gob.ve\/?page_id=20139","name":"VII Bienal Nacional de Literatura Cruz Salmer\u00f3n Acosta","isPartOf":{"@id":"https:\/\/cenal.gob.ve\/#website"},"datePublished":"2023-03-03T20:46:51+00:00","dateModified":"2023-03-03T20:46:55+00:00","breadcrumb":{"@id":"https:\/\/cenal.gob.ve\/?page_id=20139#breadcrumb"},"inLanguage":"es","potentialAction":[{"@type":"ReadAction","target":["https:\/\/cenal.gob.ve\/?page_id=20139"]}]},{"@type":"BreadcrumbList","@id":"https:\/\/cenal.gob.ve\/?page_id=20139#breadcrumb","itemListElement":[{"@type":"ListItem","position":1,"name":"Home","item":"https:\/\/cenal.gob.ve\/"},{"@type":"ListItem","position":2,"name":"VII Bienal Nacional de Literatura Cruz Salmer\u00f3n Acosta"}]},{"@type":"WebSite","@id":"https:\/\/cenal.gob.ve\/#website","url":"https:\/\/cenal.gob.ve\/","name":"Cenal","description":"","publisher":{"@id":"https:\/\/cenal.gob.ve\/#organization"},"potentialAction":[{"@type":"SearchAction","target":{"@type":"EntryPoint","urlTemplate":"https:\/\/cenal.gob.ve\/?s={search_term_string}"},"query-input":"required name=search_term_string"}],"inLanguage":"es"},{"@type":"Organization","@id":"https:\/\/cenal.gob.ve\/#organization","name":"CENAL","url":"https:\/\/cenal.gob.ve\/","sameAs":[],"logo":{"@type":"ImageObject","inLanguage":"es","@id":"https:\/\/cenal.gob.ve\/#\/schema\/logo\/image\/","url":"https:\/\/i0.wp.com\/cenal.gob.ve\/wp-content\/uploads\/2022\/10\/cropped-images.jpg?fit=512%2C512","contentUrl":"https:\/\/i0.wp.com\/cenal.gob.ve\/wp-content\/uploads\/2022\/10\/cropped-images.jpg?fit=512%2C512","width":512,"height":512,"caption":"CENAL"},"image":{"@id":"https:\/\/cenal.gob.ve\/#\/schema\/logo\/image\/"}}]}},"jetpack_shortlink":"https:\/\/wp.me\/P5FMhp-5eP","_links":{"self":[{"href":"https:\/\/cenal.gob.ve\/index.php?rest_route=\/wp\/v2\/pages\/20139"}],"collection":[{"href":"https:\/\/cenal.gob.ve\/index.php?rest_route=\/wp\/v2\/pages"}],"about":[{"href":"https:\/\/cenal.gob.ve\/index.php?rest_route=\/wp\/v2\/types\/page"}],"author":[{"embeddable":true,"href":"https:\/\/cenal.gob.ve\/index.php?rest_route=\/wp\/v2\/users\/10"}],"replies":[{"embeddable":true,"href":"https:\/\/cenal.gob.ve\/index.php?rest_route=%2Fwp%2Fv2%2Fcomments&post=20139"}],"version-history":[{"count":2,"href":"https:\/\/cenal.gob.ve\/index.php?rest_route=\/wp\/v2\/pages\/20139\/revisions"}],"predecessor-version":[{"id":20157,"href":"https:\/\/cenal.gob.ve\/index.php?rest_route=\/wp\/v2\/pages\/20139\/revisions\/20157"}],"wp:attachment":[{"href":"https:\/\/cenal.gob.ve\/index.php?rest_route=%2Fwp%2Fv2%2Fmedia&parent=20139"}],"curies":[{"name":"wp","href":"https:\/\/api.w.org\/{rel}","templated":true}]}}