{"id":24311,"date":"2024-05-23T16:24:38","date_gmt":"2024-05-23T20:24:38","guid":{"rendered":"http:\/\/cenal.gob.ve\/?page_id=24311"},"modified":"2024-05-23T16:24:43","modified_gmt":"2024-05-23T20:24:43","slug":"vii-bienal-nacional-de-literatura-jose-vicente-abreu-3","status":"publish","type":"page","link":"https:\/\/cenal.gob.ve\/?page_id=24311","title":{"rendered":"VII Bienal Nacional de Literatura Jos\u00e9 Vicente Abreu"},"content":{"rendered":"\n<p><strong>BASES<\/strong><br>El Ministerio del Poder Popular para la Cultura, a trav\u00e9s del Centro Nacional del Libro (Cenal) y la Casa Nacional de las Letras Andr\u00e9s Bello, abren la convocatoria de la VII Bienal Nacional de Literatura Jos\u00e9 Vicente Abreu a partir de la publicaci\u00f3n de las presentes bases.<br>1.- Para esta edici\u00f3n se abre la convocatoria en la menci\u00f3n NOVELA HIST\u00d3RICA.<br>2.- Podr\u00e1n participar escritores venezolanos y extranjeros con residencia en la Rep\u00fablica Bolivariana de Venezuela. No podr\u00e1n participar integrantes del Comit\u00e9 Organizador del evento.<br>3- No podr\u00e1n participar aquellos escritores que hayan ganado en otras bienales en los \u00faltimos cinco (5) a\u00f1os. Las obras participantes deber\u00e1n ser in\u00e9ditas.<br>4.- Las obras participantes ser\u00e1n recibidas desde la publicaci\u00f3n de las presentes bases hasta el 31 de agosto, \u00fanicamente por el correo electr\u00f3nico:bienaljosevicenteabreu@cenal.gob.ve<br>5.- En dos archivos adjuntos, independientes, se recibir\u00e1n: Archivo A): La obra con una extensi\u00f3n m\u00ednima de 30 cuartillas; espacio 1.5, en letra Times New Roman, tama\u00f1o 12 puntos, en formato PDF, firmado<br>bajo seud\u00f3nimo o lema. Archivo B): El nombre de la obra, seud\u00f3nimo, y los datos del autor (nombre completo, No de c\u00e9dula de identidad, lugar de nacimiento, direcci\u00f3n de habitaci\u00f3n, No telef\u00f3nico, direcci\u00f3n electr\u00f3nica, breve biograf\u00eda literaria y una fotograf\u00eda actualizada en formato JPG).<br>6.- Se otorgar\u00e1 un premio \u00fanico. No habr\u00e1 premios honor\u00edficos ni menciones especiales.<br>7.- El autor o autora de la obra ganadora recibir\u00e1 certificado y un premio de cien mil bol\u00edvares (Bs. 100.000,00), otorgado por el Centro Nacional del Libro (Cenal), y la publicaci\u00f3n del libro por Monte Avila<br>Editores (impreso y digital).<\/p>\n\n\n\n<p>8.- El jurado estar\u00e1 constituido por tres (3) escritores o escritoras de reconocida trayectoria, cuyos nombres se dar\u00e1n a conocer<br>oportunamente. El fallo ser\u00e1 inapelable.<br>9.- El veredicto de la VII Bienal Jos\u00e9 Vicente Abreu publicado en la p\u00e1gina web del Cenal <a href=\"http:\/\/www.cenal.gob.ve\">http:\/\/www.cenal.gob.ve<\/a><br>10.- Lo no previsto en la presente convocatoria ser\u00e1 resuelto a criterio del jurado y el equipo organizador. La participaci\u00f3n en este concurso es libre y gratuita, y supone el conocimiento y aceptaci\u00f3n de las bases.<\/p>\n","protected":false},"excerpt":{"rendered":"<p>BASESEl Ministerio del Poder Popular para la Cultura, a trav\u00e9s del Centro Nacional del Libro (Cenal) y la Casa Nacional de las Letras Andr\u00e9s Bello, abren la convocatoria de la [&hellip;]<\/p>\n","protected":false},"author":10,"featured_media":0,"parent":0,"menu_order":0,"comment_status":"closed","ping_status":"closed","template":"","meta":{"spay_email":""},"yoast_head":"<!-- This site is optimized with the Yoast SEO plugin v19.8 - https:\/\/yoast.com\/wordpress\/plugins\/seo\/ -->\n<title>VII Bienal Nacional de Literatura Jos\u00e9 Vicente Abreu<\/title>\n<meta name=\"robots\" content=\"index, follow, max-snippet:-1, max-image-preview:large, max-video-preview:-1\" \/>\n<link rel=\"canonical\" href=\"https:\/\/cenal.gob.ve\/?page_id=24311\" \/>\n<meta property=\"og:locale\" content=\"es_ES\" \/>\n<meta property=\"og:type\" content=\"article\" \/>\n<meta property=\"og:title\" content=\"VII Bienal Nacional de Literatura Jos\u00e9 Vicente Abreu\" \/>\n<meta property=\"og:description\" content=\"BASESEl Ministerio del Poder Popular para la Cultura, a trav\u00e9s del Centro Nacional del Libro (Cenal) y la Casa Nacional de las Letras Andr\u00e9s Bello, abren la convocatoria de la [&hellip;]\" \/>\n<meta property=\"og:url\" content=\"https:\/\/cenal.gob.ve\/?page_id=24311\" \/>\n<meta property=\"og:site_name\" content=\"Cenal\" \/>\n<meta property=\"article:modified_time\" content=\"2024-05-23T20:24:43+00:00\" \/>\n<meta name=\"twitter:card\" content=\"summary_large_image\" \/>\n<meta name=\"twitter:label1\" content=\"Est. reading time\" \/>\n\t<meta name=\"twitter:data1\" content=\"2 minutos\" \/>\n<script type=\"application\/ld+json\" class=\"yoast-schema-graph\">{\"@context\":\"https:\/\/schema.org\",\"@graph\":[{\"@type\":\"WebPage\",\"@id\":\"https:\/\/cenal.gob.ve\/?page_id=24311\",\"url\":\"https:\/\/cenal.gob.ve\/?page_id=24311\",\"name\":\"VII Bienal Nacional de Literatura Jos\u00e9 Vicente Abreu\",\"isPartOf\":{\"@id\":\"https:\/\/cenal.gob.ve\/#website\"},\"datePublished\":\"2024-05-23T20:24:38+00:00\",\"dateModified\":\"2024-05-23T20:24:43+00:00\",\"breadcrumb\":{\"@id\":\"https:\/\/cenal.gob.ve\/?page_id=24311#breadcrumb\"},\"inLanguage\":\"es\",\"potentialAction\":[{\"@type\":\"ReadAction\",\"target\":[\"https:\/\/cenal.gob.ve\/?page_id=24311\"]}]},{\"@type\":\"BreadcrumbList\",\"@id\":\"https:\/\/cenal.gob.ve\/?page_id=24311#breadcrumb\",\"itemListElement\":[{\"@type\":\"ListItem\",\"position\":1,\"name\":\"Home\",\"item\":\"https:\/\/cenal.gob.ve\/\"},{\"@type\":\"ListItem\",\"position\":2,\"name\":\"VII Bienal Nacional de Literatura Jos\u00e9 Vicente Abreu\"}]},{\"@type\":\"WebSite\",\"@id\":\"https:\/\/cenal.gob.ve\/#website\",\"url\":\"https:\/\/cenal.gob.ve\/\",\"name\":\"Cenal\",\"description\":\"\",\"publisher\":{\"@id\":\"https:\/\/cenal.gob.ve\/#organization\"},\"potentialAction\":[{\"@type\":\"SearchAction\",\"target\":{\"@type\":\"EntryPoint\",\"urlTemplate\":\"https:\/\/cenal.gob.ve\/?s={search_term_string}\"},\"query-input\":\"required name=search_term_string\"}],\"inLanguage\":\"es\"},{\"@type\":\"Organization\",\"@id\":\"https:\/\/cenal.gob.ve\/#organization\",\"name\":\"CENAL\",\"url\":\"https:\/\/cenal.gob.ve\/\",\"sameAs\":[],\"logo\":{\"@type\":\"ImageObject\",\"inLanguage\":\"es\",\"@id\":\"https:\/\/cenal.gob.ve\/#\/schema\/logo\/image\/\",\"url\":\"https:\/\/i0.wp.com\/cenal.gob.ve\/wp-content\/uploads\/2022\/10\/cropped-images.jpg?fit=512%2C512\",\"contentUrl\":\"https:\/\/i0.wp.com\/cenal.gob.ve\/wp-content\/uploads\/2022\/10\/cropped-images.jpg?fit=512%2C512\",\"width\":512,\"height\":512,\"caption\":\"CENAL\"},\"image\":{\"@id\":\"https:\/\/cenal.gob.ve\/#\/schema\/logo\/image\/\"}}]}<\/script>\n<!-- \/ Yoast SEO plugin. -->","yoast_head_json":{"title":"VII Bienal Nacional de Literatura Jos\u00e9 Vicente Abreu","robots":{"index":"index","follow":"follow","max-snippet":"max-snippet:-1","max-image-preview":"max-image-preview:large","max-video-preview":"max-video-preview:-1"},"canonical":"https:\/\/cenal.gob.ve\/?page_id=24311","og_locale":"es_ES","og_type":"article","og_title":"VII Bienal Nacional de Literatura Jos\u00e9 Vicente Abreu","og_description":"BASESEl Ministerio del Poder Popular para la Cultura, a trav\u00e9s del Centro Nacional del Libro (Cenal) y la Casa Nacional de las Letras Andr\u00e9s Bello, abren la convocatoria de la [&hellip;]","og_url":"https:\/\/cenal.gob.ve\/?page_id=24311","og_site_name":"Cenal","article_modified_time":"2024-05-23T20:24:43+00:00","twitter_card":"summary_large_image","twitter_misc":{"Est. reading time":"2 minutos"},"schema":{"@context":"https:\/\/schema.org","@graph":[{"@type":"WebPage","@id":"https:\/\/cenal.gob.ve\/?page_id=24311","url":"https:\/\/cenal.gob.ve\/?page_id=24311","name":"VII Bienal Nacional de Literatura Jos\u00e9 Vicente Abreu","isPartOf":{"@id":"https:\/\/cenal.gob.ve\/#website"},"datePublished":"2024-05-23T20:24:38+00:00","dateModified":"2024-05-23T20:24:43+00:00","breadcrumb":{"@id":"https:\/\/cenal.gob.ve\/?page_id=24311#breadcrumb"},"inLanguage":"es","potentialAction":[{"@type":"ReadAction","target":["https:\/\/cenal.gob.ve\/?page_id=24311"]}]},{"@type":"BreadcrumbList","@id":"https:\/\/cenal.gob.ve\/?page_id=24311#breadcrumb","itemListElement":[{"@type":"ListItem","position":1,"name":"Home","item":"https:\/\/cenal.gob.ve\/"},{"@type":"ListItem","position":2,"name":"VII Bienal Nacional de Literatura Jos\u00e9 Vicente Abreu"}]},{"@type":"WebSite","@id":"https:\/\/cenal.gob.ve\/#website","url":"https:\/\/cenal.gob.ve\/","name":"Cenal","description":"","publisher":{"@id":"https:\/\/cenal.gob.ve\/#organization"},"potentialAction":[{"@type":"SearchAction","target":{"@type":"EntryPoint","urlTemplate":"https:\/\/cenal.gob.ve\/?s={search_term_string}"},"query-input":"required name=search_term_string"}],"inLanguage":"es"},{"@type":"Organization","@id":"https:\/\/cenal.gob.ve\/#organization","name":"CENAL","url":"https:\/\/cenal.gob.ve\/","sameAs":[],"logo":{"@type":"ImageObject","inLanguage":"es","@id":"https:\/\/cenal.gob.ve\/#\/schema\/logo\/image\/","url":"https:\/\/i0.wp.com\/cenal.gob.ve\/wp-content\/uploads\/2022\/10\/cropped-images.jpg?fit=512%2C512","contentUrl":"https:\/\/i0.wp.com\/cenal.gob.ve\/wp-content\/uploads\/2022\/10\/cropped-images.jpg?fit=512%2C512","width":512,"height":512,"caption":"CENAL"},"image":{"@id":"https:\/\/cenal.gob.ve\/#\/schema\/logo\/image\/"}}]}},"jetpack_shortlink":"https:\/\/wp.me\/P5FMhp-6k7","_links":{"self":[{"href":"https:\/\/cenal.gob.ve\/index.php?rest_route=\/wp\/v2\/pages\/24311"}],"collection":[{"href":"https:\/\/cenal.gob.ve\/index.php?rest_route=\/wp\/v2\/pages"}],"about":[{"href":"https:\/\/cenal.gob.ve\/index.php?rest_route=\/wp\/v2\/types\/page"}],"author":[{"embeddable":true,"href":"https:\/\/cenal.gob.ve\/index.php?rest_route=\/wp\/v2\/users\/10"}],"replies":[{"embeddable":true,"href":"https:\/\/cenal.gob.ve\/index.php?rest_route=%2Fwp%2Fv2%2Fcomments&post=24311"}],"version-history":[{"count":1,"href":"https:\/\/cenal.gob.ve\/index.php?rest_route=\/wp\/v2\/pages\/24311\/revisions"}],"predecessor-version":[{"id":24312,"href":"https:\/\/cenal.gob.ve\/index.php?rest_route=\/wp\/v2\/pages\/24311\/revisions\/24312"}],"wp:attachment":[{"href":"https:\/\/cenal.gob.ve\/index.php?rest_route=%2Fwp%2Fv2%2Fmedia&parent=24311"}],"curies":[{"name":"wp","href":"https:\/\/api.w.org\/{rel}","templated":true}]}}