{"id":25131,"date":"2025-02-06T14:19:48","date_gmt":"2025-02-06T18:19:48","guid":{"rendered":"https:\/\/cenal.gob.ve\/?page_id=25131"},"modified":"2025-02-25T13:33:11","modified_gmt":"2025-02-25T17:33:11","slug":"ix-bienal-nacional-de-literatura-felix-armando-nunez","status":"publish","type":"page","link":"https:\/\/cenal.gob.ve\/?page_id=25131","title":{"rendered":"IX Bienal Nacional de Literatura F\u00e9lix Armando N\u00fa\u00f1ez"},"content":{"rendered":"\n<p>El Ministerio del Poder Popular para la Cultura y el Centro Nacional del Libro<br>(Cenal) convocan al concurso de la IX Bienal Nacional de Literatura F\u00e9lix<br>Armando N\u00fa\u00f1ez a partir de la publicaci\u00f3n de las presentes bases, para honrar la<br>memoria de este insigne poeta, ensayista y cr\u00edtico literario nativo de Boquer\u00f3n de<br>Matur\u00edn.<\/p>\n\n\n\n<ol><li>Se abre la convocatoria de esta edici\u00f3n en la menci\u00f3n ENSAYO. La tem\u00e1tica es libre.<\/li><li>Podr\u00e1n participar escritoras y escritores venezolanos y extranjeros con residencia en la Rep\u00fablica Bolivariana de Venezuela. No podr\u00e1n participar integrantes del Comit\u00e9 Organizador del evento ni ganadores de la Bienal Nacional de Literatura F\u00e9lix Armando N\u00fa\u00f1ez.<\/li><li>Las obras participantes deber\u00e1n ser in\u00e9ditas, que no hayan sido publicadas ni premiadas en otros cert\u00e1menes ni que est\u00e9n en curso su publicaci\u00f3n.<\/li><li>Las obras ser\u00e1n recibidas, \u00fanicamente, por el correo electr\u00f3nico bienalfelixarmandonunez@cenal.gob.ve a partir de la emisi\u00f3n p\u00fablica de las presentes bases hasta el 31 de julio.<\/li><li>En tres archivos adjuntos, independientes, se recibir\u00e1n: Archivo A): La obra con una extensi\u00f3n m\u00ednima de 30 cuartillas, debe estar en tama\u00f1o carta, letra Times New Roman, tama\u00f1o 12 puntos, espacio 1.5, en formato PDF, firmado bajo seud\u00f3nimo o lema. Archivo B): Debe contener el nombre de la obra, seud\u00f3nimo, y los datos del autor (nombre completo, c\u00e9dula de identidad, lugar de nacimiento, direcci\u00f3n de habitaci\u00f3n, n\u00famero telef\u00f3nico, direcci\u00f3n electr\u00f3nica y breve<br>biograf\u00eda literaria). Archivo C): una fotograf\u00eda actualizada del autor a color o blanco y negro, en formato JPG o PNG.<\/li><li>Se otorgar\u00e1 un premio \u00fanico que no podr\u00e1 ser compartido. No habr\u00e1 premios honor\u00edficos ni menciones especiales.<\/li><li>El autor o autora de la obra ganadora recibir\u00e1 un premio de ciento cincuenta mil bol\u00edvares (150.000,00 Bs.) otorgado por el Centro Nacional del Libro (Cenal) y la publicaci\u00f3n del libro por Monte \u00c1vila Editores (impreso y digital).<\/li><li>El jurado estar\u00e1 constituido por tres (3) escritores o escritoras de reconocida trayectoria, cuyos nombres se dar\u00e1n a conocer oportunamente. El fallo ser\u00e1 inapelable.<\/li><li>El veredicto de la IX Bienal F\u00e9lix Armando N\u00fa\u00f1ez se emitir\u00e1 p\u00fablicamente a trav\u00e9s de las redes del Centro Nacional del Libro y su sitio oficial http:\/\/www.cenal.gob.ve.<\/li><li>Lo no previsto en la presente convocatoria ser\u00e1 resuelto a criterio del jurado y el equipo organizador. La participaci\u00f3n en este concurso es libre y gratuita, y supone el conocimiento y aceptaci\u00f3n de las bases.<\/li><\/ol>\n","protected":false},"excerpt":{"rendered":"<p>El Ministerio del Poder Popular para la Cultura y el Centro Nacional del Libro(Cenal) convocan al concurso de la IX Bienal Nacional de Literatura F\u00e9lixArmando N\u00fa\u00f1ez a partir de la [&hellip;]<\/p>\n","protected":false},"author":10,"featured_media":0,"parent":0,"menu_order":0,"comment_status":"closed","ping_status":"closed","template":"","meta":{"spay_email":""},"yoast_head":"<!-- This site is optimized with the Yoast SEO plugin v19.8 - https:\/\/yoast.com\/wordpress\/plugins\/seo\/ -->\n<title>IX Bienal Nacional de Literatura F\u00e9lix Armando N\u00fa\u00f1ez<\/title>\n<meta name=\"robots\" content=\"index, follow, max-snippet:-1, max-image-preview:large, max-video-preview:-1\" \/>\n<link rel=\"canonical\" href=\"https:\/\/cenal.gob.ve\/?page_id=25131\" \/>\n<meta property=\"og:locale\" content=\"es_ES\" \/>\n<meta property=\"og:type\" content=\"article\" \/>\n<meta property=\"og:title\" content=\"IX Bienal Nacional de Literatura F\u00e9lix Armando N\u00fa\u00f1ez\" \/>\n<meta property=\"og:description\" content=\"El Ministerio del Poder Popular para la Cultura y el Centro Nacional del Libro(Cenal) convocan al concurso de la IX Bienal Nacional de Literatura F\u00e9lixArmando N\u00fa\u00f1ez a partir de la [&hellip;]\" \/>\n<meta property=\"og:url\" content=\"https:\/\/cenal.gob.ve\/?page_id=25131\" \/>\n<meta property=\"og:site_name\" content=\"Cenal\" \/>\n<meta property=\"article:modified_time\" content=\"2025-02-25T17:33:11+00:00\" \/>\n<meta name=\"twitter:card\" content=\"summary_large_image\" \/>\n<meta name=\"twitter:label1\" content=\"Est. reading time\" \/>\n\t<meta name=\"twitter:data1\" content=\"2 minutos\" \/>\n<script type=\"application\/ld+json\" class=\"yoast-schema-graph\">{\"@context\":\"https:\/\/schema.org\",\"@graph\":[{\"@type\":\"WebPage\",\"@id\":\"https:\/\/cenal.gob.ve\/?page_id=25131\",\"url\":\"https:\/\/cenal.gob.ve\/?page_id=25131\",\"name\":\"IX Bienal Nacional de Literatura F\u00e9lix Armando N\u00fa\u00f1ez\",\"isPartOf\":{\"@id\":\"https:\/\/cenal.gob.ve\/#website\"},\"datePublished\":\"2025-02-06T18:19:48+00:00\",\"dateModified\":\"2025-02-25T17:33:11+00:00\",\"breadcrumb\":{\"@id\":\"https:\/\/cenal.gob.ve\/?page_id=25131#breadcrumb\"},\"inLanguage\":\"es\",\"potentialAction\":[{\"@type\":\"ReadAction\",\"target\":[\"https:\/\/cenal.gob.ve\/?page_id=25131\"]}]},{\"@type\":\"BreadcrumbList\",\"@id\":\"https:\/\/cenal.gob.ve\/?page_id=25131#breadcrumb\",\"itemListElement\":[{\"@type\":\"ListItem\",\"position\":1,\"name\":\"Home\",\"item\":\"https:\/\/cenal.gob.ve\/\"},{\"@type\":\"ListItem\",\"position\":2,\"name\":\"IX Bienal Nacional de Literatura F\u00e9lix Armando N\u00fa\u00f1ez\"}]},{\"@type\":\"WebSite\",\"@id\":\"https:\/\/cenal.gob.ve\/#website\",\"url\":\"https:\/\/cenal.gob.ve\/\",\"name\":\"Cenal\",\"description\":\"\",\"publisher\":{\"@id\":\"https:\/\/cenal.gob.ve\/#organization\"},\"potentialAction\":[{\"@type\":\"SearchAction\",\"target\":{\"@type\":\"EntryPoint\",\"urlTemplate\":\"https:\/\/cenal.gob.ve\/?s={search_term_string}\"},\"query-input\":\"required name=search_term_string\"}],\"inLanguage\":\"es\"},{\"@type\":\"Organization\",\"@id\":\"https:\/\/cenal.gob.ve\/#organization\",\"name\":\"CENAL\",\"url\":\"https:\/\/cenal.gob.ve\/\",\"sameAs\":[],\"logo\":{\"@type\":\"ImageObject\",\"inLanguage\":\"es\",\"@id\":\"https:\/\/cenal.gob.ve\/#\/schema\/logo\/image\/\",\"url\":\"https:\/\/i0.wp.com\/cenal.gob.ve\/wp-content\/uploads\/2022\/10\/cropped-images.jpg?fit=512%2C512\",\"contentUrl\":\"https:\/\/i0.wp.com\/cenal.gob.ve\/wp-content\/uploads\/2022\/10\/cropped-images.jpg?fit=512%2C512\",\"width\":512,\"height\":512,\"caption\":\"CENAL\"},\"image\":{\"@id\":\"https:\/\/cenal.gob.ve\/#\/schema\/logo\/image\/\"}}]}<\/script>\n<!-- \/ Yoast SEO plugin. -->","yoast_head_json":{"title":"IX Bienal Nacional de Literatura F\u00e9lix Armando N\u00fa\u00f1ez","robots":{"index":"index","follow":"follow","max-snippet":"max-snippet:-1","max-image-preview":"max-image-preview:large","max-video-preview":"max-video-preview:-1"},"canonical":"https:\/\/cenal.gob.ve\/?page_id=25131","og_locale":"es_ES","og_type":"article","og_title":"IX Bienal Nacional de Literatura F\u00e9lix Armando N\u00fa\u00f1ez","og_description":"El Ministerio del Poder Popular para la Cultura y el Centro Nacional del Libro(Cenal) convocan al concurso de la IX Bienal Nacional de Literatura F\u00e9lixArmando N\u00fa\u00f1ez a partir de la [&hellip;]","og_url":"https:\/\/cenal.gob.ve\/?page_id=25131","og_site_name":"Cenal","article_modified_time":"2025-02-25T17:33:11+00:00","twitter_card":"summary_large_image","twitter_misc":{"Est. reading time":"2 minutos"},"schema":{"@context":"https:\/\/schema.org","@graph":[{"@type":"WebPage","@id":"https:\/\/cenal.gob.ve\/?page_id=25131","url":"https:\/\/cenal.gob.ve\/?page_id=25131","name":"IX Bienal Nacional de Literatura F\u00e9lix Armando N\u00fa\u00f1ez","isPartOf":{"@id":"https:\/\/cenal.gob.ve\/#website"},"datePublished":"2025-02-06T18:19:48+00:00","dateModified":"2025-02-25T17:33:11+00:00","breadcrumb":{"@id":"https:\/\/cenal.gob.ve\/?page_id=25131#breadcrumb"},"inLanguage":"es","potentialAction":[{"@type":"ReadAction","target":["https:\/\/cenal.gob.ve\/?page_id=25131"]}]},{"@type":"BreadcrumbList","@id":"https:\/\/cenal.gob.ve\/?page_id=25131#breadcrumb","itemListElement":[{"@type":"ListItem","position":1,"name":"Home","item":"https:\/\/cenal.gob.ve\/"},{"@type":"ListItem","position":2,"name":"IX Bienal Nacional de Literatura F\u00e9lix Armando N\u00fa\u00f1ez"}]},{"@type":"WebSite","@id":"https:\/\/cenal.gob.ve\/#website","url":"https:\/\/cenal.gob.ve\/","name":"Cenal","description":"","publisher":{"@id":"https:\/\/cenal.gob.ve\/#organization"},"potentialAction":[{"@type":"SearchAction","target":{"@type":"EntryPoint","urlTemplate":"https:\/\/cenal.gob.ve\/?s={search_term_string}"},"query-input":"required name=search_term_string"}],"inLanguage":"es"},{"@type":"Organization","@id":"https:\/\/cenal.gob.ve\/#organization","name":"CENAL","url":"https:\/\/cenal.gob.ve\/","sameAs":[],"logo":{"@type":"ImageObject","inLanguage":"es","@id":"https:\/\/cenal.gob.ve\/#\/schema\/logo\/image\/","url":"https:\/\/i0.wp.com\/cenal.gob.ve\/wp-content\/uploads\/2022\/10\/cropped-images.jpg?fit=512%2C512","contentUrl":"https:\/\/i0.wp.com\/cenal.gob.ve\/wp-content\/uploads\/2022\/10\/cropped-images.jpg?fit=512%2C512","width":512,"height":512,"caption":"CENAL"},"image":{"@id":"https:\/\/cenal.gob.ve\/#\/schema\/logo\/image\/"}}]}},"jetpack_shortlink":"https:\/\/wp.me\/P5FMhp-6xl","_links":{"self":[{"href":"https:\/\/cenal.gob.ve\/index.php?rest_route=\/wp\/v2\/pages\/25131"}],"collection":[{"href":"https:\/\/cenal.gob.ve\/index.php?rest_route=\/wp\/v2\/pages"}],"about":[{"href":"https:\/\/cenal.gob.ve\/index.php?rest_route=\/wp\/v2\/types\/page"}],"author":[{"embeddable":true,"href":"https:\/\/cenal.gob.ve\/index.php?rest_route=\/wp\/v2\/users\/10"}],"replies":[{"embeddable":true,"href":"https:\/\/cenal.gob.ve\/index.php?rest_route=%2Fwp%2Fv2%2Fcomments&post=25131"}],"version-history":[{"count":5,"href":"https:\/\/cenal.gob.ve\/index.php?rest_route=\/wp\/v2\/pages\/25131\/revisions"}],"predecessor-version":[{"id":25342,"href":"https:\/\/cenal.gob.ve\/index.php?rest_route=\/wp\/v2\/pages\/25131\/revisions\/25342"}],"wp:attachment":[{"href":"https:\/\/cenal.gob.ve\/index.php?rest_route=%2Fwp%2Fv2%2Fmedia&parent=25131"}],"curies":[{"name":"wp","href":"https:\/\/api.w.org\/{rel}","templated":true}]}}