{"id":26,"date":"2021-08-09T16:34:58","date_gmt":"2021-08-09T20:34:58","guid":{"rendered":"http:\/\/localhost\/noticias\/?page_id=26"},"modified":"2022-04-27T13:05:25","modified_gmt":"2022-04-27T17:05:25","slug":"becas","status":"publish","type":"page","link":"https:\/\/cenal.gob.ve\/?page_id=26","title":{"rendered":"BECAS"},"content":{"rendered":"\t\t<div data-elementor-type=\"wp-page\" data-elementor-id=\"26\" class=\"elementor elementor-26\" data-elementor-settings=\"[]\">\n\t\t\t\t\t\t<div class=\"elementor-inner\">\n\t\t\t\t\t\t\t<div class=\"elementor-section-wrap\">\n\t\t\t\t\t\t\t<section class=\"elementor-section elementor-top-section elementor-element elementor-element-5408699c elementor-section-stretched elementor-section-boxed elementor-section-height-default elementor-section-height-default\" data-id=\"5408699c\" data-element_type=\"section\" data-settings=\"{&quot;stretch_section&quot;:&quot;section-stretched&quot;,&quot;background_background&quot;:&quot;classic&quot;}\">\n\t\t\t\t\t\t\t<div class=\"elementor-background-overlay\"><\/div>\n\t\t\t\t\t\t\t<div class=\"elementor-container elementor-column-gap-default\">\n\t\t\t\t\t\t\t<div class=\"elementor-row\">\n\t\t\t\t\t<div class=\"elementor-column elementor-col-100 elementor-top-column elementor-element elementor-element-68479ed9\" data-id=\"68479ed9\" data-element_type=\"column\" data-settings=\"{&quot;background_background&quot;:&quot;classic&quot;}\">\n\t\t\t<div class=\"elementor-column-wrap elementor-element-populated\">\n\t\t\t\t\t\t\t<div class=\"elementor-widget-wrap\">\n\t\t\t\t\t\t<section class=\"elementor-section elementor-inner-section elementor-element elementor-element-798c6fb9 elementor-section-boxed elementor-section-height-default elementor-section-height-default\" data-id=\"798c6fb9\" data-element_type=\"section\">\n\t\t\t\t\t\t<div class=\"elementor-container elementor-column-gap-default\">\n\t\t\t\t\t\t\t<div class=\"elementor-row\">\n\t\t\t\t\t<div class=\"elementor-column elementor-col-100 elementor-inner-column elementor-element elementor-element-6beec04b\" data-id=\"6beec04b\" data-element_type=\"column\" data-settings=\"{&quot;background_background&quot;:&quot;classic&quot;}\">\n\t\t\t<div class=\"elementor-column-wrap elementor-element-populated\">\n\t\t\t\t\t\t\t<div class=\"elementor-widget-wrap\">\n\t\t\t\t\t\t<div class=\"elementor-element elementor-element-34605561 elementor-widget elementor-widget-heading\" data-id=\"34605561\" data-element_type=\"widget\" data-widget_type=\"heading.default\">\n\t\t\t\t<div class=\"elementor-widget-container\">\n\t\t\t<h2 class=\"elementor-heading-title elementor-size-default\">Becas a la Creaci\u00f3n Literaria<\/h2>\t\t<\/div>\n\t\t\t\t<\/div>\n\t\t\t\t<div class=\"elementor-element elementor-element-69faaa7c elementor-widget elementor-widget-text-editor\" data-id=\"69faaa7c\" data-element_type=\"widget\" data-widget_type=\"text-editor.default\">\n\t\t\t\t<div class=\"elementor-widget-container\">\n\t\t\t\t\t<div class=\"elementor-text-editor elementor-clearfix\"><article id=\"post-1139\" class=\"post-1139 page type-page status-publish hentry\"><div class=\"entry-content clearfix\"><p>Con el fin de estimular, fomentar y fortalecer la creaci\u00f3n literaria para ni\u00f1os y ni\u00f1as, que fomente el acercamiento a la lectura, el Ministerio del Poder Popular para la Cultura a trav\u00e9s del Instituto Aut\u00f3nomo Centro Nacional del Libro (CENAL), convoca anualmente abre al Concurso Becas de Est\u00edmulo de Creaci\u00f3n Literaria Infantil dirigido a venezolanos (as) o extranjeros (as) residenciados (as) en el pa\u00eds. Cada a\u00f1o a trav\u00e9s de este concurso se asignan cuatro (4) becas.<\/p><\/div><\/article><\/div>\n\t\t\t\t<\/div>\n\t\t\t\t<\/div>\n\t\t\t\t\t\t<\/div>\n\t\t\t\t\t<\/div>\n\t\t<\/div>\n\t\t\t\t\t\t\t\t<\/div>\n\t\t\t\t\t<\/div>\n\t\t<\/section>\n\t\t\t\t\t\t<\/div>\n\t\t\t\t\t<\/div>\n\t\t<\/div>\n\t\t\t\t\t\t\t\t<\/div>\n\t\t\t\t\t<\/div>\n\t\t<\/section>\n\t\t\t\t<section class=\"elementor-section elementor-top-section elementor-element elementor-element-f309e40 elementor-section-boxed elementor-section-height-default elementor-section-height-default\" data-id=\"f309e40\" data-element_type=\"section\">\n\t\t\t\t\t\t<div class=\"elementor-container elementor-column-gap-default\">\n\t\t\t\t\t\t\t<div class=\"elementor-row\">\n\t\t\t\t\t<div class=\"elementor-column elementor-col-100 elementor-top-column elementor-element elementor-element-533c1fc\" data-id=\"533c1fc\" data-element_type=\"column\">\n\t\t\t<div class=\"elementor-column-wrap elementor-element-populated\">\n\t\t\t\t\t\t\t<div class=\"elementor-widget-wrap\">\n\t\t\t\t\t\t<div class=\"elementor-element elementor-element-5cc0b18 elementor-widget elementor-widget-heading\" data-id=\"5cc0b18\" data-element_type=\"widget\" data-widget_type=\"heading.default\">\n\t\t\t\t<div class=\"elementor-widget-container\">\n\t\t\t<h2 class=\"elementor-heading-title elementor-size-default\">Ganadores de becas<\/h2>\t\t<\/div>\n\t\t\t\t<\/div>\n\t\t\t\t<div class=\"elementor-element elementor-element-1ae434b upk-navigation-type-arrows upk-carousel-style-carousel elementor-widget elementor-widget-upk-amox-carousel\" data-id=\"1ae434b\" data-element_type=\"widget\" data-widget_type=\"upk-amox-carousel.default\">\n\t\t\t\t<div class=\"elementor-widget-container\">\n\t\t\t\t\t<div id=\"upk-amox-carousel-1ae434b\" class=\"upk-amox-carousel upk-arrows-align-center\" data-settings=\"{&quot;speed&quot;:500,&quot;slidesPerView&quot;:1,&quot;slidesPerGroup&quot;:1,&quot;spaceBetween&quot;:20,&quot;effect&quot;:&quot;carousel&quot;,&quot;direction&quot;:&quot;horizontal&quot;,&quot;watchSlidesVisibility&quot;:true,&quot;watchSlidesProgress&quot;:true,&quot;breakpoints&quot;:{&quot;767&quot;:{&quot;slidesPerView&quot;:2,&quot;spaceBetween&quot;:20,&quot;slidesPerGroup&quot;:1},&quot;1023&quot;:{&quot;slidesPerView&quot;:3,&quot;spaceBetween&quot;:14,&quot;slidesPerGroup&quot;:1}},&quot;navigation&quot;:{&quot;nextEl&quot;:&quot;#upk-amox-carousel-1ae434b .upk-navigation-next&quot;,&quot;prevEl&quot;:&quot;#upk-amox-carousel-1ae434b .upk-navigation-prev&quot;},&quot;pagination&quot;:{&quot;el&quot;:&quot;#upk-amox-carousel-1ae434b .swiper-pagination&quot;,&quot;type&quot;:&quot;&quot;,&quot;clickable&quot;:&quot;true&quot;,&quot;dynamicBullets&quot;:false},&quot;scrollbar&quot;:{&quot;el&quot;:&quot;#upk-amox-carousel-1ae434b .swiper-scrollbar&quot;,&quot;hide&quot;:&quot;true&quot;},&quot;coverflowEffect&quot;:{&quot;rotate&quot;:50,&quot;stretch&quot;:0,&quot;depth&quot;:100,&quot;modifier&quot;:1,&quot;slideShadows&quot;:true}}\">\n\t\t\t<div class=\"upk-post-wrapper\">\n\t\t\t\t<div class=\"swiper-container\">\n\t\t\t\t\t<div class=\"swiper-wrapper\">\n\t\t\t\t<div class=\"upk-item swiper-slide \">\n\t\t\t<div class=\"upk-img-wrap\">\n\t\t\t\t\t\t<img class=\"upk-img\" src=\"https:\/\/i0.wp.com\/cenal.gob.ve\/wp-content\/uploads\/2025\/04\/4922565892185894689.jpg?fit=300%2C200&#038;ssl=1\" alt=\"Cenal anunci\u00f3 ganadoras del I Concurso Nacional Juvenil de Literatura Teresa de la Parra\">\r\n\t\t\t\t\t<\/div>\n\t\t\t<div class=\"upk-content\">\n\t\t\t\t\t\t\t\t\t\t<h3 class=\"upk-title\">\r\n\t\t\t<a href=\"https:\/\/cenal.gob.ve\/?p=25541\" class=\"title-animation-underline\" title=\"Cenal anunci\u00f3 ganadoras del I Concurso Nacional Juvenil de Literatura Teresa de la Parra\">\r\n\t\t\t\tCenal anunci\u00f3 ganadoras del I Concurso Nacional Juvenil de Literatura Teresa de la Parra\t\t\t<\/a>\r\n\t\t<\/h3>\r\n\t\t\t\t\t\t<div class=\"upk-meta upk-flex-inline upk-flex-middle\">\n\t\t\t\t\t\t\t<div class=\"upk-date\">\r\n\t\t\t25 de abril de 2025\t\t<\/div>\r\n\t\t\r\n\t\t\t\t\t\t\t\t\t\t\t\t\t<\/div>\n\t\t\t<\/div>\n\t\t<\/div>\n\n\n\t\t\t\t<div class=\"upk-item swiper-slide \">\n\t\t\t<div class=\"upk-img-wrap\">\n\t\t\t\t\t\t<img class=\"upk-img\" src=\"https:\/\/i0.wp.com\/cenal.gob.ve\/wp-content\/uploads\/2022\/09\/Taller.png?fit=300%2C167&#038;ssl=1\" alt=\"Cenal anuncia adjudicaci\u00f3n de Becas de Est\u00edmulo a la Creaci\u00f3n Literaria 2022\">\r\n\t\t\t\t\t<\/div>\n\t\t\t<div class=\"upk-content\">\n\t\t\t\t\t\t\t\t\t\t<h3 class=\"upk-title\">\r\n\t\t\t<a href=\"https:\/\/cenal.gob.ve\/?p=19011\" class=\"title-animation-underline\" title=\"Cenal anuncia adjudicaci\u00f3n de Becas de Est\u00edmulo a la Creaci\u00f3n Literaria 2022\">\r\n\t\t\t\tCenal anuncia adjudicaci\u00f3n de Becas de Est\u00edmulo a la Creaci\u00f3n Literaria 2022\t\t\t<\/a>\r\n\t\t<\/h3>\r\n\t\t\t\t\t\t<div class=\"upk-meta upk-flex-inline upk-flex-middle\">\n\t\t\t\t\t\t\t<div class=\"upk-date\">\r\n\t\t\t14 de septiembre de 2022\t\t<\/div>\r\n\t\t\r\n\t\t\t\t\t\t\t\t\t\t\t\t\t<\/div>\n\t\t\t<\/div>\n\t\t<\/div>\n\n\n\t\t\t\t<div class=\"upk-item swiper-slide \">\n\t\t\t<div class=\"upk-img-wrap\">\n\t\t\t\t\t\t<img class=\"upk-img\" src=\"https:\/\/i0.wp.com\/cenal.gob.ve\/wp-content\/uploads\/2019\/04\/homenaje-libro.jpg?fit=300%2C167&#038;ssl=1\" alt=\"Ganadores Becas de Est\u00edmulo a la Creaci\u00f3n Literaria 2019\">\r\n\t\t\t\t\t<\/div>\n\t\t\t<div class=\"upk-content\">\n\t\t\t\t\t\t\t\t\t\t<h3 class=\"upk-title\">\r\n\t\t\t<a href=\"https:\/\/cenal.gob.ve\/?p=8765\" class=\"title-animation-underline\" title=\"Ganadores Becas de Est\u00edmulo a la Creaci\u00f3n Literaria 2019\">\r\n\t\t\t\tGanadores Becas de Est\u00edmulo a la Creaci\u00f3n Literaria 2019\t\t\t<\/a>\r\n\t\t<\/h3>\r\n\t\t\t\t\t\t<div class=\"upk-meta upk-flex-inline upk-flex-middle\">\n\t\t\t\t\t\t\t<div class=\"upk-date\">\r\n\t\t\t28 de agosto de 2019\t\t<\/div>\r\n\t\t\r\n\t\t\t\t\t\t\t\t\t\t\t\t\t<\/div>\n\t\t\t<\/div>\n\t\t<\/div>\n\n\n\t\t\t\t<\/div>\r\n\t\t\t\t<\/div>\r\n\t\t\r\n\t\t\t\t\t\t\t\t\t\t\t<div class=\"upk-position-z-index upk-position-center upk-visible@m\">\r\n\t\t\t\t<div class=\"upk-arrows-container upk-slidenav-container\">\r\n\t\t\t\t\t<a href=\"\" class=\"upk-navigation-prev\">\r\n\t\t\t\t\t\t<i class=\"upk-icon-arrow-left-5\" aria-hidden=\"true\"><\/i>\r\n\t\t\t\t\t<\/a>\r\n\t\t\t\t\t<a href=\"\" class=\"upk-navigation-next\">\r\n\t\t\t\t\t\t<i class=\"upk-icon-arrow-right-5\" aria-hidden=\"true\"><\/i>\r\n\t\t\t\t\t<\/a>\r\n\t\t\t\t<\/div>\r\n\t\t\t<\/div>\r\n\t\t\t\t\r\n\t\t<\/div>\r\n\t\t<\/div>\r\n\t\t\t\t<\/div>\n\t\t\t\t<\/div>\n\t\t\t\t<div class=\"elementor-element elementor-element-547143a elementor-widget elementor-widget-heading\" data-id=\"547143a\" data-element_type=\"widget\" data-widget_type=\"heading.default\">\n\t\t\t\t<div class=\"elementor-widget-container\">\n\t\t\t<h2 class=\"elementor-heading-title elementor-size-default\">Convocatorias<\/h2>\t\t<\/div>\n\t\t\t\t<\/div>\n\t\t\t\t<div class=\"elementor-element elementor-element-7adb149 elementor-widget elementor-widget-upk-fanel-list\" data-id=\"7adb149\" data-element_type=\"widget\" data-widget_type=\"upk-fanel-list.default\">\n\t\t\t\t<div class=\"elementor-widget-container\">\n\t\t\t            <div class=\"upk-fanel-list\">\n\t\t\t\t\t\t\t\t\t\n\t\t\t\t\t\t\t\t<div class=\"upk-item\">\n\t\t\t\t<div class=\"upk-item-box\">\n\t\t\t\t\t<div class=\"upk-image-wrap\">\n\n\t\t\t\t\t\t\t\t<img class=\"upk-img\" src=\"https:\/\/i0.wp.com\/cenal.gob.ve\/wp-content\/uploads\/2025\/08\/666fe112-4fc7-41e5-a3c5-ba884af95719-scaled.jpeg?fit=300%2C232&#038;ssl=1\" alt=\"Cenal invita a ni\u00f1as, ni\u00f1os y j\u00f3venes a participar en programaci\u00f3n literaria &#8220;Hab\u00eda una vez unas vacaciones&#8221;\">\r\n\t\t\n\t\t\t\t\t\t\t\t\t\t\t\t<div class=\"upk-fanel-date-wrap\">\n\t\t\t\t\t\t\t<span class=\"upk-fanel-date\">14<\/span>\n\t\t\t\t\t\t\t<span class=\"upk-fanel-month\">Ago<\/span>\n\t\t\t\t\t\t<\/div>\n\t\t\t\t\t\t\n\t\t\t\t\t<\/div>\n\n\t\t\t\t\t<div class=\"upk-content upk-readmore--yes\">\n\t\t\t\t\t\t\n\t\t\t\t\t\t\t\t<h3 class=\"upk-title\">\r\n\t\t\t<a href=\"https:\/\/cenal.gob.ve\/?p=26148\" class=\"title-animation-underline\" title=\"Cenal invita a ni\u00f1as, ni\u00f1os y j\u00f3venes a participar en programaci\u00f3n literaria &#8220;Hab\u00eda una vez unas vacaciones&#8221;\">\r\n\t\t\t\tCenal invita a ni\u00f1as, ni\u00f1os y j\u00f3venes a participar en programaci\u00f3n literaria &#8220;Hab\u00eda una vez unas vacaciones&#8221;\t\t\t<\/a>\r\n\t\t<\/h3>\r\n\t\t\n\t\t\t\t\t\t\t\t<div class=\"upk-text\">\r\n\t\t<p>El Centro Nacional del Libro (Cenal) invita a ni\u00f1as, ni\u00f1os y j\u00f3venes a participar en<\/p>\n\t\t<\/div>\r\n\t\t\n\t\t\t\t\t\t\t\t\t\t\t\t\n\t\t\t\t\t<\/div>\n\t\t\t\t\t\t\t\t\t\t<a class=\"upk-fanel-read-more\" href=\"https:\/\/cenal.gob.ve\/?p=26148\">\n\t\t\t\t\t\t<i class=\"upk-icon-arrow-right-7\" aria-hidden=\"true\"><\/i>\n\t\t\t\t\t<\/a>\n\t\t\t\t\t\t\t\t\t<\/div>\n\t\t\t<\/div>\n\t\t\t\n\t\t\t\t\t\t\t\n\t\t\t\t\t\t\t\t\t\n\t\t\t\t\t\t\t\t<div class=\"upk-item\">\n\t\t\t\t<div class=\"upk-item-box\">\n\t\t\t\t\t<div class=\"upk-image-wrap\">\n\n\t\t\t\t\t\t\t\t<img class=\"upk-img\" src=\"https:\/\/i0.wp.com\/cenal.gob.ve\/wp-content\/uploads\/2025\/02\/istockphoto-1410731649-612x612-1.jpg?fit=300%2C169&#038;ssl=1\" alt=\"Abiertas convocatorias para Bienales Nacionales de Literatura 2025\">\r\n\t\t\n\t\t\t\t\t\t\t\t\t\t\t\t<div class=\"upk-fanel-date-wrap\">\n\t\t\t\t\t\t\t<span class=\"upk-fanel-date\">20<\/span>\n\t\t\t\t\t\t\t<span class=\"upk-fanel-month\">Feb<\/span>\n\t\t\t\t\t\t<\/div>\n\t\t\t\t\t\t\n\t\t\t\t\t<\/div>\n\n\t\t\t\t\t<div class=\"upk-content upk-readmore--yes\">\n\t\t\t\t\t\t\n\t\t\t\t\t\t\t\t<h3 class=\"upk-title\">\r\n\t\t\t<a href=\"https:\/\/cenal.gob.ve\/?p=25290\" class=\"title-animation-underline\" title=\"Abiertas convocatorias para Bienales Nacionales de Literatura 2025\">\r\n\t\t\t\tAbiertas convocatorias para Bienales Nacionales de Literatura 2025\t\t\t<\/a>\r\n\t\t<\/h3>\r\n\t\t\n\t\t\t\t\t\t\t\t<div class=\"upk-text\">\r\n\t\t<p>El Ministerio del Poder Popular para la Cultura (MPPC) y el Centro Nacional del Libro<\/p>\n\t\t<\/div>\r\n\t\t\n\t\t\t\t\t\t\t\t\t\t\t\t\n\t\t\t\t\t<\/div>\n\t\t\t\t\t\t\t\t\t\t<a class=\"upk-fanel-read-more\" href=\"https:\/\/cenal.gob.ve\/?p=25290\">\n\t\t\t\t\t\t<i class=\"upk-icon-arrow-right-7\" aria-hidden=\"true\"><\/i>\n\t\t\t\t\t<\/a>\n\t\t\t\t\t\t\t\t\t<\/div>\n\t\t\t<\/div>\n\t\t\t\n\t\t\t\t\t\t\t\n\t\t\t\t\t\t\t\t\t\n\t\t\t\t\t\t\t\t<div class=\"upk-item\">\n\t\t\t\t<div class=\"upk-item-box\">\n\t\t\t\t\t<div class=\"upk-image-wrap\">\n\n\t\t\t\t\t\t\t\t<img class=\"upk-img\" src=\"https:\/\/i0.wp.com\/cenal.gob.ve\/wp-content\/uploads\/2024\/09\/photo_5122867631974624393_x.jpg?fit=300%2C296&#038;ssl=1\" alt=\"Abierta convocatoria internacional para Premio Libertador al Pensamiento Cr\u00edtico 2024\">\r\n\t\t\n\t\t\t\t\t\t\t\t\t\t\t\t<div class=\"upk-fanel-date-wrap\">\n\t\t\t\t\t\t\t<span class=\"upk-fanel-date\">12<\/span>\n\t\t\t\t\t\t\t<span class=\"upk-fanel-month\">Sep<\/span>\n\t\t\t\t\t\t<\/div>\n\t\t\t\t\t\t\n\t\t\t\t\t<\/div>\n\n\t\t\t\t\t<div class=\"upk-content upk-readmore--yes\">\n\t\t\t\t\t\t\n\t\t\t\t\t\t\t\t<h3 class=\"upk-title\">\r\n\t\t\t<a href=\"https:\/\/cenal.gob.ve\/?p=24601\" class=\"title-animation-underline\" title=\"Abierta convocatoria internacional para Premio Libertador al Pensamiento Cr\u00edtico 2024\">\r\n\t\t\t\tAbierta convocatoria internacional para Premio Libertador al Pensamiento Cr\u00edtico 2024\t\t\t<\/a>\r\n\t\t<\/h3>\r\n\t\t\n\t\t\t\t\t\t\t\t<div class=\"upk-text\">\r\n\t\t<p>El presidente de la Rep\u00fablica Bolivariana de Venezuela, Nicol\u00e1s Maduro Moros, anunci\u00f3 este mi\u00e9rcoles 11<\/p>\n\t\t<\/div>\r\n\t\t\n\t\t\t\t\t\t\t\t\t\t\t\t\n\t\t\t\t\t<\/div>\n\t\t\t\t\t\t\t\t\t\t<a class=\"upk-fanel-read-more\" href=\"https:\/\/cenal.gob.ve\/?p=24601\">\n\t\t\t\t\t\t<i class=\"upk-icon-arrow-right-7\" aria-hidden=\"true\"><\/i>\n\t\t\t\t\t<\/a>\n\t\t\t\t\t\t\t\t\t<\/div>\n\t\t\t<\/div>\n\t\t\t\n\t\t\t\t\t\t\t\n\t\t\t\t\t\t\t\t\t\n\t\t\t\t\t\t\t\t<div class=\"upk-item\">\n\t\t\t\t<div class=\"upk-item-box\">\n\t\t\t\t\t<div class=\"upk-image-wrap\">\n\n\t\t\t\t\t\t\t\t<img class=\"upk-img\" src=\"https:\/\/i0.wp.com\/cenal.gob.ve\/wp-content\/uploads\/2024\/05\/WhatsApp-Image-2024-05-23-at-3.59.56-PM.jpeg?fit=300%2C300&#038;ssl=1\" alt=\"Abiertas siete Bienales Nacionales de Literatura para 2024\">\r\n\t\t\n\t\t\t\t\t\t\t\t\t\t\t\t<div class=\"upk-fanel-date-wrap\">\n\t\t\t\t\t\t\t<span class=\"upk-fanel-date\">23<\/span>\n\t\t\t\t\t\t\t<span class=\"upk-fanel-month\">May<\/span>\n\t\t\t\t\t\t<\/div>\n\t\t\t\t\t\t\n\t\t\t\t\t<\/div>\n\n\t\t\t\t\t<div class=\"upk-content upk-readmore--yes\">\n\t\t\t\t\t\t\n\t\t\t\t\t\t\t\t<h3 class=\"upk-title\">\r\n\t\t\t<a href=\"https:\/\/cenal.gob.ve\/?p=24316\" class=\"title-animation-underline\" title=\"Abiertas siete Bienales Nacionales de Literatura para 2024\">\r\n\t\t\t\tAbiertas siete Bienales Nacionales de Literatura para 2024\t\t\t<\/a>\r\n\t\t<\/h3>\r\n\t\t\n\t\t\t\t\t\t\t\t<div class=\"upk-text\">\r\n\t\t<p>El Ministerio del Poder Popular para la Cultura convoca para este 2024 siete Bienales Nacionales<\/p>\n\t\t<\/div>\r\n\t\t\n\t\t\t\t\t\t\t\t\t\t\t\t\n\t\t\t\t\t<\/div>\n\t\t\t\t\t\t\t\t\t\t<a class=\"upk-fanel-read-more\" href=\"https:\/\/cenal.gob.ve\/?p=24316\">\n\t\t\t\t\t\t<i class=\"upk-icon-arrow-right-7\" aria-hidden=\"true\"><\/i>\n\t\t\t\t\t<\/a>\n\t\t\t\t\t\t\t\t\t<\/div>\n\t\t\t<\/div>\n\t\t\t\n\t\t\t\t\t\t\t\n\t\t\t\t\t\t\t\t\t\n\t\t\t\t\t\t\t\t<div class=\"upk-item\">\n\t\t\t\t<div class=\"upk-item-box\">\n\t\t\t\t\t<div class=\"upk-image-wrap\">\n\n\t\t\t\t\t\t\t\t<img class=\"upk-img\" src=\"https:\/\/i0.wp.com\/cenal.gob.ve\/wp-content\/uploads\/2023\/12\/concepto-literatura-libros-min-1024x682-1.jpg?fit=300%2C200&#038;ssl=1\" alt=\"Convocatoria para XII Premio Nacional del Libro se extiende hasta marzo de 2024\">\r\n\t\t\n\t\t\t\t\t\t\t\t\t\t\t\t<div class=\"upk-fanel-date-wrap\">\n\t\t\t\t\t\t\t<span class=\"upk-fanel-date\">13<\/span>\n\t\t\t\t\t\t\t<span class=\"upk-fanel-month\">Dic<\/span>\n\t\t\t\t\t\t<\/div>\n\t\t\t\t\t\t\n\t\t\t\t\t<\/div>\n\n\t\t\t\t\t<div class=\"upk-content upk-readmore--yes\">\n\t\t\t\t\t\t\n\t\t\t\t\t\t\t\t<h3 class=\"upk-title\">\r\n\t\t\t<a href=\"https:\/\/cenal.gob.ve\/?p=23151\" class=\"title-animation-underline\" title=\"Convocatoria para XII Premio Nacional del Libro se extiende hasta marzo de 2024\">\r\n\t\t\t\tConvocatoria para XII Premio Nacional del Libro se extiende hasta marzo de 2024\t\t\t<\/a>\r\n\t\t<\/h3>\r\n\t\t\n\t\t\t\t\t\t\t\t<div class=\"upk-text\">\r\n\t\t<p>El Ministerio del Poder Popular para la Cultura, a trav\u00e9s del Centro Nacional del Libro<\/p>\n\t\t<\/div>\r\n\t\t\n\t\t\t\t\t\t\t\t\t\t\t\t\n\t\t\t\t\t<\/div>\n\t\t\t\t\t\t\t\t\t\t<a class=\"upk-fanel-read-more\" href=\"https:\/\/cenal.gob.ve\/?p=23151\">\n\t\t\t\t\t\t<i class=\"upk-icon-arrow-right-7\" aria-hidden=\"true\"><\/i>\n\t\t\t\t\t<\/a>\n\t\t\t\t\t\t\t\t\t<\/div>\n\t\t\t<\/div>\n\t\t\t\n\t\t\t\t\t\t\t\n\t\t\t\t\t\t\t\t\t\n\t\t\t\t\t\t\t\t<div class=\"upk-item\">\n\t\t\t\t<div class=\"upk-item-box\">\n\t\t\t\t\t<div class=\"upk-image-wrap\">\n\n\t\t\t\t\t\t\t\t<img class=\"upk-img\" src=\"https:\/\/i0.wp.com\/cenal.gob.ve\/wp-content\/uploads\/2023\/08\/formato-fotos-filven-1.jpg?fit=300%2C167&#038;ssl=1\" alt=\"Abierta convocatoria para XII Premio Nacional del Libro\">\r\n\t\t\n\t\t\t\t\t\t\t\t\t\t\t\t<div class=\"upk-fanel-date-wrap\">\n\t\t\t\t\t\t\t<span class=\"upk-fanel-date\">16<\/span>\n\t\t\t\t\t\t\t<span class=\"upk-fanel-month\">Ago<\/span>\n\t\t\t\t\t\t<\/div>\n\t\t\t\t\t\t\n\t\t\t\t\t<\/div>\n\n\t\t\t\t\t<div class=\"upk-content upk-readmore--yes\">\n\t\t\t\t\t\t\n\t\t\t\t\t\t\t\t<h3 class=\"upk-title\">\r\n\t\t\t<a href=\"https:\/\/cenal.gob.ve\/?p=22027\" class=\"title-animation-underline\" title=\"Abierta convocatoria para XII Premio Nacional del Libro\">\r\n\t\t\t\tAbierta convocatoria para XII Premio Nacional del Libro\t\t\t<\/a>\r\n\t\t<\/h3>\r\n\t\t\n\t\t\t\t\t\t\t\t<div class=\"upk-text\">\r\n\t\t<p>El Ministerio del Poder Popular para la Cultura, a trav\u00e9s del Centro Nacional del Libro<\/p>\n\t\t<\/div>\r\n\t\t\n\t\t\t\t\t\t\t\t\t\t\t\t\n\t\t\t\t\t<\/div>\n\t\t\t\t\t\t\t\t\t\t<a class=\"upk-fanel-read-more\" href=\"https:\/\/cenal.gob.ve\/?p=22027\">\n\t\t\t\t\t\t<i class=\"upk-icon-arrow-right-7\" aria-hidden=\"true\"><\/i>\n\t\t\t\t\t<\/a>\n\t\t\t\t\t\t\t\t\t<\/div>\n\t\t\t<\/div>\n\t\t\t\n\t\t\t\t\t\t\t\n\t\t\t\t            <\/div>\n\t\t\t\n\t\t\t\t\t<\/div>\n\t\t\t\t<\/div>\n\t\t\t\t\t\t<\/div>\n\t\t\t\t\t<\/div>\n\t\t<\/div>\n\t\t\t\t\t\t\t\t<\/div>\n\t\t\t\t\t<\/div>\n\t\t<\/section>\n\t\t\t\t\t\t<\/div>\n\t\t\t\t\t\t<\/div>\n\t\t\t\t\t<\/div>\n\t\t","protected":false},"excerpt":{"rendered":"<p>Becas a la Creaci\u00f3n Literaria Con el fin de estimular, fomentar y fortalecer la creaci\u00f3n literaria para ni\u00f1os y ni\u00f1as, que fomente el acercamiento a la lectura, el Ministerio del [&hellip;]<\/p>\n","protected":false},"author":9,"featured_media":0,"parent":0,"menu_order":0,"comment_status":"closed","ping_status":"closed","template":"elementor_header_footer","meta":{"spay_email":""},"yoast_head":"<!-- This site is optimized with the Yoast SEO plugin v19.8 - https:\/\/yoast.com\/wordpress\/plugins\/seo\/ -->\n<title>BECAS<\/title>\n<meta name=\"robots\" content=\"index, follow, max-snippet:-1, max-image-preview:large, max-video-preview:-1\" \/>\n<link rel=\"canonical\" href=\"https:\/\/cenal.gob.ve\/?page_id=26\" \/>\n<meta property=\"og:locale\" content=\"es_ES\" \/>\n<meta property=\"og:type\" content=\"article\" \/>\n<meta property=\"og:title\" content=\"BECAS\" \/>\n<meta property=\"og:description\" content=\"Becas a la Creaci\u00f3n Literaria Con el fin de estimular, fomentar y fortalecer la creaci\u00f3n literaria para ni\u00f1os y ni\u00f1as, que fomente el acercamiento a la lectura, el Ministerio del [&hellip;]\" \/>\n<meta property=\"og:url\" content=\"https:\/\/cenal.gob.ve\/?page_id=26\" \/>\n<meta property=\"og:site_name\" content=\"Cenal\" \/>\n<meta property=\"article:modified_time\" content=\"2022-04-27T17:05:25+00:00\" \/>\n<meta property=\"og:image\" content=\"http:\/\/201.249.204.45\/portal_cenal\/wp-content\/uploads\/2019\/04\/homenaje-libro-300x167.jpg\" \/>\n<meta name=\"twitter:card\" content=\"summary_large_image\" \/>\n<meta name=\"twitter:label1\" content=\"Est. reading time\" \/>\n\t<meta name=\"twitter:data1\" content=\"1 minuto\" \/>\n<script type=\"application\/ld+json\" class=\"yoast-schema-graph\">{\"@context\":\"https:\/\/schema.org\",\"@graph\":[{\"@type\":\"WebPage\",\"@id\":\"https:\/\/cenal.gob.ve\/?page_id=26\",\"url\":\"https:\/\/cenal.gob.ve\/?page_id=26\",\"name\":\"BECAS\",\"isPartOf\":{\"@id\":\"https:\/\/cenal.gob.ve\/#website\"},\"datePublished\":\"2021-08-09T20:34:58+00:00\",\"dateModified\":\"2022-04-27T17:05:25+00:00\",\"breadcrumb\":{\"@id\":\"https:\/\/cenal.gob.ve\/?page_id=26#breadcrumb\"},\"inLanguage\":\"es\",\"potentialAction\":[{\"@type\":\"ReadAction\",\"target\":[\"https:\/\/cenal.gob.ve\/?page_id=26\"]}]},{\"@type\":\"BreadcrumbList\",\"@id\":\"https:\/\/cenal.gob.ve\/?page_id=26#breadcrumb\",\"itemListElement\":[{\"@type\":\"ListItem\",\"position\":1,\"name\":\"Home\",\"item\":\"https:\/\/cenal.gob.ve\/\"},{\"@type\":\"ListItem\",\"position\":2,\"name\":\"BECAS\"}]},{\"@type\":\"WebSite\",\"@id\":\"https:\/\/cenal.gob.ve\/#website\",\"url\":\"https:\/\/cenal.gob.ve\/\",\"name\":\"Cenal\",\"description\":\"\",\"publisher\":{\"@id\":\"https:\/\/cenal.gob.ve\/#organization\"},\"potentialAction\":[{\"@type\":\"SearchAction\",\"target\":{\"@type\":\"EntryPoint\",\"urlTemplate\":\"https:\/\/cenal.gob.ve\/?s={search_term_string}\"},\"query-input\":\"required name=search_term_string\"}],\"inLanguage\":\"es\"},{\"@type\":\"Organization\",\"@id\":\"https:\/\/cenal.gob.ve\/#organization\",\"name\":\"CENAL\",\"url\":\"https:\/\/cenal.gob.ve\/\",\"sameAs\":[],\"logo\":{\"@type\":\"ImageObject\",\"inLanguage\":\"es\",\"@id\":\"https:\/\/cenal.gob.ve\/#\/schema\/logo\/image\/\",\"url\":\"https:\/\/i0.wp.com\/cenal.gob.ve\/wp-content\/uploads\/2022\/10\/cropped-images.jpg?fit=512%2C512\",\"contentUrl\":\"https:\/\/i0.wp.com\/cenal.gob.ve\/wp-content\/uploads\/2022\/10\/cropped-images.jpg?fit=512%2C512\",\"width\":512,\"height\":512,\"caption\":\"CENAL\"},\"image\":{\"@id\":\"https:\/\/cenal.gob.ve\/#\/schema\/logo\/image\/\"}}]}<\/script>\n<!-- \/ Yoast SEO plugin. -->","yoast_head_json":{"title":"BECAS","robots":{"index":"index","follow":"follow","max-snippet":"max-snippet:-1","max-image-preview":"max-image-preview:large","max-video-preview":"max-video-preview:-1"},"canonical":"https:\/\/cenal.gob.ve\/?page_id=26","og_locale":"es_ES","og_type":"article","og_title":"BECAS","og_description":"Becas a la Creaci\u00f3n Literaria Con el fin de estimular, fomentar y fortalecer la creaci\u00f3n literaria para ni\u00f1os y ni\u00f1as, que fomente el acercamiento a la lectura, el Ministerio del [&hellip;]","og_url":"https:\/\/cenal.gob.ve\/?page_id=26","og_site_name":"Cenal","article_modified_time":"2022-04-27T17:05:25+00:00","og_image":[{"url":"http:\/\/201.249.204.45\/portal_cenal\/wp-content\/uploads\/2019\/04\/homenaje-libro-300x167.jpg"}],"twitter_card":"summary_large_image","twitter_misc":{"Est. reading time":"1 minuto"},"schema":{"@context":"https:\/\/schema.org","@graph":[{"@type":"WebPage","@id":"https:\/\/cenal.gob.ve\/?page_id=26","url":"https:\/\/cenal.gob.ve\/?page_id=26","name":"BECAS","isPartOf":{"@id":"https:\/\/cenal.gob.ve\/#website"},"datePublished":"2021-08-09T20:34:58+00:00","dateModified":"2022-04-27T17:05:25+00:00","breadcrumb":{"@id":"https:\/\/cenal.gob.ve\/?page_id=26#breadcrumb"},"inLanguage":"es","potentialAction":[{"@type":"ReadAction","target":["https:\/\/cenal.gob.ve\/?page_id=26"]}]},{"@type":"BreadcrumbList","@id":"https:\/\/cenal.gob.ve\/?page_id=26#breadcrumb","itemListElement":[{"@type":"ListItem","position":1,"name":"Home","item":"https:\/\/cenal.gob.ve\/"},{"@type":"ListItem","position":2,"name":"BECAS"}]},{"@type":"WebSite","@id":"https:\/\/cenal.gob.ve\/#website","url":"https:\/\/cenal.gob.ve\/","name":"Cenal","description":"","publisher":{"@id":"https:\/\/cenal.gob.ve\/#organization"},"potentialAction":[{"@type":"SearchAction","target":{"@type":"EntryPoint","urlTemplate":"https:\/\/cenal.gob.ve\/?s={search_term_string}"},"query-input":"required name=search_term_string"}],"inLanguage":"es"},{"@type":"Organization","@id":"https:\/\/cenal.gob.ve\/#organization","name":"CENAL","url":"https:\/\/cenal.gob.ve\/","sameAs":[],"logo":{"@type":"ImageObject","inLanguage":"es","@id":"https:\/\/cenal.gob.ve\/#\/schema\/logo\/image\/","url":"https:\/\/i0.wp.com\/cenal.gob.ve\/wp-content\/uploads\/2022\/10\/cropped-images.jpg?fit=512%2C512","contentUrl":"https:\/\/i0.wp.com\/cenal.gob.ve\/wp-content\/uploads\/2022\/10\/cropped-images.jpg?fit=512%2C512","width":512,"height":512,"caption":"CENAL"},"image":{"@id":"https:\/\/cenal.gob.ve\/#\/schema\/logo\/image\/"}}]}},"jetpack_shortlink":"https:\/\/wp.me\/P5FMhp-q","_links":{"self":[{"href":"https:\/\/cenal.gob.ve\/index.php?rest_route=\/wp\/v2\/pages\/26"}],"collection":[{"href":"https:\/\/cenal.gob.ve\/index.php?rest_route=\/wp\/v2\/pages"}],"about":[{"href":"https:\/\/cenal.gob.ve\/index.php?rest_route=\/wp\/v2\/types\/page"}],"author":[{"embeddable":true,"href":"https:\/\/cenal.gob.ve\/index.php?rest_route=\/wp\/v2\/users\/9"}],"replies":[{"embeddable":true,"href":"https:\/\/cenal.gob.ve\/index.php?rest_route=%2Fwp%2Fv2%2Fcomments&post=26"}],"version-history":[{"count":30,"href":"https:\/\/cenal.gob.ve\/index.php?rest_route=\/wp\/v2\/pages\/26\/revisions"}],"predecessor-version":[{"id":27090,"href":"https:\/\/cenal.gob.ve\/index.php?rest_route=\/wp\/v2\/pages\/26\/revisions\/27090"}],"wp:attachment":[{"href":"https:\/\/cenal.gob.ve\/index.php?rest_route=%2Fwp%2Fv2%2Fmedia&parent=26"}],"curies":[{"name":"wp","href":"https:\/\/api.w.org\/{rel}","templated":true}]}}