{"id":26013,"date":"2025-06-25T17:36:02","date_gmt":"2025-06-25T21:36:02","guid":{"rendered":"https:\/\/cenal.gob.ve\/?page_id=26013"},"modified":"2025-06-25T17:36:12","modified_gmt":"2025-06-25T21:36:12","slug":"teresa-de-la-parra-cuentos","status":"publish","type":"page","link":"https:\/\/cenal.gob.ve\/?page_id=26013","title":{"rendered":"Teresa de la Parra Cuentos"},"content":{"rendered":"\n<p>Ana Teresa Parra Sanojo (Par\u00eds, 1889- Madrid, 1936),<br>mejor conocida como Teresa de la Parra fue una de las<br>autoras venezolanas m\u00e1s ilustres del siglo xx, quien<br>realiz\u00f3 en sus obras una contribuci\u00f3n importante en<br>cuanto al tema de la situaci\u00f3n de la mujer en medio de<br>una sociedad patriarcal.<br>Escribi\u00f3 novelas como, Ifigenia (1924) y Las memorias<br>de Mam\u00e1 Blanca (1929; adem\u00e1s de sus cuentos como,<br>\u201cHistoria de la Se\u00f1orita Grano de Polvo\u201d, \u201cEl genio el<br>pesacartas\u201d y \u201cEl ermita\u00f1o del reloj\u201d, los cuales fueron<br>compiladas junto con sus, cartas, ensayos y diarios por<br>Velia Bosh en el libro Obra (Narrativa, ensayos, cartas)<br>(1982). Los restos de Teresa de la Parra fueron trasladados<br>al Pante\u00f3n Nacional de Venezuela, el 7 de noviembre<br>de 1989.<\/p>\n\n\n\n<p>Descarga el libro aqu\u00ed: <a href=\"http:\/\/cenal.gob.ve\/wp-content\/uploads\/2025\/06\/Cuentos-Teresa-de-la-Parra-Fundacion-Editorial-El-perro-y-la-rana.pdf\">Teresa de la Parra Cuentos <\/a><\/p>\n\n\n\n<p><\/p>\n","protected":false},"excerpt":{"rendered":"<p>Ana Teresa Parra Sanojo (Par\u00eds, 1889- Madrid, 1936),mejor conocida como Teresa de la Parra fue una de lasautoras venezolanas m\u00e1s ilustres del siglo xx, quienrealiz\u00f3 en sus obras una contribuci\u00f3n [&hellip;]<\/p>\n","protected":false},"author":10,"featured_media":26006,"parent":0,"menu_order":0,"comment_status":"closed","ping_status":"closed","template":"","meta":{"spay_email":""},"yoast_head":"<!-- This site is optimized with the Yoast SEO plugin v19.8 - https:\/\/yoast.com\/wordpress\/plugins\/seo\/ -->\n<title>Teresa de la Parra Cuentos<\/title>\n<meta name=\"robots\" content=\"index, follow, max-snippet:-1, max-image-preview:large, max-video-preview:-1\" \/>\n<link rel=\"canonical\" href=\"https:\/\/cenal.gob.ve\/?page_id=26013\" \/>\n<meta property=\"og:locale\" content=\"es_ES\" \/>\n<meta property=\"og:type\" content=\"article\" \/>\n<meta property=\"og:title\" content=\"Teresa de la Parra Cuentos\" \/>\n<meta property=\"og:description\" content=\"Ana Teresa Parra Sanojo (Par\u00eds, 1889- Madrid, 1936),mejor conocida como Teresa de la Parra fue una de lasautoras venezolanas m\u00e1s ilustres del siglo xx, quienrealiz\u00f3 en sus obras una contribuci\u00f3n [&hellip;]\" \/>\n<meta property=\"og:url\" content=\"https:\/\/cenal.gob.ve\/?page_id=26013\" \/>\n<meta property=\"og:site_name\" content=\"Cenal\" \/>\n<meta property=\"article:modified_time\" content=\"2025-06-25T21:36:12+00:00\" \/>\n<meta property=\"og:image\" content=\"http:\/\/cenal.gob.ve\/wp-content\/uploads\/2025\/06\/Teresa-de-la-Parra-Cuentos.png\" \/>\n\t<meta property=\"og:image:width\" content=\"510\" \/>\n\t<meta property=\"og:image:height\" content=\"736\" \/>\n\t<meta property=\"og:image:type\" content=\"image\/png\" \/>\n<meta name=\"twitter:card\" content=\"summary_large_image\" \/>\n<meta name=\"twitter:label1\" content=\"Est. reading time\" \/>\n\t<meta name=\"twitter:data1\" content=\"1 minuto\" \/>\n<script type=\"application\/ld+json\" class=\"yoast-schema-graph\">{\"@context\":\"https:\/\/schema.org\",\"@graph\":[{\"@type\":\"WebPage\",\"@id\":\"https:\/\/cenal.gob.ve\/?page_id=26013\",\"url\":\"https:\/\/cenal.gob.ve\/?page_id=26013\",\"name\":\"Teresa de la Parra Cuentos\",\"isPartOf\":{\"@id\":\"https:\/\/cenal.gob.ve\/#website\"},\"datePublished\":\"2025-06-25T21:36:02+00:00\",\"dateModified\":\"2025-06-25T21:36:12+00:00\",\"breadcrumb\":{\"@id\":\"https:\/\/cenal.gob.ve\/?page_id=26013#breadcrumb\"},\"inLanguage\":\"es\",\"potentialAction\":[{\"@type\":\"ReadAction\",\"target\":[\"https:\/\/cenal.gob.ve\/?page_id=26013\"]}]},{\"@type\":\"BreadcrumbList\",\"@id\":\"https:\/\/cenal.gob.ve\/?page_id=26013#breadcrumb\",\"itemListElement\":[{\"@type\":\"ListItem\",\"position\":1,\"name\":\"Home\",\"item\":\"https:\/\/cenal.gob.ve\/\"},{\"@type\":\"ListItem\",\"position\":2,\"name\":\"Teresa de la Parra Cuentos\"}]},{\"@type\":\"WebSite\",\"@id\":\"https:\/\/cenal.gob.ve\/#website\",\"url\":\"https:\/\/cenal.gob.ve\/\",\"name\":\"Cenal\",\"description\":\"\",\"publisher\":{\"@id\":\"https:\/\/cenal.gob.ve\/#organization\"},\"potentialAction\":[{\"@type\":\"SearchAction\",\"target\":{\"@type\":\"EntryPoint\",\"urlTemplate\":\"https:\/\/cenal.gob.ve\/?s={search_term_string}\"},\"query-input\":\"required name=search_term_string\"}],\"inLanguage\":\"es\"},{\"@type\":\"Organization\",\"@id\":\"https:\/\/cenal.gob.ve\/#organization\",\"name\":\"CENAL\",\"url\":\"https:\/\/cenal.gob.ve\/\",\"sameAs\":[],\"logo\":{\"@type\":\"ImageObject\",\"inLanguage\":\"es\",\"@id\":\"https:\/\/cenal.gob.ve\/#\/schema\/logo\/image\/\",\"url\":\"https:\/\/i0.wp.com\/cenal.gob.ve\/wp-content\/uploads\/2022\/10\/cropped-images.jpg?fit=512%2C512\",\"contentUrl\":\"https:\/\/i0.wp.com\/cenal.gob.ve\/wp-content\/uploads\/2022\/10\/cropped-images.jpg?fit=512%2C512\",\"width\":512,\"height\":512,\"caption\":\"CENAL\"},\"image\":{\"@id\":\"https:\/\/cenal.gob.ve\/#\/schema\/logo\/image\/\"}}]}<\/script>\n<!-- \/ Yoast SEO plugin. -->","yoast_head_json":{"title":"Teresa de la Parra Cuentos","robots":{"index":"index","follow":"follow","max-snippet":"max-snippet:-1","max-image-preview":"max-image-preview:large","max-video-preview":"max-video-preview:-1"},"canonical":"https:\/\/cenal.gob.ve\/?page_id=26013","og_locale":"es_ES","og_type":"article","og_title":"Teresa de la Parra Cuentos","og_description":"Ana Teresa Parra Sanojo (Par\u00eds, 1889- Madrid, 1936),mejor conocida como Teresa de la Parra fue una de lasautoras venezolanas m\u00e1s ilustres del siglo xx, quienrealiz\u00f3 en sus obras una contribuci\u00f3n [&hellip;]","og_url":"https:\/\/cenal.gob.ve\/?page_id=26013","og_site_name":"Cenal","article_modified_time":"2025-06-25T21:36:12+00:00","og_image":[{"width":510,"height":736,"url":"http:\/\/cenal.gob.ve\/wp-content\/uploads\/2025\/06\/Teresa-de-la-Parra-Cuentos.png","type":"image\/png"}],"twitter_card":"summary_large_image","twitter_misc":{"Est. reading time":"1 minuto"},"schema":{"@context":"https:\/\/schema.org","@graph":[{"@type":"WebPage","@id":"https:\/\/cenal.gob.ve\/?page_id=26013","url":"https:\/\/cenal.gob.ve\/?page_id=26013","name":"Teresa de la Parra Cuentos","isPartOf":{"@id":"https:\/\/cenal.gob.ve\/#website"},"datePublished":"2025-06-25T21:36:02+00:00","dateModified":"2025-06-25T21:36:12+00:00","breadcrumb":{"@id":"https:\/\/cenal.gob.ve\/?page_id=26013#breadcrumb"},"inLanguage":"es","potentialAction":[{"@type":"ReadAction","target":["https:\/\/cenal.gob.ve\/?page_id=26013"]}]},{"@type":"BreadcrumbList","@id":"https:\/\/cenal.gob.ve\/?page_id=26013#breadcrumb","itemListElement":[{"@type":"ListItem","position":1,"name":"Home","item":"https:\/\/cenal.gob.ve\/"},{"@type":"ListItem","position":2,"name":"Teresa de la Parra Cuentos"}]},{"@type":"WebSite","@id":"https:\/\/cenal.gob.ve\/#website","url":"https:\/\/cenal.gob.ve\/","name":"Cenal","description":"","publisher":{"@id":"https:\/\/cenal.gob.ve\/#organization"},"potentialAction":[{"@type":"SearchAction","target":{"@type":"EntryPoint","urlTemplate":"https:\/\/cenal.gob.ve\/?s={search_term_string}"},"query-input":"required name=search_term_string"}],"inLanguage":"es"},{"@type":"Organization","@id":"https:\/\/cenal.gob.ve\/#organization","name":"CENAL","url":"https:\/\/cenal.gob.ve\/","sameAs":[],"logo":{"@type":"ImageObject","inLanguage":"es","@id":"https:\/\/cenal.gob.ve\/#\/schema\/logo\/image\/","url":"https:\/\/i0.wp.com\/cenal.gob.ve\/wp-content\/uploads\/2022\/10\/cropped-images.jpg?fit=512%2C512","contentUrl":"https:\/\/i0.wp.com\/cenal.gob.ve\/wp-content\/uploads\/2022\/10\/cropped-images.jpg?fit=512%2C512","width":512,"height":512,"caption":"CENAL"},"image":{"@id":"https:\/\/cenal.gob.ve\/#\/schema\/logo\/image\/"}}]}},"jetpack_shortlink":"https:\/\/wp.me\/P5FMhp-6Lz","_links":{"self":[{"href":"https:\/\/cenal.gob.ve\/index.php?rest_route=\/wp\/v2\/pages\/26013"}],"collection":[{"href":"https:\/\/cenal.gob.ve\/index.php?rest_route=\/wp\/v2\/pages"}],"about":[{"href":"https:\/\/cenal.gob.ve\/index.php?rest_route=\/wp\/v2\/types\/page"}],"author":[{"embeddable":true,"href":"https:\/\/cenal.gob.ve\/index.php?rest_route=\/wp\/v2\/users\/10"}],"replies":[{"embeddable":true,"href":"https:\/\/cenal.gob.ve\/index.php?rest_route=%2Fwp%2Fv2%2Fcomments&post=26013"}],"version-history":[{"count":3,"href":"https:\/\/cenal.gob.ve\/index.php?rest_route=\/wp\/v2\/pages\/26013\/revisions"}],"predecessor-version":[{"id":26016,"href":"https:\/\/cenal.gob.ve\/index.php?rest_route=\/wp\/v2\/pages\/26013\/revisions\/26016"}],"wp:featuredmedia":[{"embeddable":true,"href":"https:\/\/cenal.gob.ve\/index.php?rest_route=\/wp\/v2\/media\/26006"}],"wp:attachment":[{"href":"https:\/\/cenal.gob.ve\/index.php?rest_route=%2Fwp%2Fv2%2Fmedia&parent=26013"}],"curies":[{"name":"wp","href":"https:\/\/api.w.org\/{rel}","templated":true}]}}