{"id":27125,"date":"2026-02-03T10:38:34","date_gmt":"2026-02-03T14:38:34","guid":{"rendered":"https:\/\/cenal.gob.ve\/?page_id=27125"},"modified":"2026-03-18T19:15:32","modified_gmt":"2026-03-18T23:15:32","slug":"ii-concurso-nacional-juvenil-de-literatura-teresa-de-la-parra","status":"publish","type":"page","link":"https:\/\/cenal.gob.ve\/?page_id=27125","title":{"rendered":"II CONCURSO NACIONAL JUVENIL DE LITERATURA TERESA DE LA PARRA"},"content":{"rendered":"\n<p>BASES: El Ministerio del Poder Popular para la Cultura, por medio del Centro Nacional del Libro (Cenal), convoca al II Concurso Nacional Juvenil de Literatura Teresa de la Parra, a partir de la publicaci\u00f3n de las presentes bases:<\/p>\n\n\n\n<p>1. La segunda edici\u00f3n del Concurso Nacional Juvenil de Literatura Teresa de la Parra tiene como misi\u00f3n esencial celebrar la vida y obra de quien es una de las m\u00e1s insignes representantes de la literatura venezolana, cuyo legado se mantiene vigente como una influencia insoslayable en la escritura de distintas generaciones de creadores en el pa\u00eds.<br>2. En esta edici\u00f3n se abre la convocatoria para las j\u00f3venes estudiantes de Bachillerato en todo el pa\u00eds. Las categor\u00edas son las siguientes:<br>\u2022 J\u00f3venes de 12 a 14 a\u00f1os: cartas o cuentos.<br>\u2022 J\u00f3venes de 15 a 18 a\u00f1os: cuentos, cartas o ensayos de tem\u00e1tica libre.<br>3. En este concurso podr\u00e1n participar ni\u00f1as y adolescentes venezolanas o extranjeras residenciadas en el pa\u00eds.<br>4. El texto presentado a este concurso deber\u00e1 ser in\u00e9dito.<\/p>\n\n\n\n<p>5. Las obras ser\u00e1n recibidas desde la publicaci\u00f3n de las presentes bases hasta el 15 de mayo de 2026, \u00fanicamente por la planilla electr\u00f3nica:<a href=\"https:\/\/info.cenal.org.ve\/index.php?r=survey\/index&amp;sid=374614&amp;lang=es\">https:\/\/info.cenal.org.ve\/index.php?r=survey\/index&amp;sid=374614&amp;lang=es<\/a><\/p>\n\n\n\n<p><br>6. En dos archivos adjuntos, independientes, se recibir\u00e1n: Archivo A) La obra, escrita a espacio 1.5, en letra Times New Roman, tama\u00f1o 12 puntos, en formato PDF, firmada bajo seud\u00f3nimo; en cartas y cuentos la extensi\u00f3n es a partir de una p\u00e1gina hasta 12 p\u00e1ginas; en ensayo la extensi\u00f3n es libre. Archivo B) El nombre de la obra, seud\u00f3nimo, y los datos de la autora (nombre completo, n\u00famero de c\u00e9dula, lugar de nacimiento, direcci\u00f3n de habitaci\u00f3n, n\u00famero telef\u00f3nico, direcci\u00f3n electr\u00f3nica, breve biograf\u00eda literaria y una fotograf\u00eda actualizada en formato JPG).<br>7. El jurado seleccionar\u00e1 un cuento, una carta y un ensayo por estado, los cuales ser\u00e1n publicados en una antolog\u00eda por la Fundaci\u00f3n editorial El perro y la rana (impreso y digital).<br>8. Las autoras de las obras ganadoras recibir\u00e1n un certificado impreso otorgado por el Centro Nacional del Libro (Cenal).<br>9. El jurado estar\u00e1 constituido por tres (3) escritoras de reconocida trayectoria, cuyos nombres se dar\u00e1n a conocer oportunamente. El fallo ser\u00e1 inapelable.<br>10. El veredicto del II Concurso Nacional Juvenil de Literatura Teresa de la Parra ser\u00e1 publicado en la p\u00e1gina web del Cenal\u00a0<a href=\"http:\/\/www.cenal.gob.ve\/\" target=\"_blank\" rel=\"noreferrer noopener\">http:\/\/www.cenal.gob.ve<\/a>.<br>11. Lo no previsto en la presente convocatoria ser\u00e1 resuelto a criterio del jurado y el equipo organizador. La participaci\u00f3n en este concurso es libre y gratuita, y supone el conocimiento y aceptaci\u00f3n de las bases.<\/p>\n\n\n\n<p>Para m\u00e1s informaci\u00f3n o consultas est\u00e1 disponible el correo electr\u00f3nico: <a href=\"mailto:concursoteresadelaparra@cenal.gob.ve\" target=\"_blank\" rel=\"noreferrer noopener\">concursoteresadelaparra@cenal.gob.ve<\/a>.<\/p>\n","protected":false},"excerpt":{"rendered":"<p>BASES: El Ministerio del Poder Popular para la Cultura, por medio del Centro Nacional del Libro (Cenal), convoca al II Concurso Nacional Juvenil de Literatura Teresa de la Parra, a [&hellip;]<\/p>\n","protected":false},"author":10,"featured_media":0,"parent":0,"menu_order":0,"comment_status":"closed","ping_status":"closed","template":"","meta":{"spay_email":""},"yoast_head":"<!-- This site is optimized with the Yoast SEO plugin v19.8 - https:\/\/yoast.com\/wordpress\/plugins\/seo\/ -->\n<title>II CONCURSO NACIONAL JUVENIL DE LITERATURA TERESA DE LA PARRA<\/title>\n<meta name=\"robots\" content=\"index, follow, max-snippet:-1, max-image-preview:large, max-video-preview:-1\" \/>\n<link rel=\"canonical\" href=\"https:\/\/cenal.gob.ve\/?page_id=27125\" \/>\n<meta property=\"og:locale\" content=\"es_ES\" \/>\n<meta property=\"og:type\" content=\"article\" \/>\n<meta property=\"og:title\" content=\"II CONCURSO NACIONAL JUVENIL DE LITERATURA TERESA DE LA PARRA\" \/>\n<meta property=\"og:description\" content=\"BASES: El Ministerio del Poder Popular para la Cultura, por medio del Centro Nacional del Libro (Cenal), convoca al II Concurso Nacional Juvenil de Literatura Teresa de la Parra, a [&hellip;]\" \/>\n<meta property=\"og:url\" content=\"https:\/\/cenal.gob.ve\/?page_id=27125\" \/>\n<meta property=\"og:site_name\" content=\"Cenal\" \/>\n<meta property=\"article:modified_time\" content=\"2026-03-18T23:15:32+00:00\" \/>\n<meta name=\"twitter:card\" content=\"summary_large_image\" \/>\n<meta name=\"twitter:label1\" content=\"Est. reading time\" \/>\n\t<meta name=\"twitter:data1\" content=\"2 minutos\" \/>\n<script type=\"application\/ld+json\" class=\"yoast-schema-graph\">{\"@context\":\"https:\/\/schema.org\",\"@graph\":[{\"@type\":\"WebPage\",\"@id\":\"https:\/\/cenal.gob.ve\/?page_id=27125\",\"url\":\"https:\/\/cenal.gob.ve\/?page_id=27125\",\"name\":\"II CONCURSO NACIONAL JUVENIL DE LITERATURA TERESA DE LA PARRA\",\"isPartOf\":{\"@id\":\"https:\/\/cenal.gob.ve\/#website\"},\"datePublished\":\"2026-02-03T14:38:34+00:00\",\"dateModified\":\"2026-03-18T23:15:32+00:00\",\"breadcrumb\":{\"@id\":\"https:\/\/cenal.gob.ve\/?page_id=27125#breadcrumb\"},\"inLanguage\":\"es\",\"potentialAction\":[{\"@type\":\"ReadAction\",\"target\":[\"https:\/\/cenal.gob.ve\/?page_id=27125\"]}]},{\"@type\":\"BreadcrumbList\",\"@id\":\"https:\/\/cenal.gob.ve\/?page_id=27125#breadcrumb\",\"itemListElement\":[{\"@type\":\"ListItem\",\"position\":1,\"name\":\"Home\",\"item\":\"https:\/\/cenal.gob.ve\/\"},{\"@type\":\"ListItem\",\"position\":2,\"name\":\"II CONCURSO NACIONAL JUVENIL DE LITERATURA TERESA DE LA PARRA\"}]},{\"@type\":\"WebSite\",\"@id\":\"https:\/\/cenal.gob.ve\/#website\",\"url\":\"https:\/\/cenal.gob.ve\/\",\"name\":\"Cenal\",\"description\":\"\",\"publisher\":{\"@id\":\"https:\/\/cenal.gob.ve\/#organization\"},\"potentialAction\":[{\"@type\":\"SearchAction\",\"target\":{\"@type\":\"EntryPoint\",\"urlTemplate\":\"https:\/\/cenal.gob.ve\/?s={search_term_string}\"},\"query-input\":\"required name=search_term_string\"}],\"inLanguage\":\"es\"},{\"@type\":\"Organization\",\"@id\":\"https:\/\/cenal.gob.ve\/#organization\",\"name\":\"CENAL\",\"url\":\"https:\/\/cenal.gob.ve\/\",\"sameAs\":[],\"logo\":{\"@type\":\"ImageObject\",\"inLanguage\":\"es\",\"@id\":\"https:\/\/cenal.gob.ve\/#\/schema\/logo\/image\/\",\"url\":\"https:\/\/i0.wp.com\/cenal.gob.ve\/wp-content\/uploads\/2022\/10\/cropped-images.jpg?fit=512%2C512\",\"contentUrl\":\"https:\/\/i0.wp.com\/cenal.gob.ve\/wp-content\/uploads\/2022\/10\/cropped-images.jpg?fit=512%2C512\",\"width\":512,\"height\":512,\"caption\":\"CENAL\"},\"image\":{\"@id\":\"https:\/\/cenal.gob.ve\/#\/schema\/logo\/image\/\"}}]}<\/script>\n<!-- \/ Yoast SEO plugin. -->","yoast_head_json":{"title":"II CONCURSO NACIONAL JUVENIL DE LITERATURA TERESA DE LA PARRA","robots":{"index":"index","follow":"follow","max-snippet":"max-snippet:-1","max-image-preview":"max-image-preview:large","max-video-preview":"max-video-preview:-1"},"canonical":"https:\/\/cenal.gob.ve\/?page_id=27125","og_locale":"es_ES","og_type":"article","og_title":"II CONCURSO NACIONAL JUVENIL DE LITERATURA TERESA DE LA PARRA","og_description":"BASES: El Ministerio del Poder Popular para la Cultura, por medio del Centro Nacional del Libro (Cenal), convoca al II Concurso Nacional Juvenil de Literatura Teresa de la Parra, a [&hellip;]","og_url":"https:\/\/cenal.gob.ve\/?page_id=27125","og_site_name":"Cenal","article_modified_time":"2026-03-18T23:15:32+00:00","twitter_card":"summary_large_image","twitter_misc":{"Est. reading time":"2 minutos"},"schema":{"@context":"https:\/\/schema.org","@graph":[{"@type":"WebPage","@id":"https:\/\/cenal.gob.ve\/?page_id=27125","url":"https:\/\/cenal.gob.ve\/?page_id=27125","name":"II CONCURSO NACIONAL JUVENIL DE LITERATURA TERESA DE LA PARRA","isPartOf":{"@id":"https:\/\/cenal.gob.ve\/#website"},"datePublished":"2026-02-03T14:38:34+00:00","dateModified":"2026-03-18T23:15:32+00:00","breadcrumb":{"@id":"https:\/\/cenal.gob.ve\/?page_id=27125#breadcrumb"},"inLanguage":"es","potentialAction":[{"@type":"ReadAction","target":["https:\/\/cenal.gob.ve\/?page_id=27125"]}]},{"@type":"BreadcrumbList","@id":"https:\/\/cenal.gob.ve\/?page_id=27125#breadcrumb","itemListElement":[{"@type":"ListItem","position":1,"name":"Home","item":"https:\/\/cenal.gob.ve\/"},{"@type":"ListItem","position":2,"name":"II CONCURSO NACIONAL JUVENIL DE LITERATURA TERESA DE LA PARRA"}]},{"@type":"WebSite","@id":"https:\/\/cenal.gob.ve\/#website","url":"https:\/\/cenal.gob.ve\/","name":"Cenal","description":"","publisher":{"@id":"https:\/\/cenal.gob.ve\/#organization"},"potentialAction":[{"@type":"SearchAction","target":{"@type":"EntryPoint","urlTemplate":"https:\/\/cenal.gob.ve\/?s={search_term_string}"},"query-input":"required name=search_term_string"}],"inLanguage":"es"},{"@type":"Organization","@id":"https:\/\/cenal.gob.ve\/#organization","name":"CENAL","url":"https:\/\/cenal.gob.ve\/","sameAs":[],"logo":{"@type":"ImageObject","inLanguage":"es","@id":"https:\/\/cenal.gob.ve\/#\/schema\/logo\/image\/","url":"https:\/\/i0.wp.com\/cenal.gob.ve\/wp-content\/uploads\/2022\/10\/cropped-images.jpg?fit=512%2C512","contentUrl":"https:\/\/i0.wp.com\/cenal.gob.ve\/wp-content\/uploads\/2022\/10\/cropped-images.jpg?fit=512%2C512","width":512,"height":512,"caption":"CENAL"},"image":{"@id":"https:\/\/cenal.gob.ve\/#\/schema\/logo\/image\/"}}]}},"jetpack_shortlink":"https:\/\/wp.me\/P5FMhp-73v","_links":{"self":[{"href":"https:\/\/cenal.gob.ve\/index.php?rest_route=\/wp\/v2\/pages\/27125"}],"collection":[{"href":"https:\/\/cenal.gob.ve\/index.php?rest_route=\/wp\/v2\/pages"}],"about":[{"href":"https:\/\/cenal.gob.ve\/index.php?rest_route=\/wp\/v2\/types\/page"}],"author":[{"embeddable":true,"href":"https:\/\/cenal.gob.ve\/index.php?rest_route=\/wp\/v2\/users\/10"}],"replies":[{"embeddable":true,"href":"https:\/\/cenal.gob.ve\/index.php?rest_route=%2Fwp%2Fv2%2Fcomments&post=27125"}],"version-history":[{"count":6,"href":"https:\/\/cenal.gob.ve\/index.php?rest_route=\/wp\/v2\/pages\/27125\/revisions"}],"predecessor-version":[{"id":27445,"href":"https:\/\/cenal.gob.ve\/index.php?rest_route=\/wp\/v2\/pages\/27125\/revisions\/27445"}],"wp:attachment":[{"href":"https:\/\/cenal.gob.ve\/index.php?rest_route=%2Fwp%2Fv2%2Fmedia&parent=27125"}],"curies":[{"name":"wp","href":"https:\/\/api.w.org\/{rel}","templated":true}]}}