{"id":27260,"date":"2026-02-13T14:07:49","date_gmt":"2026-02-13T18:07:49","guid":{"rendered":"https:\/\/cenal.gob.ve\/?page_id=27260"},"modified":"2026-04-23T16:22:20","modified_gmt":"2026-04-23T20:22:20","slug":"ix-bienal-nacional-de-literatura-jose-vicente-abreu","status":"publish","type":"page","link":"https:\/\/cenal.gob.ve\/?page_id=27260","title":{"rendered":"IX Bienal Nacional de Literatura Jos\u00e9 Vicente Abreu"},"content":{"rendered":"\n<p><strong>BASES<\/strong><\/p>\n\n\n\n<p><br>El Ministerio del Poder Popular para la Cultura, a trav\u00e9s del Centro Nacional del Libro (Cenal) convocan<br>al Concurso de la IX Bienal Nacional de Literatura Jos\u00e9 Vicente Abreu, a partir de la publicaci\u00f3n de las<br>presentes bases.<br>1.- Para esta edici\u00f3n se abre la convocatoria en la menci\u00f3n NOVELA HIST\u00d3RICA. La tem\u00e1tica es libre.<br>2.- Podr\u00e1n participar escritores venezolanos y extranjeros con residencia en la Rep\u00fablica Bolivariana de<br>Venezuela. No podr\u00e1n participar integrantes del Comit\u00e9 Organizador del evento.<br>3.- Las obras participantes deber\u00e1n ser in\u00e9ditas, y que no hayan sido premiadas en otros cert\u00e1menes. As\u00ed<br>mismo, que el escritor no haya sido galardonado en esta bienal.<br>4.- Las obras participantes ser\u00e1n recibidas desde la publicaci\u00f3n de las presentes bases hasta el 30 de mayo,<br>\u00fanicamente por la planilla electr\u00f3nica: https:\/\/info.cenal.org.ve\/index.php?<br>r=survey\/index&amp;sid=299854&amp;lang=es<br>5.- En dos archivos adjuntos, independientes, se recibir\u00e1n: Archivo A): La obra con una extensi\u00f3n m\u00ednima<br>de 150 cuartillas; espacio 1.5, en letra Times New Roman, tama\u00f1o 12 puntos, en formato PDF, firmado<br>bajo seud\u00f3nimo o lema. Archivo B): El nombre de la obra, seud\u00f3nimo, y los datos del autor (nombre<br>completo, n\u00famero de c\u00e9dula de identidad, lugar de nacimiento, direcci\u00f3n de habitaci\u00f3n, n\u00famero<br>telef\u00f3nico, direcci\u00f3n electr\u00f3nica, breve biograf\u00eda literaria y una fotograf\u00eda actualizada en formato JPG).<br>6.- Se otorgar\u00e1 un premio \u00fanico que no podr\u00e1 ser compartido. No habr\u00e1 premios honor\u00edficos ni menciones<br>especiales.<br>7.- El autor o autora de la obra ganadora recibir\u00e1 un premio de un Mill\u00f3n de Bol\u00edvares (Bs. 1.000.000,00),<br>otorgado por el Centro Nacional del Libro (Cenal), y la publicaci\u00f3n del libro por Monte \u00c1vila Editores<br>Latinoamericana (impreso y digital).<br>8.- El jurado estar\u00e1 constituido por tres (3) miembros de reconocida trayectoria, cuyos nombres se dar\u00e1n a<br>conocer oportunamente. El fallo ser\u00e1 inapelable.<br>9.- El anuncio p\u00fablico del veredicto ser\u00e1 anunciado p\u00fablicamente a trav\u00e9s de la p\u00e1gina web del Cenal<br>http:\/\/www.cenal.gob.ve.<br>10.- Lo no previsto en la presente convocatoria ser\u00e1 resuelto a criterio del jurado y el equipo organizador.<br>La participaci\u00f3n en este concurso supone el conocimiento y aceptaci\u00f3n de las bases.<\/p>\n","protected":false},"excerpt":{"rendered":"<p>BASES El Ministerio del Poder Popular para la Cultura, a trav\u00e9s del Centro Nacional del Libro (Cenal) convocanal Concurso de la IX Bienal Nacional de Literatura Jos\u00e9 Vicente Abreu, a [&hellip;]<\/p>\n","protected":false},"author":10,"featured_media":0,"parent":0,"menu_order":0,"comment_status":"closed","ping_status":"closed","template":"","meta":{"spay_email":""},"yoast_head":"<!-- This site is optimized with the Yoast SEO plugin v19.8 - https:\/\/yoast.com\/wordpress\/plugins\/seo\/ -->\n<title>IX Bienal Nacional de Literatura Jos\u00e9 Vicente Abreu<\/title>\n<meta name=\"robots\" content=\"index, follow, max-snippet:-1, max-image-preview:large, max-video-preview:-1\" \/>\n<link rel=\"canonical\" href=\"https:\/\/cenal.gob.ve\/?page_id=27260\" \/>\n<meta property=\"og:locale\" content=\"es_ES\" \/>\n<meta property=\"og:type\" content=\"article\" \/>\n<meta property=\"og:title\" content=\"IX Bienal Nacional de Literatura Jos\u00e9 Vicente Abreu\" \/>\n<meta property=\"og:description\" content=\"BASES El Ministerio del Poder Popular para la Cultura, a trav\u00e9s del Centro Nacional del Libro (Cenal) convocanal Concurso de la IX Bienal Nacional de Literatura Jos\u00e9 Vicente Abreu, a [&hellip;]\" \/>\n<meta property=\"og:url\" content=\"https:\/\/cenal.gob.ve\/?page_id=27260\" \/>\n<meta property=\"og:site_name\" content=\"Cenal\" \/>\n<meta property=\"article:modified_time\" content=\"2026-04-23T20:22:20+00:00\" \/>\n<meta name=\"twitter:card\" content=\"summary_large_image\" \/>\n<meta name=\"twitter:label1\" content=\"Est. reading time\" \/>\n\t<meta name=\"twitter:data1\" content=\"2 minutos\" \/>\n<script type=\"application\/ld+json\" class=\"yoast-schema-graph\">{\"@context\":\"https:\/\/schema.org\",\"@graph\":[{\"@type\":\"WebPage\",\"@id\":\"https:\/\/cenal.gob.ve\/?page_id=27260\",\"url\":\"https:\/\/cenal.gob.ve\/?page_id=27260\",\"name\":\"IX Bienal Nacional de Literatura Jos\u00e9 Vicente Abreu\",\"isPartOf\":{\"@id\":\"https:\/\/cenal.gob.ve\/#website\"},\"datePublished\":\"2026-02-13T18:07:49+00:00\",\"dateModified\":\"2026-04-23T20:22:20+00:00\",\"breadcrumb\":{\"@id\":\"https:\/\/cenal.gob.ve\/?page_id=27260#breadcrumb\"},\"inLanguage\":\"es\",\"potentialAction\":[{\"@type\":\"ReadAction\",\"target\":[\"https:\/\/cenal.gob.ve\/?page_id=27260\"]}]},{\"@type\":\"BreadcrumbList\",\"@id\":\"https:\/\/cenal.gob.ve\/?page_id=27260#breadcrumb\",\"itemListElement\":[{\"@type\":\"ListItem\",\"position\":1,\"name\":\"Home\",\"item\":\"https:\/\/cenal.gob.ve\/\"},{\"@type\":\"ListItem\",\"position\":2,\"name\":\"IX Bienal Nacional de Literatura Jos\u00e9 Vicente Abreu\"}]},{\"@type\":\"WebSite\",\"@id\":\"https:\/\/cenal.gob.ve\/#website\",\"url\":\"https:\/\/cenal.gob.ve\/\",\"name\":\"Cenal\",\"description\":\"\",\"publisher\":{\"@id\":\"https:\/\/cenal.gob.ve\/#organization\"},\"potentialAction\":[{\"@type\":\"SearchAction\",\"target\":{\"@type\":\"EntryPoint\",\"urlTemplate\":\"https:\/\/cenal.gob.ve\/?s={search_term_string}\"},\"query-input\":\"required name=search_term_string\"}],\"inLanguage\":\"es\"},{\"@type\":\"Organization\",\"@id\":\"https:\/\/cenal.gob.ve\/#organization\",\"name\":\"CENAL\",\"url\":\"https:\/\/cenal.gob.ve\/\",\"sameAs\":[],\"logo\":{\"@type\":\"ImageObject\",\"inLanguage\":\"es\",\"@id\":\"https:\/\/cenal.gob.ve\/#\/schema\/logo\/image\/\",\"url\":\"https:\/\/i0.wp.com\/cenal.gob.ve\/wp-content\/uploads\/2022\/10\/cropped-images.jpg?fit=512%2C512\",\"contentUrl\":\"https:\/\/i0.wp.com\/cenal.gob.ve\/wp-content\/uploads\/2022\/10\/cropped-images.jpg?fit=512%2C512\",\"width\":512,\"height\":512,\"caption\":\"CENAL\"},\"image\":{\"@id\":\"https:\/\/cenal.gob.ve\/#\/schema\/logo\/image\/\"}}]}<\/script>\n<!-- \/ Yoast SEO plugin. -->","yoast_head_json":{"title":"IX Bienal Nacional de Literatura Jos\u00e9 Vicente Abreu","robots":{"index":"index","follow":"follow","max-snippet":"max-snippet:-1","max-image-preview":"max-image-preview:large","max-video-preview":"max-video-preview:-1"},"canonical":"https:\/\/cenal.gob.ve\/?page_id=27260","og_locale":"es_ES","og_type":"article","og_title":"IX Bienal Nacional de Literatura Jos\u00e9 Vicente Abreu","og_description":"BASES El Ministerio del Poder Popular para la Cultura, a trav\u00e9s del Centro Nacional del Libro (Cenal) convocanal Concurso de la IX Bienal Nacional de Literatura Jos\u00e9 Vicente Abreu, a [&hellip;]","og_url":"https:\/\/cenal.gob.ve\/?page_id=27260","og_site_name":"Cenal","article_modified_time":"2026-04-23T20:22:20+00:00","twitter_card":"summary_large_image","twitter_misc":{"Est. reading time":"2 minutos"},"schema":{"@context":"https:\/\/schema.org","@graph":[{"@type":"WebPage","@id":"https:\/\/cenal.gob.ve\/?page_id=27260","url":"https:\/\/cenal.gob.ve\/?page_id=27260","name":"IX Bienal Nacional de Literatura Jos\u00e9 Vicente Abreu","isPartOf":{"@id":"https:\/\/cenal.gob.ve\/#website"},"datePublished":"2026-02-13T18:07:49+00:00","dateModified":"2026-04-23T20:22:20+00:00","breadcrumb":{"@id":"https:\/\/cenal.gob.ve\/?page_id=27260#breadcrumb"},"inLanguage":"es","potentialAction":[{"@type":"ReadAction","target":["https:\/\/cenal.gob.ve\/?page_id=27260"]}]},{"@type":"BreadcrumbList","@id":"https:\/\/cenal.gob.ve\/?page_id=27260#breadcrumb","itemListElement":[{"@type":"ListItem","position":1,"name":"Home","item":"https:\/\/cenal.gob.ve\/"},{"@type":"ListItem","position":2,"name":"IX Bienal Nacional de Literatura Jos\u00e9 Vicente Abreu"}]},{"@type":"WebSite","@id":"https:\/\/cenal.gob.ve\/#website","url":"https:\/\/cenal.gob.ve\/","name":"Cenal","description":"","publisher":{"@id":"https:\/\/cenal.gob.ve\/#organization"},"potentialAction":[{"@type":"SearchAction","target":{"@type":"EntryPoint","urlTemplate":"https:\/\/cenal.gob.ve\/?s={search_term_string}"},"query-input":"required name=search_term_string"}],"inLanguage":"es"},{"@type":"Organization","@id":"https:\/\/cenal.gob.ve\/#organization","name":"CENAL","url":"https:\/\/cenal.gob.ve\/","sameAs":[],"logo":{"@type":"ImageObject","inLanguage":"es","@id":"https:\/\/cenal.gob.ve\/#\/schema\/logo\/image\/","url":"https:\/\/i0.wp.com\/cenal.gob.ve\/wp-content\/uploads\/2022\/10\/cropped-images.jpg?fit=512%2C512","contentUrl":"https:\/\/i0.wp.com\/cenal.gob.ve\/wp-content\/uploads\/2022\/10\/cropped-images.jpg?fit=512%2C512","width":512,"height":512,"caption":"CENAL"},"image":{"@id":"https:\/\/cenal.gob.ve\/#\/schema\/logo\/image\/"}}]}},"jetpack_shortlink":"https:\/\/wp.me\/P5FMhp-75G","_links":{"self":[{"href":"https:\/\/cenal.gob.ve\/index.php?rest_route=\/wp\/v2\/pages\/27260"}],"collection":[{"href":"https:\/\/cenal.gob.ve\/index.php?rest_route=\/wp\/v2\/pages"}],"about":[{"href":"https:\/\/cenal.gob.ve\/index.php?rest_route=\/wp\/v2\/types\/page"}],"author":[{"embeddable":true,"href":"https:\/\/cenal.gob.ve\/index.php?rest_route=\/wp\/v2\/users\/10"}],"replies":[{"embeddable":true,"href":"https:\/\/cenal.gob.ve\/index.php?rest_route=%2Fwp%2Fv2%2Fcomments&post=27260"}],"version-history":[{"count":6,"href":"https:\/\/cenal.gob.ve\/index.php?rest_route=\/wp\/v2\/pages\/27260\/revisions"}],"predecessor-version":[{"id":27670,"href":"https:\/\/cenal.gob.ve\/index.php?rest_route=\/wp\/v2\/pages\/27260\/revisions\/27670"}],"wp:attachment":[{"href":"https:\/\/cenal.gob.ve\/index.php?rest_route=%2Fwp%2Fv2%2Fmedia&parent=27260"}],"curies":[{"name":"wp","href":"https:\/\/api.w.org\/{rel}","templated":true}]}}