{"id":27270,"date":"2026-02-13T14:16:32","date_gmt":"2026-02-13T18:16:32","guid":{"rendered":"https:\/\/cenal.gob.ve\/?page_id=27270"},"modified":"2026-04-23T16:47:51","modified_gmt":"2026-04-23T20:47:51","slug":"iii-bienal-nacional-de-literatura-cesar-rengifo","status":"publish","type":"page","link":"https:\/\/cenal.gob.ve\/?page_id=27270","title":{"rendered":"III Bienal Nacional de Literatura C\u00e9sar Rengifo"},"content":{"rendered":"\n<p><strong>Bases<\/strong><\/p>\n\n\n\n<p>El Ministerio del Poder Popular para la Cultura, a trav\u00e9s de la Compa\u00f1\u00eda Nacional de Teatro<br>(CNT) y el Centro Nacional del Libro (CENAL) anuncian la convocatoria a la III Bienal<br>Nacional de Literatura C\u00e9sar Rengifo \u2013 Menci\u00f3n Ensayo Teatral a partir de la publicaci\u00f3n<br>de las siguientes bases:<br>1) Cada edici\u00f3n de la Bienal Nacional de Literatura C\u00e9sar Rengifo \u2013 Menci\u00f3n Ensayo Teatral,<br>se celebrar\u00e1 en homenaje a una destacada personalidad del teatro venezolano. Al origen de<br>esta figura corresponder\u00e1 las alianzas con los Gabinetes Estadales de Cultura, las<br>Gobernaciones, Alcald\u00edas y otras instituciones p\u00fablicas y privadas nacionales e<br>internacionales. Esta figura ser\u00e1 a su vez el motivo monogr\u00e1fico en la celebraci\u00f3n del D\u00eda<br>Nacional del Teatro de este a\u00f1o (13 de noviembre).<br>2) La Bienal Nacional de Literatura C\u00e9sar Rengifo \u2013 Menci\u00f3n Ensayo Teatral tiene como<br>objetivo general fomentar la construcci\u00f3n de conocimientos y saberes vinculados al teatro.<br>3) Los ensayos teatrales participantes estar\u00e1n enmarcados en alguna de las siguientes ocho<br>(8) l\u00edneas tem\u00e1ticas:<br>a) Discursos est\u00e9ticos y aportes te\u00f3ricos: Espacio para la contribuci\u00f3n al desarrollo<br>de las teor\u00edas teatrales. Discursos est\u00e9ticos. Teatro como un hecho literario y\/o<br>narrativo.<br>b) Posturas, tendencias y creaciones asociadas al teatro: Creaci\u00f3n teatral, sus<br>pr\u00e1cticas art\u00edsticas. Espacios de investigaci\u00f3n, creaci\u00f3n y diseminaci\u00f3n de obras,<br>producciones, espect\u00e1culos, intercambios, literatura, arquitectura ef\u00edmera y<br>escenograf\u00eda, entre otros. \u00c1mbito para el desarrollo de la pr\u00e1ctica art\u00edstica teatral y sus<br>resultados, productos y derivados.<br>c) El cuerpo como sujeto de la acci\u00f3n teatral: Construcci\u00f3n y representaci\u00f3n social y<br>simb\u00f3lica del cuerpo a trav\u00e9s del teatro. Arte, teatro y salud. Terapias asociadas al<br>teatro. Identidad, antropolog\u00eda, danza, filosof\u00eda, psicolog\u00eda, entre otras disciplinas.<br>d) Formaci\u00f3n, aprendizajes y di\u00e1logos de saberes: Procesos de formaci\u00f3n y di\u00e1logo<br>de saberes en la pr\u00e1ctica teatral. Espacios formales y no formales de formaci\u00f3n<br>teatral. Producci\u00f3n y diseminaci\u00f3n del conocimiento asociado al teatro. El teatro como<br>\u00e1mbito de construcci\u00f3n\/producci\u00f3n de conocimiento. M\u00e9todos y procedimientos de<br>investigaci\u00f3n-acci\u00f3n teatral. Formaci\u00f3n de p\u00fablico, an\u00e1lisis de audiencias.<br>e) Gesti\u00f3n, consumo y econom\u00eda teatral: Gesti\u00f3n, producci\u00f3n, difusi\u00f3n y diseminaci\u00f3n<br>de la acci\u00f3n teatral. Estudio y desarrollo de pol\u00edticas culturales sostenibles. An\u00e1lisis de<br>la dimensi\u00f3n econ\u00f3mica del teatro. Pr\u00e1cticas socio productivas como \u00e1mbitos para la<br>investigaci\u00f3n y construcci\u00f3n de conocimiento. Estudios de consumo cultural.<\/p>\n\n\n\n<p>f) Diversidad y acci\u00f3n integrativa: Pol\u00edticas y acciones de reconocimiento de la<br>diversidad, inclusi\u00f3n e integraci\u00f3n. Trabajos con grupos socio-culturales constituidos<br>por identidades, grupos \u00e9tnicos, etarios, con habilidades mixtas y diversidad funcional,<br>entre otros. Grupos de atenci\u00f3n prioritarios: ni\u00f1os, j\u00f3venes y adolescentes; adultos<br>mayores, mujeres. Diversidad cultural y\/o \u00e9tnica, sexual y de g\u00e9nero, entre otros.<br>g) Historia del Teatro: Per\u00edodos, procesos, tendencias hist\u00f3ricas. Realidad y ficci\u00f3n<br>teatral. Temporalidades teatrales. Dram\u00e1tica biogr\u00e1fica y autobiogr\u00e1fica. Teatro y<br>sociedad.<br>h) Teatro y acci\u00f3n social: El teatro y el trabajo comunitario como \u00e1mbitos de<br>investigaci\u00f3n, organizaci\u00f3n y construcci\u00f3n de ciudadan\u00eda. Intervenci\u00f3n y<br>transformaci\u00f3n social a partir de las pr\u00e1cticas teatrales. Organizaci\u00f3n, participaci\u00f3n y<br>ejercicio del Poder Popular. Desarrollo de pol\u00edticas de acci\u00f3n comunitaria desde las<br>artes teatrales. Uso, recuperaci\u00f3n y revitalizaci\u00f3n de los espacios p\u00fablicos y\/o<br>comunitarios. La ecolog\u00eda como \u00e1mbito social de desarrollo del teatro.<br>4) La Bienal Nacional de Literatura C\u00e9sar Rengifo \u2013 Menci\u00f3n Ensayo Teatral tiene como<br>objetivos espec\u00edficos:<br>\uf0b7 Fomentar la investigaci\u00f3n y construcci\u00f3n de conocimientos y saberes desde las<br>pr\u00e1cticas art\u00edsticas, la gesti\u00f3n cultural y los procesos acad\u00e9micos.<br>\uf0b7 Reconocer tem\u00e1ticas e intereses en la pr\u00e1ctica teatral actual, sus elementos<br>subjetivos, aspectos simb\u00f3licos e imaginarios.<br>\uf0b7 Divulgar el pensamiento sobre el teatro venezolano.<br>5) Podr\u00e1n participar creadores, investigadores, gestores culturales individuales, de<br>instituciones u organizaciones teatrales o disciplinas afines, docentes y estudiantes<br>universitarios venezolanos (dentro y fuera del pa\u00eds) y extranjeros (extranjeros residenciados<br>en el pa\u00eds) que presenten, en un solo ensayo escrito (in\u00e9dito y original) y de \u00fanica autor\u00eda,<br>aportes anal\u00edticos sobre el teatro desde los procesos art\u00edsticos, acad\u00e9micos y de gesti\u00f3n<br>cultural en su relaci\u00f3n multidisciplinaria, desde las ocho grandes l\u00edneas tem\u00e1ticas<br>mencionadas.<br>6) No podr\u00e1n participar ganadores de ediciones anteriores, miembros directivos,<br>coordinadores, personal administrativo del Cenal y la CNT ni sus familiares, as\u00ed como<br>tampoco las personas vinculadas con el proceso de evaluaci\u00f3n.<br>7) Los ensayos participantes no pueden haber sido galardonados anteriormente, ni estar<br>compitiendo en otros concursos, ni estar comprometidos los derechos de autor con terceros.<br>8) Los ensayos teatrales presentados deber\u00e1n estar redactados en idioma castellano, con<br>extensi\u00f3n entre quince (15) y veinticinco (25) cuartillas, en hoja tama\u00f1o carta. En el<br>encabezado del ensayo, colocar el t\u00edtulo firmado con seud\u00f3nimo, en formato Word, letra Arial<br>a 12 puntos, con interlineado de 1,5. En caso de que no se pueda prescindir de im\u00e1genes,<\/p>\n\n\n\n<p>estas deben aparecer en el lugar que le corresponde en el texto y tambi\u00e9n deben ser<br>enviadas aparte en formato JPG.<br>9) El ensayo se enviar\u00e1 \u00fanicamente atrav\u00e9s de la planilla electr\u00f3nica:<br>https:\/\/info.cenal.org.ve\/index.php?r=survey\/index&amp;sid=299854&amp;lang=es<br>10) La convocatoria del concurso culmina el 30 de junio de 2026.<br>11) El jurado estar\u00e1 integrado por tres (3) especialistas de las artes esc\u00e9nicas de gran<br>prestigio, seleccionados por la Compa\u00f1\u00eda Nacional de Teatro.<br>12) Los principales criterios de evaluaci\u00f3n del jurado son: pertinencia tem\u00e1tica, redacci\u00f3n,<br>desarrollo, producci\u00f3n de conocimiento, relaci\u00f3n con otras disciplinas y manejo del aparato<br>cr\u00edtico.<br>13) La decisi\u00f3n del Jurado se adoptar\u00e1 por mayor\u00eda simple y ser\u00e1 inapelable. No habr\u00e1<br>premios honor\u00edficos ni menciones especiales. El concurso podr\u00e1 ser declarado desierto si el<br>jurado estima que ninguno de los ensayos presentados tiene la suficiente calidad. El jurado<br>estar\u00e1 facultado para resolver cualquier situaci\u00f3n relacionada con el concurso que no est\u00e9<br>especificada en estas bases.<br>14) El premio consiste en un pago \u00fanico en met\u00e1lico de Un Mill\u00f3n de bol\u00edvares exactos (Bs.<br>1.000.000) al ganador o ganadora, otorgado a trav\u00e9s del Centro Nacional del Libro, Diploma<br>(Cenal\/CNT) y la publicaci\u00f3n del ensayo teatral por Monte \u00c1vila Editores Latinoamericana, en<br>formato impreso y digital de circulaci\u00f3n libre.<br>15) El veredicto ser\u00e1 publicado en la p\u00e1gina web del Cenal: http:\/\/www.cenal.gob.ve<br>16) Al ganador o ganadora se les notificar\u00e1 directamente a la direcci\u00f3n, tel\u00e9fono o correo<br>electr\u00f3nico se\u00f1alados en los datos de identificaci\u00f3n.<br>17) El ensayo ganador ser\u00e1 publicado en formato impreso y digital de circulaci\u00f3n libre,<br>cediendo a la Compa\u00f1\u00eda Nacional de Teatro (CNT) los derechos de la primera edici\u00f3n de<br>manera gratuita, oblig\u00e1ndose a entregar y firmar la documentaci\u00f3n necesaria que en su<br>momento se requiera para efectos de su publicaci\u00f3n.<br>18) El autor o autora del ensayo teatral ganador dar\u00e1 su consentimiento para la utilizaci\u00f3n de<br>su nombre con fines de promoci\u00f3n y difusi\u00f3n de la bienal.<br>19) Cualquier trabajo que no cumpla con lo establecido en estas bases ser\u00e1 descalificado.<br>20) La participaci\u00f3n en esta convocatoria implica el conocimiento, entendimiento y<br>aceptaci\u00f3n de las presentes bases.<br>21) Las consultas relativas a la bienal s\u00f3lo se recibir\u00e1n a trav\u00e9s del correo electr\u00f3nico oficial<br>concursos.cnt@gmail.com, indicando como asunto: consulta BienalTeatro2026.<\/p>\n","protected":false},"excerpt":{"rendered":"<p>Bases El Ministerio del Poder Popular para la Cultura, a trav\u00e9s de la Compa\u00f1\u00eda Nacional de Teatro(CNT) y el Centro Nacional del Libro (CENAL) anuncian la convocatoria a la III [&hellip;]<\/p>\n","protected":false},"author":10,"featured_media":0,"parent":0,"menu_order":0,"comment_status":"closed","ping_status":"closed","template":"","meta":{"spay_email":""},"yoast_head":"<!-- This site is optimized with the Yoast SEO plugin v19.8 - https:\/\/yoast.com\/wordpress\/plugins\/seo\/ -->\n<title>III Bienal Nacional de Literatura C\u00e9sar Rengifo<\/title>\n<meta name=\"robots\" content=\"index, follow, max-snippet:-1, max-image-preview:large, max-video-preview:-1\" \/>\n<link rel=\"canonical\" href=\"https:\/\/cenal.gob.ve\/?page_id=27270\" \/>\n<meta property=\"og:locale\" content=\"es_ES\" \/>\n<meta property=\"og:type\" content=\"article\" \/>\n<meta property=\"og:title\" content=\"III Bienal Nacional de Literatura C\u00e9sar Rengifo\" \/>\n<meta property=\"og:description\" content=\"Bases El Ministerio del Poder Popular para la Cultura, a trav\u00e9s de la Compa\u00f1\u00eda Nacional de Teatro(CNT) y el Centro Nacional del Libro (CENAL) anuncian la convocatoria a la III [&hellip;]\" \/>\n<meta property=\"og:url\" content=\"https:\/\/cenal.gob.ve\/?page_id=27270\" \/>\n<meta property=\"og:site_name\" content=\"Cenal\" \/>\n<meta property=\"article:modified_time\" content=\"2026-04-23T20:47:51+00:00\" \/>\n<meta name=\"twitter:card\" content=\"summary_large_image\" \/>\n<meta name=\"twitter:label1\" content=\"Est. reading time\" \/>\n\t<meta name=\"twitter:data1\" content=\"6 minutos\" \/>\n<script type=\"application\/ld+json\" class=\"yoast-schema-graph\">{\"@context\":\"https:\/\/schema.org\",\"@graph\":[{\"@type\":\"WebPage\",\"@id\":\"https:\/\/cenal.gob.ve\/?page_id=27270\",\"url\":\"https:\/\/cenal.gob.ve\/?page_id=27270\",\"name\":\"III Bienal Nacional de Literatura C\u00e9sar Rengifo\",\"isPartOf\":{\"@id\":\"https:\/\/cenal.gob.ve\/#website\"},\"datePublished\":\"2026-02-13T18:16:32+00:00\",\"dateModified\":\"2026-04-23T20:47:51+00:00\",\"breadcrumb\":{\"@id\":\"https:\/\/cenal.gob.ve\/?page_id=27270#breadcrumb\"},\"inLanguage\":\"es\",\"potentialAction\":[{\"@type\":\"ReadAction\",\"target\":[\"https:\/\/cenal.gob.ve\/?page_id=27270\"]}]},{\"@type\":\"BreadcrumbList\",\"@id\":\"https:\/\/cenal.gob.ve\/?page_id=27270#breadcrumb\",\"itemListElement\":[{\"@type\":\"ListItem\",\"position\":1,\"name\":\"Home\",\"item\":\"https:\/\/cenal.gob.ve\/\"},{\"@type\":\"ListItem\",\"position\":2,\"name\":\"III Bienal Nacional de Literatura C\u00e9sar Rengifo\"}]},{\"@type\":\"WebSite\",\"@id\":\"https:\/\/cenal.gob.ve\/#website\",\"url\":\"https:\/\/cenal.gob.ve\/\",\"name\":\"Cenal\",\"description\":\"\",\"publisher\":{\"@id\":\"https:\/\/cenal.gob.ve\/#organization\"},\"potentialAction\":[{\"@type\":\"SearchAction\",\"target\":{\"@type\":\"EntryPoint\",\"urlTemplate\":\"https:\/\/cenal.gob.ve\/?s={search_term_string}\"},\"query-input\":\"required name=search_term_string\"}],\"inLanguage\":\"es\"},{\"@type\":\"Organization\",\"@id\":\"https:\/\/cenal.gob.ve\/#organization\",\"name\":\"CENAL\",\"url\":\"https:\/\/cenal.gob.ve\/\",\"sameAs\":[],\"logo\":{\"@type\":\"ImageObject\",\"inLanguage\":\"es\",\"@id\":\"https:\/\/cenal.gob.ve\/#\/schema\/logo\/image\/\",\"url\":\"https:\/\/i0.wp.com\/cenal.gob.ve\/wp-content\/uploads\/2022\/10\/cropped-images.jpg?fit=512%2C512\",\"contentUrl\":\"https:\/\/i0.wp.com\/cenal.gob.ve\/wp-content\/uploads\/2022\/10\/cropped-images.jpg?fit=512%2C512\",\"width\":512,\"height\":512,\"caption\":\"CENAL\"},\"image\":{\"@id\":\"https:\/\/cenal.gob.ve\/#\/schema\/logo\/image\/\"}}]}<\/script>\n<!-- \/ Yoast SEO plugin. -->","yoast_head_json":{"title":"III Bienal Nacional de Literatura C\u00e9sar Rengifo","robots":{"index":"index","follow":"follow","max-snippet":"max-snippet:-1","max-image-preview":"max-image-preview:large","max-video-preview":"max-video-preview:-1"},"canonical":"https:\/\/cenal.gob.ve\/?page_id=27270","og_locale":"es_ES","og_type":"article","og_title":"III Bienal Nacional de Literatura C\u00e9sar Rengifo","og_description":"Bases El Ministerio del Poder Popular para la Cultura, a trav\u00e9s de la Compa\u00f1\u00eda Nacional de Teatro(CNT) y el Centro Nacional del Libro (CENAL) anuncian la convocatoria a la III [&hellip;]","og_url":"https:\/\/cenal.gob.ve\/?page_id=27270","og_site_name":"Cenal","article_modified_time":"2026-04-23T20:47:51+00:00","twitter_card":"summary_large_image","twitter_misc":{"Est. reading time":"6 minutos"},"schema":{"@context":"https:\/\/schema.org","@graph":[{"@type":"WebPage","@id":"https:\/\/cenal.gob.ve\/?page_id=27270","url":"https:\/\/cenal.gob.ve\/?page_id=27270","name":"III Bienal Nacional de Literatura C\u00e9sar Rengifo","isPartOf":{"@id":"https:\/\/cenal.gob.ve\/#website"},"datePublished":"2026-02-13T18:16:32+00:00","dateModified":"2026-04-23T20:47:51+00:00","breadcrumb":{"@id":"https:\/\/cenal.gob.ve\/?page_id=27270#breadcrumb"},"inLanguage":"es","potentialAction":[{"@type":"ReadAction","target":["https:\/\/cenal.gob.ve\/?page_id=27270"]}]},{"@type":"BreadcrumbList","@id":"https:\/\/cenal.gob.ve\/?page_id=27270#breadcrumb","itemListElement":[{"@type":"ListItem","position":1,"name":"Home","item":"https:\/\/cenal.gob.ve\/"},{"@type":"ListItem","position":2,"name":"III Bienal Nacional de Literatura C\u00e9sar Rengifo"}]},{"@type":"WebSite","@id":"https:\/\/cenal.gob.ve\/#website","url":"https:\/\/cenal.gob.ve\/","name":"Cenal","description":"","publisher":{"@id":"https:\/\/cenal.gob.ve\/#organization"},"potentialAction":[{"@type":"SearchAction","target":{"@type":"EntryPoint","urlTemplate":"https:\/\/cenal.gob.ve\/?s={search_term_string}"},"query-input":"required name=search_term_string"}],"inLanguage":"es"},{"@type":"Organization","@id":"https:\/\/cenal.gob.ve\/#organization","name":"CENAL","url":"https:\/\/cenal.gob.ve\/","sameAs":[],"logo":{"@type":"ImageObject","inLanguage":"es","@id":"https:\/\/cenal.gob.ve\/#\/schema\/logo\/image\/","url":"https:\/\/i0.wp.com\/cenal.gob.ve\/wp-content\/uploads\/2022\/10\/cropped-images.jpg?fit=512%2C512","contentUrl":"https:\/\/i0.wp.com\/cenal.gob.ve\/wp-content\/uploads\/2022\/10\/cropped-images.jpg?fit=512%2C512","width":512,"height":512,"caption":"CENAL"},"image":{"@id":"https:\/\/cenal.gob.ve\/#\/schema\/logo\/image\/"}}]}},"jetpack_shortlink":"https:\/\/wp.me\/P5FMhp-75Q","_links":{"self":[{"href":"https:\/\/cenal.gob.ve\/index.php?rest_route=\/wp\/v2\/pages\/27270"}],"collection":[{"href":"https:\/\/cenal.gob.ve\/index.php?rest_route=\/wp\/v2\/pages"}],"about":[{"href":"https:\/\/cenal.gob.ve\/index.php?rest_route=\/wp\/v2\/types\/page"}],"author":[{"embeddable":true,"href":"https:\/\/cenal.gob.ve\/index.php?rest_route=\/wp\/v2\/users\/10"}],"replies":[{"embeddable":true,"href":"https:\/\/cenal.gob.ve\/index.php?rest_route=%2Fwp%2Fv2%2Fcomments&post=27270"}],"version-history":[{"count":3,"href":"https:\/\/cenal.gob.ve\/index.php?rest_route=\/wp\/v2\/pages\/27270\/revisions"}],"predecessor-version":[{"id":27678,"href":"https:\/\/cenal.gob.ve\/index.php?rest_route=\/wp\/v2\/pages\/27270\/revisions\/27678"}],"wp:attachment":[{"href":"https:\/\/cenal.gob.ve\/index.php?rest_route=%2Fwp%2Fv2%2Fmedia&parent=27270"}],"curies":[{"name":"wp","href":"https:\/\/api.w.org\/{rel}","templated":true}]}}