{"id":27272,"date":"2026-02-13T14:17:37","date_gmt":"2026-02-13T18:17:37","guid":{"rendered":"https:\/\/cenal.gob.ve\/?page_id=27272"},"modified":"2026-04-23T16:32:43","modified_gmt":"2026-04-23T20:32:43","slug":"iii-bienal-nacional-de-literatura-apacuana","status":"publish","type":"page","link":"https:\/\/cenal.gob.ve\/?page_id=27272","title":{"rendered":"III Bienal Nacional de Literatura Apacuana"},"content":{"rendered":"\n<p><strong>Bases<\/strong><\/p>\n\n\n\n<p>El Ministerio del Poder Popular para la Cultura, a trav\u00e9s de la Compa\u00f1\u00eda Nacional de Teatro (CNT) y<br>el Centro Nacional del Libro (Cenal) anuncian la convocatoria a la III Bienal Nacional de Literatura<br>Apacuana, menci\u00f3n dramaturgia, a partir de la publicaci\u00f3n de las siguientes bases:<br>1) La tem\u00e1tica es libre.<br>2) Podr\u00e1n participar autores venezolanos y extranjeros residenciados en la Rep\u00fablica Bolivariana de<br>Venezuela, con una sola obra de teatro in\u00e9dita y original, que no haya sido galardonada en otros<br>concursos ni escenificada anteriormente ni dentro ni fuera del territorio nacional. Obra de teatro cuyos<br>derechos de autor no est\u00e9n comprometidos con terceros ni en otros concursos.<br>3) No podr\u00e1n participar ganadores de las ediciones anteriores, miembros directivos, coordinadores,<br>personal administrativo del Cenal y la CNT ni sus familiares, as\u00ed como tampoco las personas<br>vinculadas con el proceso de evaluaci\u00f3n.<br>4) PRESENTACI\u00d3N DE LAS OBRAS DE TEATRO: Escritas en castellano. Extensi\u00f3n m\u00ednima de 45<br>cuartillas y m\u00e1xima de 60 cuartillas, en hoja tama\u00f1o carta. En el encabezado del texto colocar el t\u00edtulo<br>firmado con seud\u00f3nimo, en formato Word, letra Arial a 12 puntos, con interlineado de 1,5.<br>La convocatoria para la recepci\u00f3n de las obras de teatro culmina el 30 de junio de 2026 y ser\u00e1n<br>recibidas \u00fanicamente por la planilla electr\u00f3nica:<br>https:\/\/info.cenal.org.ve\/index.php?r=survey\/index&amp;sid=299854&amp;lang=es<br>5) JURADO: El jurado estar\u00e1 constituido por tres (3) especialistas de las artes esc\u00e9nicas,<br>seleccionados por la Compa\u00f1\u00eda Nacional de Teatro. La decisi\u00f3n del Jurado se adoptar\u00e1 por mayor\u00eda<br>simple y ser\u00e1 inapelable. No habr\u00e1 premios honor\u00edficos ni menciones especiales. El premio no podr\u00e1<br>ser declarado desierto ni podr\u00e1 ser compartido. El veredicto ser\u00e1 publicado en la p\u00e1gina web del<br>Cenal: http:\/\/www.cenal.gob.ve<br>6) PREMIO: Se establece como premio un pago \u00fanico en met\u00e1lico de Un Mill\u00f3n de bol\u00edvares exactos<br>(Bs. 1.000.000), otorgados por el Centro Nacional del Libro, Diploma (Cenal\/CNT) y publicaci\u00f3n<br>(impresa y digital) de Monte \u00c1vila Editores Latinoamericana, despu\u00e9s de sujeta la obra ganadora a<br>revisi\u00f3n y montaje por la Compa\u00f1\u00eda Nacional de Teatro el a\u00f1o continuo a la celebraci\u00f3n de la bienal.<br>La obra no percibir\u00e1 pago extra de derechos de autor por las representaciones que se realicen,<br>considerando el premio de esta bienal como pago por este concepto.<br>7) SOBRE LA PUBLICACI\u00d3N: Se entiende que el ganador o ganadora de la bienal, por el simple<br>hecho de concursar, autoriza la publicaci\u00f3n de la obra y ceder\u00e1 a la Compa\u00f1\u00eda Nacional de Teatro<br>(CNT) gratuitamente los derechos de autor correspondientes a la primera edici\u00f3n, autorizando la<br>reproducci\u00f3n total o parcial del texto dram\u00e1tico ganador y en cualquier medio de comunicaci\u00f3n,<br>memoria o publicaci\u00f3n que se edite para dar difusi\u00f3n de esta bienal. El premio recibido ser\u00e1<br>considerado como pago de derechos de publicaci\u00f3n de la obra y el autor o autora estar\u00e1 obligado a<br>entregar y firmar toda la documentaci\u00f3n requerida al caso. El autor o autora dar\u00e1 su consentimiento<br>para la utilizaci\u00f3n de su nombre con fines de promoci\u00f3n y de difusi\u00f3n de esta bienal.<br>8) BASE FINAL: Lo no previsto en la presente convocatoria ser\u00e1 resuelto a criterio del jurado. La<br>participaci\u00f3n en este concurso es libre y gratuita, y supone el conocimiento y aceptaci\u00f3n de las bases.<\/p>\n\n\n\n<p>Las consultas relativas a esta bienal se recibir\u00e1n \u00fanicamente a trav\u00e9s del correo electr\u00f3nico oficial<br>concursos.cnt@gmail.com indicando como asunto: consulta BienalApacuana2026<\/p>\n","protected":false},"excerpt":{"rendered":"<p>Bases El Ministerio del Poder Popular para la Cultura, a trav\u00e9s de la Compa\u00f1\u00eda Nacional de Teatro (CNT) yel Centro Nacional del Libro (Cenal) anuncian la convocatoria a la III [&hellip;]<\/p>\n","protected":false},"author":10,"featured_media":0,"parent":0,"menu_order":0,"comment_status":"closed","ping_status":"closed","template":"","meta":{"spay_email":""},"yoast_head":"<!-- This site is optimized with the Yoast SEO plugin v19.8 - https:\/\/yoast.com\/wordpress\/plugins\/seo\/ -->\n<title>III Bienal Nacional de Literatura Apacuana<\/title>\n<meta name=\"robots\" content=\"index, follow, max-snippet:-1, max-image-preview:large, max-video-preview:-1\" \/>\n<link rel=\"canonical\" href=\"https:\/\/cenal.gob.ve\/?page_id=27272\" \/>\n<meta property=\"og:locale\" content=\"es_ES\" \/>\n<meta property=\"og:type\" content=\"article\" \/>\n<meta property=\"og:title\" content=\"III Bienal Nacional de Literatura Apacuana\" \/>\n<meta property=\"og:description\" content=\"Bases El Ministerio del Poder Popular para la Cultura, a trav\u00e9s de la Compa\u00f1\u00eda Nacional de Teatro (CNT) yel Centro Nacional del Libro (Cenal) anuncian la convocatoria a la III [&hellip;]\" \/>\n<meta property=\"og:url\" content=\"https:\/\/cenal.gob.ve\/?page_id=27272\" \/>\n<meta property=\"og:site_name\" content=\"Cenal\" \/>\n<meta property=\"article:modified_time\" content=\"2026-04-23T20:32:43+00:00\" \/>\n<meta name=\"twitter:card\" content=\"summary_large_image\" \/>\n<meta name=\"twitter:label1\" content=\"Est. reading time\" \/>\n\t<meta name=\"twitter:data1\" content=\"3 minutos\" \/>\n<script type=\"application\/ld+json\" class=\"yoast-schema-graph\">{\"@context\":\"https:\/\/schema.org\",\"@graph\":[{\"@type\":\"WebPage\",\"@id\":\"https:\/\/cenal.gob.ve\/?page_id=27272\",\"url\":\"https:\/\/cenal.gob.ve\/?page_id=27272\",\"name\":\"III Bienal Nacional de Literatura Apacuana\",\"isPartOf\":{\"@id\":\"https:\/\/cenal.gob.ve\/#website\"},\"datePublished\":\"2026-02-13T18:17:37+00:00\",\"dateModified\":\"2026-04-23T20:32:43+00:00\",\"breadcrumb\":{\"@id\":\"https:\/\/cenal.gob.ve\/?page_id=27272#breadcrumb\"},\"inLanguage\":\"es\",\"potentialAction\":[{\"@type\":\"ReadAction\",\"target\":[\"https:\/\/cenal.gob.ve\/?page_id=27272\"]}]},{\"@type\":\"BreadcrumbList\",\"@id\":\"https:\/\/cenal.gob.ve\/?page_id=27272#breadcrumb\",\"itemListElement\":[{\"@type\":\"ListItem\",\"position\":1,\"name\":\"Home\",\"item\":\"https:\/\/cenal.gob.ve\/\"},{\"@type\":\"ListItem\",\"position\":2,\"name\":\"III Bienal Nacional de Literatura Apacuana\"}]},{\"@type\":\"WebSite\",\"@id\":\"https:\/\/cenal.gob.ve\/#website\",\"url\":\"https:\/\/cenal.gob.ve\/\",\"name\":\"Cenal\",\"description\":\"\",\"publisher\":{\"@id\":\"https:\/\/cenal.gob.ve\/#organization\"},\"potentialAction\":[{\"@type\":\"SearchAction\",\"target\":{\"@type\":\"EntryPoint\",\"urlTemplate\":\"https:\/\/cenal.gob.ve\/?s={search_term_string}\"},\"query-input\":\"required name=search_term_string\"}],\"inLanguage\":\"es\"},{\"@type\":\"Organization\",\"@id\":\"https:\/\/cenal.gob.ve\/#organization\",\"name\":\"CENAL\",\"url\":\"https:\/\/cenal.gob.ve\/\",\"sameAs\":[],\"logo\":{\"@type\":\"ImageObject\",\"inLanguage\":\"es\",\"@id\":\"https:\/\/cenal.gob.ve\/#\/schema\/logo\/image\/\",\"url\":\"https:\/\/i0.wp.com\/cenal.gob.ve\/wp-content\/uploads\/2022\/10\/cropped-images.jpg?fit=512%2C512\",\"contentUrl\":\"https:\/\/i0.wp.com\/cenal.gob.ve\/wp-content\/uploads\/2022\/10\/cropped-images.jpg?fit=512%2C512\",\"width\":512,\"height\":512,\"caption\":\"CENAL\"},\"image\":{\"@id\":\"https:\/\/cenal.gob.ve\/#\/schema\/logo\/image\/\"}}]}<\/script>\n<!-- \/ Yoast SEO plugin. -->","yoast_head_json":{"title":"III Bienal Nacional de Literatura Apacuana","robots":{"index":"index","follow":"follow","max-snippet":"max-snippet:-1","max-image-preview":"max-image-preview:large","max-video-preview":"max-video-preview:-1"},"canonical":"https:\/\/cenal.gob.ve\/?page_id=27272","og_locale":"es_ES","og_type":"article","og_title":"III Bienal Nacional de Literatura Apacuana","og_description":"Bases El Ministerio del Poder Popular para la Cultura, a trav\u00e9s de la Compa\u00f1\u00eda Nacional de Teatro (CNT) yel Centro Nacional del Libro (Cenal) anuncian la convocatoria a la III [&hellip;]","og_url":"https:\/\/cenal.gob.ve\/?page_id=27272","og_site_name":"Cenal","article_modified_time":"2026-04-23T20:32:43+00:00","twitter_card":"summary_large_image","twitter_misc":{"Est. reading time":"3 minutos"},"schema":{"@context":"https:\/\/schema.org","@graph":[{"@type":"WebPage","@id":"https:\/\/cenal.gob.ve\/?page_id=27272","url":"https:\/\/cenal.gob.ve\/?page_id=27272","name":"III Bienal Nacional de Literatura Apacuana","isPartOf":{"@id":"https:\/\/cenal.gob.ve\/#website"},"datePublished":"2026-02-13T18:17:37+00:00","dateModified":"2026-04-23T20:32:43+00:00","breadcrumb":{"@id":"https:\/\/cenal.gob.ve\/?page_id=27272#breadcrumb"},"inLanguage":"es","potentialAction":[{"@type":"ReadAction","target":["https:\/\/cenal.gob.ve\/?page_id=27272"]}]},{"@type":"BreadcrumbList","@id":"https:\/\/cenal.gob.ve\/?page_id=27272#breadcrumb","itemListElement":[{"@type":"ListItem","position":1,"name":"Home","item":"https:\/\/cenal.gob.ve\/"},{"@type":"ListItem","position":2,"name":"III Bienal Nacional de Literatura Apacuana"}]},{"@type":"WebSite","@id":"https:\/\/cenal.gob.ve\/#website","url":"https:\/\/cenal.gob.ve\/","name":"Cenal","description":"","publisher":{"@id":"https:\/\/cenal.gob.ve\/#organization"},"potentialAction":[{"@type":"SearchAction","target":{"@type":"EntryPoint","urlTemplate":"https:\/\/cenal.gob.ve\/?s={search_term_string}"},"query-input":"required name=search_term_string"}],"inLanguage":"es"},{"@type":"Organization","@id":"https:\/\/cenal.gob.ve\/#organization","name":"CENAL","url":"https:\/\/cenal.gob.ve\/","sameAs":[],"logo":{"@type":"ImageObject","inLanguage":"es","@id":"https:\/\/cenal.gob.ve\/#\/schema\/logo\/image\/","url":"https:\/\/i0.wp.com\/cenal.gob.ve\/wp-content\/uploads\/2022\/10\/cropped-images.jpg?fit=512%2C512","contentUrl":"https:\/\/i0.wp.com\/cenal.gob.ve\/wp-content\/uploads\/2022\/10\/cropped-images.jpg?fit=512%2C512","width":512,"height":512,"caption":"CENAL"},"image":{"@id":"https:\/\/cenal.gob.ve\/#\/schema\/logo\/image\/"}}]}},"jetpack_shortlink":"https:\/\/wp.me\/P5FMhp-75S","_links":{"self":[{"href":"https:\/\/cenal.gob.ve\/index.php?rest_route=\/wp\/v2\/pages\/27272"}],"collection":[{"href":"https:\/\/cenal.gob.ve\/index.php?rest_route=\/wp\/v2\/pages"}],"about":[{"href":"https:\/\/cenal.gob.ve\/index.php?rest_route=\/wp\/v2\/types\/page"}],"author":[{"embeddable":true,"href":"https:\/\/cenal.gob.ve\/index.php?rest_route=\/wp\/v2\/users\/10"}],"replies":[{"embeddable":true,"href":"https:\/\/cenal.gob.ve\/index.php?rest_route=%2Fwp%2Fv2%2Fcomments&post=27272"}],"version-history":[{"count":3,"href":"https:\/\/cenal.gob.ve\/index.php?rest_route=\/wp\/v2\/pages\/27272\/revisions"}],"predecessor-version":[{"id":27677,"href":"https:\/\/cenal.gob.ve\/index.php?rest_route=\/wp\/v2\/pages\/27272\/revisions\/27677"}],"wp:attachment":[{"href":"https:\/\/cenal.gob.ve\/index.php?rest_route=%2Fwp%2Fv2%2Fmedia&parent=27272"}],"curies":[{"name":"wp","href":"https:\/\/api.w.org\/{rel}","templated":true}]}}